{"id":77,"date":"2024-12-12T12:22:18","date_gmt":"2024-12-12T15:22:18","guid":{"rendered":"https:\/\/www3.unicentro.br\/gycp\/?page_id=77"},"modified":"2025-06-13T14:53:55","modified_gmt":"2025-06-13T17:53:55","slug":"contato","status":"publish","type":"page","link":"https:\/\/www3.unicentro.br\/gycp\/contato\/","title":{"rendered":"Contato"},"content":{"rendered":"<div class=\"wpb-content-wrapper\"><p>[vc_row][vc_column][vc_column_text css=&#8221;&#8221;]<\/p>\n<div class=\"wp-block-group has-global-padding is-layout-constrained wp-block-group-is-layout-constrained\">\n<h4 class=\"wp-block-post-title\">Redes Sociais<\/h4>\n<\/div>\n<p>&nbsp;<\/p>\n<div class=\"entry-content wp-block-post-content has-global-padding is-layout-constrained wp-block-post-content-is-layout-constrained\">\n<p>Voc\u00ea pode ficar por dentro das novidades do projeto GYPC nas redes sociais abaixo:<\/p>\n<div class=\"wp-block-columns are-vertically-aligned-center is-layout-flex wp-container-core-columns-is-layout-28f84493 wp-block-columns-is-layout-flex\">\n<div class=\"wp-block-column is-vertically-aligned-center is-layout-flow wp-block-column-is-layout-flow\">\n<figure class=\"wp-block-image aligncenter size-large is-resized\"><a href=\"https:\/\/www.instagram.com\/br_gycp\/\"><img loading=\"lazy\" decoding=\"async\" class=\"wp-image-81\" src=\"https:\/\/gycpbrasil.wordpress.com\/wp-content\/uploads\/2023\/06\/instagram_icon.png.webp?w=1024\" alt=\"\" width=\"96\" height=\"96\" data-attachment-id=\"81\" data-permalink=\"https:\/\/gycpbrasil.wordpress.com\/instagram_icon-png\/\" data-orig-file=\"https:\/\/gycpbrasil.wordpress.com\/wp-content\/uploads\/2023\/06\/instagram_icon.png.webp\" data-orig-size=\"2048,2048\" data-comments-opened=\"1\" data-image-meta=\"{&quot;aperture&quot;:&quot;0&quot;,&quot;credit&quot;:&quot;&quot;,&quot;camera&quot;:&quot;&quot;,&quot;caption&quot;:&quot;&quot;,&quot;created_timestamp&quot;:&quot;0&quot;,&quot;copyright&quot;:&quot;&quot;,&quot;focal_length&quot;:&quot;0&quot;,&quot;iso&quot;:&quot;0&quot;,&quot;shutter_speed&quot;:&quot;0&quot;,&quot;title&quot;:&quot;&quot;,&quot;orientation&quot;:&quot;0&quot;}\" data-image-title=\"instagram_icon.png\" data-image-description=\"\" data-image-caption=\"\" data-medium-file=\"https:\/\/gycpbrasil.wordpress.com\/wp-content\/uploads\/2023\/06\/instagram_icon.png.webp?w=300\" data-large-file=\"https:\/\/gycpbrasil.wordpress.com\/wp-content\/uploads\/2023\/06\/instagram_icon.png.webp?w=1024\" \/><\/a><\/figure>\n<figure class=\"wp-block-image aligncenter size-large is-resized\"><\/figure>\n<p class=\"has-text-align-center\"><strong>Instagram GYCP Brasil<\/strong><\/p>\n<p>&nbsp;<\/p>\n<\/div>\n<div class=\"wp-block-column is-vertically-aligned-center is-layout-flow wp-block-column-is-layout-flow\">\n<figure class=\"wp-block-image aligncenter size-large is-resized\"><a href=\"https:\/\/www.youtube.com\/@labeaunicentro\"><img loading=\"lazy\" decoding=\"async\" class=\"wp-image-83\" src=\"https:\/\/gycpbrasil.wordpress.com\/wp-content\/uploads\/2023\/06\/1384060.png?w=512\" alt=\"\" width=\"96\" height=\"96\" data-attachment-id=\"83\" data-permalink=\"https:\/\/gycpbrasil.wordpress.com\/1384060\/\" data-orig-file=\"https:\/\/gycpbrasil.wordpress.com\/wp-content\/uploads\/2023\/06\/1384060.png\" data-orig-size=\"512,512\" data-comments-opened=\"1\" data-image-meta=\"{&quot;aperture&quot;:&quot;0&quot;,&quot;credit&quot;:&quot;&quot;,&quot;camera&quot;:&quot;&quot;,&quot;caption&quot;:&quot;&quot;,&quot;created_timestamp&quot;:&quot;0&quot;,&quot;copyright&quot;:&quot;&quot;,&quot;focal_length&quot;:&quot;0&quot;,&quot;iso&quot;:&quot;0&quot;,&quot;shutter_speed&quot;:&quot;0&quot;,&quot;title&quot;:&quot;&quot;,&quot;orientation&quot;:&quot;0&quot;}\" data-image-title=\"1384060\" data-image-description=\"\" data-image-caption=\"\" data-medium-file=\"https:\/\/gycpbrasil.wordpress.com\/wp-content\/uploads\/2023\/06\/1384060.png?w=300\" data-large-file=\"https:\/\/gycpbrasil.wordpress.com\/wp-content\/uploads\/2023\/06\/1384060.png?w=512\" \/><\/a><\/figure>\n<p class=\"has-text-align-center\"><strong>Youtube<\/strong>\u00a0<strong>Laborat\u00f3rio de Educa\u00e7\u00e3o Ambiental<\/strong><\/p>\n<p>&nbsp;<\/p>\n<\/div>\n<\/div>\n<p>Acompanhe tamb\u00e9m o Instagram do projeto internacional!<\/p>\n<div class=\"wp-block-columns are-vertically-aligned-center is-layout-flex wp-container-core-columns-is-layout-28f84493 wp-block-columns-is-layout-flex\">\n<div class=\"wp-block-column is-vertically-aligned-center is-layout-flow wp-block-column-is-layout-flow\">\n<figure class=\"wp-block-image aligncenter size-large is-resized\"><a href=\"https:\/\/www.instagram.com\/gycpofficial\/\"><img loading=\"lazy\" decoding=\"async\" class=\"wp-image-81\" src=\"https:\/\/gycpbrasil.wordpress.com\/wp-content\/uploads\/2023\/06\/instagram_icon.png.webp?w=1024\" alt=\"\" width=\"96\" height=\"96\" data-attachment-id=\"81\" data-permalink=\"https:\/\/gycpbrasil.wordpress.com\/instagram_icon-png\/\" data-orig-file=\"https:\/\/gycpbrasil.wordpress.com\/wp-content\/uploads\/2023\/06\/instagram_icon.png.webp\" data-orig-size=\"2048,2048\" data-comments-opened=\"1\" data-image-meta=\"{&quot;aperture&quot;:&quot;0&quot;,&quot;credit&quot;:&quot;&quot;,&quot;camera&quot;:&quot;&quot;,&quot;caption&quot;:&quot;&quot;,&quot;created_timestamp&quot;:&quot;0&quot;,&quot;copyright&quot;:&quot;&quot;,&quot;focal_length&quot;:&quot;0&quot;,&quot;iso&quot;:&quot;0&quot;,&quot;shutter_speed&quot;:&quot;0&quot;,&quot;title&quot;:&quot;&quot;,&quot;orientation&quot;:&quot;0&quot;}\" data-image-title=\"instagram_icon.png\" data-image-description=\"\" data-image-caption=\"\" data-medium-file=\"https:\/\/gycpbrasil.wordpress.com\/wp-content\/uploads\/2023\/06\/instagram_icon.png.webp?w=300\" data-large-file=\"https:\/\/gycpbrasil.wordpress.com\/wp-content\/uploads\/2023\/06\/instagram_icon.png.webp?w=1024\" \/><\/a><\/figure>\n<p class=\"has-text-align-center\"><strong>Instagram GYCP Internacional<\/strong><\/p>\n<\/div>\n<\/div>\n<\/div>\n<p>&nbsp;<\/p>\n<div class=\"wp-block-group has-global-padding is-layout-constrained wp-block-group-is-layout-constrained\"><\/div>\n<p>[\/vc_column_text]\n<div class=\"wpcf7 no-js\" id=\"wpcf7-f38-o1\" lang=\"pt-BR\" dir=\"ltr\" data-wpcf7-id=\"38\">\n<div class=\"screen-reader-response\"><p role=\"status\" aria-live=\"polite\" aria-atomic=\"true\"><\/p> <ul><\/ul><\/div>\n<form action=\"\/gycp\/wp-json\/wp\/v2\/pages\/77#wpcf7-f38-o1\" method=\"post\" class=\"wpcf7-form init\" aria-label=\"Formul\u00e1rios de contato\" novalidate=\"novalidate\" data-status=\"init\">\n<fieldset class=\"hidden-fields-container\"><input type=\"hidden\" name=\"_wpcf7\" value=\"38\" \/><input type=\"hidden\" name=\"_wpcf7_version\" value=\"6.1.5\" \/><input type=\"hidden\" name=\"_wpcf7_locale\" value=\"pt_BR\" \/><input type=\"hidden\" name=\"_wpcf7_unit_tag\" value=\"wpcf7-f38-o1\" \/><input type=\"hidden\" name=\"_wpcf7_container_post\" value=\"0\" \/><input type=\"hidden\" name=\"_wpcf7_posted_data_hash\" value=\"\" \/><input type=\"hidden\" name=\"_wpcf7_recaptcha_response\" value=\"\" \/>\n<\/fieldset>\n<p><label> Seu nome<br \/>\n<span class=\"wpcf7-form-control-wrap\" data-name=\"your-name\"><input size=\"40\" maxlength=\"400\" class=\"wpcf7-form-control wpcf7-text wpcf7-validates-as-required\" autocomplete=\"name\" aria-required=\"true\" aria-invalid=\"false\" value=\"\" type=\"text\" name=\"your-name\" \/><\/span> <\/label>\n<\/p>\n<p><label> Seu e-mail<br \/>\n<span class=\"wpcf7-form-control-wrap\" data-name=\"your-email\"><input size=\"40\" maxlength=\"400\" class=\"wpcf7-form-control wpcf7-email wpcf7-validates-as-required wpcf7-text wpcf7-validates-as-email\" autocomplete=\"email\" aria-required=\"true\" aria-invalid=\"false\" value=\"\" type=\"email\" name=\"your-email\" \/><\/span> <\/label>\n<\/p>\n<p><label> Assunto<br \/>\n<span class=\"wpcf7-form-control-wrap\" data-name=\"your-subject\"><input size=\"40\" maxlength=\"400\" class=\"wpcf7-form-control wpcf7-text wpcf7-validates-as-required\" aria-required=\"true\" aria-invalid=\"false\" value=\"\" type=\"text\" name=\"your-subject\" \/><\/span> <\/label>\n<\/p>\n<p><label> Sua mensagem (opcional)<br \/>\n<span class=\"wpcf7-form-control-wrap\" data-name=\"your-message\"><textarea cols=\"40\" rows=\"10\" maxlength=\"2000\" class=\"wpcf7-form-control wpcf7-textarea\" aria-invalid=\"false\" name=\"your-message\"><\/textarea><\/span> <\/label>\n<\/p>\n<p><input class=\"wpcf7-form-control wpcf7-submit has-spinner\" type=\"submit\" value=\"Enviar\" \/>\n<\/p><p style=\"display: none !important;\" class=\"akismet-fields-container\" data-prefix=\"_wpcf7_ak_\"><label>&#916;<textarea name=\"_wpcf7_ak_hp_textarea\" cols=\"45\" rows=\"8\" maxlength=\"100\"><\/textarea><\/label><input type=\"hidden\" id=\"ak_js_1\" name=\"_wpcf7_ak_js\" value=\"107\"\/><script>document.getElementById( \"ak_js_1\" ).setAttribute( \"value\", ( new Date() ).getTime() );<\/script><\/p><input type='hidden' class='wpcf7-pum' value='{\"closepopup\":false,\"closedelay\":0,\"openpopup\":false,\"openpopup_id\":0}' \/><div class=\"wpcf7-response-output\" aria-hidden=\"true\"><\/div>\n<\/form>\n<\/div>\n[\/vc_column][\/vc_row]<\/p>\n<\/div>","protected":false},"excerpt":{"rendered":"<p>[vc_row][vc_column][vc_column_text css=&#8221;&#8221;] Redes Sociais &nbsp; Voc\u00ea pode ficar por dentro das novidades do projeto GYPC nas redes sociais abaixo: Instagram GYCP Brasil &nbsp; Youtube\u00a0Laborat\u00f3rio de Educa\u00e7\u00e3o Ambiental &nbsp; Acompanhe tamb\u00e9m o Instagram do projeto internacional! Instagram GYCP Internacional &nbsp; [\/vc_column_text][\/vc_column][\/vc_row]<\/p>\n","protected":false},"author":3,"featured_media":0,"parent":0,"menu_order":0,"comment_status":"closed","ping_status":"closed","template":"","meta":{"_exactmetrics_skip_tracking":false,"_exactmetrics_sitenote_active":false,"_exactmetrics_sitenote_note":"","_exactmetrics_sitenote_category":0,"footnotes":"","_links_to":"","_links_to_target":""},"class_list":["post-77","page","type-page","status-publish","hentry"],"_links":{"self":[{"href":"https:\/\/www3.unicentro.br\/gycp\/wp-json\/wp\/v2\/pages\/77","targetHints":{"allow":["GET"]}}],"collection":[{"href":"https:\/\/www3.unicentro.br\/gycp\/wp-json\/wp\/v2\/pages"}],"about":[{"href":"https:\/\/www3.unicentro.br\/gycp\/wp-json\/wp\/v2\/types\/page"}],"author":[{"embeddable":true,"href":"https:\/\/www3.unicentro.br\/gycp\/wp-json\/wp\/v2\/users\/3"}],"replies":[{"embeddable":true,"href":"https:\/\/www3.unicentro.br\/gycp\/wp-json\/wp\/v2\/comments?post=77"}],"version-history":[{"count":2,"href":"https:\/\/www3.unicentro.br\/gycp\/wp-json\/wp\/v2\/pages\/77\/revisions"}],"predecessor-version":[{"id":149,"href":"https:\/\/www3.unicentro.br\/gycp\/wp-json\/wp\/v2\/pages\/77\/revisions\/149"}],"wp:attachment":[{"href":"https:\/\/www3.unicentro.br\/gycp\/wp-json\/wp\/v2\/media?parent=77"}],"curies":[{"name":"wp","href":"https:\/\/api.w.org\/{rel}","templated":true}]}}