{"id":67,"date":"2024-12-12T12:20:53","date_gmt":"2024-12-12T15:20:53","guid":{"rendered":"https:\/\/www3.unicentro.br\/gycp\/?page_id=67"},"modified":"2025-07-08T15:36:15","modified_gmt":"2025-07-08T18:36:15","slug":"resumos-em-eventos","status":"publish","type":"page","link":"https:\/\/www3.unicentro.br\/gycp\/publicacoes\/resumos-em-eventos\/","title":{"rendered":"Resumos em eventos"},"content":{"rendered":"<div class=\"wpb-content-wrapper\"><p>[vc_row][vc_column][vc_column_text css=&#8221;&#8221;]<\/p>\n<ul style=\"list-style-type: square\">\n<li style=\"text-align: left\"><span style=\"font-family: georgia, palatino, serif;font-size: 18px\"><strong>AVALIA\u00c7\u00c3O E AN\u00c1LISE DO DESENVOLVIMENTO DO PROJETO \u201cJUVENTUDE PROTAGONISTA NO ENFRENTAMENTO DA EMERG\u00caNCIA CLIM\u00c1TICA: A\u00c7\u00d5ES LOCAIS VOLTADAS PARA A COP 30\u201d NO COL\u00c9GIO ESTADUAL FRANCISCO CARNEIRO MARTINS<br \/>\n<\/strong><\/span><\/li>\n<\/ul>\n<p style=\"padding-left: 80px\"><span style=\"font-family: georgia, palatino, serif;font-size: 18px\"><strong>Autores<\/strong>: Julia Marin dos Santos, Maur\u00edcio Camargo Filho, Adriana Massa\u00ea Kataoka e Anderson de Souza Moser<\/span><br \/>\n<span style=\"font-family: georgia, palatino, serif;font-size: 18px\"><strong>Evento<\/strong>: XXXIII Encontro Anual de Inicia\u00e7\u00e3o Cient\u00edfica da Unicentro<\/span><br \/>\n<span style=\"font-family: georgia, palatino, serif;font-size: 18px\"><strong>Ano<\/strong>: 2024<\/span><br \/>\n<span style=\"font-family: georgia, palatino, serif;font-size: 18px\"><strong>Link para acesso<\/strong>: <a href=\"https:\/\/evento.unicentro.br\/files\/Submissaoxarquivos\/car_submissao\/24_09_2024_car_submissao_1651364252.pdf\">https:\/\/evento.unicentro.br\/files\/Submissaoxarquivos\/car_submissao\/24_09_2024_car_submissao_1651364252.pdf<\/a><\/span><\/p>\n<p>[\/vc_column_text][vc_column_text css=&#8221;&#8221;]<\/p>\n<ul style=\"list-style-type: square\">\n<li style=\"text-align: left\"><span style=\"font-family: georgia, palatino, serif;font-size: 18px\"><strong>O PROTAGONISMO JOVEM FRENTE \u00c0S MUDAN\u00c7AS CLIM\u00c1TICAS<br \/>\n<\/strong><\/span><\/li>\n<\/ul>\n<p style=\"padding-left: 80px\"><span style=\"font-family: georgia, palatino, serif;font-size: 18px\"><strong>Autores<\/strong>: Wanessa Maria Fracaro, Maur\u00edcio Camargo Filho, Adriana Massa\u00ea Kataoka e Anderson de Souza Moser<\/span><br \/>\n<span style=\"font-family: georgia, palatino, serif;font-size: 18px\"><strong>Evento<\/strong>: XXXIII Encontro Anual de Inicia\u00e7\u00e3o Cient\u00edfica da Unicentro<\/span><br \/>\n<span style=\"font-family: georgia, palatino, serif;font-size: 18px\"><strong>Ano<\/strong>: 2024<\/span><br \/>\n<span style=\"font-family: georgia, palatino, serif;font-size: 18px\"><strong>Link para acesso<\/strong>: <a href=\"https:\/\/evento.unicentro.br\/files\/Submissaoxarquivos\/car_submissao\/01_10_2024_car_submissao_1509406132.pdf\">https:\/\/evento.unicentro.br\/files\/Submissaoxarquivos\/car_submissao\/01_10_2024_car_submissao_1509406132.pdf<\/a><\/span><\/p>\n<p>[\/vc_column_text][\/vc_column][\/vc_row]<\/p>\n<\/div>","protected":false},"excerpt":{"rendered":"<p>[vc_row][vc_column][vc_column_text css=&#8221;&#8221;] AVALIA\u00c7\u00c3O E AN\u00c1LISE DO DESENVOLVIMENTO DO PROJETO \u201cJUVENTUDE PROTAGONISTA NO ENFRENTAMENTO DA EMERG\u00caNCIA CLIM\u00c1TICA: A\u00c7\u00d5ES LOCAIS VOLTADAS PARA A COP 30\u201d NO COL\u00c9GIO ESTADUAL FRANCISCO CARNEIRO MARTINS Autores: Julia Marin dos Santos, Maur\u00edcio Camargo Filho, Adriana Massa\u00ea Kataoka e Anderson de Souza Moser Evento: XXXIII Encontro Anual de Inicia\u00e7\u00e3o Cient\u00edfica da Unicentro Ano: [&hellip;]<\/p>\n","protected":false},"author":3,"featured_media":0,"parent":59,"menu_order":0,"comment_status":"closed","ping_status":"closed","template":"","meta":{"_exactmetrics_skip_tracking":false,"_exactmetrics_sitenote_active":false,"_exactmetrics_sitenote_note":"","_exactmetrics_sitenote_category":0,"footnotes":"","_links_to":"","_links_to_target":""},"class_list":["post-67","page","type-page","status-publish","hentry"],"_links":{"self":[{"href":"https:\/\/www3.unicentro.br\/gycp\/wp-json\/wp\/v2\/pages\/67","targetHints":{"allow":["GET"]}}],"collection":[{"href":"https:\/\/www3.unicentro.br\/gycp\/wp-json\/wp\/v2\/pages"}],"about":[{"href":"https:\/\/www3.unicentro.br\/gycp\/wp-json\/wp\/v2\/types\/page"}],"author":[{"embeddable":true,"href":"https:\/\/www3.unicentro.br\/gycp\/wp-json\/wp\/v2\/users\/3"}],"replies":[{"embeddable":true,"href":"https:\/\/www3.unicentro.br\/gycp\/wp-json\/wp\/v2\/comments?post=67"}],"version-history":[{"count":2,"href":"https:\/\/www3.unicentro.br\/gycp\/wp-json\/wp\/v2\/pages\/67\/revisions"}],"predecessor-version":[{"id":280,"href":"https:\/\/www3.unicentro.br\/gycp\/wp-json\/wp\/v2\/pages\/67\/revisions\/280"}],"up":[{"embeddable":true,"href":"https:\/\/www3.unicentro.br\/gycp\/wp-json\/wp\/v2\/pages\/59"}],"wp:attachment":[{"href":"https:\/\/www3.unicentro.br\/gycp\/wp-json\/wp\/v2\/media?parent=67"}],"curies":[{"name":"wp","href":"https:\/\/api.w.org\/{rel}","templated":true}]}}