{"id":61,"date":"2024-12-12T12:19:29","date_gmt":"2024-12-12T15:19:29","guid":{"rendered":"https:\/\/www3.unicentro.br\/gycp\/?page_id=61"},"modified":"2025-07-08T15:39:57","modified_gmt":"2025-07-08T18:39:57","slug":"artigos","status":"publish","type":"page","link":"https:\/\/www3.unicentro.br\/gycp\/publicacoes\/artigos\/","title":{"rendered":"Artigos"},"content":{"rendered":"<div class=\"wpb-content-wrapper\"><p>[vc_row][vc_column][vc_column_text css=&#8221;&#8221;]<\/p>\n<ul style=\"list-style-type: square\">\n<li style=\"text-align: left\"><span style=\"font-family: georgia, palatino, serif;font-size: 18px\"><strong>O GYCP NO PARAN\u00c1: O QUE INOVA NA EDUCA\u00c7\u00c3O AMBIENTAL PARA ENFRENTAR A EMERG\u00caNCIA CLIM\u00c1TICA?<br \/>\n<\/strong><\/span><\/li>\n<\/ul>\n<p style=\"padding-left: 80px\"><span style=\"font-family: georgia, palatino, serif;font-size: 18px\"><strong>Autores<\/strong>: Daniele Saheb Pedroso, Patricia Carla Giloni de Lima, Adriana Massa\u00ea Kataoka e Anderson de Souza Moser<\/span><br \/>\n<span style=\"font-family: georgia, palatino, serif;font-size: 18px\"><strong>Revista<\/strong>: Revista Brasileira de Educa\u00e7\u00e3o Ambiental (RevBEA) &#8211; Qualis A4<\/span><br \/>\n<span style=\"font-family: georgia, palatino, serif;font-size: 18px\"><strong>Ano de publica\u00e7\u00e3o<\/strong>: 2025<\/span><br \/>\n<span style=\"font-family: georgia, palatino, serif;font-size: 18px\"><strong>Link para acesso<\/strong>: <a href=\"https:\/\/periodicos.unifesp.br\/index.php\/revbea\/article\/view\/20435\">https:\/\/periodicos.unifesp.br\/index.php\/revbea\/article\/view\/20435<\/a><\/span><\/p>\n<p>[\/vc_column_text][vc_column_text css=&#8221;&#8221;]<\/p>\n<ul style=\"list-style-type: square\">\n<li style=\"text-align: left\"><span style=\"font-family: georgia, palatino, serif;font-size: 18px\"><strong>GLOBAL YOUTH CLIMATE PACT:\u00a0 CAMINHOS METODOL\u00d3GICOS NO ESTADO DO PARAN\u00c1, BRASIL<br \/>\n<\/strong><\/span><\/li>\n<\/ul>\n<p style=\"padding-left: 80px\"><span style=\"font-family: georgia, palatino, serif;font-size: 18px\"><strong>Autores<\/strong>: Adriana Massa\u00ea Katoaka, Anderson de Souza Moser, Patricia Carla Giloni de Lima e Daniele Saheb Pedroso<\/span><br \/>\n<span style=\"font-family: georgia, palatino, serif;font-size: 18px\"><strong>Revista<\/strong>: International Journal of Environmental Resilience Research and Science<\/span><br \/>\n<span style=\"font-family: georgia, palatino, serif;font-size: 18px\"><strong>Ano de publica\u00e7\u00e3o<\/strong>: 2023<\/span><br \/>\n<span style=\"font-family: georgia, palatino, serif;font-size: 18px\"><strong>Link para acesso<\/strong>: <a href=\"https:\/\/e-revista.unioeste.br\/index.php\/ijerrs\/article\/view\/32386\">https:\/\/e-revista.unioeste.br\/index.php\/ijerrs\/article\/view\/32386<\/a><\/span><\/p>\n<p>[\/vc_column_text][vc_column_text css=&#8221;&#8221;]<\/p>\n<ul style=\"list-style-type: square\">\n<li style=\"text-align: left\"><span style=\"font-family: georgia, palatino, serif;font-size: 18px\"><span style=\"font-family: georgia, palatino, serif;font-size: 18px\"><strong>EDUCA\u00c7\u00c3O AMBIENTAL EM TEMPOS DE CRISE ECOL\u00d3GICA E CLIM\u00c1TICA: O EXEMPLO DOS JOVENS PIGMEUS E RAPANUI<\/strong><\/span><\/span><span style=\"font-family: georgia, palatino, serif;font-size: 18px\"><strong><br \/>\n<\/strong><\/span><\/li>\n<\/ul>\n<p style=\"padding-left: 80px\"><span style=\"font-family: georgia, palatino, serif;font-size: 18px\"><strong>Autores<\/strong>: Alfredo Pena-Vega<\/span><br \/>\n<span style=\"font-family: georgia, palatino, serif;font-size: 18px\"><strong>Revista<\/strong>: Revista Eletr\u00f4nica do Mestrado em Educa\u00e7\u00e3o Ambiental (REMEA) &#8211; Qualis A3<\/span><br \/>\n<span style=\"font-family: georgia, palatino, serif;font-size: 18px\"><strong>Ano de publica\u00e7\u00e3o<\/strong>: 2023<\/span><br \/>\n<span style=\"font-family: georgia, palatino, serif;font-size: 18px\"><strong>Link para acesso<\/strong>: <a href=\"https:\/\/periodicos.furg.br\/remea\/article\/view\/15726\">https:\/\/periodicos.furg.br\/remea\/article\/view\/15726<\/a><\/span><\/p>\n<p>[\/vc_column_text][\/vc_column][\/vc_row]<\/p>\n<\/div>","protected":false},"excerpt":{"rendered":"<p>[vc_row][vc_column][vc_column_text css=&#8221;&#8221;] O GYCP NO PARAN\u00c1: O QUE INOVA NA EDUCA\u00c7\u00c3O AMBIENTAL PARA ENFRENTAR A EMERG\u00caNCIA CLIM\u00c1TICA? Autores: Daniele Saheb Pedroso, Patricia Carla Giloni de Lima, Adriana Massa\u00ea Kataoka e Anderson de Souza Moser Revista: Revista Brasileira de Educa\u00e7\u00e3o Ambiental (RevBEA) &#8211; Qualis A4 Ano de publica\u00e7\u00e3o: 2025 Link para acesso: https:\/\/periodicos.unifesp.br\/index.php\/revbea\/article\/view\/20435 [\/vc_column_text][vc_column_text css=&#8221;&#8221;] GLOBAL [&hellip;]<\/p>\n","protected":false},"author":3,"featured_media":0,"parent":59,"menu_order":0,"comment_status":"closed","ping_status":"closed","template":"","meta":{"_exactmetrics_skip_tracking":false,"_exactmetrics_sitenote_active":false,"_exactmetrics_sitenote_note":"","_exactmetrics_sitenote_category":0,"footnotes":"","_links_to":"","_links_to_target":""},"class_list":["post-61","page","type-page","status-publish","hentry"],"_links":{"self":[{"href":"https:\/\/www3.unicentro.br\/gycp\/wp-json\/wp\/v2\/pages\/61","targetHints":{"allow":["GET"]}}],"collection":[{"href":"https:\/\/www3.unicentro.br\/gycp\/wp-json\/wp\/v2\/pages"}],"about":[{"href":"https:\/\/www3.unicentro.br\/gycp\/wp-json\/wp\/v2\/types\/page"}],"author":[{"embeddable":true,"href":"https:\/\/www3.unicentro.br\/gycp\/wp-json\/wp\/v2\/users\/3"}],"replies":[{"embeddable":true,"href":"https:\/\/www3.unicentro.br\/gycp\/wp-json\/wp\/v2\/comments?post=61"}],"version-history":[{"count":2,"href":"https:\/\/www3.unicentro.br\/gycp\/wp-json\/wp\/v2\/pages\/61\/revisions"}],"predecessor-version":[{"id":282,"href":"https:\/\/www3.unicentro.br\/gycp\/wp-json\/wp\/v2\/pages\/61\/revisions\/282"}],"up":[{"embeddable":true,"href":"https:\/\/www3.unicentro.br\/gycp\/wp-json\/wp\/v2\/pages\/59"}],"wp:attachment":[{"href":"https:\/\/www3.unicentro.br\/gycp\/wp-json\/wp\/v2\/media?parent=61"}],"curies":[{"name":"wp","href":"https:\/\/api.w.org\/{rel}","templated":true}]}}