{"id":57,"date":"2024-12-12T12:18:18","date_gmt":"2024-12-12T15:18:18","guid":{"rendered":"https:\/\/www3.unicentro.br\/gycp\/?page_id=57"},"modified":"2025-06-13T14:07:41","modified_gmt":"2025-06-13T17:07:41","slug":"metodologia","status":"publish","type":"page","link":"https:\/\/www3.unicentro.br\/gycp\/metodologia\/","title":{"rendered":"Metodologia"},"content":{"rendered":"<p style=\"text-align: justify\">Nossa metodologia prima pelo papel ativo dos jovens por meio da media\u00e7\u00e3o dos professores, visando a constru\u00e7\u00e3o dos saberes te\u00f3ricos e pr\u00e1ticos fundamentais para compreens\u00e3o e atua\u00e7\u00e3o ante ao contexto de emerg\u00eancia clim\u00e1tica. Para tanto, o di\u00e1logo horizontal entre jovens, professores e cientistas se soma a essa premissa como agente potencializador do processo de ensino e aprendizagem. Conhe\u00e7a um pouco mais sobre a metodologia adotada para o desenvolvimento do projeto no estado do Paran\u00e1:<\/p>\n<div class=\"wp-block-image\"><img loading=\"lazy\" decoding=\"async\" class=\"wpa-warning wpa-image-missing-alt  wp-image-126 aligncenter\" src=\"https:\/\/www3.unicentro.br\/gycp\/wp-content\/uploads\/sites\/176\/2025\/06\/metodologia_infografico-1.webp\" alt=\"\" width=\"610\" height=\"785\" data-warning=\"Missing alt text\" \/><\/div>\n<div style=\"text-align: center\">Fonte: Coordenadores (2023).<\/div>\n","protected":false},"excerpt":{"rendered":"<p>Nossa metodologia prima pelo papel ativo dos jovens por meio da media\u00e7\u00e3o dos professores, visando a constru\u00e7\u00e3o dos saberes te\u00f3ricos e pr\u00e1ticos fundamentais para compreens\u00e3o e atua\u00e7\u00e3o ante ao contexto de emerg\u00eancia clim\u00e1tica. Para tanto, o di\u00e1logo horizontal entre jovens, professores e cientistas se soma a essa premissa como agente potencializador do processo de ensino [&hellip;]<\/p>\n","protected":false},"author":3,"featured_media":0,"parent":0,"menu_order":0,"comment_status":"closed","ping_status":"closed","template":"","meta":{"_exactmetrics_skip_tracking":false,"_exactmetrics_sitenote_active":false,"_exactmetrics_sitenote_note":"","_exactmetrics_sitenote_category":0,"footnotes":"","_links_to":"","_links_to_target":""},"class_list":["post-57","page","type-page","status-publish","hentry"],"_links":{"self":[{"href":"https:\/\/www3.unicentro.br\/gycp\/wp-json\/wp\/v2\/pages\/57","targetHints":{"allow":["GET"]}}],"collection":[{"href":"https:\/\/www3.unicentro.br\/gycp\/wp-json\/wp\/v2\/pages"}],"about":[{"href":"https:\/\/www3.unicentro.br\/gycp\/wp-json\/wp\/v2\/types\/page"}],"author":[{"embeddable":true,"href":"https:\/\/www3.unicentro.br\/gycp\/wp-json\/wp\/v2\/users\/3"}],"replies":[{"embeddable":true,"href":"https:\/\/www3.unicentro.br\/gycp\/wp-json\/wp\/v2\/comments?post=57"}],"version-history":[{"count":2,"href":"https:\/\/www3.unicentro.br\/gycp\/wp-json\/wp\/v2\/pages\/57\/revisions"}],"predecessor-version":[{"id":129,"href":"https:\/\/www3.unicentro.br\/gycp\/wp-json\/wp\/v2\/pages\/57\/revisions\/129"}],"wp:attachment":[{"href":"https:\/\/www3.unicentro.br\/gycp\/wp-json\/wp\/v2\/media?parent=57"}],"curies":[{"name":"wp","href":"https:\/\/api.w.org\/{rel}","templated":true}]}}