{"id":55,"date":"2024-12-12T12:18:00","date_gmt":"2024-12-12T15:18:00","guid":{"rendered":"https:\/\/www3.unicentro.br\/gycp\/?page_id=55"},"modified":"2025-07-07T13:21:19","modified_gmt":"2025-07-07T16:21:19","slug":"parcerias","status":"publish","type":"page","link":"https:\/\/www3.unicentro.br\/gycp\/sobre\/parcerias\/","title":{"rendered":"Parcerias"},"content":{"rendered":"<div class=\"wpb-content-wrapper\"><p>[vc_row][vc_column][vc_column_text css=&#8221;&#8221;]<\/p>\n<h1 class=\"wp-block-heading\"><span style=\"font-size: 24px\"><strong>Cons\u00f3rcio entre Universidades<\/strong><\/span><\/h1>\n<p style=\"text-align: justify\">No estado do Paran\u00e1, este projeto consolida o cons\u00f3rcio formado pela Universidade Estadual do Centro-Oeste (UNICENTRO), Instituto de Antropologia Pol\u00edtica, Centro Edgar Morin (CNRS\/EHESS\/PARIS), Universidade Estadual do Norte do Paran\u00e1 (UENP), Pontif\u00edcia Universidade Cat\u00f3lica do Paran\u00e1 (PUC), Universidade Tuiuti do Paran\u00e1 (UTPR), Universidade Estadual do Oeste do Paran\u00e1 (UNIOESTE) e Universidade Tecnol\u00f3gica Federal do Paran\u00e1 (UTFPR).<\/p>\n<p style=\"text-align: justify\">Este cons\u00f3rcio objetiva fortalecer as rela\u00e7\u00f5es de coopera\u00e7\u00e3o entre as institui\u00e7\u00f5es de ensino superior, bem como entre pesquisadores, com o intuito de favorecer a troca de experi\u00eancias em torno de a\u00e7\u00f5es concretas relacionadas ao contexto de emerg\u00eancia clim\u00e1tica global. Os pesquisadores que integram este cons\u00f3rcio s\u00e3o:<\/p>\n<p>&nbsp;<\/p>\n<p style=\"text-align: center\"><img loading=\"lazy\" decoding=\"async\" src=\"https:\/\/gycpbrasil.wordpress.com\/wp-content\/uploads\/2023\/08\/efcf9caf-6d29-4c24-8266-0b7366ea3a40.png?w=768\" width=\"348\" height=\"138\"><\/p>\n<p style=\"text-align: center\"><strong>UTFPR\/Dois Vizinhos<\/strong><\/p>\n<p style=\"text-align: center\">Pesquisadoras: Profa. Dra. Mara Luciane Kovalski, Profa. Dra. Diesse Aparecida de Oliveira Sereia e Prof. Dr. Adalberto Ferdnando Inoc\u00eancio.<\/p>\n<p>&nbsp;<\/p>\n<p style=\"text-align: center\"><img loading=\"lazy\" decoding=\"async\" src=\"https:\/\/gycpbrasil.wordpress.com\/wp-content\/uploads\/2023\/08\/logomarca_unioeste.png?w=1024\" width=\"348\" height=\"149\"><\/p>\n<p style=\"text-align: center\"><strong>Unioeste\/Cascavel<\/strong><\/p>\n<p style=\"text-align: center\">Pesquisadora: Profa. Dra. Irene Carniatto<\/p>\n<p>&nbsp;<\/p>\n<p style=\"text-align: center\"><img loading=\"lazy\" decoding=\"async\" src=\"https:\/\/gycpbrasil.wordpress.com\/wp-content\/uploads\/2023\/08\/uenp-logoportal.png?w=300\" width=\"336\" height=\"94\"><\/p>\n<p style=\"text-align: center\"><strong>UENP\/Jacarezinho e Corn\u00e9lio Proc\u00f3pio<\/strong><\/p>\n<p style=\"text-align: center\">Pesquisadores: Prof. Dr. Jorge Sobral da Silva Maia (Jacarezinho) e Prof. Dr. Rodrigo de Souza Poletto (Corn\u00e9lio Proc\u00f3pio)<\/p>\n<p>&nbsp;<\/p>\n<p style=\"text-align: center\"><img loading=\"lazy\" decoding=\"async\" src=\"https:\/\/gycpbrasil.wordpress.com\/wp-content\/uploads\/2023\/11\/59db553016d32.jpg?w=600\" width=\"334\" height=\"195\"><\/p>\n<p style=\"text-align: center\"><strong>PUCPR\/Curitiba<\/strong><\/p>\n<p style=\"text-align: center\">Pesquisadora: Profa. Dra. Daniele Saheb Pedroso<\/p>\n<p>&nbsp;<\/p>\n<p style=\"text-align: center\"><img decoding=\"async\" src=\"https:\/\/gycpbrasil.wordpress.com\/wp-content\/uploads\/2023\/11\/tuiti.jpg?w=300\"><\/p>\n<p style=\"text-align: center\"><strong>Universidade Tuiuti do Paran\u00e1\/Curitiba<\/strong><\/p>\n<p style=\"text-align: center\">Pesquisadora: Profa. Dra. Maria Arlete Rosa<\/p>\n<p>&nbsp;<\/p>\n<p style=\"text-align: center\"><img loading=\"lazy\" decoding=\"async\" src=\"https:\/\/gycpbrasil.wordpress.com\/wp-content\/uploads\/2024\/04\/oses-alc.jpg?w=549\" width=\"348\" height=\"152\"><\/p>\n<p style=\"text-align: center\"><strong>Observatorio de la Sustentabilidad en la Educaci\u00f3n Superior de Am\u00e9rica Latina y el Caribe&nbsp;(OSES-ALC)<\/strong><\/p>\n<p style=\"text-align: center\">Pesquisadora: Profa. Dra. Car\u00e9lia Hidalgo L\u00f3pes<\/p>\n<p>&nbsp;<\/p>\n<p style=\"text-align: center\"><img loading=\"lazy\" decoding=\"async\" src=\"https:\/\/gycpbrasil.wordpress.com\/wp-content\/uploads\/2023\/08\/download.png?w=225\" width=\"209\" height=\"209\"><\/p>\n<p style=\"text-align: center\"><strong>Prefeitura de Guarapuava<\/strong><\/p>\n<p>&nbsp;<\/p>\n<p style=\"text-align: center\"><img loading=\"lazy\" decoding=\"async\" src=\"https:\/\/gycpbrasil.wordpress.com\/wp-content\/uploads\/2023\/08\/download-1.png?w=401\" width=\"344\" height=\"108\"><\/p>\n<p style=\"text-align: center\"><strong>Universidade de \u00c9vora\/Portugal<\/strong><\/p>\n<p style=\"text-align: center\">Pesquisadora: Profa. Dra. Maria Manuela Morais<\/p>\n<p>[\/vc_column_text][\/vc_column][\/vc_row]<\/p>\n<\/div>","protected":false},"excerpt":{"rendered":"<p>[vc_row][vc_column][vc_column_text css=&#8221;&#8221;] Cons\u00f3rcio entre Universidades No estado do Paran\u00e1, este projeto consolida o cons\u00f3rcio formado pela Universidade Estadual do Centro-Oeste (UNICENTRO), Instituto de Antropologia Pol\u00edtica, Centro Edgar Morin (CNRS\/EHESS\/PARIS), Universidade Estadual do Norte do Paran\u00e1 (UENP), Pontif\u00edcia Universidade Cat\u00f3lica do Paran\u00e1 (PUC), Universidade Tuiuti do Paran\u00e1 (UTPR), Universidade Estadual do Oeste do Paran\u00e1 (UNIOESTE) e [&hellip;]<\/p>\n","protected":false},"author":3,"featured_media":0,"parent":49,"menu_order":0,"comment_status":"closed","ping_status":"closed","template":"","meta":{"_exactmetrics_skip_tracking":false,"_exactmetrics_sitenote_active":false,"_exactmetrics_sitenote_note":"","_exactmetrics_sitenote_category":0,"footnotes":"","_links_to":"","_links_to_target":""},"class_list":["post-55","page","type-page","status-publish","hentry"],"_links":{"self":[{"href":"https:\/\/www3.unicentro.br\/gycp\/wp-json\/wp\/v2\/pages\/55","targetHints":{"allow":["GET"]}}],"collection":[{"href":"https:\/\/www3.unicentro.br\/gycp\/wp-json\/wp\/v2\/pages"}],"about":[{"href":"https:\/\/www3.unicentro.br\/gycp\/wp-json\/wp\/v2\/types\/page"}],"author":[{"embeddable":true,"href":"https:\/\/www3.unicentro.br\/gycp\/wp-json\/wp\/v2\/users\/3"}],"replies":[{"embeddable":true,"href":"https:\/\/www3.unicentro.br\/gycp\/wp-json\/wp\/v2\/comments?post=55"}],"version-history":[{"count":2,"href":"https:\/\/www3.unicentro.br\/gycp\/wp-json\/wp\/v2\/pages\/55\/revisions"}],"predecessor-version":[{"id":164,"href":"https:\/\/www3.unicentro.br\/gycp\/wp-json\/wp\/v2\/pages\/55\/revisions\/164"}],"up":[{"embeddable":true,"href":"https:\/\/www3.unicentro.br\/gycp\/wp-json\/wp\/v2\/pages\/49"}],"wp:attachment":[{"href":"https:\/\/www3.unicentro.br\/gycp\/wp-json\/wp\/v2\/media?parent=55"}],"curies":[{"name":"wp","href":"https:\/\/api.w.org\/{rel}","templated":true}]}}