{"id":53,"date":"2024-12-12T12:17:42","date_gmt":"2024-12-12T15:17:42","guid":{"rendered":"https:\/\/www3.unicentro.br\/gycp\/?page_id=53"},"modified":"2025-09-24T15:08:42","modified_gmt":"2025-09-24T18:08:42","slug":"coordenadores","status":"publish","type":"page","link":"https:\/\/www3.unicentro.br\/gycp\/sobre\/coordenadores\/","title":{"rendered":"Coordenadores"},"content":{"rendered":"<div class=\"wpb-content-wrapper\"><p>[vc_row][vc_column][vc_column_text css=&#8221;&#8221;]<\/p>\n<h1 style=\"text-align: center\">Coordenador Internacional<\/h1>\n<p>[\/vc_column_text][vc_column_text css=&#8221;&#8221;]<\/p>\n<div>\n<div class=\"wp-block-image\">\n<div class=\"wp-block-image\">\n<div class=\"wp-block-image\">\n<div class=\"wp-block-image\"><\/div>\n<\/div>\n<\/div>\n<\/div>\n<div class=\"wp-block-image\"><img loading=\"lazy\" decoding=\"async\" class=\"wpa-warning wpa-image-missing-alt aligncenter wp-image-131\" src=\"https:\/\/www3.unicentro.br\/gycp\/wp-content\/uploads\/sites\/176\/2025\/06\/alfredo.png\" alt=\"\" width=\"240\" height=\"240\" data-warning=\"Missing alt text\" \/><\/div>\n<div>\n<div class=\"wp-block-image\">\n<div class=\"wp-block-image\">\n<div class=\"wp-block-image\">\n<div class=\"wp-block-image\">\n<h4 class=\"wp-block-image\" style=\"text-align: center\"><strong>Dr. Alfredo Pena Vega<\/strong><\/h4>\n<\/div>\n<\/div>\n<\/div>\n<\/div>\n<p class=\"has-text-align-center\" style=\"text-align: center\">Coordenador do Projeto Global Youth Climate Pact. Professor e Pesquisador do Centre Edgar Morin \u2013 (CNRS\/EHESS).<\/p>\n<\/div>\n<\/div>\n<p>[\/vc_column_text][vc_column_text css=&#8221;&#8221;]<\/p>\n<h1 style=\"text-align: center\">Coordenadores Brasil<\/h1>\n<p>[\/vc_column_text][vc_column_text css=&#8221;&#8221;]<\/p>\n<div>\n<h2 class=\"has-text-align-center\" style=\"text-align: center\">Paran\u00e1<\/h2>\n<\/div>\n<div class=\"wp-block-image\"><img loading=\"lazy\" decoding=\"async\" class=\"wpa-warning wpa-image-missing-alt aligncenter wp-image-132\" src=\"https:\/\/www3.unicentro.br\/gycp\/wp-content\/uploads\/sites\/176\/2025\/06\/adriana.png\" alt=\"\" width=\"240\" height=\"240\" data-warning=\"Missing alt text\" \/><\/div>\n<div>\n<h4 class=\"wp-block-heading has-text-align-center\" style=\"text-align: center\"><strong>Profa. Dra. Adriana Massa\u00ea Kataoka<\/strong><\/h4>\n<p class=\"has-text-align-center\" style=\"text-align: center\">Coordenadora Geral do Projeto Global Youth Climate Pact \u2013 Paran\u00e1\/Brasil. Professora e Pesquisadora da Universidade Estadual do Centro-Oeste (UNICENTRO).<\/p>\n<\/div>\n<p>[\/vc_column_text][vc_column_text css=&#8221;&#8221;]<\/p>\n<div><\/div>\n<div>\n<p class=\"has-text-align-center\" style=\"text-align: center\"><img loading=\"lazy\" decoding=\"async\" class=\"wpa-warning wpa-image-missing-alt aligncenter wp-image-133\" src=\"https:\/\/www3.unicentro.br\/gycp\/wp-content\/uploads\/sites\/176\/2025\/06\/patricia.png\" alt=\"\" width=\"240\" height=\"240\" data-warning=\"Missing alt text\" \/><\/p>\n<\/div>\n<div>\n<h4 class=\"wp-block-heading has-text-align-center\" style=\"text-align: center\"><strong>Profa. Dra. Patr\u00edcia Carla Giloni de Lima<\/strong><\/h4>\n<p class=\"has-text-align-center\" style=\"text-align: center\">Vice-coordenadora do Projeto Global Youth Climate Pact \u2013 Paran\u00e1\/Brasil. Professora e Pesquisadora da Universidade Estadual do Centro-Oeste (UNICENTRO).<\/p>\n<\/div>\n<p>[\/vc_column_text][vc_column_text css=&#8221;&#8221;]<\/p>\n<div>\n<p class=\"has-text-align-center\" style=\"text-align: center\"><img loading=\"lazy\" decoding=\"async\" class=\"wpa-warning wpa-image-missing-alt aligncenter wp-image-134\" src=\"https:\/\/www3.unicentro.br\/gycp\/wp-content\/uploads\/sites\/176\/2025\/06\/anderson.png\" alt=\"\" width=\"240\" height=\"240\" data-warning=\"Missing alt text\" \/><\/p>\n<\/div>\n<div>\n<h4 class=\"wp-block-heading has-text-align-center\" style=\"text-align: center\"><strong>Prof. Dr. Anderson de Souza Moser<\/strong><\/h4>\n<p class=\"has-text-align-center\" style=\"text-align: center\">Coordenador Pedag\u00f3gico do Projeto Global Youth Climate Pact \u2013 Paran\u00e1\/Brasil. Professor da Educa\u00e7\u00e3o B\u00e1sica e Doutor em Educa\u00e7\u00e3o na Universidade Federal do Paran\u00e1 (UFPR).<\/p>\n<\/div>\n<p>[\/vc_column_text][vc_column_text css=&#8221;&#8221;]<\/p>\n<div>\n<div class=\"wp-block-image\"><img loading=\"lazy\" decoding=\"async\" class=\"wpa-warning wpa-image-missing-alt aligncenter wp-image-135\" src=\"https:\/\/www3.unicentro.br\/gycp\/wp-content\/uploads\/sites\/176\/2025\/06\/dani-saheb.png\" alt=\"\" width=\"240\" height=\"240\" data-warning=\"Missing alt text\" \/><\/div>\n<div>\n<h4 class=\"wp-block-heading has-text-align-center\" style=\"text-align: center\"><strong>Dra. Daniele Saheb Pedroso<\/strong><\/h4>\n<p class=\"has-text-align-center\" style=\"text-align: center\">Coordenadora Pedag\u00f3gica do Projeto Global Youth Climate Pact \u2013 Paran\u00e1\/Brasil. Professora e Pesquisadora da Pontif\u00edcia Universidade Cat\u00f3lica do Paran\u00e1 (PUC\/PR).<\/p>\n<\/div>\n<\/div>\n<p>[\/vc_column_text][vc_column_text css=&#8221;&#8221;]<\/p>\n<div>\n<div>\n<div class=\"wp-block-image\"><img loading=\"lazy\" decoding=\"async\" class=\"wpa-warning wpa-image-missing-alt aligncenter wp-image-136\" src=\"https:\/\/www3.unicentro.br\/gycp\/wp-content\/uploads\/sites\/176\/2025\/06\/mauricio.png\" alt=\"\" width=\"240\" height=\"240\" data-warning=\"Missing alt text\" \/><\/div>\n<div>\n<div class=\"wp-block-columns is-layout-flex wp-container-core-columns-is-layout-28f84493 wp-block-columns-is-layout-flex\">\n<div class=\"wp-block-column is-layout-flow wp-block-column-is-layout-flow\">\n<h4 class=\"wp-block-heading has-text-align-center\" style=\"text-align: center\"><strong>Dr. Maur\u00edcio de Camargo-Filho<\/strong><\/h4>\n<p class=\"has-text-align-center\" style=\"text-align: center\">Coordenador Administrativo do Projeto Global Youth Climate Pact \u2013 Paran\u00e1\/Brasil. Professor e Pesquisador da Universidade Estadual do Centro-Oeste (UNICENTRO).<\/p>\n<\/div>\n<\/div>\n<\/div>\n<\/div>\n<\/div>\n<p>[\/vc_column_text][vc_column_text css=&#8221;&#8221;]<\/p>\n<h2 style=\"text-align: center\">Santa Catarina<\/h2>\n<div>\n<div>\n<div>\n<div class=\"wp-block-image\"><img loading=\"lazy\" decoding=\"async\" class=\"wpa-warning wpa-image-missing-alt aligncenter wp-image-137\" src=\"https:\/\/www3.unicentro.br\/gycp\/wp-content\/uploads\/sites\/176\/2025\/06\/bruna.png\" alt=\"\" width=\"240\" height=\"240\" data-warning=\"Missing alt text\" \/><\/div>\n<div>\n<h4 class=\"wp-block-heading has-text-align-center\" style=\"text-align: center\"><strong>Dra. Bruna Carolina de Lima Siqueira dos Santos<\/strong><\/h4>\n<p class=\"has-text-align-center\" style=\"text-align: center\">Coordenadora do Projeto Global Youth Climate Pact \u2013 Santa Catarina\/Brasil. Professora e pesquisadora na UNIVALI.<\/p>\n<\/div>\n<\/div>\n<\/div>\n<\/div>\n<p>[\/vc_column_text][vc_column_text css=&#8221;&#8221;]<\/p>\n<h2 class=\"wp-block-post-title\" style=\"text-align: center\">S\u00e3o Paulo<\/h2>\n<div>\n<div class=\"wp-block-image\"><img loading=\"lazy\" decoding=\"async\" class=\"wpa-warning wpa-image-missing-alt aligncenter wp-image-138\" src=\"https:\/\/www3.unicentro.br\/gycp\/wp-content\/uploads\/sites\/176\/2025\/06\/cleide.png\" alt=\"\" width=\"240\" height=\"240\" data-warning=\"Missing alt text\" \/><\/div>\n<div>\n<h4 class=\"wp-block-heading has-text-align-center\" style=\"text-align: center\"><strong>Dra. Cleide Rita Silv\u00e9rio de Almeida<\/strong><\/h4>\n<p class=\"has-text-align-center\" style=\"text-align: center\">Coordenadora do Projeto Global Youth Climate Pact \u2013 S\u00e3o Paulo\/Brasil. Professora e pesquisadora na UNINOVE.<\/p>\n<\/div>\n<\/div>\n<p>[\/vc_column_text][vc_column_text css=&#8221;&#8221;]<\/p>\n<div class=\"wp-block-image\">\n<div class=\"wp-block-image\"><img loading=\"lazy\" decoding=\"async\" class=\"wpa-warning wpa-image-missing-alt aligncenter wp-image-139\" src=\"https:\/\/www3.unicentro.br\/gycp\/wp-content\/uploads\/sites\/176\/2025\/06\/miriam.png\" alt=\"\" width=\"240\" height=\"240\" data-warning=\"Missing alt text\" \/><\/div>\n<div>\n<h4 class=\"wp-block-heading has-text-align-center\" style=\"text-align: center\"><strong>Dra. Miriam Debieux Rosa<\/strong><\/h4>\n<p class=\"has-text-align-center\" style=\"text-align: center\">Coordenadora do Projeto Global Youth Climate Pact \u2013 S\u00e3o Paulo\/Brasil. Professora e pesquisadora no Instituto de Psicologia da USP.<\/p>\n<\/div>\n<\/div>\n<p>[\/vc_column_text][vc_column_text css=&#8221;&#8221;]<\/p>\n<div class=\"wp-block-image\">\n<div>\n<h2 class=\"has-text-align-center\" style=\"text-align: center\">Amazonas<\/h2>\n<div class=\"wp-block-image\"><img loading=\"lazy\" decoding=\"async\" class=\"wpa-warning wpa-image-missing-alt aligncenter wp-image-479 \" src=\"https:\/\/www3.unicentro.br\/gycp\/wp-content\/uploads\/sites\/176\/2025\/09\/elvio.png\" alt=\"\" width=\"214\" height=\"214\" data-warning=\"Missing alt text\" srcset=\"https:\/\/www3.unicentro.br\/gycp\/wp-content\/uploads\/sites\/176\/2025\/09\/elvio.png 500w, https:\/\/www3.unicentro.br\/gycp\/wp-content\/uploads\/sites\/176\/2025\/09\/elvio-50x50.png 50w, https:\/\/www3.unicentro.br\/gycp\/wp-content\/uploads\/sites\/176\/2025\/09\/elvio-80x80.png 80w, https:\/\/www3.unicentro.br\/gycp\/wp-content\/uploads\/sites\/176\/2025\/09\/elvio-263x263.png 263w, https:\/\/www3.unicentro.br\/gycp\/wp-content\/uploads\/sites\/176\/2025\/09\/elvio-100x100.png 100w, https:\/\/www3.unicentro.br\/gycp\/wp-content\/uploads\/sites\/176\/2025\/09\/elvio-255x255.png 255w\" sizes=\"auto, (max-width: 214px) 100vw, 214px\" \/><\/div>\n<\/div>\n<div class=\"wp-block-image\">\n<div class=\"wp-block-image\">\n<div class=\"wp-block-image\"><\/div>\n<div class=\"wp-block-image\">\n<h4 class=\"wp-block-heading has-text-align-center\" style=\"text-align: center\"><strong>Dr. Elvio Quirino Pereira<\/strong><\/h4>\n<p class=\"has-text-align-center\" style=\"text-align: center\">Coordenador do Projeto Global Youth Climate Pact \u2013 Amazonas\/Brasil. Professor e pesquisador na\u00a0Universidade Federal do Tocantins e na UnB.<\/p>\n<\/div>\n<\/div>\n<\/div>\n<\/div>\n<p>[\/vc_column_text][vc_column_text css=&#8221;&#8221;]<\/p>\n<h2 style=\"text-align: center\">Pernambuco<\/h2>\n<div>\n<div class=\"wp-block-image\">\n<div class=\"wp-block-image\">\n<div class=\"wp-block-image\">\n<div class=\"wp-block-image\"><img loading=\"lazy\" decoding=\"async\" class=\"wpa-warning wpa-image-missing-alt wp-image-480 aligncenter\" src=\"https:\/\/www3.unicentro.br\/gycp\/wp-content\/uploads\/sites\/176\/2025\/09\/cida.png\" alt=\"\" width=\"257\" height=\"257\" data-warning=\"Missing alt text\" srcset=\"https:\/\/www3.unicentro.br\/gycp\/wp-content\/uploads\/sites\/176\/2025\/09\/cida.png 500w, https:\/\/www3.unicentro.br\/gycp\/wp-content\/uploads\/sites\/176\/2025\/09\/cida-50x50.png 50w, https:\/\/www3.unicentro.br\/gycp\/wp-content\/uploads\/sites\/176\/2025\/09\/cida-80x80.png 80w, https:\/\/www3.unicentro.br\/gycp\/wp-content\/uploads\/sites\/176\/2025\/09\/cida-263x263.png 263w, https:\/\/www3.unicentro.br\/gycp\/wp-content\/uploads\/sites\/176\/2025\/09\/cida-100x100.png 100w, https:\/\/www3.unicentro.br\/gycp\/wp-content\/uploads\/sites\/176\/2025\/09\/cida-255x255.png 255w\" sizes=\"auto, (max-width: 257px) 100vw, 257px\" \/><\/div>\n<h4 class=\"wp-block-heading has-text-align-center\" style=\"text-align: center\"><strong>Dra. Maria Aparecida Guilherme da Rocha<\/strong><\/h4>\n<p class=\"has-text-align-center\" style=\"text-align: center\">Coordenadora do Projeto Global Youth Climate Pact \u2013 Pernambuco\/Brasil. Professora e pesquisadora na UFPE.<\/p>\n<\/div>\n<\/div>\n<\/div>\n<\/div>\n<p>[\/vc_column_text][vc_column_text css=&#8221;&#8221;]<\/p>\n<div class=\"wp-block-image\">\n<div class=\"wp-block-image\">\n<div class=\"wp-block-image\">\n<div class=\"wp-block-image\">\n<div class=\"wp-block-image\">\n<div>\n<h2 style=\"text-align: center\">Maranh\u00e3o<\/h2>\n<\/div>\n<\/div>\n<\/div>\n<\/div>\n<div class=\"wp-block-image\"><img loading=\"lazy\" decoding=\"async\" class=\"wpa-warning wpa-image-missing-alt wp-image-481 aligncenter\" src=\"https:\/\/www3.unicentro.br\/gycp\/wp-content\/uploads\/sites\/176\/2025\/09\/aurea.png\" alt=\"\" width=\"248\" height=\"248\" data-warning=\"Missing alt text\" srcset=\"https:\/\/www3.unicentro.br\/gycp\/wp-content\/uploads\/sites\/176\/2025\/09\/aurea.png 500w, https:\/\/www3.unicentro.br\/gycp\/wp-content\/uploads\/sites\/176\/2025\/09\/aurea-50x50.png 50w, https:\/\/www3.unicentro.br\/gycp\/wp-content\/uploads\/sites\/176\/2025\/09\/aurea-80x80.png 80w, https:\/\/www3.unicentro.br\/gycp\/wp-content\/uploads\/sites\/176\/2025\/09\/aurea-263x263.png 263w, https:\/\/www3.unicentro.br\/gycp\/wp-content\/uploads\/sites\/176\/2025\/09\/aurea-100x100.png 100w, https:\/\/www3.unicentro.br\/gycp\/wp-content\/uploads\/sites\/176\/2025\/09\/aurea-255x255.png 255w\" sizes=\"auto, (max-width: 248px) 100vw, 248px\" \/><\/div>\n<h4 class=\"wp-block-heading has-text-align-center\" style=\"text-align: center\"><strong>Dra. Aurea Sousa<\/strong><\/h4>\n<p class=\"has-text-align-center\" style=\"text-align: center\">Coordenadora do Projeto Global Youth Climate Pact \u2013 Maranh\u00e3o\/Brasil. Professora e pesquisadora na Universidade Estadual do Maranh\u00e3o (UEMA).<\/p>\n<\/div>\n<\/div>\n<p>[\/vc_column_text][\/vc_column][\/vc_row]<\/p>\n<\/div>","protected":false},"excerpt":{"rendered":"<p>[vc_row][vc_column][vc_column_text css=&#8221;&#8221;] Coordenador Internacional [\/vc_column_text][vc_column_text css=&#8221;&#8221;] Dr. Alfredo Pena Vega Coordenador do Projeto Global Youth Climate Pact. Professor e Pesquisador do Centre Edgar Morin \u2013 (CNRS\/EHESS). [\/vc_column_text][vc_column_text css=&#8221;&#8221;] Coordenadores Brasil [\/vc_column_text][vc_column_text css=&#8221;&#8221;] Paran\u00e1 Profa. Dra. Adriana Massa\u00ea Kataoka Coordenadora Geral do Projeto Global Youth Climate Pact \u2013 Paran\u00e1\/Brasil. Professora e Pesquisadora da Universidade Estadual do [&hellip;]<\/p>\n","protected":false},"author":3,"featured_media":0,"parent":49,"menu_order":0,"comment_status":"closed","ping_status":"closed","template":"","meta":{"_exactmetrics_skip_tracking":false,"_exactmetrics_sitenote_active":false,"_exactmetrics_sitenote_note":"","_exactmetrics_sitenote_category":0,"footnotes":"","_links_to":"","_links_to_target":""},"class_list":["post-53","page","type-page","status-publish","hentry"],"_links":{"self":[{"href":"https:\/\/www3.unicentro.br\/gycp\/wp-json\/wp\/v2\/pages\/53","targetHints":{"allow":["GET"]}}],"collection":[{"href":"https:\/\/www3.unicentro.br\/gycp\/wp-json\/wp\/v2\/pages"}],"about":[{"href":"https:\/\/www3.unicentro.br\/gycp\/wp-json\/wp\/v2\/types\/page"}],"author":[{"embeddable":true,"href":"https:\/\/www3.unicentro.br\/gycp\/wp-json\/wp\/v2\/users\/3"}],"replies":[{"embeddable":true,"href":"https:\/\/www3.unicentro.br\/gycp\/wp-json\/wp\/v2\/comments?post=53"}],"version-history":[{"count":1,"href":"https:\/\/www3.unicentro.br\/gycp\/wp-json\/wp\/v2\/pages\/53\/revisions"}],"predecessor-version":[{"id":483,"href":"https:\/\/www3.unicentro.br\/gycp\/wp-json\/wp\/v2\/pages\/53\/revisions\/483"}],"up":[{"embeddable":true,"href":"https:\/\/www3.unicentro.br\/gycp\/wp-json\/wp\/v2\/pages\/49"}],"wp:attachment":[{"href":"https:\/\/www3.unicentro.br\/gycp\/wp-json\/wp\/v2\/media?parent=53"}],"curies":[{"name":"wp","href":"https:\/\/api.w.org\/{rel}","templated":true}]}}