{"id":343,"date":"2025-07-09T14:46:10","date_gmt":"2025-07-09T17:46:10","guid":{"rendered":"https:\/\/www3.unicentro.br\/gycp\/?page_id=343"},"modified":"2025-07-10T11:00:57","modified_gmt":"2025-07-10T14:00:57","slug":"jacarezinho","status":"publish","type":"page","link":"https:\/\/www3.unicentro.br\/gycp\/jacarezinho\/","title":{"rendered":"Jacarezinho"},"content":{"rendered":"<div class=\"wpb-content-wrapper\"><p>[vc_row][vc_column][vc_tta_tour][vc_tta_section title=&#8221;Col\u00e9gio Estadual Luiz Setti&#8221; tab_id=&#8221;1752155448124-e906c4c3-ea8a&#8221;][vc_single_image image=&#8221;427&#8243; alignment=&#8221;center&#8221; css=&#8221;&#8221;][vc_column_text css=&#8221;&#8221;]<strong>Professores participantes<\/strong>: Professoras Karen Luana Inez e Ana Paula Biondo Lhamas<\/p>\n<p><strong>Tem\u00e1ticas trabalhadas<\/strong>: Educa\u00e7\u00e3o Ambiental Cr\u00edtica e pr\u00e1xis transformadora no enfrentamento da emerg\u00eancia clim\u00e1tica<\/p>\n<p>Nosso projeto re\u00fane estudantes do ensino m\u00e9dio e da gradua\u00e7\u00e3o em Ci\u00eancias Biol\u00f3gicas em encontros quinzenais na universidade para discutir, aprender e agir diante da emerg\u00eancia clim\u00e1tica. Com uma abordagem cr\u00edtica, exploramos como a educa\u00e7\u00e3o ambiental pode ser uma ferramenta de transforma\u00e7\u00e3o social, incentivando a reflex\u00e3o sobre justi\u00e7a clim\u00e1tica, pol\u00edticas p\u00fablicas e pr\u00e1ticas sustent\u00e1veis. Al\u00e9m dos debates, estamos produzindo conte\u00fado de divulga\u00e7\u00e3o cient\u00edfica nas redes sociais, gravamos podcasts com entrevistas e discuss\u00f5es aprofundadas, e conversamos com \u00f3rg\u00e3os municipais para coletar dados e elaborar um relat\u00f3rio de impacto socioambiental do nosso munic\u00edpio. Tamb\u00e9m marcamos presen\u00e7a em eventos cient\u00edficos regionais, compartilhando nossas experi\u00eancias e aprendizados.<\/p>\n<p>&nbsp;<\/p>\n<p>Confira algumas fotos e not\u00edcias sobre o GYCP no Col\u00e9gio Estadual Luiz Setti abaixo![\/vc_column_text][vc_gallery interval=&#8221;3&#8243; images=&#8221;428,429,430,431&#8243; css=&#8221;&#8221;][\/vc_tta_section][\/vc_tta_tour][\/vc_column][\/vc_row]<\/p>\n<\/div>","protected":false},"excerpt":{"rendered":"<p>[vc_row][vc_column][vc_tta_tour][vc_tta_section title=&#8221;Col\u00e9gio Estadual Luiz Setti&#8221; tab_id=&#8221;1752155448124-e906c4c3-ea8a&#8221;][vc_single_image image=&#8221;427&#8243; alignment=&#8221;center&#8221; css=&#8221;&#8221;][vc_column_text css=&#8221;&#8221;]Professores participantes: Professoras Karen Luana Inez e Ana Paula Biondo Lhamas Tem\u00e1ticas trabalhadas: Educa\u00e7\u00e3o Ambiental Cr\u00edtica e pr\u00e1xis transformadora no enfrentamento da emerg\u00eancia clim\u00e1tica Nosso projeto re\u00fane estudantes do ensino m\u00e9dio e da gradua\u00e7\u00e3o em Ci\u00eancias Biol\u00f3gicas em encontros quinzenais na universidade para discutir, aprender e [&hellip;]<\/p>\n","protected":false},"author":615,"featured_media":0,"parent":0,"menu_order":0,"comment_status":"closed","ping_status":"closed","template":"","meta":{"_exactmetrics_skip_tracking":false,"_exactmetrics_sitenote_active":false,"_exactmetrics_sitenote_note":"","_exactmetrics_sitenote_category":0,"footnotes":"","_links_to":"","_links_to_target":""},"class_list":["post-343","page","type-page","status-publish","hentry"],"_links":{"self":[{"href":"https:\/\/www3.unicentro.br\/gycp\/wp-json\/wp\/v2\/pages\/343","targetHints":{"allow":["GET"]}}],"collection":[{"href":"https:\/\/www3.unicentro.br\/gycp\/wp-json\/wp\/v2\/pages"}],"about":[{"href":"https:\/\/www3.unicentro.br\/gycp\/wp-json\/wp\/v2\/types\/page"}],"author":[{"embeddable":true,"href":"https:\/\/www3.unicentro.br\/gycp\/wp-json\/wp\/v2\/users\/615"}],"replies":[{"embeddable":true,"href":"https:\/\/www3.unicentro.br\/gycp\/wp-json\/wp\/v2\/comments?post=343"}],"version-history":[{"count":2,"href":"https:\/\/www3.unicentro.br\/gycp\/wp-json\/wp\/v2\/pages\/343\/revisions"}],"predecessor-version":[{"id":432,"href":"https:\/\/www3.unicentro.br\/gycp\/wp-json\/wp\/v2\/pages\/343\/revisions\/432"}],"wp:attachment":[{"href":"https:\/\/www3.unicentro.br\/gycp\/wp-json\/wp\/v2\/media?parent=343"}],"curies":[{"name":"wp","href":"https:\/\/api.w.org\/{rel}","templated":true}]}}