{"id":225,"date":"2025-07-07T14:34:29","date_gmt":"2025-07-07T17:34:29","guid":{"rendered":"https:\/\/www3.unicentro.br\/gycp\/?page_id=225"},"modified":"2025-07-07T15:13:21","modified_gmt":"2025-07-07T18:13:21","slug":"penha","status":"publish","type":"page","link":"https:\/\/www3.unicentro.br\/gycp\/penha\/","title":{"rendered":"Penha"},"content":{"rendered":"<div class=\"wpb-content-wrapper\"><p>[vc_row][vc_column][vc_column_text css=&#8221;&#8221;]<\/p>\n<h3 style=\"text-align: center\">Clique no nome do Col\u00e9gio para saber mais sobre as a\u00e7\u00f5es realizadas!<\/h3>\n<p>[\/vc_column_text][\/vc_column][\/vc_row][vc_row][vc_column][vc_column_text css=&#8221;&#8221;]<\/p>\n<h2><img loading=\"lazy\" decoding=\"async\" class=\"alignleft\" src=\"https:\/\/encrypted-tbn0.gstatic.com\/images?q=tbn:ANd9GcTb7MY4xmjYgWFl9t9sdAbXyvwJd-R-1hZvHQ&amp;s\" alt=\"EEB Professor Jo\u00e3o Batista Paiva\" width=\"160\" height=\"161\" \/><\/h2>\n<h2 class=\"wp-block-image\" style=\"text-align: left\">Escola de Educa\u00e7\u00e3o B\u00e1sica Jo\u00e3o Batista Paiva<\/h2>\n<h4 style=\"text-align: left\">Professor ??<\/h4>\n<p>[\/vc_column_text][\/vc_column][\/vc_row][vc_row][vc_column][vc_column_text css=&#8221;&#8221;]<\/p>\n<h2 class=\"wp-block-image\" style=\"text-align: left\">Escola de Educa\u00e7\u00e3o B\u00e1sica Manoel Henrique de Assis<\/h2>\n<h4>Professor ???<\/h4>\n<p>[\/vc_column_text][\/vc_column][\/vc_row][vc_row][vc_column][vc_column_text css=&#8221;&#8221;]<\/p>\n<h2 class=\"wp-block-image\" style=\"text-align: left\">Escola de Educa\u00e7\u00e3o B\u00e1sica Paulina Gaya<\/h2>\n<h4 style=\"text-align: left\">Professora ??<\/h4>\n<p>[\/vc_column_text][\/vc_column][\/vc_row][vc_row][vc_column][vc_column_text css=&#8221;&#8221;]<\/p>\n<h2 class=\"wp-block-image\" style=\"text-align: left\">Escola de Educa\u00e7\u00e3o B\u00e1sica Daniela Pereira<\/h2>\n<h4 style=\"text-align: left\">Professora www<\/h4>\n<p>[\/vc_column_text][\/vc_column][\/vc_row]<\/p>\n<\/div>","protected":false},"excerpt":{"rendered":"<p>[vc_row][vc_column][vc_column_text css=&#8221;&#8221;] Clique no nome do Col\u00e9gio para saber mais sobre as a\u00e7\u00f5es realizadas! [\/vc_column_text][\/vc_column][\/vc_row][vc_row][vc_column][vc_column_text css=&#8221;&#8221;] Escola de Educa\u00e7\u00e3o B\u00e1sica Jo\u00e3o Batista Paiva Professor ?? [\/vc_column_text][\/vc_column][\/vc_row][vc_row][vc_column][vc_column_text css=&#8221;&#8221;] Escola de Educa\u00e7\u00e3o B\u00e1sica Manoel Henrique de Assis Professor ??? [\/vc_column_text][\/vc_column][\/vc_row][vc_row][vc_column][vc_column_text css=&#8221;&#8221;] Escola de Educa\u00e7\u00e3o B\u00e1sica Paulina Gaya Professora ?? [\/vc_column_text][\/vc_column][\/vc_row][vc_row][vc_column][vc_column_text css=&#8221;&#8221;] Escola de Educa\u00e7\u00e3o B\u00e1sica Daniela Pereira [&hellip;]<\/p>\n","protected":false},"author":615,"featured_media":0,"parent":0,"menu_order":0,"comment_status":"closed","ping_status":"closed","template":"","meta":{"_exactmetrics_skip_tracking":false,"_exactmetrics_sitenote_active":false,"_exactmetrics_sitenote_note":"","_exactmetrics_sitenote_category":0,"footnotes":"","_links_to":"","_links_to_target":""},"class_list":["post-225","page","type-page","status-publish","hentry"],"_links":{"self":[{"href":"https:\/\/www3.unicentro.br\/gycp\/wp-json\/wp\/v2\/pages\/225","targetHints":{"allow":["GET"]}}],"collection":[{"href":"https:\/\/www3.unicentro.br\/gycp\/wp-json\/wp\/v2\/pages"}],"about":[{"href":"https:\/\/www3.unicentro.br\/gycp\/wp-json\/wp\/v2\/types\/page"}],"author":[{"embeddable":true,"href":"https:\/\/www3.unicentro.br\/gycp\/wp-json\/wp\/v2\/users\/615"}],"replies":[{"embeddable":true,"href":"https:\/\/www3.unicentro.br\/gycp\/wp-json\/wp\/v2\/comments?post=225"}],"version-history":[{"count":2,"href":"https:\/\/www3.unicentro.br\/gycp\/wp-json\/wp\/v2\/pages\/225\/revisions"}],"predecessor-version":[{"id":272,"href":"https:\/\/www3.unicentro.br\/gycp\/wp-json\/wp\/v2\/pages\/225\/revisions\/272"}],"wp:attachment":[{"href":"https:\/\/www3.unicentro.br\/gycp\/wp-json\/wp\/v2\/media?parent=225"}],"curies":[{"name":"wp","href":"https:\/\/api.w.org\/{rel}","templated":true}]}}