{"id":219,"date":"2025-07-07T14:33:43","date_gmt":"2025-07-07T17:33:43","guid":{"rendered":"https:\/\/www3.unicentro.br\/gycp\/?page_id=219"},"modified":"2025-07-09T16:15:01","modified_gmt":"2025-07-09T19:15:01","slug":"cruzeiro-do-iguacu","status":"publish","type":"page","link":"https:\/\/www3.unicentro.br\/gycp\/cruzeiro-do-iguacu\/","title":{"rendered":"Cruzeiro do Igua\u00e7u"},"content":{"rendered":"<div class=\"wpb-content-wrapper\"><p>[vc_row][vc_column][vc_tta_tour][vc_tta_section title=&#8221;Escola Estadual do Campo Irm\u00e3 Celestina Maria&#8221; tab_id=&#8221;1752088216514-76a0bc1a-831d&#8221;][vc_column_text css=&#8221;&#8221;]<strong>Professores participantes<\/strong>: Bianca Eduarda Soares, Maristela Bizzoto Morelli, Ana Paula Soares, Scheila Mara Varaschini, Rita Bet, Alda Nataliana Garcias Sganzerla<\/p>\n<p><strong>Tem\u00e1ticas trabalhadas<\/strong>: Escola Celestina Jovens pelo Clima<\/p>\n<p>Justi\u00e7a clim\u00e1tica atrav\u00e9s de roda de conversa&#8230;. Estudo sobre Plantas Medicinais e constru\u00e7\u00e3o de uma horta medicinal. Participa\u00e7\u00e3o nas assembleias pelo clima. Estudo e constru\u00e7\u00e3o da cartografia social local. Import\u00e2ncia da agua para as mudan\u00e7as clim\u00e1ticas propostas e a\u00e7\u00f5es.[\/vc_column_text][vc_gallery interval=&#8221;3&#8243; images=&#8221;402,403,404,405,406&#8243; css=&#8221;&#8221;][\/vc_tta_section][\/vc_tta_tour][\/vc_column][\/vc_row]<\/p>\n<\/div>","protected":false},"excerpt":{"rendered":"<p>[vc_row][vc_column][vc_tta_tour][vc_tta_section title=&#8221;Escola Estadual do Campo Irm\u00e3 Celestina Maria&#8221; tab_id=&#8221;1752088216514-76a0bc1a-831d&#8221;][vc_column_text css=&#8221;&#8221;]Professores participantes: Bianca Eduarda Soares, Maristela Bizzoto Morelli, Ana Paula Soares, Scheila Mara Varaschini, Rita Bet, Alda Nataliana Garcias Sganzerla Tem\u00e1ticas trabalhadas: Escola Celestina Jovens pelo Clima Justi\u00e7a clim\u00e1tica atrav\u00e9s de roda de conversa&#8230;. Estudo sobre Plantas Medicinais e constru\u00e7\u00e3o de uma horta medicinal. Participa\u00e7\u00e3o nas [&hellip;]<\/p>\n","protected":false},"author":615,"featured_media":0,"parent":0,"menu_order":0,"comment_status":"closed","ping_status":"closed","template":"","meta":{"_exactmetrics_skip_tracking":false,"_exactmetrics_sitenote_active":false,"_exactmetrics_sitenote_note":"","_exactmetrics_sitenote_category":0,"footnotes":"","_links_to":"","_links_to_target":""},"class_list":["post-219","page","type-page","status-publish","hentry"],"_links":{"self":[{"href":"https:\/\/www3.unicentro.br\/gycp\/wp-json\/wp\/v2\/pages\/219","targetHints":{"allow":["GET"]}}],"collection":[{"href":"https:\/\/www3.unicentro.br\/gycp\/wp-json\/wp\/v2\/pages"}],"about":[{"href":"https:\/\/www3.unicentro.br\/gycp\/wp-json\/wp\/v2\/types\/page"}],"author":[{"embeddable":true,"href":"https:\/\/www3.unicentro.br\/gycp\/wp-json\/wp\/v2\/users\/615"}],"replies":[{"embeddable":true,"href":"https:\/\/www3.unicentro.br\/gycp\/wp-json\/wp\/v2\/comments?post=219"}],"version-history":[{"count":2,"href":"https:\/\/www3.unicentro.br\/gycp\/wp-json\/wp\/v2\/pages\/219\/revisions"}],"predecessor-version":[{"id":408,"href":"https:\/\/www3.unicentro.br\/gycp\/wp-json\/wp\/v2\/pages\/219\/revisions\/408"}],"wp:attachment":[{"href":"https:\/\/www3.unicentro.br\/gycp\/wp-json\/wp\/v2\/media?parent=219"}],"curies":[{"name":"wp","href":"https:\/\/api.w.org\/{rel}","templated":true}]}}