{"id":213,"date":"2025-07-07T14:33:02","date_gmt":"2025-07-07T17:33:02","guid":{"rendered":"https:\/\/www3.unicentro.br\/gycp\/?page_id=213"},"modified":"2025-07-09T16:09:29","modified_gmt":"2025-07-09T19:09:29","slug":"prudentopolis","status":"publish","type":"page","link":"https:\/\/www3.unicentro.br\/gycp\/prudentopolis\/","title":{"rendered":"Prudent\u00f3polis"},"content":{"rendered":"<div class=\"wpb-content-wrapper\"><p>[vc_row][vc_column][vc_tta_tour][vc_tta_section title=&#8221;Col\u00e9gio Estadual do Campo Prefeito Ant\u00f4nio Witchemichen&#8221; tab_id=&#8221;1752087891221-b507943a-d091&#8243;][vc_single_image image=&#8221;392&#8243; alignment=&#8221;center&#8221; css=&#8221;&#8221;][vc_column_text css=&#8221;&#8221;]<strong>Coordena\u00e7\u00e3o<\/strong>: Jos\u00e9 Guilherme Bohaczuk<\/p>\n<p><strong>Tem\u00e1ticas trabalhadas<\/strong>: Semeando o amanh\u00e3: jovens pelo enfrentamento da emerg\u00eancia clim\u00e1tica<\/p>\n<p>&nbsp;<\/p>\n<p>Constru\u00e7\u00e3o de horta, cultivo, forma\u00e7\u00e3o de permacultura e emerg\u00eancia clim\u00e1tica<\/p>\n<p>&nbsp;<\/p>\n<div class=\"wpb_text_column wpb_content_element\">\n<div class=\"wpb_wrapper\">\n<p>Confira algumas fotos e not\u00edcias sobre o GYCP no Col\u00e9gio Estadual Prof\u00ba Francisco Carneiro Martins abaixo!<\/p>\n<\/div>\n<\/div>\n<p>&nbsp;<\/p>\n<p>[\/vc_column_text][vc_gallery interval=&#8221;3&#8243; images=&#8221;394,395,396,397,398,393&#8243; css=&#8221;&#8221;][\/vc_tta_section][\/vc_tta_tour][\/vc_column][\/vc_row]<\/p>\n<\/div>","protected":false},"excerpt":{"rendered":"<p>[vc_row][vc_column][vc_tta_tour][vc_tta_section title=&#8221;Col\u00e9gio Estadual do Campo Prefeito Ant\u00f4nio Witchemichen&#8221; tab_id=&#8221;1752087891221-b507943a-d091&#8243;][vc_single_image image=&#8221;392&#8243; alignment=&#8221;center&#8221; css=&#8221;&#8221;][vc_column_text css=&#8221;&#8221;]Coordena\u00e7\u00e3o: Jos\u00e9 Guilherme Bohaczuk Tem\u00e1ticas trabalhadas: Semeando o amanh\u00e3: jovens pelo enfrentamento da emerg\u00eancia clim\u00e1tica &nbsp; Constru\u00e7\u00e3o de horta, cultivo, forma\u00e7\u00e3o de permacultura e emerg\u00eancia clim\u00e1tica &nbsp; Confira algumas fotos e not\u00edcias sobre o GYCP no Col\u00e9gio Estadual Prof\u00ba Francisco Carneiro Martins abaixo! [&hellip;]<\/p>\n","protected":false},"author":615,"featured_media":0,"parent":0,"menu_order":0,"comment_status":"closed","ping_status":"closed","template":"","meta":{"_exactmetrics_skip_tracking":false,"_exactmetrics_sitenote_active":false,"_exactmetrics_sitenote_note":"","_exactmetrics_sitenote_category":0,"footnotes":"","_links_to":"","_links_to_target":""},"class_list":["post-213","page","type-page","status-publish","hentry"],"_links":{"self":[{"href":"https:\/\/www3.unicentro.br\/gycp\/wp-json\/wp\/v2\/pages\/213","targetHints":{"allow":["GET"]}}],"collection":[{"href":"https:\/\/www3.unicentro.br\/gycp\/wp-json\/wp\/v2\/pages"}],"about":[{"href":"https:\/\/www3.unicentro.br\/gycp\/wp-json\/wp\/v2\/types\/page"}],"author":[{"embeddable":true,"href":"https:\/\/www3.unicentro.br\/gycp\/wp-json\/wp\/v2\/users\/615"}],"replies":[{"embeddable":true,"href":"https:\/\/www3.unicentro.br\/gycp\/wp-json\/wp\/v2\/comments?post=213"}],"version-history":[{"count":2,"href":"https:\/\/www3.unicentro.br\/gycp\/wp-json\/wp\/v2\/pages\/213\/revisions"}],"predecessor-version":[{"id":400,"href":"https:\/\/www3.unicentro.br\/gycp\/wp-json\/wp\/v2\/pages\/213\/revisions\/400"}],"wp:attachment":[{"href":"https:\/\/www3.unicentro.br\/gycp\/wp-json\/wp\/v2\/media?parent=213"}],"curies":[{"name":"wp","href":"https:\/\/api.w.org\/{rel}","templated":true}]}}