{"id":211,"date":"2025-07-07T14:32:52","date_gmt":"2025-07-07T17:32:52","guid":{"rendered":"https:\/\/www3.unicentro.br\/gycp\/?page_id=211"},"modified":"2025-07-09T15:55:43","modified_gmt":"2025-07-09T18:55:43","slug":"irati","status":"publish","type":"page","link":"https:\/\/www3.unicentro.br\/gycp\/irati\/","title":{"rendered":"Irati"},"content":{"rendered":"<div class=\"wpb-content-wrapper\"><p>[vc_row][vc_column][vc_tta_tour][vc_tta_section title=&#8221;Escola Estadual Nossa Senhora das Gra\u00e7as&#8221; tab_id=&#8221;1752084681064-f9befe8b-dfd4&#8243;][vc_column_text css=&#8221;&#8221;]<\/p>\n<div class=\"wp-block-image\"><img loading=\"lazy\" decoding=\"async\" class=\"wpa-warning wpa-image-missing-alt wp-image-284 aligncenter\" src=\"https:\/\/www3.unicentro.br\/gycp\/wp-content\/uploads\/sites\/176\/2025\/07\/logo-elaine.jpg\" alt=\"\" width=\"143\" height=\"203\" data-warning=\"Missing alt text\" \/><\/div>\n<div><\/div>\n<div><strong>Coordena\u00e7\u00e3o<\/strong>: Professora Elaine Pacheco da Costa<\/div>\n<div><strong>Tem\u00e1ticas trabalhadas: <\/strong>A Contribui\u00e7\u00e3o do Clube de Ci\u00eancias na Preserva\u00e7\u00e3o da \u00c1gua e Mitiga\u00e7\u00e3o das Mudan\u00e7as Clim\u00e1ticas: Estrat\u00e9gias de A\u00e7\u00f5es Educativas na cidade de Irati\/Pr<\/div>\n<div><\/div>\n<div>O objetivo central das atividades desenvolvidas, visam analisar a tem\u00e1tica da \u00e1gua e a influencia na qualidade de vida, e como os problemas associados se articulam com a emerg\u00eancia clim\u00e1tica. Os estudantes do Clube de Ci\u00eancias com o intuito de contribuir frente as condi\u00e7\u00f5es adversas sobre as problem\u00e1ticas ambientais, e de forma efetiva para o enfrentamento dos impactos relacionados \u00e0 \u00e1gua e emerg\u00eancia clim\u00e1tica, vem por meio do ensino por investiga\u00e7\u00e3o e com o desenvolvimento de Oficinas Pedag\u00f3gicas Ambientais (OPA) inserir a educa\u00e7\u00e3o ambiental cr\u00edtica no contexto escolar. Assim os estudantes clubistas desenvolvem o pensamento reflexivo e cr\u00edtico com poss\u00edveis solu\u00e7\u00f5es pr\u00e1ticas e inovadoras na mitiga\u00e7\u00e3o dos impactos socioambientais.<\/div>\n<div><\/div>\n<div>Confira algumas fotos e not\u00edcias sobre o GYCP na Escola Estadual Nossa Senhora das Gra\u00e7as abaixo!<\/div>\n<p>[\/vc_column_text][vc_gallery interval=&#8221;3&#8243; images=&#8221;370,371,372,373,374,375,376,377,378,379&#8243; css=&#8221;&#8221;][vc_basic_grid post_type=&#8221;post&#8221; max_items=&#8221;10&#8243; css=&#8221;&#8221; grid_id=&#8221;vc_gid:1752087298329-4d635915-c9ac-3&#8243; taxonomies=&#8221;11&#8243;][\/vc_tta_section][\/vc_tta_tour][\/vc_column][\/vc_row]<\/p>\n<\/div>","protected":false},"excerpt":{"rendered":"<p>[vc_row][vc_column][vc_tta_tour][vc_tta_section title=&#8221;Escola Estadual Nossa Senhora das Gra\u00e7as&#8221; tab_id=&#8221;1752084681064-f9befe8b-dfd4&#8243;][vc_column_text css=&#8221;&#8221;] Coordena\u00e7\u00e3o: Professora Elaine Pacheco da Costa Tem\u00e1ticas trabalhadas: A Contribui\u00e7\u00e3o do Clube de Ci\u00eancias na Preserva\u00e7\u00e3o da \u00c1gua e Mitiga\u00e7\u00e3o das Mudan\u00e7as Clim\u00e1ticas: Estrat\u00e9gias de A\u00e7\u00f5es Educativas na cidade de Irati\/Pr O objetivo central das atividades desenvolvidas, visam analisar a tem\u00e1tica da \u00e1gua e a influencia [&hellip;]<\/p>\n","protected":false},"author":615,"featured_media":0,"parent":0,"menu_order":0,"comment_status":"closed","ping_status":"closed","template":"","meta":{"_exactmetrics_skip_tracking":false,"_exactmetrics_sitenote_active":false,"_exactmetrics_sitenote_note":"","_exactmetrics_sitenote_category":0,"footnotes":"","_links_to":"","_links_to_target":""},"class_list":["post-211","page","type-page","status-publish","hentry"],"_links":{"self":[{"href":"https:\/\/www3.unicentro.br\/gycp\/wp-json\/wp\/v2\/pages\/211","targetHints":{"allow":["GET"]}}],"collection":[{"href":"https:\/\/www3.unicentro.br\/gycp\/wp-json\/wp\/v2\/pages"}],"about":[{"href":"https:\/\/www3.unicentro.br\/gycp\/wp-json\/wp\/v2\/types\/page"}],"author":[{"embeddable":true,"href":"https:\/\/www3.unicentro.br\/gycp\/wp-json\/wp\/v2\/users\/615"}],"replies":[{"embeddable":true,"href":"https:\/\/www3.unicentro.br\/gycp\/wp-json\/wp\/v2\/comments?post=211"}],"version-history":[{"count":2,"href":"https:\/\/www3.unicentro.br\/gycp\/wp-json\/wp\/v2\/pages\/211\/revisions"}],"predecessor-version":[{"id":381,"href":"https:\/\/www3.unicentro.br\/gycp\/wp-json\/wp\/v2\/pages\/211\/revisions\/381"}],"wp:attachment":[{"href":"https:\/\/www3.unicentro.br\/gycp\/wp-json\/wp\/v2\/media?parent=211"}],"curies":[{"name":"wp","href":"https:\/\/api.w.org\/{rel}","templated":true}]}}