{"id":35,"date":"2021-04-28T13:33:06","date_gmt":"2021-04-28T16:33:06","guid":{"rendered":"https:\/\/www3.unicentro.br\/geteh\/?page_id=35"},"modified":"2023-08-25T15:59:32","modified_gmt":"2023-08-25T18:59:32","slug":"eventos","status":"publish","type":"page","link":"https:\/\/www3.unicentro.br\/geteh\/eventos\/","title":{"rendered":"Eventos"},"content":{"rendered":"<p><iframe loading=\"lazy\" title=\"HIST\u00d3RIA DA EDUCA\u00c7\u00c3O E SUAS FONTES - Prof. Dr. Sergio Gerelus - UEL\" width=\"900\" height=\"506\" src=\"https:\/\/www.youtube.com\/embed\/KllgutIZNOk?start=23&#038;feature=oembed\" frameborder=\"0\" allow=\"accelerometer; autoplay; clipboard-write; encrypted-media; gyroscope; picture-in-picture; web-share\" allowfullscreen><\/iframe><\/p>\n<p><span style=\"font-family: georgia, palatino, serif;font-size: 12pt\">\u00a0Hist\u00f3ria da Educa\u00e7\u00e3o e suas Fontes\u00a0 &#8211; Prof. Dr. Sergio Gerelus &#8211; GETEH\/CM<\/span><\/p>\n<p><span style=\"font-family: georgia, palatino, serif;font-size: 12pt\">O GETEH em parceria com a Profa. Dra. Andreia Bondezan &#8211; UNESPAR\/CM e com o Prof. Me. Guilherme Antunes Leite -UNESPAR-CM\/GETEH.<\/span><\/p>\n<p><a href=\"https:\/\/www.youtube.com\/watch?v=KllgutIZNOk&amp;t=23s\">https:\/\/www.youtube.com\/watch?v=KllgutIZNOk&amp;t=23s<\/a><\/p>\n<p><span style=\"font-size: 18pt\">Estudo da obra &#8220;Ess\u00eancia do Cristianismo&#8221;, de Ludwig Feuerbach, com a media\u00e7\u00e3o do Mestre em Educa\u00e7\u00e3o Paulo Augusto Mierjam, pesquisador do GETEH, dia 09\/07, 9h. Link: https:\/\/meet.google.com\/ttc-hnbb-qxn<\/span><\/p>\n<p>&nbsp;<\/p>\n<p><span style=\"font-size: 18pt\">V\u00eddeo com o Estudo realizado sobre o texto Sal\u00e1rio, Pre\u00e7o e Lucro de Karl Marx, dia 12 de maio de 2021.<\/span><\/p>\n<p><iframe loading=\"lazy\" title=\"SAL\u00c1RIO, PRE\u00c7O E LUCRO - KARL MARX \/ Estudo Coletivo parte 02 - Geteh\" width=\"900\" height=\"506\" src=\"https:\/\/www.youtube.com\/embed\/FwOvyHNfjQU?start=8&#038;feature=oembed\" frameborder=\"0\" allow=\"accelerometer; autoplay; clipboard-write; encrypted-media; gyroscope; picture-in-picture; web-share\" allowfullscreen><\/iframe><\/p>\n<p><span style=\"font-size: 14pt\"><img decoding=\"async\" src=\"https:\/\/web.whatsapp.com\/fb2ee2c3-cb34-4705-9f4b-d6c28fe690dc\" alt=\"\" \/>O Grupo de Pesquisa em Trabalho, Educa\u00e7\u00e3o e Hist\u00f3ria &#8211; GETEH, convida para a atividade de estudo coletivo do texto: Sal\u00e1rio, Pre\u00e7o e Lucro de Karl Max. \ud83d\udcda\ud83d\udcdd\ud83d\udcda<\/span><\/p>\n<p><span style=\"font-size: 14pt\">Atividade acontecer\u00e1 na quarta-feira dia 12\/05\/2021 \u00e0s 19h:00 via MeetGoogle.<\/span><\/p>\n<p><span style=\"font-size: 14pt\">Participem conosco! \u270c\ud83c\udffd<\/span><\/p>\n<p><span style=\"font-size: 14pt\">Link para atividade: https:\/\/meet.google.com\/jhy-bdxp-gcj<\/span><\/p>\n<p><span style=\"font-size: 14pt\">Link do texto: https:\/\/www.marxists.org\/portugues\/marx\/1865\/salario\/index.htm<\/span><\/p>\n<p><span style=\"font-size: 14pt\">Realiza\u00e7\u00e3o: Geteh \ud83d\udcda\ud83d\udcdd\ud83d\udcda<\/span><\/p>\n","protected":false},"excerpt":{"rendered":"<p>\u00a0Hist\u00f3ria da Educa\u00e7\u00e3o e suas Fontes\u00a0 &#8211; Prof. Dr. Sergio Gerelus &#8211; GETEH\/CM O GETEH em parceria com a Profa. Dra. Andreia Bondezan &#8211; UNESPAR\/CM e com o Prof. Me. Guilherme Antunes Leite -UNESPAR-CM\/GETEH. https:\/\/www.youtube.com\/watch?v=KllgutIZNOk&amp;t=23s Estudo da obra &#8220;Ess\u00eancia do Cristianismo&#8221;, de Ludwig Feuerbach, com a media\u00e7\u00e3o do Mestre em Educa\u00e7\u00e3o Paulo Augusto Mierjam, pesquisador [&hellip;]<\/p>\n","protected":false},"author":3,"featured_media":0,"parent":0,"menu_order":0,"comment_status":"closed","ping_status":"closed","template":"","meta":{"_exactmetrics_skip_tracking":false,"_exactmetrics_sitenote_active":false,"_exactmetrics_sitenote_note":"","_exactmetrics_sitenote_category":0,"footnotes":"","_links_to":"","_links_to_target":""},"class_list":["post-35","page","type-page","status-publish","hentry"],"_links":{"self":[{"href":"https:\/\/www3.unicentro.br\/geteh\/wp-json\/wp\/v2\/pages\/35","targetHints":{"allow":["GET"]}}],"collection":[{"href":"https:\/\/www3.unicentro.br\/geteh\/wp-json\/wp\/v2\/pages"}],"about":[{"href":"https:\/\/www3.unicentro.br\/geteh\/wp-json\/wp\/v2\/types\/page"}],"author":[{"embeddable":true,"href":"https:\/\/www3.unicentro.br\/geteh\/wp-json\/wp\/v2\/users\/3"}],"replies":[{"embeddable":true,"href":"https:\/\/www3.unicentro.br\/geteh\/wp-json\/wp\/v2\/comments?post=35"}],"version-history":[{"count":0,"href":"https:\/\/www3.unicentro.br\/geteh\/wp-json\/wp\/v2\/pages\/35\/revisions"}],"wp:attachment":[{"href":"https:\/\/www3.unicentro.br\/geteh\/wp-json\/wp\/v2\/media?parent=35"}],"curies":[{"name":"wp","href":"https:\/\/api.w.org\/{rel}","templated":true}]}}