{"id":33,"date":"2021-04-28T13:32:54","date_gmt":"2021-04-28T16:32:54","guid":{"rendered":"https:\/\/www3.unicentro.br\/geteh\/?page_id=33"},"modified":"2024-01-26T11:02:35","modified_gmt":"2024-01-26T14:02:35","slug":"noticias","status":"publish","type":"page","link":"https:\/\/www3.unicentro.br\/geteh\/noticias\/","title":{"rendered":"Not\u00edcias"},"content":{"rendered":"<p style=\"text-align: center\"><strong><span style=\"font-size: 24pt\">Curso de Extens\u00e3o \u201cMarx: Fundamentos da Revolu\u00e7\u00e3o\u201d<\/span><\/strong><\/p>\n<p>Curso de Extens\u00e3o produzido pelo professor Alessandro de Melo, baseado no livro \u201cMarx. Ci\u00eancia e Revolu\u00e7\u00e3o\u201d, do professor M\u00e1rcio Bilharinho Neves. O curso teve o apoio da Universidade Estadual do Centro-Oeste e do Grupo de Pesquisa em Trabalho, Educa\u00e7\u00e3o e Hist\u00f3ria \u2013 GETEH.<\/p>\n<p><strong><em>Primeiro Encontro:<\/em><\/strong><\/p>\n<p><iframe loading=\"lazy\" title=\"Aula 1 - Curso de Extens\u00e3o &quot;Marx: fundamentos da revolu\u00e7\u00e3o&quot;\" width=\"900\" height=\"506\" src=\"https:\/\/www.youtube.com\/embed\/v3miF9jX8H8?start=153&#038;feature=oembed\" frameborder=\"0\" allow=\"accelerometer; autoplay; clipboard-write; encrypted-media; gyroscope; picture-in-picture; web-share\" allowfullscreen><\/iframe><\/p>\n<p>&nbsp;<\/p>\n<p><strong><em>Segundo Encontro:<\/em><\/strong><\/p>\n<p><iframe loading=\"lazy\" title=\"Curso de Extens\u00e3o &quot;Marx: fundamentos da revolu\u00e7\u00e3o&quot;\" width=\"900\" height=\"506\" src=\"https:\/\/www.youtube.com\/embed\/4dmha6ApyOc?start=2200&#038;feature=oembed\" frameborder=\"0\" allow=\"accelerometer; autoplay; clipboard-write; encrypted-media; gyroscope; picture-in-picture; web-share\" allowfullscreen><\/iframe><\/p>\n<p>&nbsp;<\/p>\n<p><strong><em>Terceiro Encontro:<\/em><\/strong><\/p>\n<p><iframe loading=\"lazy\" title=\"Aula 3. Curso de Extens\u00e3o: Marx: fundamentos da revolu\u00e7\u00e3o\" width=\"900\" height=\"506\" src=\"https:\/\/www.youtube.com\/embed\/RaAgbSgaOnM?feature=oembed\" frameborder=\"0\" allow=\"accelerometer; autoplay; clipboard-write; encrypted-media; gyroscope; picture-in-picture; web-share\" allowfullscreen><\/iframe><\/p>\n<p>&nbsp;<\/p>\n<p><strong><em>Quarto Encontro:<\/em><\/strong><\/p>\n<p><iframe loading=\"lazy\" title=\"Aula 4 - Curso de Extens\u00e3o &quot;Marx: fundamentos da revolu\u00e7\u00e3o&quot;\" width=\"900\" height=\"506\" src=\"https:\/\/www.youtube.com\/embed\/U4WI5FHNjsQ?start=27&#038;feature=oembed\" frameborder=\"0\" allow=\"accelerometer; autoplay; clipboard-write; encrypted-media; gyroscope; picture-in-picture; web-share\" allowfullscreen><\/iframe><\/p>\n<p>&nbsp;<\/p>\n<p style=\"text-align: center\"><strong><span style=\"font-size: 18pt\">Lan\u00e7amento do livro &#8220;Paulo Freire em Di\u00e1logo&#8221;<\/span><\/strong><\/p>\n<p>Neste dia 31 de agosto de 2021, o professor Alessandro de Melo participou do lan\u00e7amento do livro &#8220;Paulo Freire em Di\u00e1logo&#8221;, organizado por Leonardo Boff, pelo professor Darc\u00edsio Natal Muraro, da UEL e por Andr\u00e9 Borges. Foi o primeiro evento de um lan\u00e7amento que ser\u00e1 seguido por um curso que durar\u00e1 todo o m\u00eas de setembro e outubro, congratudando-se com o centen\u00e1rio do nascimento de Paulo Freire, nosso Patrono da Educa\u00e7\u00e3o Brasileira.<\/p>\n<p><img decoding=\"async\" src=\"https:\/\/attachment.outlook.live.net\/owa\/MSA%3Aalessandrodemelo2006%40hotmail.com\/service.svc\/s\/GetAttachmentThumbnail?id=AQMkADAwATYwMAItOTU2MS0yN2JmLTAwAi0wMAoARgAAAxK0yopRj7ZAiccbin9Ri0MHAJi6ovGGFM5GtO4p6WiSphwAAAIBDAAAAGEuqyx0G7FMiN7%2BgR5qUt0ABAZnbWQAAAABEgAQAPd9IRFHLTZFmSaxd0tyL1c%3D&amp;thumbnailType=2&amp;isc=1&amp;token=eyJhbGciOiJSUzI1NiIsImtpZCI6IjMwODE3OUNFNUY0QjUyRTc4QjJEQjg5NjZCQUY0RUNDMzcyN0FFRUUiLCJ0eXAiOiJKV1QiLCJ4NXQiOiJNSUY1emw5TFV1ZUxMYmlXYTY5T3pEY25ydTQifQ.eyJvcmlnaW4iOiJodHRwczovL291dGxvb2subGl2ZS5jb20iLCJ1YyI6ImQ1NzAwNjg5NzAzOTRhOTE5YzE1YmM0M2MzYWRhNDdmIiwidmVyIjoiRXhjaGFuZ2UuQ2FsbGJhY2suVjEiLCJhcHBjdHhzZW5kZXIiOiJPd2FEb3dubG9hZEA4NGRmOWU3Zi1lOWY2LTQwYWYtYjQzNS1hYWFhYWFhYWFhYWEiLCJpc3NyaW5nIjoiV1ciLCJhcHBjdHgiOiJ7XCJtc2V4Y2hwcm90XCI6XCJvd2FcIixcInB1aWRcIjpcIjE2ODg4NTIzNjY0MzYyODdcIixcInNjb3BlXCI6XCJPd2FEb3dubG9hZFwiLFwib2lkXCI6XCIwMDA2MDAwMC05NTYxLTI3YmYtMDAwMC0wMDAwMDAwMDAwMDBcIixcInByaW1hcnlzaWRcIjpcIlMtMS0yODI3LTM5MzIxNi0yNTA2MTcyMzUxXCJ9IiwibmJmIjoxNjMwNDM3MDUxLCJleHAiOjE2MzA0Mzc2NTEsImlzcyI6IjAwMDAwMDAyLTAwMDAtMGZmMS1jZTAwLTAwMDAwMDAwMDAwMEA4NGRmOWU3Zi1lOWY2LTQwYWYtYjQzNS1hYWFhYWFhYWFhYWEiLCJhdWQiOiIwMDAwMDAwMi0wMDAwLTBmZjEtY2UwMC0wMDAwMDAwMDAwMDAvYXR0YWNobWVudC5vdXRsb29rLmxpdmUubmV0QDg0ZGY5ZTdmLWU5ZjYtNDBhZi1iNDM1LWFhYWFhYWFhYWFhYSIsImhhcHAiOiJvd2EifQ.UJVho3dCYiJwQjnWRLbhsHi2xNC1JjtzL6UU9Z2T3Y4eomoBmnRz03OqjUOU3qeQu96dYKCXR1K7W-9UZjg_1l4ZYjvA2tdominjfGZDEpdlPn2XvZEVDAwfp7xSY_yw7A2UopcY-osV6c3i1YyYmFeaBtrid4yjFAFaXjM4Me-GXQ7GURJqwrP_p_C8CxEfyyGBuSpLDeAn-_q33ENrdmTsRrdcU7Sf07wzDnomTQWzzpL0aQY2HpgSIknADNy2Zk3J2LCoac25gyzvTTENW6bXBduhpwZcnRPfjHxwUB00cPxw67X0w1O5Ij7yEYZgsnXuk2m13__JJbErZ9FT1w&amp;X-OWA-CANARY=KoR1FVtOL0ezyc3-QHb7PyCCn7CzbNkYZSzyofL0rDIIoL7d5y-0H5mf_lKRp7uoKXBqhEgbxeM.&amp;owa=outlook.live.com&amp;scriptVer=20210823004.07&amp;animation=true\" alt=\"Visualiza\u00e7\u00e3o da imagem\" \/><\/p>\n<p>Link do Evento: https:\/\/www.sistemasweb.uel.br\/index.php?contents=system\/insc\/index.php&amp;pagina=view\/inscricoes\/seleciona_evento.php&amp;cod_evento=6701<\/p>\n<p>&nbsp;<\/p>\n<p style=\"text-align: center\"><strong><span style=\"font-size: 18pt\">Defesa de Disserta\u00e7\u00e3o de Guilherme Antunes Leite<\/span><\/strong><\/p>\n<p><img decoding=\"async\" src=\"https:\/\/scontent.fbfh13-1.fna.fbcdn.net\/v\/t1.6435-9\/211789666_3895796773881213_863756424826956806_n.jpg?_nc_cat=106&amp;ccb=1-5&amp;_nc_sid=730e14&amp;_nc_eui2=AeFFWj-Sap4b50eQ1L_6XZ_AuxiCKghGaoe7GIIqCEZqh4S3K3HADo8wCIsYHDsejvtVeixp3uCvG_cWsWr4MbVW&amp;_nc_ohc=qSLJTJ1l3eYAX-6SnzI&amp;_nc_ht=scontent.fbfh13-1.fna&amp;oh=bece44b016cf7071c53740b2e539a5d5&amp;oe=614F133B\" alt=\"Pode ser uma imagem de 6 pessoas, incluindo Alessandro Melo, barba e texto\" \/><\/p>\n<p>&nbsp;<\/p>\n<p style=\"text-align: center\"><strong><span style=\"font-size: 18pt\">Defesa de Disserta\u00e7\u00e3o de Paulo Mierjam<\/span><\/strong><\/p>\n<p style=\"text-align: center\"><img loading=\"lazy\" decoding=\"async\" class=\"alignnone size-full wp-image-102\" src=\"https:\/\/www3.unicentro.br\/geteh\/wp-content\/uploads\/sites\/120\/2021\/06\/Captura-de-Tela-2021-04-23-a\u0300s-10.01.39.jpg\" alt=\"Defesa de disserta\u00e7\u00e3o de Paulo Mierjam - 2021\" width=\"1280\" height=\"708\" srcset=\"https:\/\/www3.unicentro.br\/geteh\/wp-content\/uploads\/sites\/120\/2021\/06\/Captura-de-Tela-2021-04-23-a\u0300s-10.01.39.jpg 1280w, https:\/\/www3.unicentro.br\/geteh\/wp-content\/uploads\/sites\/120\/2021\/06\/Captura-de-Tela-2021-04-23-a\u0300s-10.01.39-768x425.jpg 768w, https:\/\/www3.unicentro.br\/geteh\/wp-content\/uploads\/sites\/120\/2021\/06\/Captura-de-Tela-2021-04-23-a\u0300s-10.01.39-255x141.jpg 255w\" sizes=\"auto, (max-width: 1280px) 100vw, 1280px\" \/><\/p>\n<p style=\"text-align: center\"><strong><span style=\"font-size: 18pt\">Defesa de Emanuelly Peplinski<\/span><\/strong><\/p>\n<p><img loading=\"lazy\" decoding=\"async\" class=\"alignnone size-full wp-image-94\" src=\"https:\/\/www3.unicentro.br\/geteh\/wp-content\/uploads\/sites\/120\/2021\/06\/WhatsApp-Image-2020-12-21-at-10.55.22.jpeg\" alt=\"\" width=\"1280\" height=\"719\" srcset=\"https:\/\/www3.unicentro.br\/geteh\/wp-content\/uploads\/sites\/120\/2021\/06\/WhatsApp-Image-2020-12-21-at-10.55.22.jpeg 1280w, https:\/\/www3.unicentro.br\/geteh\/wp-content\/uploads\/sites\/120\/2021\/06\/WhatsApp-Image-2020-12-21-at-10.55.22-768x431.jpeg 768w, https:\/\/www3.unicentro.br\/geteh\/wp-content\/uploads\/sites\/120\/2021\/06\/WhatsApp-Image-2020-12-21-at-10.55.22-255x143.jpeg 255w\" sizes=\"auto, (max-width: 1280px) 100vw, 1280px\" \/><\/p>\n<p style=\"text-align: center\"><strong><span style=\"font-size: 18pt\">Atividade de Estudo sobre o texto &#8220;Sal\u00e1rio, pre\u00e7o e lucro&#8221;<\/span><\/strong><\/p>\n<p><img loading=\"lazy\" decoding=\"async\" class=\"alignnone size-full wp-image-100\" src=\"https:\/\/www3.unicentro.br\/geteh\/wp-content\/uploads\/sites\/120\/2021\/06\/WhatsApp-Image-2021-05-06-at-13.02.33.jpeg\" alt=\"\" width=\"1080\" height=\"1080\" srcset=\"https:\/\/www3.unicentro.br\/geteh\/wp-content\/uploads\/sites\/120\/2021\/06\/WhatsApp-Image-2021-05-06-at-13.02.33.jpeg 1080w, https:\/\/www3.unicentro.br\/geteh\/wp-content\/uploads\/sites\/120\/2021\/06\/WhatsApp-Image-2021-05-06-at-13.02.33-768x768.jpeg 768w, https:\/\/www3.unicentro.br\/geteh\/wp-content\/uploads\/sites\/120\/2021\/06\/WhatsApp-Image-2021-05-06-at-13.02.33-50x50.jpeg 50w, https:\/\/www3.unicentro.br\/geteh\/wp-content\/uploads\/sites\/120\/2021\/06\/WhatsApp-Image-2021-05-06-at-13.02.33-80x80.jpeg 80w, https:\/\/www3.unicentro.br\/geteh\/wp-content\/uploads\/sites\/120\/2021\/06\/WhatsApp-Image-2021-05-06-at-13.02.33-263x263.jpeg 263w, https:\/\/www3.unicentro.br\/geteh\/wp-content\/uploads\/sites\/120\/2021\/06\/WhatsApp-Image-2021-05-06-at-13.02.33-100x100.jpeg 100w, https:\/\/www3.unicentro.br\/geteh\/wp-content\/uploads\/sites\/120\/2021\/06\/WhatsApp-Image-2021-05-06-at-13.02.33-526x526.jpeg 526w, https:\/\/www3.unicentro.br\/geteh\/wp-content\/uploads\/sites\/120\/2021\/06\/WhatsApp-Image-2021-05-06-at-13.02.33-255x255.jpeg 255w\" sizes=\"auto, (max-width: 1080px) 100vw, 1080px\" \/><\/p>\n<p><img loading=\"lazy\" decoding=\"async\" class=\"alignnone size-full wp-image-101\" src=\"https:\/\/www3.unicentro.br\/geteh\/wp-content\/uploads\/sites\/120\/2021\/06\/Captura-de-Tela-2021-05-12-a\u0300s-20.22.49.jpg\" alt=\"\" width=\"1280\" height=\"710\" srcset=\"https:\/\/www3.unicentro.br\/geteh\/wp-content\/uploads\/sites\/120\/2021\/06\/Captura-de-Tela-2021-05-12-a\u0300s-20.22.49.jpg 1280w, https:\/\/www3.unicentro.br\/geteh\/wp-content\/uploads\/sites\/120\/2021\/06\/Captura-de-Tela-2021-05-12-a\u0300s-20.22.49-768x426.jpg 768w, https:\/\/www3.unicentro.br\/geteh\/wp-content\/uploads\/sites\/120\/2021\/06\/Captura-de-Tela-2021-05-12-a\u0300s-20.22.49-255x141.jpg 255w\" sizes=\"auto, (max-width: 1280px) 100vw, 1280px\" \/><\/p>\n<p>&nbsp;<\/p>\n<p style=\"text-align: center\"><span style=\"font-size: 18pt\"><strong>Fotos Hist\u00f3ricas do GETEH<\/strong><\/span><\/p>\n<p>&nbsp;<\/p>\n<p><img loading=\"lazy\" decoding=\"async\" class=\"alignnone size-full wp-image-99\" src=\"https:\/\/www3.unicentro.br\/geteh\/wp-content\/uploads\/sites\/120\/2021\/06\/WhatsApp-Image-2021-05-06-at-12.34.14.jpeg\" alt=\"\" width=\"720\" height=\"530\" srcset=\"https:\/\/www3.unicentro.br\/geteh\/wp-content\/uploads\/sites\/120\/2021\/06\/WhatsApp-Image-2021-05-06-at-12.34.14.jpeg 720w, https:\/\/www3.unicentro.br\/geteh\/wp-content\/uploads\/sites\/120\/2021\/06\/WhatsApp-Image-2021-05-06-at-12.34.14-255x188.jpeg 255w\" sizes=\"auto, (max-width: 720px) 100vw, 720px\" \/><\/p>\n<p><img loading=\"lazy\" decoding=\"async\" class=\"alignnone size-full wp-image-98\" src=\"https:\/\/www3.unicentro.br\/geteh\/wp-content\/uploads\/sites\/120\/2021\/06\/WhatsApp-Image-2021-05-06-at-12.34.14-1.jpeg\" alt=\"\" width=\"720\" height=\"518\" srcset=\"https:\/\/www3.unicentro.br\/geteh\/wp-content\/uploads\/sites\/120\/2021\/06\/WhatsApp-Image-2021-05-06-at-12.34.14-1.jpeg 720w, https:\/\/www3.unicentro.br\/geteh\/wp-content\/uploads\/sites\/120\/2021\/06\/WhatsApp-Image-2021-05-06-at-12.34.14-1-255x183.jpeg 255w\" sizes=\"auto, (max-width: 720px) 100vw, 720px\" \/><\/p>\n<p><img loading=\"lazy\" decoding=\"async\" class=\"alignnone size-full wp-image-96\" src=\"https:\/\/www3.unicentro.br\/geteh\/wp-content\/uploads\/sites\/120\/2021\/06\/WhatsApp-Image-2021-05-06-at-11.25.16.jpeg\" alt=\"\" width=\"918\" height=\"688\" srcset=\"https:\/\/www3.unicentro.br\/geteh\/wp-content\/uploads\/sites\/120\/2021\/06\/WhatsApp-Image-2021-05-06-at-11.25.16.jpeg 918w, https:\/\/www3.unicentro.br\/geteh\/wp-content\/uploads\/sites\/120\/2021\/06\/WhatsApp-Image-2021-05-06-at-11.25.16-768x576.jpeg 768w, https:\/\/www3.unicentro.br\/geteh\/wp-content\/uploads\/sites\/120\/2021\/06\/WhatsApp-Image-2021-05-06-at-11.25.16-255x191.jpeg 255w\" sizes=\"auto, (max-width: 918px) 100vw, 918px\" \/><\/p>\n<p><img loading=\"lazy\" decoding=\"async\" class=\"alignnone size-full wp-image-97\" src=\"https:\/\/www3.unicentro.br\/geteh\/wp-content\/uploads\/sites\/120\/2021\/06\/WhatsApp-Image-2021-05-06-at-11.26.35.jpeg\" alt=\"\" width=\"1224\" height=\"688\" srcset=\"https:\/\/www3.unicentro.br\/geteh\/wp-content\/uploads\/sites\/120\/2021\/06\/WhatsApp-Image-2021-05-06-at-11.26.35.jpeg 1224w, https:\/\/www3.unicentro.br\/geteh\/wp-content\/uploads\/sites\/120\/2021\/06\/WhatsApp-Image-2021-05-06-at-11.26.35-768x432.jpeg 768w, https:\/\/www3.unicentro.br\/geteh\/wp-content\/uploads\/sites\/120\/2021\/06\/WhatsApp-Image-2021-05-06-at-11.26.35-255x143.jpeg 255w\" sizes=\"auto, (max-width: 1224px) 100vw, 1224px\" \/><\/p>\n","protected":false},"excerpt":{"rendered":"<p>Curso de Extens\u00e3o \u201cMarx: Fundamentos da Revolu\u00e7\u00e3o\u201d Curso de Extens\u00e3o produzido pelo professor Alessandro de Melo, baseado no livro \u201cMarx. Ci\u00eancia e Revolu\u00e7\u00e3o\u201d, do professor M\u00e1rcio Bilharinho Neves. O curso teve o apoio da Universidade Estadual do Centro-Oeste e do Grupo de Pesquisa em Trabalho, Educa\u00e7\u00e3o e Hist\u00f3ria \u2013 GETEH. Primeiro Encontro: &nbsp; Segundo Encontro: [&hellip;]<\/p>\n","protected":false},"author":3,"featured_media":0,"parent":0,"menu_order":0,"comment_status":"closed","ping_status":"closed","template":"","meta":{"_exactmetrics_skip_tracking":false,"_exactmetrics_sitenote_active":false,"_exactmetrics_sitenote_note":"","_exactmetrics_sitenote_category":0,"footnotes":"","_links_to":"","_links_to_target":""},"class_list":["post-33","page","type-page","status-publish","hentry"],"_links":{"self":[{"href":"https:\/\/www3.unicentro.br\/geteh\/wp-json\/wp\/v2\/pages\/33","targetHints":{"allow":["GET"]}}],"collection":[{"href":"https:\/\/www3.unicentro.br\/geteh\/wp-json\/wp\/v2\/pages"}],"about":[{"href":"https:\/\/www3.unicentro.br\/geteh\/wp-json\/wp\/v2\/types\/page"}],"author":[{"embeddable":true,"href":"https:\/\/www3.unicentro.br\/geteh\/wp-json\/wp\/v2\/users\/3"}],"replies":[{"embeddable":true,"href":"https:\/\/www3.unicentro.br\/geteh\/wp-json\/wp\/v2\/comments?post=33"}],"version-history":[{"count":2,"href":"https:\/\/www3.unicentro.br\/geteh\/wp-json\/wp\/v2\/pages\/33\/revisions"}],"predecessor-version":[{"id":167,"href":"https:\/\/www3.unicentro.br\/geteh\/wp-json\/wp\/v2\/pages\/33\/revisions\/167"}],"wp:attachment":[{"href":"https:\/\/www3.unicentro.br\/geteh\/wp-json\/wp\/v2\/media?parent=33"}],"curies":[{"name":"wp","href":"https:\/\/api.w.org\/{rel}","templated":true}]}}