{"id":31,"date":"2021-04-28T13:32:36","date_gmt":"2021-04-28T16:32:36","guid":{"rendered":"https:\/\/www3.unicentro.br\/geteh\/?page_id=31"},"modified":"2021-05-01T10:51:38","modified_gmt":"2021-05-01T13:51:38","slug":"documentos-para-pesquisa","status":"publish","type":"page","link":"https:\/\/www3.unicentro.br\/geteh\/documentos-para-pesquisa\/","title":{"rendered":"Documentos para Pesquisa"},"content":{"rendered":"<p>Aqui dispomos documentos de pesquisas j\u00e1 realizadas pelos pesquisadores e pesquisadoras, bem como dos e das mestrandos e mestrandas do GETEH.<\/p>\n<p><strong>Teses e Disserta\u00e7\u00f5es<\/strong><\/p>\n<p>Tese do Prof. Dr. Alessandro de Melo &#8211; PPGE\/UFPR &#8211; 2010:\u00a0<a href=\"http:\/\/www.ppge.ufpr.br\/teses%20d2010\/d2010_Alessandro%20de%20Melo.pdf\">http:\/\/www.ppge.ufpr.br\/teses%20d2010\/d2010_Alessandro%20de%20Melo.pdf<\/a><\/p>\n<p>Tese do Prof. Dr. Saulo Rodrigues de Carvalho &#8211; PPGEE\/UNESP &#8211; 2016:\u00a0<a href=\"https:\/\/agendapos.fclar.unesp.br\/agenda-pos\/educacao_escolar\/3799.pdf\">https:\/\/agendapos.fclar.unesp.br\/agenda-pos\/educacao_escolar\/3799.pdf<\/a><\/p>\n<p>Disserta\u00e7\u00e3o da Professora Ms. Ana Claudia Marochi &#8211; PPGE\/UNICENTRO &#8211; 2017:\u00a0<a href=\"http:\/\/tede.unicentro.br:8080\/jspui\/bitstream\/jspui\/865\/2\/ANA%20CLAUDIA%20MAROCHI.pdf\">http:\/\/tede.unicentro.br:8080\/jspui\/bitstream\/jspui\/865\/2\/ANA%20CLAUDIA%20MAROCHI.pdf<\/a><\/p>\n<p>Disserta\u00e7\u00e3o da Professora Ms. Dayane Santos Silva Dalmaz &#8211; PPGE\/UNICENTRO &#8211; 2016:\u00a0<a href=\"http:\/\/tede.unicentro.br:8080\/jspui\/bitstream\/jspui\/846\/2\/DAYANE%20SANTOS%20SILVA%20DALMAZ.pdf\">http:\/\/tede.unicentro.br:8080\/jspui\/bitstream\/jspui\/846\/2\/DAYANE%20SANTOS%20SILVA%20DALMAZ.pdf<\/a><\/p>\n<p>Disserta\u00e7\u00e3o da Professora Ms. Luana dos Santos Nunes &#8211; PPGE\/UNICENTRO &#8211; 2017:\u00a0<a href=\"http:\/\/tede.unicentro.br:8080\/jspui\/bitstream\/jspui\/1181\/2\/LUANA%20DOS%20SANTOS%20NUNES.pdf\">http:\/\/tede.unicentro.br:8080\/jspui\/bitstream\/jspui\/1181\/2\/LUANA%20DOS%20SANTOS%20NUNES.pdf<\/a><\/p>\n<p>Disserta\u00e7\u00e3o do Professor Ms. Lucas Santos Macedo &#8211; PLE\/UEM &#8211; 2012:\u00a0<a href=\"http:\/\/www.ple.uem.br\/defesas\/pdf\/lsmacedo.pdf\">http:\/\/www.ple.uem.br\/defesas\/pdf\/lsmacedo.pdf<\/a><\/p>\n<p>Disserta\u00e7\u00e3o do Professor Ms. Rafael Gomes Cavalcante &#8211; PPGE\/UFPR &#8211; 2014:\u00a0<a href=\"http:\/\/www.ppge.ufpr.br\/dissertacoes%20m2014\/m2014_Rafael%20Gomes%20Cavalcante.pdf\">http:\/\/www.ppge.ufpr.br\/dissertacoes%20m2014\/m2014_Rafael%20Gomes%20Cavalcante.pdf<\/a><\/p>\n<p>Disserta\u00e7\u00e3o da Professora ms. Viviane Silveira Batista Horst &#8211; PPGE\/UNICENTRO &#8211; 2014:\u00a0<a href=\"http:\/\/tede.unicentro.br:8080\/jspui\/bitstream\/tede\/363\/1\/PR%20VIVIANE%20SILVEIRA%20BATISTA.pdf\">http:\/\/tede.unicentro.br:8080\/jspui\/bitstream\/tede\/363\/1\/PR%20VIVIANE%20SILVEIRA%20BATISTA.pdf<\/a><\/p>\n<p>&nbsp;<\/p>\n<p>&nbsp;<\/p>\n<p>&nbsp;<\/p>\n","protected":false},"excerpt":{"rendered":"<p>Aqui dispomos documentos de pesquisas j\u00e1 realizadas pelos pesquisadores e pesquisadoras, bem como dos e das mestrandos e mestrandas do GETEH. Teses e Disserta\u00e7\u00f5es Tese do Prof. Dr. Alessandro de Melo &#8211; PPGE\/UFPR &#8211; 2010:\u00a0http:\/\/www.ppge.ufpr.br\/teses%20d2010\/d2010_Alessandro%20de%20Melo.pdf Tese do Prof. Dr. Saulo Rodrigues de Carvalho &#8211; PPGEE\/UNESP &#8211; 2016:\u00a0https:\/\/agendapos.fclar.unesp.br\/agenda-pos\/educacao_escolar\/3799.pdf Disserta\u00e7\u00e3o da Professora Ms. Ana Claudia Marochi &#8211; [&hellip;]<\/p>\n","protected":false},"author":3,"featured_media":0,"parent":0,"menu_order":0,"comment_status":"closed","ping_status":"closed","template":"","meta":{"_exactmetrics_skip_tracking":false,"_exactmetrics_sitenote_active":false,"_exactmetrics_sitenote_note":"","_exactmetrics_sitenote_category":0,"footnotes":"","_links_to":"","_links_to_target":""},"class_list":["post-31","page","type-page","status-publish","hentry"],"_links":{"self":[{"href":"https:\/\/www3.unicentro.br\/geteh\/wp-json\/wp\/v2\/pages\/31","targetHints":{"allow":["GET"]}}],"collection":[{"href":"https:\/\/www3.unicentro.br\/geteh\/wp-json\/wp\/v2\/pages"}],"about":[{"href":"https:\/\/www3.unicentro.br\/geteh\/wp-json\/wp\/v2\/types\/page"}],"author":[{"embeddable":true,"href":"https:\/\/www3.unicentro.br\/geteh\/wp-json\/wp\/v2\/users\/3"}],"replies":[{"embeddable":true,"href":"https:\/\/www3.unicentro.br\/geteh\/wp-json\/wp\/v2\/comments?post=31"}],"version-history":[{"count":0,"href":"https:\/\/www3.unicentro.br\/geteh\/wp-json\/wp\/v2\/pages\/31\/revisions"}],"wp:attachment":[{"href":"https:\/\/www3.unicentro.br\/geteh\/wp-json\/wp\/v2\/media?parent=31"}],"curies":[{"name":"wp","href":"https:\/\/api.w.org\/{rel}","templated":true}]}}