{"id":23,"date":"2021-04-28T13:31:30","date_gmt":"2021-04-28T16:31:30","guid":{"rendered":"https:\/\/www3.unicentro.br\/geteh\/?page_id=23"},"modified":"2021-05-01T11:23:05","modified_gmt":"2021-05-01T14:23:05","slug":"objetivo-central","status":"publish","type":"page","link":"https:\/\/www3.unicentro.br\/geteh\/objetivo-central\/","title":{"rendered":"Objetivo Central"},"content":{"rendered":"<p>O GETEH foi fundado em 2008, vinculado ao Departamento de Pedagogia, campus Santa Cruz da Universidade Estadual do Centro-Oeste, e ao Programa de P\u00f3s-Gradua\u00e7\u00e3o em Educa\u00e7\u00e3o &#8211; PPGE\/UNICENTRO. Tem como objetivo reunir estudantes, professores e pesquisadores para a discuss\u00e3o principal da rela\u00e7\u00e3o entre educa\u00e7\u00e3o e trabalho, tanto na contemporaneidade quanto na hist\u00f3ria, primando pelo estudo nos cl\u00e1ssicos do marxismo. Desta forma, desenvolve estudos e pesquisas dirigidas \u00e0 compreens\u00e3o do fen\u00f4meno educativo em suas v\u00e1rias particularidades, relacionando-o sempre com a totalidade das rela\u00e7\u00f5es sociais. Caracteriza-se por desenvolver pesquisas narrativas com sujeitos sociais implicados nas pr\u00e1ticas educativas, al\u00e9m de pesquisas te\u00f3ricas de fundamenta\u00e7\u00e3o marxista.<\/p>\n<p>Possui como Linhas de Pesquisa principais estudos sobre:<\/p>\n<ul>\n<li>Pol\u00edticas Educacionais, Reformas educativas e a rela\u00e7\u00e3o com o Estado burgu\u00eas<\/li>\n<li>Rela\u00e7\u00f5es entre Trabalho e Educa\u00e7\u00e3o na perspectiva marxista<\/li>\n<li>Estudos sobre a rela\u00e7\u00e3o do marxismo e educa\u00e7\u00e3o<\/li>\n<li>Estudos sobre a intersec\u00e7\u00e3o do patriarcado, ra\u00e7a e classe<\/li>\n<li>Estudos relativos \u00e0 hist\u00f3ria da educa\u00e7\u00e3o.<\/li>\n<\/ul>\n<p>&nbsp;<\/p>\n","protected":false},"excerpt":{"rendered":"<p>O GETEH foi fundado em 2008, vinculado ao Departamento de Pedagogia, campus Santa Cruz da Universidade Estadual do Centro-Oeste, e ao Programa de P\u00f3s-Gradua\u00e7\u00e3o em Educa\u00e7\u00e3o &#8211; PPGE\/UNICENTRO. Tem como objetivo reunir estudantes, professores e pesquisadores para a discuss\u00e3o principal da rela\u00e7\u00e3o entre educa\u00e7\u00e3o e trabalho, tanto na contemporaneidade quanto na hist\u00f3ria, primando pelo estudo [&hellip;]<\/p>\n","protected":false},"author":3,"featured_media":0,"parent":0,"menu_order":0,"comment_status":"closed","ping_status":"closed","template":"","meta":{"_exactmetrics_skip_tracking":false,"_exactmetrics_sitenote_active":false,"_exactmetrics_sitenote_note":"","_exactmetrics_sitenote_category":0,"footnotes":"","_links_to":"","_links_to_target":""},"class_list":["post-23","page","type-page","status-publish","hentry"],"_links":{"self":[{"href":"https:\/\/www3.unicentro.br\/geteh\/wp-json\/wp\/v2\/pages\/23","targetHints":{"allow":["GET"]}}],"collection":[{"href":"https:\/\/www3.unicentro.br\/geteh\/wp-json\/wp\/v2\/pages"}],"about":[{"href":"https:\/\/www3.unicentro.br\/geteh\/wp-json\/wp\/v2\/types\/page"}],"author":[{"embeddable":true,"href":"https:\/\/www3.unicentro.br\/geteh\/wp-json\/wp\/v2\/users\/3"}],"replies":[{"embeddable":true,"href":"https:\/\/www3.unicentro.br\/geteh\/wp-json\/wp\/v2\/comments?post=23"}],"version-history":[{"count":1,"href":"https:\/\/www3.unicentro.br\/geteh\/wp-json\/wp\/v2\/pages\/23\/revisions"}],"predecessor-version":[{"id":173,"href":"https:\/\/www3.unicentro.br\/geteh\/wp-json\/wp\/v2\/pages\/23\/revisions\/173"}],"wp:attachment":[{"href":"https:\/\/www3.unicentro.br\/geteh\/wp-json\/wp\/v2\/media?parent=23"}],"curies":[{"name":"wp","href":"https:\/\/api.w.org\/{rel}","templated":true}]}}