{"id":25,"date":"2024-01-25T00:00:00","date_gmt":"2024-01-25T03:00:00","guid":{"rendered":"https:\/\/www3.unicentro.br\/gepoge\/noticias\/"},"modified":"2025-04-05T20:33:52","modified_gmt":"2025-04-05T23:33:52","slug":"noticias","status":"publish","type":"page","link":"https:\/\/www3.unicentro.br\/gepoge\/noticias\/","title":{"rendered":"Not\u00edcias"},"content":{"rendered":"<div class=\"wpb-content-wrapper\"><p>[vc_row][vc_column][vc_column_text css=&#8221;&#8221;]<\/p>\n<p style=\"text-align: justify\"><span style=\"font-family: georgia, palatino, serif;font-size: 14pt\">Com a proposta de aproximar o Grupo de Pesquisa com os estudantes da gradua\u00e7\u00e3o, a pesquisadora Jussara fez uma participa\u00e7\u00e3o na aula do curso de pedagogia na disciplina Gest\u00e3o Educacional &#8211; Pedagogia Irati,\u00a0 apresentando a sua disserta\u00e7\u00e3o de mestrado.<\/span><\/p>\n<p>[\/vc_column_text][vc_gallery interval=&#8221;3&#8243; images=&#8221;886,887&#8243; css=&#8221;&#8221;][\/vc_column][\/vc_row]<\/p>\n<\/div>","protected":false},"excerpt":{"rendered":"<p>[vc_row][vc_column][vc_column_text css=&#8221;&#8221;] Com a proposta de aproximar o Grupo de Pesquisa com os estudantes da gradua\u00e7\u00e3o, a pesquisadora Jussara fez uma participa\u00e7\u00e3o na aula do curso de pedagogia na disciplina Gest\u00e3o Educacional &#8211; Pedagogia Irati,\u00a0 apresentando a sua disserta\u00e7\u00e3o de mestrado. [\/vc_column_text][vc_gallery interval=&#8221;3&#8243; images=&#8221;886,887&#8243; css=&#8221;&#8221;][\/vc_column][\/vc_row]<\/p>\n","protected":false},"author":3,"featured_media":0,"parent":0,"menu_order":0,"comment_status":"closed","ping_status":"closed","template":"","meta":{"_exactmetrics_skip_tracking":false,"_exactmetrics_sitenote_active":false,"_exactmetrics_sitenote_note":"","_exactmetrics_sitenote_category":0,"footnotes":"","_links_to":"","_links_to_target":""},"class_list":["post-25","page","type-page","status-publish","hentry"],"_links":{"self":[{"href":"https:\/\/www3.unicentro.br\/gepoge\/wp-json\/wp\/v2\/pages\/25","targetHints":{"allow":["GET"]}}],"collection":[{"href":"https:\/\/www3.unicentro.br\/gepoge\/wp-json\/wp\/v2\/pages"}],"about":[{"href":"https:\/\/www3.unicentro.br\/gepoge\/wp-json\/wp\/v2\/types\/page"}],"author":[{"embeddable":true,"href":"https:\/\/www3.unicentro.br\/gepoge\/wp-json\/wp\/v2\/users\/3"}],"replies":[{"embeddable":true,"href":"https:\/\/www3.unicentro.br\/gepoge\/wp-json\/wp\/v2\/comments?post=25"}],"version-history":[{"count":2,"href":"https:\/\/www3.unicentro.br\/gepoge\/wp-json\/wp\/v2\/pages\/25\/revisions"}],"predecessor-version":[{"id":891,"href":"https:\/\/www3.unicentro.br\/gepoge\/wp-json\/wp\/v2\/pages\/25\/revisions\/891"}],"wp:attachment":[{"href":"https:\/\/www3.unicentro.br\/gepoge\/wp-json\/wp\/v2\/media?parent=25"}],"curies":[{"name":"wp","href":"https:\/\/api.w.org\/{rel}","templated":true}]}}