{"id":22,"date":"2015-12-02T00:00:00","date_gmt":"2015-12-02T02:00:00","guid":{"rendered":"https:\/\/www3.unicentro.br\/gepoge\/pesquisas\/"},"modified":"2023-08-22T21:37:50","modified_gmt":"2023-08-23T00:37:50","slug":"pesquisas","status":"publish","type":"page","link":"https:\/\/www3.unicentro.br\/gepoge\/pesquisas\/","title":{"rendered":"Pesquisas"},"content":{"rendered":"<p style=\"text-align: justify\"><span style=\"font-family: georgia, palatino, serif;font-size: 12pt;color: #800000\"><b style=\"color: #800000\">PESQUISAS : (Fevereiro 2023)<\/b><\/span><\/p>\n<p>&nbsp;<\/p>\n<ul style=\"text-align: justify\">\n<li><span style=\"font-family: georgia, palatino, serif;font-size: 12pt;color: #000000\">Os estudos e pesquisas ser\u00e3o realizados no \u00e2mbito do Grupo de Pesquisa Estado, Politicas e Gest\u00e3o da Educa\u00e7\u00e3o (PPGE\/UNICENTRO). Pesquisas vinculadas ao grupo: inicia\u00e7\u00e3o cientifica, mestrado e doutorado.<\/span><\/li>\n<li><span style=\"font-family: georgia, palatino, serif;font-size: 12pt;color: #000000\">Principais temas e problem\u00e1ticas:<\/span><\/li>\n<li><span style=\"font-family: georgia, palatino, serif;font-size: 12pt;color: #000000\">1. Pol\u00edticas Educacionais Contempor\u00e2neas: politicas curriculares e a gest\u00e3o no contexto de privatiza\u00e7\u00e3o da educa\u00e7\u00e3o p\u00fablica.<\/span><\/li>\n<li><span style=\"font-family: georgia, palatino, serif;font-size: 12pt;color: #000000\">2. A pesquisa em pol\u00edticas educacionais com o foco nos aspectos te\u00f3ricos e metodol\u00f3gicos. Com foco: Gramsci e Bourdieu<\/span><\/li>\n<\/ul>\n<p>&nbsp;<\/p>\n<p style=\"text-align: justify\"><span style=\"font-size: 12pt;font-family: georgia, palatino, serif;color: #800000\"><strong>PESQUISAS CONCLU\u00cdDAS:<\/strong><\/span><\/p>\n<p>&nbsp;<\/p>\n<ul style=\"text-align: justify\">\n<li><span style=\"font-family: georgia, palatino, serif;font-size: 12pt;color: #000000\">Outra frente de pesquisa em parceria com o Observat\u00f3rio do Ensino M\u00e9dio (UFPR): Politicas Curriculares e a Base Nacional Comum Curricular (BNCC): um estudo sobre a produ\u00e7\u00e3o acad\u00eamica.<\/span><\/li>\n<\/ul>\n<ul style=\"text-align: justify\">\n<li style=\"text-align: justify\"><span style=\"font-family: georgia, palatino, serif;font-size: 12pt;color: #000000\">Indicadores dos processos de privatiza\u00e7\u00e3o nas redes de ensino municipais da Mesorregi\u00e3o Sudeste do Pr.<\/span><\/li>\n<li><span style=\"color: #000000;font-family: georgia, palatino, serif;font-size: 12pt\">VALORIZA\u00c7\u00c3O DOCENTE: UM ESTUDO SOBRE AS CONDI\u00c7\u00d5ES DE TRABALHO NAS REDES MUNICIPAIS DE EDUCA\u00c7\u00c3O DA REGI\u00c3O SUDESTE DO PARAN\u00c1\u00a0<\/span><\/li>\n<\/ul>\n<p>&nbsp;<\/p>\n<p style=\"text-align: justify\"><span style=\"color: #800000;font-family: georgia, palatino, serif;font-size: 12pt\"><strong>P\u00d3S DOUTORADO CONCLU\u00cdDO:<\/strong><\/span><\/p>\n<p>&nbsp;<\/p>\n<p style=\"text-align: justify\"><span style=\"font-family: georgia, palatino, serif;font-size: 12pt\">Michelle Fernandes Lima: <strong>Valoriza\u00e7\u00e3o docente: em estudo sobre os planos de carreira nas redes municipais de educa\u00e7\u00e3o das regi\u00f5es Sudeste e Centro-Oriental do Paran\u00e1<\/strong>. Supervis\u00e3o: Gisele Masson P\u00f3s Doutorado. Universidade Estadual de Ponta Grossa (2016-2017)<\/span><\/p>\n<p style=\"text-align: justify\"><span style=\"font-family: georgia, palatino, serif;font-size: 12pt\"><span style=\"color: #000000\">Marisa Schneckenberg: <strong>Apropria\u00e7\u00e3o da teoria de Pierre Bourdieu nas pesquisas que tratam das pol\u00edticas p\u00fablicas educacionais no Brasil e na Argentina (2015-2022)<\/strong> Supervis\u00e3o <em>Jorge Gorostiaga <\/em><\/span>P\u00f3s-Doutorado. Universidad Nacional de San Martin, UNSAN, Argentina. (2022-2023)<\/span><\/p>\n<p>&nbsp;<\/p>\n<p style=\"text-align: justify\"><span style=\"font-family: georgia, palatino, serif;font-size: 12pt\"><strong><span style=\"color: #993300\">P\u00d3S DOUTORADO EM ANDAMENTO<\/span><\/strong><\/span><\/p>\n<p>&nbsp;<\/p>\n<ul>\n<li style=\"text-align: justify\"><span style=\"font-family: georgia, palatino, serif;font-size: 12pt\">O Mapa do Empresariamento das Pol\u00edticas Educacionais no Paran\u00e1 (Michelle Fernandes Lima) Supervis\u00e3o: Anita Helena Schlesener (UTP\/PR) (2023-2024)<\/span><\/li>\n<li style=\"text-align: justify\"><span style=\"font-family: georgia, palatino, serif;font-size: 12pt\">A participa\u00e7\u00e3o de entidades privadas no desenvolvimento das pol\u00edticas educacionais do munic\u00edpio de Ponta Grossa-PR (Graziela Ferreira de Souza) Supervis\u00e3o: <span style=\"color: #000000\">Marisa Schneckenberg (2023-2024)<\/span><\/span><\/li>\n<\/ul>\n<p>&nbsp;<\/p>\n<p style=\"text-align: justify\"><span style=\"font-family: georgia, palatino, serif;font-size: 12pt;color: #800000\"><strong>TESES EM ANDAMENTO<\/strong><\/span><\/p>\n<p>&nbsp;<\/p>\n<ul style=\"text-align: justify\">\n<li style=\"text-align: justify\"><span style=\"color: #000000;font-family: georgia, palatino, serif;font-size: 12pt\">APROPRIA\u00c7\u00c3O DAS CATEGORIAS GRAMSCIANAS\u00a0 NAS TESES SOBRE POLITICAS EDUCACIONAIS (Elem Lustosa) Orientadora: Michelle Fernandes Lima<\/span><\/li>\n<li style=\"text-align: justify\"><span style=\"color: #000000;font-family: georgia, palatino, serif;font-size: 12pt\">BANCO MUNDIAL\u00a0 E O PROJETO MULTISSETORIAL NO PARAN\u00c1 (Fernanda Cristina Dorne) Orientadora: Michelle Fernandes Lima<\/span><\/li>\n<li style=\"text-align: justify\"><span style=\"color: #000000;font-family: georgia, palatino, serif;font-size: 12pt\">FREUD E BOURDIEU: UM CAMPO DE APROXIMA\u00c7\u00d5ES E DESENLACES: (Ana Bela dos Santos) Orientadora: Marisa Schneckenberg<\/span><\/li>\n<li style=\"text-align: justify\"><span style=\"font-family: georgia, palatino, serif;font-size: 12pt\">ATRATIVIDADE PARA O INGRESSO NOS CURSOS DE LICENCIATURA NAS UNIVERSIDADES ESTADUAIS DO PARAN\u00c1 (Maria Leticia Neves) <span style=\"color: #000000\">Orientadora: Michelle Fernandes Lima<\/span><\/span><\/li>\n<\/ul>\n<p>&nbsp;<\/p>\n<p style=\"text-align: justify\"><span style=\"font-family: georgia, palatino, serif;font-size: 12pt;color: #800000\"><strong>DISSERTA\u00c7\u00d5ES EM ANDAMENTO<\/strong><\/span><\/p>\n<p>&nbsp;<\/p>\n<ul style=\"text-align: justify\">\n<li style=\"text-align: justify\"><span style=\"color: #000000;font-family: georgia, palatino, serif;font-size: 12pt\">PODER SIMB\u00d3LICO NA ATUA\u00c7\u00c3O DO GESTOR ESCOLAR: UMA AN\u00c1LISE NA REDE B\u00c1SICA DE ENSINO DE PRUDENT\u00d3POLIS\/PR (Fernanda\u00a0 Pontarollo) Orientadora: Marisa Schneckenberg<\/span><\/li>\n<li style=\"text-align: justify\"><span style=\"color: #000000;font-family: georgia, palatino, serif;font-size: 12pt\">A FORMA\u00c7\u00c3O DE UMA POL\u00cdTICA P\u00daBLICA EDUCACIONAL BRASILEIRA DE EDUCA\u00c7\u00c3O A DIST\u00c2NCIA: A CONSTRU\u00c7\u00c3O DO N\u00daCLEO DE EDUCA\u00c7\u00c3O A DIST\u00c2NCIA NA UNICENTRO 2010 &#8211; 2014 (Patricia Bonato) Orientadora: Marisa Schneckenberg<\/span><\/li>\n<li style=\"text-align: justify\"><span style=\"color: #000000;font-family: georgia, palatino, serif;font-size: 12pt\">PROJETO FORMATIVO PREVISTO NA BASE NACIONAL COMUM PARA A FORMA\u00c7\u00c3O INICIAL DE PROFESSORES DA EDUCA\u00c7\u00c3O B\u00c1SICA E AS IMPLICA\u00c7\u00d5ES PARA O CURSO DE PEDAGOGIA (Marylia Gabriela Ortis Fonseca) Orientador (a): Michelle Fernandes Lima<\/span><\/li>\n<li style=\"text-align: justify\"><span style=\"font-family: georgia, palatino, serif;font-size: 12pt\">A ORGANIZA\u00c7\u00c3O E FUNCIONAMENTO DO GR\u00caMIO ESTUDANTIL: UMA AN\u00c1LISE DAS RELA\u00c7\u00d5ES DE PODER ENTRE O GR\u00caMIO ESTUDANTIL E OS GESTORES ESCOLARES (Elis Daiane Ribeiro) <span style=\"color: #000000\">Orientadora: Marisa Schneckenberg<\/span><\/span><\/li>\n<li style=\"text-align: justify\"><span style=\"font-family: georgia, palatino, serif;font-size: 12pt\">OS GRUPOS DE PESQUISA QUE ATUAM NO CAMPO DAS POL\u00cdTICAS EDUCACIONAIS: UM ESTUDO \u00c0 LUZ DA TEORIA DE PIERRE BOURDIEU (M\u00f4nica Grutka)\u00a0 <span style=\"color: #000000\">Orientadora: Marisa Schneckenberg<\/span><\/span><\/li>\n<\/ul>\n<p>&nbsp;<\/p>\n<p style=\"text-align: justify\"><span style=\"font-size: 12pt;font-family: georgia, palatino, serif;color: #800000\"><strong>DISSERTA\u00c7\u00d5ES CONCLU\u00cdDAS:<\/strong><\/span><\/p>\n<p>&nbsp;<\/p>\n<p style=\"text-align: justify\"><span style=\"font-family: georgia, palatino, serif;font-size: 12pt\"><strong>2023: Disserta\u00e7\u00f5es conclu\u00eddas: Dispon\u00edvel em: https:\/\/www2.unicentro.br\/ppge\/dissertacoes-2023\/<\/strong><\/span><\/p>\n<ul style=\"text-align: justify\">\n<li><span style=\"color: #000000;font-family: georgia, palatino, serif;font-size: 12pt\">A ATUA\u00c7\u00c3O DO INSTITUTO NATURA NAS REDES MUNICIPAIS DA MESORREGI\u00c3O SUDESTE PARANAENSE: EM DESTAQUE O PROJETO TRILHAS (Caroline Santiago) Orientadora: Michelle Fernandes Lima<\/span><\/li>\n<li><span style=\"color: #000000;font-family: georgia, palatino, serif;font-size: 12pt\">OS APARELHOS PRIVADOS DE HEGEMONIA E O PROCESSO DE IMPLEMENTA\u00c7\u00c3O DA BASE NACIONAL COMUM CURRICULAR(BNCC) NO PRAN\u00c1: EM DESTAQUE O INSTITUTO REUNA (Jussara de Fatima Ivanski Ruppel) Orientador (a): Michelle Fernandes Lima<\/span><\/li>\n<\/ul>\n<p>&nbsp;<\/p>\n<p style=\"text-align: justify\"><span style=\"font-family: georgia, palatino, serif;font-size: 12pt\"><strong>2022: <span style=\"color: #000000\">Disserta\u00e7\u00f5es conclu\u00eddas: Dispon\u00edvel em: https:\/\/www2.unicentro.br\/ppge\/dissertacoes-2022\/<\/span><\/strong><\/span><\/p>\n<ul style=\"text-align: justify\">\n<li><span style=\"font-family: georgia, palatino, serif;font-size: 12pt\">O PROCESSO DE ENSINO-APRENDIZAGEM EM TEMPOS DE PANDEMIA: OS DESAFIOS DO SISTEMA EDUCACIONAL E OS MECANISMOS DE AVALIA\u00c7\u00c3O: MARIA DANIELI FERREIRA DE SOUZA\u00a0 Orientadora: <span style=\"color: #000000\">Marisa Schneckenberg<\/span><\/span><\/li>\n<\/ul>\n<p>&nbsp;<\/p>\n<p style=\"text-align: justify\"><span style=\"color: #000000;font-family: georgia, palatino, serif;font-size: 12pt\"><strong>2021: Disserta\u00e7\u00f5es conclu\u00eddas: Dispon\u00edvel em:\u00a0<a style=\"color: #000000\" href=\"https:\/\/www2.unicentro.br\/ppge\/dissertacoes-2021\/\">https:\/\/www2.unicentro.br\/ppge\/dissertacoes-2021\/<\/a>\u00a0<\/strong><\/span><\/p>\n<ul style=\"list-style-type: disc;text-align: justify\">\n<li><span style=\"color: #000000;font-family: georgia, palatino, serif;font-size: 12pt\">AUTONOMIA UNIVERSIT\u00c1RIA: UM ESTUDO SOBRE AS UNIVERSIDADES ESTADUAIS DO PARAN\u00c1 ENTRE OS ANOS DE 2015 A 2018 (RAFAEL DE PAULA GOETTEN) Orientador (a): Michelle Fernandes Lima<\/span><\/li>\n<li><span style=\"color: #000000;font-family: georgia, palatino, serif;font-size: 12pt\">A FORMA\u00c7\u00c3O DO PEDAGOGO NA MODALIDADE EDUCA\u00c7\u00c3O A DIST\u00c2NCIA DA UNIVERSIDADE ESTADUAL DO CENTRO-OESTE (UNICENTRO): DO ASPECTO HIST\u00d3RICO DA EaD \u00c0 ORGANIZA\u00c7\u00c3O DA PROPOSTA PEDAG\u00d3GICA DO CURSO DE PEDAGOGIA (VAN\u00caSSA DE C\u00c1SSIA OLIVEIRA) Orientadora: Marisa Schneckenberg<\/span><\/li>\n<li><span style=\"color: #000000;font-family: georgia, palatino, serif;font-size: 12pt\">UM ESTUDO SOBRE O PROGRAMA DE EXECU\u00c7\u00c3O DAS ALTERNATIVAS PENAIS PATRONATO IRATI-PR: COM \u00caNFASE NO TRABALHO DA \u00c1REA DE PEDAGOGIA (VICTA OGG JONSON GON\u00c7ALVES) Orientadora: Marisa Schneckenberg<\/span><\/li>\n<\/ul>\n<p>&nbsp;<\/p>\n<p style=\"text-align: justify\"><span style=\"color: #000000;font-family: georgia, palatino, serif;font-size: 12pt\"><strong>2020: Disserta\u00e7\u00f5es conclu\u00eddas: Dispon\u00edvel em:\u00a0\u00a0<a style=\"color: #000000\" href=\"https:\/\/www2.unicentro.br\/ppge\/dissertacoes-2020\/?doing_wp_cron=1652118922.2036569118499755859375\">https:\/\/www2.unicentro.br\/ppge\/dissertacoes-2020\/?doing_wp_cron=1652118922.2036569118499755859375<\/a><\/strong><\/span><\/p>\n<ul style=\"text-align: justify\">\n<li><span style=\"color: #000000;font-family: georgia, palatino, serif;font-size: 12pt\">ASPECTOS TE\u00d3RICO-EPISTEMOL\u00d3GICOS DAS DISSERTA\u00c7\u00d5ES DA LINHA 1 \u201cPOL\u00cdTICAS EDUCACIONAIS, HIST\u00d3RIA E ORGANIZA\u00c7\u00c3O DA EDUCA\u00c7\u00c3O\u201d DO PPGE\/UNICENTRO (Luciane Chimel &#8211; 2020) Orientador (a): Michelle Fernandes Lima<\/span><\/li>\n<li><span style=\"color: #000000;font-family: georgia, palatino, serif;font-size: 12pt\">FORMA\u00c7\u00c3O INICIAL DE PROFESSORES COM \u00caNFASE NA GEST\u00c3O DA EDUCA\u00c7\u00c3O: UMA AN\u00c1LISE NOS CURSOS DE LICENCIATURA EM PEDAGOGIA DA UNIVERSIDADE ESTADUAL DO CENTRO-OESTE CAMPI GUARAPUAVA E IRATI\u00a0 \u00a0(Vanderleia Gura &#8211; 2020) Orientadora: Marisa Schneckenberg<\/span><\/li>\n<li><span style=\"color: #000000;font-family: georgia, palatino, serif;font-size: 12pt\">POL\u00cdTICAS DE AVALIA\u00c7\u00c3O PARA A ALFABETIZA\u00c7\u00c3O NO BRASIL E A BASE NACIONAL COMUM CURRICULAR (BNCC): NOVOS (VELHOS) MECANISMOS DE CONTROLE E RESPONSABILIZA\u00c7\u00c3O (Graciele Lipsuch &#8211; 2020) Orientadora: Michelle Fernandes Lima<\/span><\/li>\n<li style=\"text-align: justify\"><span style=\"color: #000000;font-family: georgia, palatino, serif;font-size: 12pt\">\u00a0A CONTRIBUI\u00c7\u00c3O VOLUNT\u00c1RIA NAS ESCOLAS MUNICIPAIS DE IRATI-PR.: ENTRE O COMPROMISSO DOS PAIS E A DESRESPONSABILIZA\u00c7\u00c3O DO PODER P\u00daBLICO (Joseli Aparecida Vieira Guimar\u00e3es &#8211; 2020) Orientadora: Michelle Fernandes Lima<\/span><\/li>\n<li><span style=\"color: #000000;font-family: georgia, palatino, serif;font-size: 12pt\">FORMA\u00c7\u00c3O CONTINUADA DE PROFESSORES DA EDUCA\u00c7\u00c3O B\u00c1SICA NO BRASIL E NA ARGENTINA: UM ESTUDO COMPARADO DE POL\u00cdTICAS DE FORMA\u00c7\u00c3O EM CONTEXTO EDUCACIONAL INCLUSIVO (Paloma Domingues Ferreira &#8211; 2020) Orientador: Gilmar de Carvalho Cruz<\/span><\/li>\n<\/ul>\n<p>&nbsp;<\/p>\n<p style=\"text-align: justify\"><span style=\"color: #000000;font-family: georgia, palatino, serif;font-size: 12pt\"><strong>2019: Disserta\u00e7\u00f5es conclu\u00eddas: Dispon\u00edvel em:\u00a0<a style=\"color: #000000\" href=\"https:\/\/www2.unicentro.br\/ppge\/dissertacoes-2019\/\">https:\/\/www2.unicentro.br\/ppge\/dissertacoes-2019\/<\/a><\/strong><\/span><\/p>\n<ul style=\"text-align: justify\">\n<li style=\"text-align: justify\"><span style=\"color: #000000;font-family: georgia, palatino, serif;font-size: 12pt\">O PIBID ENQUANTO POL\u00cdTICA P\u00daBLICA PARA A FORMA\u00c7\u00c3O DE PROFESSORES: CARACTERIZA\u00c7\u00d5ES, A\u00c7\u00d5ES E CONTRADI\u00c7\u00d5ES (2019). (Camila Santos Cornelo) Orientador: Marisa Schneckenberg<\/span><\/li>\n<li class=\"yiv2124177013MsoNormal\" style=\"text-align: justify\"><span style=\"color: #000000;font-family: georgia, palatino, serif;font-size: 12pt\">PARCERIA P\u00daBLICO PRIVADO: UM ESTUDO SOBRE O USO DE MATERIAL APOSTILADO NA EDUCA\u00c7\u00c3O INFANTIL NO MUNIC\u00cdPIO DE IRATI &#8211; PR (2019) (Elisandra Czekalski) Orientador: Marisa Schneckenberg<\/span><\/li>\n<li><span style=\"color: #000000;font-family: georgia, palatino, serif;font-size: 12pt\">O EST\u00c1GIO CURRICULAR N\u00c3O-OBRIGAT\u00d3RIO NA EDUCA\u00c7\u00c3O INFANTIL EM REDES MUNICIPAIS DE EDUCA\u00c7\u00c3O DA MICRORREGI\u00c3O DE IRATI-PARAN\u00c1 (2019).\u00a0 (Maria Let\u00edcia Neves)\u00a0 Orientador (a): Michelle Fernandes Lima<\/span><\/li>\n<\/ul>\n<p>&nbsp;<\/p>\n<p style=\"text-align: justify\"><span style=\"color: #000000;font-family: georgia, palatino, serif;font-size: 12pt\"><strong>2018: Disserta\u00e7\u00f5es conclu\u00eddas: Dispon\u00edvel em:\u00a0\u00a0<a style=\"color: #000000\" href=\"https:\/\/www2.unicentro.br\/ppge\/dissertacoes-2018\/\">https:\/\/www2.unicentro.br\/ppge\/dissertacoes-2018\/<\/a><\/strong><\/span><\/p>\n<ul style=\"text-align: justify\">\n<li style=\"text-align: justify\"><span style=\"color: #000000;font-family: georgia, palatino, serif;font-size: 12pt\">PROGRAMA GEST\u00c3O PARA APRENDIZAGEM: A ATUA\u00c7\u00c3O DA FUNDA\u00c7\u00c3O LEMANN NAS POL\u00cdTICAS DE FORMA\u00c7\u00c3O CONTINUADA EM REDES MUNICIPAIS DE EDUCA\u00c7\u00c3O (2018). (Kelly Let\u00edcia Silva Sakata)\u00a0 Orientador (a): Michelle Fernandes Lima<\/span><\/li>\n<li><span style=\"color: #000000;font-family: georgia, palatino, serif;font-size: 12pt\">AS INFLU\u00caNCIAS DOS AGENTES P\u00daBLICOS E PRIVADOS NO PROCESSO DE ELABORA\u00c7\u00c3O DA BASE NACIONAL COMUM CURRICULAR (Jaqueline Boeno DAvila) Orientador (a): Michelle Fernandes Lima<\/span><\/li>\n<li><span style=\"color: #000000;font-family: georgia, palatino, serif;font-size: 12pt\">EDUCA\u00c7\u00c3O NO CAMPO NO MUNIC\u00cdPIO DE RIO AZUL (PR)- O CASO DA ESCOLA RURAL MUNICIPAL JOS\u00c9 BONIF\u00c1CIO E A EMPRESA ALLIANCE ONE: A IDEOLOGIA DE RESPONSABILIDADE SOCIAL (G\u00e9ssica Karoline de Andrade) Orientador (a): Michelle Fernandes Lima<\/span><\/li>\n<li><span style=\"color: #000000;font-family: georgia, palatino, serif;font-size: 12pt\">IMPLANTA\u00c7\u00c3O E GEST\u00c3O DA ESCOLA DE EDUCA\u00c7\u00c3O B\u00c1SICA NA MODALIDADE DE EDUCA\u00c7\u00c3O ESPECIAL NO ESTADO DO PARAN\u00c1 (Ilson Jos\u00e9 Pereira da Luz) Orientador (a): Marisa Schneckenberg<\/span><\/li>\n<\/ul>\n<p>&nbsp;<\/p>\n<p style=\"text-align: justify\"><span style=\"color: #000000;font-family: georgia, palatino, serif;font-size: 12pt\"><strong>2017: Disserta\u00e7\u00f5es conclu\u00eddas: Dispon\u00edvel em<\/strong>:\u00a0<a style=\"color: #000000\" href=\"https:\/\/www2.unicentro.br\/ppge\/dissertacoes-2017\/\">https:\/\/www2.unicentro.br\/ppge\/dissertacoes-2017\/<\/a><\/span><\/p>\n<ul style=\"text-align: justify\">\n<li style=\"text-align: justify\"><span style=\"color: #000000;font-family: georgia, palatino, serif;font-size: 12pt\">O CONCEITO DE ESTADO EM GRAMSCI E AS SUAS APROPRIA\u00c7\u00d5ES NAS PESQUISAS SOBRE POL\u00cdTICAS EDUCACIONAIS (2017) (Elem Lustosa) Orientador (a): Michelle Fernandes Lima<\/span><\/li>\n<\/ul>\n<p>&nbsp;<\/p>\n<p style=\"text-align: justify\"><span style=\"color: #000000;font-family: georgia, palatino, serif;font-size: 12pt\"><strong>2016: Disserta\u00e7\u00f5es conclu\u00eddas:<\/strong>\u00a0<strong> Dispon\u00edvel em:\u00a0\u00a0<a style=\"color: #000000\" href=\"https:\/\/www2.unicentro.br\/ppge\/dissertacoes-2016\/\">https:\/\/www2.unicentro.br\/ppge\/dissertacoes-2016\/<\/a><\/strong><\/span><\/p>\n<ul style=\"text-align: justify\">\n<li style=\"text-align: justify\"><span style=\"color: #000000;font-family: georgia, palatino, serif;font-size: 12pt\">A CONTEXTUALIZA\u00c7\u00c3O DO PROGRAMA MAIS EDUCA\u00c7\u00c3O EM ESCOLAS DO MUNIC\u00cdPIO DE PONTA GROSSA\/PR: desafios e perspectivas da gest\u00e3o escolar (Elis\u00e2ngela Chlebovski Martins) Orientador (a): Marisa Schneckenberg<\/span><\/li>\n<li style=\"text-align: justify\"><span style=\"color: #000000;font-family: georgia, palatino, serif;font-size: 12pt\">POL\u00cdTICAS P\u00daBLICAS DE FORMA\u00c7\u00c3O\u00a0CONTINUADA: o Programa de Desenvolvimento Educacional (PDE) no Estado do\u00a0 Paran\u00e1 e a forma\u00e7\u00e3o dos profissionais da educa\u00e7\u00e3o no \u00e2mbito da gest\u00e3o escolar (Rayane Regina Scheidt Gasparelo) Orientador (a): Marisa Schneckenberg<\/span><\/li>\n<li><span style=\"color: #000000;font-family: georgia, palatino, serif;font-size: 12pt\">A FORMA\u00c7\u00c3O CONTINUADA NO PACTO NACIONAL PELA ALFABETIZA\u00c7\u00c3O NA IDADE CERTA \u2013 PNAIC \u2013 E A PR\u00c1TICA DOS PROFESSORES ALFABETIZADORES NO MUNIC\u00cdPIO DE RIO AZUL \u2013 PR <span style=\"text-align: center\">(Andr\u00e9a de Paula Pires) <\/span>Orientador (a): Marisa Schneckenberg<\/span><\/li>\n<\/ul>\n<p style=\"text-align: justify\">\n","protected":false},"excerpt":{"rendered":"<p>PESQUISAS : (Fevereiro 2023) &nbsp; Os estudos e pesquisas ser\u00e3o realizados no \u00e2mbito do Grupo de Pesquisa Estado, Politicas e Gest\u00e3o da Educa\u00e7\u00e3o (PPGE\/UNICENTRO). Pesquisas vinculadas ao grupo: inicia\u00e7\u00e3o cientifica, mestrado e doutorado. Principais temas e problem\u00e1ticas: 1. Pol\u00edticas Educacionais Contempor\u00e2neas: politicas curriculares e a gest\u00e3o no contexto de privatiza\u00e7\u00e3o da educa\u00e7\u00e3o p\u00fablica. 2. A [&hellip;]<\/p>\n","protected":false},"author":3,"featured_media":0,"parent":0,"menu_order":0,"comment_status":"closed","ping_status":"closed","template":"","meta":{"_exactmetrics_skip_tracking":false,"_exactmetrics_sitenote_active":false,"_exactmetrics_sitenote_note":"","_exactmetrics_sitenote_category":0,"footnotes":"","_links_to":"","_links_to_target":""},"class_list":["post-22","page","type-page","status-publish","hentry"],"_links":{"self":[{"href":"https:\/\/www3.unicentro.br\/gepoge\/wp-json\/wp\/v2\/pages\/22","targetHints":{"allow":["GET"]}}],"collection":[{"href":"https:\/\/www3.unicentro.br\/gepoge\/wp-json\/wp\/v2\/pages"}],"about":[{"href":"https:\/\/www3.unicentro.br\/gepoge\/wp-json\/wp\/v2\/types\/page"}],"author":[{"embeddable":true,"href":"https:\/\/www3.unicentro.br\/gepoge\/wp-json\/wp\/v2\/users\/3"}],"replies":[{"embeddable":true,"href":"https:\/\/www3.unicentro.br\/gepoge\/wp-json\/wp\/v2\/comments?post=22"}],"version-history":[{"count":0,"href":"https:\/\/www3.unicentro.br\/gepoge\/wp-json\/wp\/v2\/pages\/22\/revisions"}],"wp:attachment":[{"href":"https:\/\/www3.unicentro.br\/gepoge\/wp-json\/wp\/v2\/media?parent=22"}],"curies":[{"name":"wp","href":"https:\/\/api.w.org\/{rel}","templated":true}]}}