{"id":73,"date":"2020-05-27T17:22:50","date_gmt":"2020-05-27T20:22:50","guid":{"rendered":"https:\/\/www3.unicentro.br\/florescer\/?page_id=73"},"modified":"2025-06-09T14:54:37","modified_gmt":"2025-06-09T17:54:37","slug":"ex-membros","status":"publish","type":"page","link":"https:\/\/www3.unicentro.br\/florescer\/nossa-equipe\/ex-membros\/","title":{"rendered":"Ex-integrantes da equipe"},"content":{"rendered":"<div class=\"wpb-content-wrapper\"><p>[vc_row u_row_style=&#8221;0&#8243; u_row_paralax=&#8221;0&#8243; u_row_scheme=&#8221;0&#8243; css=&#8221;.vc_custom_1594072676958{background-color: rgba(221,188,188,0.7) !important;*background-color: rgb(221,188,188) !important;}&#8221;][vc_column][vc_single_image image=&#8221;419&#8243; img_size=&#8221;500&#215;500&#8243;][\/vc_column][\/vc_row][vc_row u_row_style=&#8221;0&#8243; u_row_paralax=&#8221;0&#8243; u_row_scheme=&#8221;0&#8243; css=&#8221;.vc_custom_1594072686064{background-color: rgba(221,188,188,0.7) !important;*background-color: rgb(221,188,188) !important;}&#8221;][vc_column width=&#8221;1\/2&#8243;][vc_custom_heading text=&#8221;\u00c1gata Neves&#8221; google_fonts=&#8221;font_family:Playfair%20Display%3Aregular%2Citalic%2C700%2C700italic%2C900%2C900italic|font_style:400%20regular%3A400%3Anormal&#8221; css_animation=&#8221;bounceIn&#8221; css=&#8221;&#8221;][vc_single_image image=&#8221;1850&#8243; img_size=&#8221;200&#215;200&#8243; style=&#8221;vc_box_border_circle_2&#8243; border_color=&#8221;juicy_pink&#8221; css=&#8221;.vc_custom_1744829699515{background-color: rgba(221,188,188,0.7) !important;*background-color: rgb(221,188,188) !important;}&#8221;][vc_column_text css=&#8221;&#8221;]<span style=\"font-size: 14pt;font-family: 'times new roman', times, serif\">Bolsista graduanda (2018)<\/span>[\/vc_column_text][vc_btn title=&#8221;Linkedin \u00c1gata&#8221; style=&#8221;outline&#8221; color=&#8221;juicy-pink&#8221; align=&#8221;left&#8221; css=&#8221;&#8221; link=&#8221;url:https%3A%2F%2Fwww.linkedin.com%2Fin%2Fagataneves%2F&#8221;][\/vc_column][vc_column width=&#8221;1\/2&#8243;][vc_custom_heading text=&#8221;Caio Budel&#8221; google_fonts=&#8221;font_family:Playfair%20Display%3Aregular%2Citalic%2C700%2C700italic%2C900%2C900italic|font_style:400%20regular%3A400%3Anormal&#8221; css_animation=&#8221;bounceIn&#8221; css=&#8221;&#8221;][vc_single_image image=&#8221;1851&#8243; img_size=&#8221;200&#215;200&#8243; style=&#8221;vc_box_border_circle_2&#8243; border_color=&#8221;juicy_pink&#8221; css=&#8221;&#8221;][vc_column_text css=&#8221;&#8221;]<span style=\"font-size: 14pt;font-family: 'times new roman', times, serif\">Volunt\u00e1rio (2015)<\/span>[\/vc_column_text][vc_btn title=&#8221;Linkedin Caio&#8221; style=&#8221;outline&#8221; color=&#8221;juicy-pink&#8221; align=&#8221;left&#8221; css=&#8221;&#8221; link=&#8221;url:https%3A%2F%2Fwww.linkedin.com%2Fin%2Fcaiobudel%2F&#8221;][\/vc_column][\/vc_row][vc_row u_row_style=&#8221;0&#8243; u_row_paralax=&#8221;0&#8243; u_row_scheme=&#8221;0&#8243; css=&#8221;.vc_custom_1594072676958{background-color: rgba(221,188,188,0.7) !important;*background-color: rgb(221,188,188) !important;}&#8221;][vc_column width=&#8221;1\/2&#8243;][vc_custom_heading text=&#8221;Caroline Albertini&#8221; google_fonts=&#8221;font_family:Playfair%20Display%3Aregular%2Citalic%2C700%2C700italic%2C900%2C900italic|font_style:400%20regular%3A400%3Anormal&#8221; css_animation=&#8221;bounceIn&#8221; css=&#8221;&#8221;][vc_single_image image=&#8221;1852&#8243; img_size=&#8221;200&#215;200&#8243; style=&#8221;vc_box_border_circle_2&#8243; border_color=&#8221;juicy_pink&#8221; css=&#8221;&#8221;][vc_column_text css=&#8221;&#8221;]<span style=\"font-size: 14pt;font-family: 'times new roman', times, serif\">Bolsista graduanda (2017) | Bolsista rec\u00e9m-graduada (2019)<\/span>[\/vc_column_text][vc_btn title=&#8221;Linkedin Caroline&#8221; style=&#8221;outline&#8221; color=&#8221;juicy-pink&#8221; align=&#8221;left&#8221; css=&#8221;&#8221; link=&#8221;url:https%3A%2F%2Fwww.linkedin.com%2Fin%2Fcaroline-albertini-097135189%2F&#8221;][vc_single_image image=&#8221;420&#8243; img_size=&#8221;500&#215;500&#8243;][\/vc_column][vc_column width=&#8221;1\/2&#8243;][vc_custom_heading text=&#8221;Isabela Lessak&#8221; google_fonts=&#8221;font_family:Playfair%20Display%3Aregular%2Citalic%2C700%2C700italic%2C900%2C900italic|font_style:400%20regular%3A400%3Anormal&#8221; css_animation=&#8221;bounceIn&#8221; css=&#8221;&#8221;][vc_single_image image=&#8221;1853&#8243; img_size=&#8221;200&#215;200&#8243; style=&#8221;vc_box_border_circle_2&#8243; border_color=&#8221;juicy_pink&#8221; css=&#8221;.vc_custom_1744830892016{background-color: rgba(221,188,188,0.7) !important;*background-color: rgb(221,188,188) !important;}&#8221;][vc_column_text css=&#8221;&#8221;]<span style=\"font-size: 14pt;font-family: 'times new roman', times, serif\">Volunt\u00e1ria (2015)<\/span>[\/vc_column_text][vc_btn title=&#8221;Linkedin Isabela&#8221; style=&#8221;outline&#8221; color=&#8221;juicy-pink&#8221; align=&#8221;left&#8221; css=&#8221;&#8221; link=&#8221;url:https%3A%2F%2Fwww.linkedin.com%2Fin%2Fisabelalessak%2F&#8221;][\/vc_column][\/vc_row][vc_row u_row_style=&#8221;0&#8243; u_row_paralax=&#8221;0&#8243; u_row_scheme=&#8221;0&#8243; css=&#8221;.vc_custom_1594072686064{background-color: rgba(221,188,188,0.7) !important;*background-color: rgb(221,188,188) !important;}&#8221;][vc_column width=&#8221;1\/2&#8243;][vc_custom_heading text=&#8221;Luisa Urbano&#8221; google_fonts=&#8221;font_family:Playfair%20Display%3Aregular%2Citalic%2C700%2C700italic%2C900%2C900italic|font_style:400%20regular%3A400%3Anormal&#8221; css_animation=&#8221;bounceIn&#8221; css=&#8221;&#8221;][vc_single_image image=&#8221;1854&#8243; img_size=&#8221;200&#215;200&#8243; style=&#8221;vc_box_border_circle_2&#8243; border_color=&#8221;juicy_pink&#8221; css=&#8221;.vc_custom_1744831054557{background-color: rgba(221,188,188,0.7) !important;*background-color: rgb(221,188,188) !important;}&#8221;][vc_column_text css=&#8221;&#8221;]<span style=\"font-size: 14pt;font-family: 'times new roman', times, serif\">Bolsista rec\u00e9m-graduada (2017)<\/span>[\/vc_column_text][vc_btn title=&#8221;Linkedin Luisa&#8221; style=&#8221;outline&#8221; color=&#8221;juicy-pink&#8221; align=&#8221;left&#8221; css=&#8221;&#8221; link=&#8221;url:https%3A%2F%2Fwww.linkedin.com%2Fin%2Flu%C3%ADsa-urbano-566004207%2F&#8221;][\/vc_column][vc_column width=&#8221;1\/2&#8243;][vc_custom_heading text=&#8221;N\u00e1dia Mocellin&#8221; google_fonts=&#8221;font_family:Playfair%20Display%3Aregular%2Citalic%2C700%2C700italic%2C900%2C900italic|font_style:400%20regular%3A400%3Anormal&#8221; css_animation=&#8221;bounceIn&#8221; css=&#8221;&#8221;][vc_single_image image=&#8221;1856&#8243; img_size=&#8221;200&#215;200&#8243; style=&#8221;vc_box_border_circle_2&#8243; border_color=&#8221;juicy_pink&#8221; css=&#8221;&#8221;][vc_column_text css=&#8221;&#8221;]<span style=\"font-size: 14pt;font-family: 'times new roman', times, serif\">Volunt\u00e1ria (2015)<\/span>[\/vc_column_text][vc_btn title=&#8221;Linkedin N\u00e1dia&#8221; style=&#8221;outline&#8221; color=&#8221;juicy-pink&#8221; align=&#8221;left&#8221; css=&#8221;&#8221; link=&#8221;url:https%3A%2F%2Fwww.linkedin.com%2Fin%2Fn%C3%A1dia-moccelin-%2F&#8221;][\/vc_column][\/vc_row][vc_row u_row_style=&#8221;0&#8243; u_row_paralax=&#8221;0&#8243; u_row_scheme=&#8221;0&#8243; css=&#8221;.vc_custom_1594072676958{background-color: rgba(221,188,188,0.7) !important;*background-color: rgb(221,188,188) !important;}&#8221;][vc_column width=&#8221;1\/2&#8243;][vc_custom_heading text=&#8221;Naiara Persegona&#8221; google_fonts=&#8221;font_family:Playfair%20Display%3Aregular%2Citalic%2C700%2C700italic%2C900%2C900italic|font_style:400%20regular%3A400%3Anormal&#8221; css_animation=&#8221;bounceIn&#8221; css=&#8221;&#8221;][vc_single_image image=&#8221;1861&#8243; img_size=&#8221;200&#215;200&#8243; style=&#8221;vc_box_border_circle_2&#8243; border_color=&#8221;juicy_pink&#8221; css=&#8221;&#8221;][vc_column_text css=&#8221;&#8221;]<span style=\"font-size: 14pt;font-family: 'times new roman', times, serif\">Volunt\u00e1ria (2015) | Bolsista rec\u00e9m-graduada (2017)<\/span>[\/vc_column_text][vc_btn title=&#8221;Linkedin Naiara&#8221; style=&#8221;outline&#8221; color=&#8221;juicy-pink&#8221; align=&#8221;left&#8221; css=&#8221;&#8221; link=&#8221;url:https%3A%2F%2Fwww.linkedin.com%2Fin%2Fnaiara-persegona%2F&#8221;][vc_empty_space][vc_row_inner][vc_column_inner][vc_custom_heading text=&#8221;Priscila Pollon&#8221; google_fonts=&#8221;font_family:Playfair%20Display%3Aregular%2Citalic%2C700%2C700italic%2C900%2C900italic|font_style:400%20regular%3A400%3Anormal&#8221; css_animation=&#8221;bounceIn&#8221; css=&#8221;&#8221;][vc_single_image image=&#8221;1901&#8243; img_size=&#8221;200&#215;200&#8243; style=&#8221;vc_box_border_circle_2&#8243; border_color=&#8221;juicy_pink&#8221; css=&#8221;.vc_custom_1749491332822{background-color: rgba(221,188,188,0.7) !important;*background-color: rgb(221,188,188) !important;}&#8221;][vc_column_text css=&#8221;&#8221;]<span style=\"font-size: 14pt; font-family: 'times new roman', times, serif;\">Volunt\u00e1ria (2015)<\/span>[\/vc_column_text][vc_btn title=&#8221;Linkedin Priscila&#8221; style=&#8221;outline&#8221; color=&#8221;juicy-pink&#8221; align=&#8221;left&#8221; css=&#8221;&#8221; link=&#8221;url:https%3A%2F%2Fwww.linkedin.com%2Fin%2Fpriscila-pollon-74506740%2F&#8221;][\/vc_column_inner][\/vc_row_inner][\/vc_column][vc_column width=&#8221;1\/2&#8243;][vc_custom_heading text=&#8221;Priscila Scharan&#8221; google_fonts=&#8221;font_family:Playfair%20Display%3Aregular%2Citalic%2C700%2C700italic%2C900%2C900italic|font_style:400%20regular%3A400%3Anormal&#8221; css_animation=&#8221;bounceIn&#8221; css=&#8221;&#8221;][vc_single_image image=&#8221;1899&#8243; img_size=&#8221;200&#215;200&#8243; style=&#8221;vc_box_border_circle_2&#8243; border_color=&#8221;juicy_pink&#8221; css=&#8221;.vc_custom_1749491131430{background-color: rgba(221,188,188,0.7) !important;*background-color: rgb(221,188,188) !important;}&#8221;][vc_column_text css=&#8221;&#8221;]<span style=\"font-size: 14pt;font-family: 'times new roman', times, serif\">Bolsista graduanda (2018 | 2019)\u00a0<\/span>[\/vc_column_text][vc_btn title=&#8221;Linkedin Priscila&#8221; style=&#8221;outline&#8221; color=&#8221;juicy-pink&#8221; align=&#8221;left&#8221; css=&#8221;&#8221; link=&#8221;url:https%3A%2F%2Fwww.linkedin.com%2Fin%2Fpriscila-schran-de-lima-ab6405126%2F&#8221;][vc_custom_heading text=&#8221;Renatha Giordani&#8221; google_fonts=&#8221;font_family:Playfair%20Display%3Aregular%2Citalic%2C700%2C700italic%2C900%2C900italic|font_style:400%20regular%3A400%3Anormal&#8221; css_animation=&#8221;bounceIn&#8221; css=&#8221;&#8221;][vc_single_image image=&#8221;1900&#8243; img_size=&#8221;200&#215;200&#8243; style=&#8221;vc_box_border_circle_2&#8243; border_color=&#8221;juicy_pink&#8221; css=&#8221;&#8221;][vc_column_text css=&#8221;&#8221;]<span style=\"font-size: 14pt;font-family: 'times new roman', times, serif\">Bolsista graduanda (2018 | 2019)\u00a0<\/span>[\/vc_column_text][vc_btn title=&#8221;Linkedin Renatha&#8221; style=&#8221;outline&#8221; color=&#8221;juicy-pink&#8221; align=&#8221;left&#8221; css=&#8221;&#8221; link=&#8221;url:https%3A%2F%2Fwww.linkedin.com%2Fin%2Frenathagiordani%2F&#8221;][\/vc_column][\/vc_row][vc_row u_row_style=&#8221;0&#8243; u_row_paralax=&#8221;0&#8243; u_row_scheme=&#8221;0&#8243; css=&#8221;.vc_custom_1594072686064{background-color: rgba(221,188,188,0.7) !important;*background-color: rgb(221,188,188) !important;}&#8221;][vc_column width=&#8221;1\/2&#8243;][vc_custom_heading text=&#8221;Walqu\u00edria de Lima&#8221; google_fonts=&#8221;font_family:Playfair%20Display%3Aregular%2Citalic%2C700%2C700italic%2C900%2C900italic|font_style:400%20regular%3A400%3Anormal&#8221; css_animation=&#8221;bounceIn&#8221; css=&#8221;&#8221;][vc_single_image image=&#8221;1903&#8243; img_size=&#8221;200&#215;200&#8243; style=&#8221;vc_box_border_circle_2&#8243; border_color=&#8221;juicy_pink&#8221; css=&#8221;&#8221;][vc_column_text css=&#8221;&#8221;]<span style=\"font-size: 14pt; font-family: 'times new roman', times, serif;\">&nbsp;Bolsista rec\u00e9m-graduada (2018)<\/span>[\/vc_column_text][vc_btn title=&#8221;Linkedin Walquiria&#8221; style=&#8221;outline&#8221; color=&#8221;juicy-pink&#8221; align=&#8221;left&#8221; css=&#8221;&#8221; link=&#8221;url:https%3A%2F%2Fwww.linkedin.com%2Fin%2Fwalquiria-de-lima-78227814a%2F&#8221;][\/vc_column][\/vc_row][vc_row u_row_style=&#8221;0&#8243; u_row_paralax=&#8221;0&#8243; u_row_scheme=&#8221;0&#8243; css=&#8221;.vc_custom_1594072676958{background-color: rgba(221,188,188,0.7) !important;*background-color: rgb(221,188,188) !important;}&#8221;][vc_column width=&#8221;1\/2&#8243;][vc_single_image image=&#8221;423&#8243; img_size=&#8221;500&#215;500&#8243;][\/vc_column][vc_column width=&#8221;1\/2&#8243;][\/vc_column][\/vc_row][vc_row u_row_style=&#8221;0&#8243; u_row_paralax=&#8221;0&#8243; u_row_scheme=&#8221;0&#8243; css=&#8221;.vc_custom_1594072676958{background-color: rgba(221,188,188,0.7) !important;*background-color: rgb(221,188,188) !important;}&#8221;][vc_column width=&#8221;1\/2&#8243;][\/vc_column][vc_column width=&#8221;1\/2&#8243;][vc_single_image image=&#8221;424&#8243; img_size=&#8221;500&#215;500&#8243;][\/vc_column][\/vc_row][vc_row][vc_column][vc_column_text]Eu sou um bloco de texto. Clique no bot\u00e3o Editar (L\u00e1pis) para alterar o conte\u00fado deste elemento.[\/vc_column_text][\/vc_column][\/vc_row]<\/p>\n<\/div>","protected":false},"excerpt":{"rendered":"<p>[vc_row u_row_style=&#8221;0&#8243; u_row_paralax=&#8221;0&#8243; u_row_scheme=&#8221;0&#8243; css=&#8221;.vc_custom_1594072676958{background-color: rgba(221,188,188,0.7) !important;*background-color: rgb(221,188,188) !important;}&#8221;][vc_column][vc_single_image image=&#8221;419&#8243; img_size=&#8221;500&#215;500&#8243;][\/vc_column][\/vc_row][vc_row u_row_style=&#8221;0&#8243; u_row_paralax=&#8221;0&#8243; u_row_scheme=&#8221;0&#8243; css=&#8221;.vc_custom_1594072686064{background-color: rgba(221,188,188,0.7) !important;*background-color: rgb(221,188,188) !important;}&#8221;][vc_column width=&#8221;1\/2&#8243;][vc_custom_heading text=&#8221;\u00c1gata Neves&#8221; google_fonts=&#8221;font_family:Playfair%20Display%3Aregular%2Citalic%2C700%2C700italic%2C900%2C900italic|font_style:400%20regular%3A400%3Anormal&#8221; css_animation=&#8221;bounceIn&#8221; css=&#8221;&#8221;][vc_single_image image=&#8221;1850&#8243; img_size=&#8221;200&#215;200&#8243; style=&#8221;vc_box_border_circle_2&#8243; border_color=&#8221;juicy_pink&#8221; css=&#8221;.vc_custom_1744829699515{background-color: rgba(221,188,188,0.7) !important;*background-color: rgb(221,188,188) !important;}&#8221;][vc_column_text css=&#8221;&#8221;]Bolsista graduanda (2018)[\/vc_column_text][vc_btn title=&#8221;Linkedin \u00c1gata&#8221; style=&#8221;outline&#8221; color=&#8221;juicy-pink&#8221; align=&#8221;left&#8221; css=&#8221;&#8221; link=&#8221;url:https%3A%2F%2Fwww.linkedin.com%2Fin%2Fagataneves%2F&#8221;][\/vc_column][vc_column width=&#8221;1\/2&#8243;][vc_custom_heading text=&#8221;Caio Budel&#8221; google_fonts=&#8221;font_family:Playfair%20Display%3Aregular%2Citalic%2C700%2C700italic%2C900%2C900italic|font_style:400%20regular%3A400%3Anormal&#8221; css_animation=&#8221;bounceIn&#8221; css=&#8221;&#8221;][vc_single_image image=&#8221;1851&#8243; img_size=&#8221;200&#215;200&#8243; style=&#8221;vc_box_border_circle_2&#8243; border_color=&#8221;juicy_pink&#8221; css=&#8221;&#8221;][vc_column_text [&hellip;]<\/p>\n","protected":false},"author":268,"featured_media":0,"parent":67,"menu_order":2,"comment_status":"closed","ping_status":"closed","template":"","meta":{"_exactmetrics_skip_tracking":false,"_exactmetrics_sitenote_active":false,"_exactmetrics_sitenote_note":"","_exactmetrics_sitenote_category":0,"footnotes":"","_links_to":"","_links_to_target":""},"class_list":["post-73","page","type-page","status-publish","hentry"],"_links":{"self":[{"href":"https:\/\/www3.unicentro.br\/florescer\/wp-json\/wp\/v2\/pages\/73","targetHints":{"allow":["GET"]}}],"collection":[{"href":"https:\/\/www3.unicentro.br\/florescer\/wp-json\/wp\/v2\/pages"}],"about":[{"href":"https:\/\/www3.unicentro.br\/florescer\/wp-json\/wp\/v2\/types\/page"}],"author":[{"embeddable":true,"href":"https:\/\/www3.unicentro.br\/florescer\/wp-json\/wp\/v2\/users\/268"}],"replies":[{"embeddable":true,"href":"https:\/\/www3.unicentro.br\/florescer\/wp-json\/wp\/v2\/comments?post=73"}],"version-history":[{"count":2,"href":"https:\/\/www3.unicentro.br\/florescer\/wp-json\/wp\/v2\/pages\/73\/revisions"}],"predecessor-version":[{"id":1905,"href":"https:\/\/www3.unicentro.br\/florescer\/wp-json\/wp\/v2\/pages\/73\/revisions\/1905"}],"up":[{"embeddable":true,"href":"https:\/\/www3.unicentro.br\/florescer\/wp-json\/wp\/v2\/pages\/67"}],"wp:attachment":[{"href":"https:\/\/www3.unicentro.br\/florescer\/wp-json\/wp\/v2\/media?parent=73"}],"curies":[{"name":"wp","href":"https:\/\/api.w.org\/{rel}","templated":true}]}}