{"id":592,"date":"2022-07-25T13:45:02","date_gmt":"2022-07-25T16:45:02","guid":{"rendered":"https:\/\/www3.unicentro.br\/florescer\/?page_id=592"},"modified":"2022-12-08T14:33:33","modified_gmt":"2022-12-08T17:33:33","slug":"irene-guimaraes-pupo-novo","status":"publish","type":"page","link":"https:\/\/www3.unicentro.br\/florescer\/irene-guimaraes-pupo-novo\/","title":{"rendered":"Irene Guimar\u00e3es Pupo"},"content":{"rendered":"<div class=\"wpb-content-wrapper\"><p>[vc_row u_row_style=&#8221;0&#8243; u_row_paralax=&#8221;0&#8243; u_row_scheme=&#8221;0&#8243; css=&#8221;.vc_custom_1591727924524{background-color: rgba(221,188,188,0.7) !important;*background-color: rgb(221,188,188) !important;}&#8221;][vc_column][vc_custom_heading text=&#8221;MAKING-OFS&#8221;][\/vc_column][\/vc_row][vc_row u_row_style=&#8221;0&#8243; u_row_paralax=&#8221;0&#8243; u_row_scheme=&#8221;0&#8243; css=&#8221;.vc_custom_1591727924524{background-color: rgba(221,188,188,0.7) !important;*background-color: rgb(221,188,188) !important;}&#8221;][vc_column width=&#8221;1\/2&#8243;][vc_video link=&#8221;https:\/\/youtu.be\/F4AIj2ppmPA&#8221; title=&#8221;Oficina ECA &#8211; Turma Manh\u00e3&#8221;][vc_video link=&#8221;https:\/\/www.youtube.com\/watch?v=IPSp7f2IlW0&#8243; title=&#8221;Oficina ECA &#8211; Turma Tarde&#8221;][vc_video link=&#8221;https:\/\/youtu.be\/cH8KaRn9fHQ&#8221; title=&#8221;Oficina Educomunica\u00e7\u00e3o &#8211; Turma Manh\u00e3&#8221;][vc_video link=&#8221;https:\/\/www.youtube.com\/watch?v=rKV4vDXiph8&#8243; title=&#8221;Oficina Educomunica\u00e7\u00e3o &#8211; Turma Tarde&#8221;][\/vc_column][vc_column width=&#8221;1\/2&#8243;][vc_video link=&#8221;https:\/\/youtu.be\/oA5shmC66JQ&#8221; title=&#8221;Equidade de G\u00eanero &#8211; Turma Manh\u00e3&#8221;][vc_video link=&#8221;https:\/\/www.youtube.com\/watch?v=WUu_6oS89Us&#8221; title=&#8221;Equidade de G\u00eanero &#8211; Turma Tarde&#8221;][vc_video link=&#8221;https:\/\/youtu.be\/dnGYAuTwQ-8&#8243; title=&#8221;Cinema &#8211; Turma Manh\u00e3&#8221;][vc_video link=&#8221;https:\/\/www.youtube.com\/watch?v=z8cRH4pGOQ4&#8243; title=&#8221;Cinema &#8211; Turma Tarde&#8221;][\/vc_column][\/vc_row][vc_row u_row_style=&#8221;0&#8243; u_row_paralax=&#8221;0&#8243; u_row_scheme=&#8221;0&#8243; css=&#8221;.vc_custom_1591727924524{background-color: rgba(221,188,188,0.7) !important;*background-color: rgb(221,188,188) !important;}&#8221;][vc_column][vc_custom_heading text=&#8221;PRODU\u00c7\u00d5ES&#8221;][\/vc_column][\/vc_row][vc_row u_row_style=&#8221;0&#8243; u_row_paralax=&#8221;0&#8243; u_row_scheme=&#8221;0&#8243; css=&#8221;.vc_custom_1591727924524{background-color: rgba(221,188,188,0.7) !important;*background-color: rgb(221,188,188) !important;}&#8221;][vc_column width=&#8221;1\/2&#8243;][vc_video link=&#8221;https:\/\/youtu.be\/EL7_50Hr2Ok&#8221; title=&#8221;Telejornal 5 tipos de viol\u00eancia&#8221;][vc_video link=&#8221;https:\/\/youtu.be\/X5E_cZsof_g&#8221; title=&#8221;Voc\u00ea sabe? 5 tipos de viol\u00eancia&#8221;][vc_video link=&#8221;https:\/\/youtu.be\/4g8I5Kj37_8&#8243; title=&#8221;Telejornal &#8211; 5 tipos de viol\u00eancias &#8211; Turma Tarde&#8221;][\/vc_column][vc_column width=&#8221;1\/2&#8243;][vc_video link=&#8221;https:\/\/youtu.be\/ZlvOCPMrga0&#8243; title=&#8221;Hist\u00f3ria da Maria da Penha&#8221;][vc_video link=&#8221;https:\/\/youtu.be\/OQ5iAGRfdig&#8221; title=&#8221;Teatro Maria da Penha&#8221;][\/vc_column][\/vc_row][vc_row u_row_style=&#8221;0&#8243; u_row_paralax=&#8221;0&#8243; u_row_scheme=&#8221;0&#8243; css=&#8221;.vc_custom_1591727904491{background-color: rgba(221,188,188,0.7) !important;*background-color: rgb(221,188,188) !important;}&#8221;][vc_column][vc_custom_heading text=&#8221;Fotos&#8221;][vc_images_carousel images=&#8221;618,619,620,621&#8243;][\/vc_column][\/vc_row][vc_row][vc_column][vc_btn title=&#8221;Confira todas as fotos&#8221; link=&#8221;url:https%3A%2F%2Fdrive.google.com%2Fdrive%2Ffolders%2F19YWucDSalpveuga9tzfusM8IXewm3PuJ%3Fusp%3Dsharing|title:https%3A%2F%2Fdrive.google.com%2Fdrive%2Ffolders%2F19YWucDSalpveuga9tzfusM8IXewm3PuJ%3Fusp%3Dsharing|target:_blank&#8221;][\/vc_column][\/vc_row]<\/p>\n<\/div>","protected":false},"excerpt":{"rendered":"<p>[vc_row u_row_style=&#8221;0&#8243; u_row_paralax=&#8221;0&#8243; u_row_scheme=&#8221;0&#8243; css=&#8221;.vc_custom_1591727924524{background-color: rgba(221,188,188,0.7) !important;*background-color: rgb(221,188,188) !important;}&#8221;][vc_column][vc_custom_heading text=&#8221;MAKING-OFS&#8221;][\/vc_column][\/vc_row][vc_row u_row_style=&#8221;0&#8243; u_row_paralax=&#8221;0&#8243; u_row_scheme=&#8221;0&#8243; css=&#8221;.vc_custom_1591727924524{background-color: rgba(221,188,188,0.7) !important;*background-color: rgb(221,188,188) !important;}&#8221;][vc_column width=&#8221;1\/2&#8243;][vc_video link=&#8221;https:\/\/youtu.be\/F4AIj2ppmPA&#8221; title=&#8221;Oficina ECA &#8211; Turma Manh\u00e3&#8221;][vc_video link=&#8221;https:\/\/www.youtube.com\/watch?v=IPSp7f2IlW0&#8243; title=&#8221;Oficina ECA &#8211; Turma Tarde&#8221;][vc_video link=&#8221;https:\/\/youtu.be\/cH8KaRn9fHQ&#8221; title=&#8221;Oficina Educomunica\u00e7\u00e3o &#8211; Turma Manh\u00e3&#8221;][vc_video link=&#8221;https:\/\/www.youtube.com\/watch?v=rKV4vDXiph8&#8243; title=&#8221;Oficina Educomunica\u00e7\u00e3o &#8211; Turma Tarde&#8221;][\/vc_column][vc_column width=&#8221;1\/2&#8243;][vc_video link=&#8221;https:\/\/youtu.be\/oA5shmC66JQ&#8221; title=&#8221;Equidade de G\u00eanero &#8211; Turma Manh\u00e3&#8221;][vc_video link=&#8221;https:\/\/www.youtube.com\/watch?v=WUu_6oS89Us&#8221; title=&#8221;Equidade de G\u00eanero [&hellip;]<\/p>\n","protected":false},"author":500,"featured_media":0,"parent":0,"menu_order":0,"comment_status":"closed","ping_status":"closed","template":"","meta":{"_exactmetrics_skip_tracking":false,"_exactmetrics_sitenote_active":false,"_exactmetrics_sitenote_note":"","_exactmetrics_sitenote_category":0,"footnotes":"","_links_to":"","_links_to_target":""},"class_list":["post-592","page","type-page","status-publish","hentry"],"_links":{"self":[{"href":"https:\/\/www3.unicentro.br\/florescer\/wp-json\/wp\/v2\/pages\/592","targetHints":{"allow":["GET"]}}],"collection":[{"href":"https:\/\/www3.unicentro.br\/florescer\/wp-json\/wp\/v2\/pages"}],"about":[{"href":"https:\/\/www3.unicentro.br\/florescer\/wp-json\/wp\/v2\/types\/page"}],"author":[{"embeddable":true,"href":"https:\/\/www3.unicentro.br\/florescer\/wp-json\/wp\/v2\/users\/500"}],"replies":[{"embeddable":true,"href":"https:\/\/www3.unicentro.br\/florescer\/wp-json\/wp\/v2\/comments?post=592"}],"version-history":[{"count":0,"href":"https:\/\/www3.unicentro.br\/florescer\/wp-json\/wp\/v2\/pages\/592\/revisions"}],"wp:attachment":[{"href":"https:\/\/www3.unicentro.br\/florescer\/wp-json\/wp\/v2\/media?parent=592"}],"curies":[{"name":"wp","href":"https:\/\/api.w.org\/{rel}","templated":true}]}}