{"id":573,"date":"2022-07-19T14:04:42","date_gmt":"2022-07-19T17:04:42","guid":{"rendered":"https:\/\/www3.unicentro.br\/florescer\/?page_id=573"},"modified":"2022-12-08T10:21:22","modified_gmt":"2022-12-08T13:21:22","slug":"professora-silvanira-acyoli-lins-penha-2","status":"publish","type":"page","link":"https:\/\/www3.unicentro.br\/florescer\/professora-silvanira-acyoli-lins-penha-2\/","title":{"rendered":"Professora Silvanira Acyoli Lins Penha"},"content":{"rendered":"<div class=\"wpb-content-wrapper\"><p>[vc_row u_row_style=&#8221;0&#8243; u_row_paralax=&#8221;0&#8243; u_row_scheme=&#8221;0&#8243; css=&#8221;.vc_custom_1591727924524{background-color: rgba(221,188,188,0.7) !important;*background-color: rgb(221,188,188) !important;}&#8221;][vc_column][vc_custom_heading text=&#8221;MAKING-OFS&#8221;][\/vc_column][\/vc_row][vc_row u_row_style=&#8221;0&#8243; u_row_paralax=&#8221;0&#8243; u_row_scheme=&#8221;0&#8243; css=&#8221;.vc_custom_1591727924524{background-color: rgba(221,188,188,0.7) !important;*background-color: rgb(221,188,188) !important;}&#8221;][vc_column width=&#8221;1\/2&#8243;][vc_video link=&#8221;https:\/\/youtu.be\/qdi6TWcQjvo&#8221; title=&#8221;Oficina ECA &#8211; Turma Manh\u00e3&#8221;][vc_video link=&#8221;https:\/\/www.youtube.com\/watch?v=axLEXdwe3fo&#8221; title=&#8221;Oficina ECA &#8211; Turma Tarde&#8221;][vc_video link=&#8221;https:\/\/youtu.be\/w88DjJoQvbw&#8221; title=&#8221;Oficina Educomunica\u00e7\u00e3o &#8211; Turma Manh\u00e3&#8221;][vc_video link=&#8221;https:\/\/www.youtube.com\/watch?v=ilnh1xMGBIc&#8221; title=&#8221;Oficina Educomunica\u00e7\u00e3o &#8211; Turma Tarde&#8221;][\/vc_column][vc_column width=&#8221;1\/2&#8243;][vc_video link=&#8221;https:\/\/youtu.be\/wOk7znSTyO0&#8243; title=&#8221;Equidade de G\u00eanero &#8211; Turma Manh\u00e3&#8221;][vc_video link=&#8221;https:\/\/www.youtube.com\/watch?v=rNqWQshvscU&#8221; title=&#8221;Equidade de G\u00eanero &#8211; Turma Tarde&#8221;][vc_video link=&#8221;https:\/\/www.youtube.com\/watch?v=J8SF_mtLEag&#8221; title=&#8221;Cinema &#8211; Turma Manh\u00e3&#8221;][vc_video link=&#8221;https:\/\/www.youtube.com\/watch?v=-49F7E2hUtU&#8221; title=&#8221;Cinema &#8211; Turma Tarde&#8221;][\/vc_column][\/vc_row][vc_row u_row_style=&#8221;0&#8243; u_row_paralax=&#8221;0&#8243; u_row_scheme=&#8221;0&#8243; css=&#8221;.vc_custom_1591727924524{background-color: rgba(221,188,188,0.7) !important;*background-color: rgb(221,188,188) !important;}&#8221;][vc_column][vc_custom_heading text=&#8221;PRODU\u00c7\u00d5ES&#8221;][\/vc_column][\/vc_row][vc_row u_row_style=&#8221;0&#8243; u_row_paralax=&#8221;0&#8243; u_row_scheme=&#8221;0&#8243; css=&#8221;.vc_custom_1591727924524{background-color: rgba(221,188,188,0.7) !important;*background-color: rgb(221,188,188) !important;}&#8221;][vc_column width=&#8221;1\/2&#8243;][vc_video link=&#8221;https:\/\/www.youtube.com\/watch?v=AW04i9-A7RM&#8221; title=&#8221;5 tipos de viol\u00eancia&#8221;][vc_video link=&#8221;https:\/\/www.youtube.com\/watch?v=GV6-S38sD_Q&#8221; title=&#8221;Turma 2 &#8211; Hist\u00f3ria da Maria da Penha&#8221;][vc_video link=&#8221;https:\/\/www.youtube.com\/watch?v=XMQSlUSEeoM&#8221; title=&#8221;Telejornal &#8211; Turma Tarde&#8221;][\/vc_column][vc_column width=&#8221;1\/2&#8243;][vc_video link=&#8221;https:\/\/www.youtube.com\/watch?v=Ii46LXjq2jI&#038;t=13s&#8221; title=&#8221;Turma 1 &#8211; Hist\u00f3ria da Maria da Penha&#8221;][vc_video link=&#8221;https:\/\/www.youtube.com\/watch?v=88WtVfYrXt0&#8243; title=&#8221;Lei Maria da Penha &#8211; Turma Tarde&#8221;][vc_video link=&#8221;https:\/\/www.youtube.com\/watch?v=LdfVFyjf2iU&#8221; title=&#8221;Videogame para mulheres &#8211; Turma Tarde&#8221;][\/vc_column][\/vc_row][vc_row u_row_style=&#8221;0&#8243; u_row_paralax=&#8221;0&#8243; u_row_scheme=&#8221;0&#8243; css=&#8221;.vc_custom_1591727904491{background-color: rgba(221,188,188,0.7) !important;*background-color: rgb(221,188,188) !important;}&#8221;][vc_column][vc_custom_heading text=&#8221;Fotos&#8221;][vc_images_carousel images=&#8221;613,614,615,616&#8243;][\/vc_column][\/vc_row][vc_row][vc_column][vc_btn title=&#8221;Confira todas as fotos&#8221; link=&#8221;url:https%3A%2F%2Fdrive.google.com%2Fdrive%2Ffolders%2F1b7lNAqLEI2X2XY9YzuyRaJAjvTp6ezj7%3Fusp%3Dsharing|title:https%3A%2F%2Fdrive.google.com%2Fdrive%2Ffolders%2F1b7lNAqLEI2X2XY9YzuyRaJAjvTp6ezj7%3Fusp%3Dsharing|target:_blank&#8221;][\/vc_column][\/vc_row]<\/p>\n<\/div>","protected":false},"excerpt":{"rendered":"<p>[vc_row u_row_style=&#8221;0&#8243; u_row_paralax=&#8221;0&#8243; u_row_scheme=&#8221;0&#8243; css=&#8221;.vc_custom_1591727924524{background-color: rgba(221,188,188,0.7) !important;*background-color: rgb(221,188,188) !important;}&#8221;][vc_column][vc_custom_heading text=&#8221;MAKING-OFS&#8221;][\/vc_column][\/vc_row][vc_row u_row_style=&#8221;0&#8243; u_row_paralax=&#8221;0&#8243; u_row_scheme=&#8221;0&#8243; css=&#8221;.vc_custom_1591727924524{background-color: rgba(221,188,188,0.7) !important;*background-color: rgb(221,188,188) !important;}&#8221;][vc_column width=&#8221;1\/2&#8243;][vc_video link=&#8221;https:\/\/youtu.be\/qdi6TWcQjvo&#8221; title=&#8221;Oficina ECA &#8211; Turma Manh\u00e3&#8221;][vc_video link=&#8221;https:\/\/www.youtube.com\/watch?v=axLEXdwe3fo&#8221; title=&#8221;Oficina ECA &#8211; Turma Tarde&#8221;][vc_video link=&#8221;https:\/\/youtu.be\/w88DjJoQvbw&#8221; title=&#8221;Oficina Educomunica\u00e7\u00e3o &#8211; Turma Manh\u00e3&#8221;][vc_video link=&#8221;https:\/\/www.youtube.com\/watch?v=ilnh1xMGBIc&#8221; title=&#8221;Oficina Educomunica\u00e7\u00e3o &#8211; Turma Tarde&#8221;][\/vc_column][vc_column width=&#8221;1\/2&#8243;][vc_video link=&#8221;https:\/\/youtu.be\/wOk7znSTyO0&#8243; title=&#8221;Equidade de G\u00eanero &#8211; Turma Manh\u00e3&#8221;][vc_video link=&#8221;https:\/\/www.youtube.com\/watch?v=rNqWQshvscU&#8221; title=&#8221;Equidade de G\u00eanero [&hellip;]<\/p>\n","protected":false},"author":500,"featured_media":0,"parent":0,"menu_order":0,"comment_status":"closed","ping_status":"closed","template":"","meta":{"_exactmetrics_skip_tracking":false,"_exactmetrics_sitenote_active":false,"_exactmetrics_sitenote_note":"","_exactmetrics_sitenote_category":0,"footnotes":"","_links_to":"","_links_to_target":""},"class_list":["post-573","page","type-page","status-publish","hentry"],"_links":{"self":[{"href":"https:\/\/www3.unicentro.br\/florescer\/wp-json\/wp\/v2\/pages\/573","targetHints":{"allow":["GET"]}}],"collection":[{"href":"https:\/\/www3.unicentro.br\/florescer\/wp-json\/wp\/v2\/pages"}],"about":[{"href":"https:\/\/www3.unicentro.br\/florescer\/wp-json\/wp\/v2\/types\/page"}],"author":[{"embeddable":true,"href":"https:\/\/www3.unicentro.br\/florescer\/wp-json\/wp\/v2\/users\/500"}],"replies":[{"embeddable":true,"href":"https:\/\/www3.unicentro.br\/florescer\/wp-json\/wp\/v2\/comments?post=573"}],"version-history":[{"count":0,"href":"https:\/\/www3.unicentro.br\/florescer\/wp-json\/wp\/v2\/pages\/573\/revisions"}],"wp:attachment":[{"href":"https:\/\/www3.unicentro.br\/florescer\/wp-json\/wp\/v2\/media?parent=573"}],"curies":[{"name":"wp","href":"https:\/\/api.w.org\/{rel}","templated":true}]}}