{"id":319,"date":"2020-06-04T15:52:45","date_gmt":"2020-06-04T18:52:45","guid":{"rendered":"https:\/\/www3.unicentro.br\/florescer\/?page_id=319"},"modified":"2022-03-28T11:05:15","modified_gmt":"2022-03-28T14:05:15","slug":"2019-escola-municipal-elcidia-de-santa-maria","status":"publish","type":"page","link":"https:\/\/www3.unicentro.br\/florescer\/2019-escola-municipal-elcidia-de-santa-maria\/","title":{"rendered":"2019 &#8211; Escola Municipal Elc\u00eddia de Santa Maria"},"content":{"rendered":"<div class=\"wpb-content-wrapper\"><p>[vc_row u_row_style=&#8221;0&#8243; u_row_paralax=&#8221;0&#8243; u_row_scheme=&#8221;0&#8243; css=&#8221;.vc_custom_1591728500283{background-color: rgba(221,188,188,0.7) !important;*background-color: rgb(221,188,188) !important;}&#8221;][vc_column][vc_custom_heading text=&#8221;MAKING-OFS&#8221;][\/vc_column][\/vc_row][vc_row u_row_style=&#8221;0&#8243; u_row_paralax=&#8221;0&#8243; u_row_scheme=&#8221;0&#8243; css=&#8221;.vc_custom_1591728531036{background-color: rgba(221,188,188,0.7) !important;*background-color: rgb(221,188,188) !important;}&#8221;][vc_column width=&#8221;1\/2&#8243;][vc_video link=&#8221;https:\/\/youtu.be\/PGOTBpfUIhI&#8221; title=&#8221;Oficina ECA&#8221;][vc_video link=&#8221;https:\/\/youtu.be\/tzgxLsFIBTY&#8221; title=&#8221;Oficina Educomunica\u00e7\u00e3o&#8221;][\/vc_column][vc_column width=&#8221;1\/2&#8243;][vc_video link=&#8221;https:\/\/youtu.be\/iM_UEPl3QVQ&#8221; title=&#8221;Oficina Equidade de G\u00eanero&#8221;][vc_video link=&#8221;https:\/\/youtu.be\/nBU1R-_ghzs&#8221; title=&#8221;Cinema&#8221;][\/vc_column][\/vc_row][vc_row u_row_style=&#8221;0&#8243; u_row_paralax=&#8221;0&#8243; u_row_scheme=&#8221;0&#8243; css=&#8221;.vc_custom_1591728500283{background-color: rgba(221,188,188,0.7) !important;*background-color: rgb(221,188,188) !important;}&#8221;][vc_column][vc_custom_heading text=&#8221;PRODU\u00c7\u00d5ES&#8221;][\/vc_column][\/vc_row][vc_row u_row_style=&#8221;0&#8243; u_row_paralax=&#8221;0&#8243; u_row_scheme=&#8221;0&#8243; css=&#8221;.vc_custom_1591728531036{background-color: rgba(221,188,188,0.7) !important;*background-color: rgb(221,188,188) !important;}&#8221;][vc_column width=&#8221;1\/2&#8243;][vc_video link=&#8221;https:\/\/youtu.be\/_SJoT3TsY_M&#8221; title=&#8221;Par\u00f3dia &#8211; Rela\u00e7\u00e3o sem viol\u00eancia&#8221;][vc_video link=&#8221;https:\/\/www.youtube.com\/watch?v=67m-OLKvdvw&#8221; title=&#8221;Florescer no Youtube&#8221;][\/vc_column][vc_column width=&#8221;1\/2&#8243;][vc_video link=&#8221;https:\/\/www.youtube.com\/watch?v=6DtAEptU1hE&#8221; title=&#8221;Escola Elc\u00eddia na \u00e1rea&#8221;][vc_video link=&#8221;https:\/\/www.youtube.com\/watch?v=AV8I0UvWhUk&#8221; title=&#8221;Fanfarra&#8221;][\/vc_column][\/vc_row][vc_row u_row_style=&#8221;0&#8243; u_row_paralax=&#8221;0&#8243; u_row_scheme=&#8221;0&#8243; css=&#8221;.vc_custom_1591728922971{background-color: rgba(221,188,188,0.7) !important;*background-color: rgb(221,188,188) !important;}&#8221;][vc_column][vc_custom_heading text=&#8221;Fotos&#8221;][\/vc_column][\/vc_row][vc_row][vc_column][vc_images_carousel images=&#8221;496,497,498&#8243;][\/vc_column][\/vc_row]<\/p>\n<\/div>","protected":false},"excerpt":{"rendered":"<p>[vc_row u_row_style=&#8221;0&#8243; u_row_paralax=&#8221;0&#8243; u_row_scheme=&#8221;0&#8243; css=&#8221;.vc_custom_1591728500283{background-color: rgba(221,188,188,0.7) !important;*background-color: rgb(221,188,188) !important;}&#8221;][vc_column][vc_custom_heading text=&#8221;MAKING-OFS&#8221;][\/vc_column][\/vc_row][vc_row u_row_style=&#8221;0&#8243; u_row_paralax=&#8221;0&#8243; u_row_scheme=&#8221;0&#8243; css=&#8221;.vc_custom_1591728531036{background-color: rgba(221,188,188,0.7) !important;*background-color: rgb(221,188,188) !important;}&#8221;][vc_column width=&#8221;1\/2&#8243;][vc_video link=&#8221;https:\/\/youtu.be\/PGOTBpfUIhI&#8221; title=&#8221;Oficina ECA&#8221;][vc_video link=&#8221;https:\/\/youtu.be\/tzgxLsFIBTY&#8221; title=&#8221;Oficina Educomunica\u00e7\u00e3o&#8221;][\/vc_column][vc_column width=&#8221;1\/2&#8243;][vc_video link=&#8221;https:\/\/youtu.be\/iM_UEPl3QVQ&#8221; title=&#8221;Oficina Equidade de G\u00eanero&#8221;][vc_video link=&#8221;https:\/\/youtu.be\/nBU1R-_ghzs&#8221; title=&#8221;Cinema&#8221;][\/vc_column][\/vc_row][vc_row u_row_style=&#8221;0&#8243; u_row_paralax=&#8221;0&#8243; u_row_scheme=&#8221;0&#8243; css=&#8221;.vc_custom_1591728500283{background-color: rgba(221,188,188,0.7) !important;*background-color: rgb(221,188,188) !important;}&#8221;][vc_column][vc_custom_heading text=&#8221;PRODU\u00c7\u00d5ES&#8221;][\/vc_column][\/vc_row][vc_row u_row_style=&#8221;0&#8243; u_row_paralax=&#8221;0&#8243; u_row_scheme=&#8221;0&#8243; css=&#8221;.vc_custom_1591728531036{background-color: rgba(221,188,188,0.7) !important;*background-color: rgb(221,188,188) !important;}&#8221;][vc_column width=&#8221;1\/2&#8243;][vc_video link=&#8221;https:\/\/youtu.be\/_SJoT3TsY_M&#8221; title=&#8221;Par\u00f3dia &#8211; Rela\u00e7\u00e3o [&hellip;]<\/p>\n","protected":false},"author":268,"featured_media":0,"parent":0,"menu_order":0,"comment_status":"closed","ping_status":"closed","template":"","meta":{"_exactmetrics_skip_tracking":false,"_exactmetrics_sitenote_active":false,"_exactmetrics_sitenote_note":"","_exactmetrics_sitenote_category":0,"footnotes":"","_links_to":"","_links_to_target":""},"class_list":["post-319","page","type-page","status-publish","hentry"],"_links":{"self":[{"href":"https:\/\/www3.unicentro.br\/florescer\/wp-json\/wp\/v2\/pages\/319","targetHints":{"allow":["GET"]}}],"collection":[{"href":"https:\/\/www3.unicentro.br\/florescer\/wp-json\/wp\/v2\/pages"}],"about":[{"href":"https:\/\/www3.unicentro.br\/florescer\/wp-json\/wp\/v2\/types\/page"}],"author":[{"embeddable":true,"href":"https:\/\/www3.unicentro.br\/florescer\/wp-json\/wp\/v2\/users\/268"}],"replies":[{"embeddable":true,"href":"https:\/\/www3.unicentro.br\/florescer\/wp-json\/wp\/v2\/comments?post=319"}],"version-history":[{"count":0,"href":"https:\/\/www3.unicentro.br\/florescer\/wp-json\/wp\/v2\/pages\/319\/revisions"}],"wp:attachment":[{"href":"https:\/\/www3.unicentro.br\/florescer\/wp-json\/wp\/v2\/media?parent=319"}],"curies":[{"name":"wp","href":"https:\/\/api.w.org\/{rel}","templated":true}]}}