{"id":2,"date":"2017-06-06T07:50:48","date_gmt":"2017-06-06T10:50:48","guid":{"rendered":"https:\/\/www3.unicentro.br\/florescer\/?page_id=2"},"modified":"2024-04-02T09:46:04","modified_gmt":"2024-04-02T12:46:04","slug":"pagina-exemplo","status":"publish","type":"page","link":"https:\/\/www3.unicentro.br\/florescer\/","title":{"rendered":"Inicial"},"content":{"rendered":"<div class=\"wpb-content-wrapper\"><p>[vc_row][vc_column][vc_gallery type=&#8221;nivo&#8221; interval=&#8221;3&#8243; images=&#8221;1777,1778,1779,1780,1781,1782,1783,1784,1785,1786,1787,1788,1789&#8243; img_size=&#8221;1140&#215;600&#8243;][\/vc_column][\/vc_row][vc_row][vc_column][vc_column_text]<\/p>\n<h2 style=\"text-align: center\">A PREVEN\u00c7\u00c3O DA VIOL\u00caNCIA CONTRA A MULHER NAS ESCOLAS DE GUARAPUAVA<\/h2>\n<p>[\/vc_column_text][\/vc_column][\/vc_row][vc_row][vc_column width=&#8221;1\/2&#8243;][vc_video link=&#8221;https:\/\/youtu.be\/QImiTi8fcNs&#8221;][\/vc_column][vc_column width=&#8221;1\/2&#8243;][vc_video link=&#8221;https:\/\/youtu.be\/e8HLOinZLvU&#8221;][\/vc_column][\/vc_row][vc_row u_row_style=&#8221;0&#8243; u_row_paralax=&#8221;0&#8243; u_row_scheme=&#8221;0&#8243; css=&#8221;.vc_custom_1658236355725{background-position: center !important;background-repeat: no-repeat !important;background-size: cover !important;}&#8221;][vc_column width=&#8221;1\/5&#8243; css=&#8221;.vc_custom_1711977508939{background-color: rgba(244,225,225,0.8) !important;*background-color: rgb(244,225,225) !important;}&#8221;][vc_raw_html]JTNDaHRtbCUzRSUwQSUzQ2hlYWQlM0UlMEElM0NzdHlsZSUzRSUwQS5tYWlubWVudWJ0biUyMCU3QiUwQSUyMCUyMGxpbmUtd2lkdGglM0ElMjAyMDBweCUzQiUwQSUyMCUyMHdpZHRoJTNBJTIwMjAwcHglM0IlMEElMjAlMjB0ZXh0LWFsaWduJTNBJTIwY2VudGVyJTNCJTBBJTdEJTBBLm1haW5tZW51YnRuJTIwJTdCJTBBdGV4dC1hbGlnbiUzQSUyMGNlbnRlciUzQiUwQSU3RCUwQS5tYWlubWVudWJ0biUyMCU3QiUwQWJhY2tncm91bmQtY29sb3IlM0ElMjAlMjNlYWI5YjklM0IlMEFjb2xvciUzQSUyMHdoaXRlJTNCJTBBYm9yZGVyJTNBJTIwbm9uZSUzQiUwQWN1cnNvciUzQSUyMHBvaW50ZXIlM0IlMEFwYWRkaW5nJTNBMjBweCUzQiUwQW1hcmdpbi10b3AlM0EyMHB4JTNCJTBBJTdEJTBBLmRyb3Bkb3duJTIwJTdCJTBBcG9zaXRpb24lM0ElMjByZWxhdGl2ZSUzQiUwQWRpc3BsYXklM0ElMjBpbmxpbmUtYmxvY2slM0IlMEElN0QlMEEuZHJvcGRvd24tY2hpbGQlMjAlN0IlMEFkaXNwbGF5JTNBJTIwbm9uZSUzQiUwQWJhY2tncm91bmQtY29sb3IlM0ElMjAlMjNlYWI5YjklM0IlMEFtaW4td2lkdGglM0ElMjAyMDBweCUzQiUwQSU3RCUwQS5kcm9wZG93bi1jaGlsZCUyMGElMjAlN0IlMEFjb2xvciUzQSUyMHdoaXRlJTNCJTBBcGFkZGluZyUzQSUyMDIwcHglM0IlMEF0ZXh0LWRlY29yYXRpb24lM0ElMjBub25lJTNCJTBBZGlzcGxheSUzQSUyMGJsb2NrJTNCJTBBJTdEJTBBLmRyb3Bkb3duJTNBaG92ZXIlMjAuZHJvcGRvd24tY2hpbGQlMjAlN0IlMEFkaXNwbGF5JTNBJTIwYmxvY2slM0IlMEElN0QlMEElM0MlMkZzdHlsZSUzRSUwQSUzQyUyRmhlYWQlM0UlMEElM0Nib2R5JTNFJTBBJTNDZGl2JTIwY2xhc3MlM0QlMjJkcm9wZG93biUyMiUzRSUwQSUzQ2J1dHRvbiUyMGNsYXNzJTNEJTIybWFpbm1lbnVidG4lMjIlM0UlM0NhJTIwaHJlZiUzRCUyMmh0dHBzJTNBJTJGJTJGd3d3My51bmljZW50cm8uYnIlMkZmbG9yZXNjZXIlMkYyMDIyLTIlMkYlMjIlM0UyMDIzJTNDJTJGYSUzRSUzQyUyRmJ1dHRvbiUzRSUwQSUzQ2RpdiUyMGNsYXNzJTNEJTIyZHJvcGRvd24tY2hpbGQlMjIlM0UlMEElM0NhJTIwaHJlZiUzRCUyMmh0dHBzJTNBJTJGJTJGd3d3My51bmljZW50cm8uYnIlMkZmbG9yZXNjZXIlMkYyMDIzLW1hbm9lbC1tb3JlaXJhJTJGJTIyJTNFTWFub2VsJTIwTW9yZWlyYSUzQyUyRmElM0UlMEElM0NhJTIwaHJlZiUzRCUyMmh0dHBzJTNBJTJGJTJGd3d3My51bmljZW50cm8uYnIlMkZmbG9yZXNjZXIlMkYyMDIzLWFyaWVsLWpvc2UtcGlyZXMlMkYlMjIlM0VBcmllbCUyMEpvcyVDMyVBOSUyMFBpcmVzJTNDJTJGYSUzRSUwQSUzQ2ElMjBocmVmJTNEJTIyaHR0cHMlM0ElMkYlMkZ3d3czLnVuaWNlbnRyby5iciUyRmZsb3Jlc2NlciUyRjIwMjMtZG9taW5nb3MtcyVDMyVBMXZpbyUyRiUyMiUzRURvbWluZ29zJTIwUyVDMyVBMXZpbyUzQyUyRmElM0UlMEElM0MlMkZkaXYlM0UlMEElM0MlMkZkaXYlM0UlMEElM0MlMkZib2R5JTNFJTBBJTNDJTJGaHRtbCUzRQ==[\/vc_raw_html][\/vc_column][vc_column width=&#8221;1\/5&#8243; css=&#8221;.vc_custom_1658236461077{background-color: rgba(244,225,225,0.8) !important;*background-color: rgb(244,225,225) !important;}&#8221;][vc_raw_html]JTNDaHRtbCUzRSUwQSUzQ2hlYWQlM0UlMEElM0NzdHlsZSUzRSUwQS5tYWlubWVudWJ0biUyMCU3QiUwQSUyMCUyMGxpbmUtd2lkdGglM0ElMjAyMDBweCUzQiUwQSUyMCUyMHdpZHRoJTNBJTIwMjAwcHglM0IlMEElMjAlMjB0ZXh0LWFsaWduJTNBJTIwY2VudGVyJTNCJTBBJTdEJTBBLm1haW5tZW51YnRuJTIwJTdCJTBBdGV4dC1hbGlnbiUzQSUyMGNlbnRlciUzQiUwQSU3RCUwQS5tYWlubWVudWJ0biUyMCU3QiUwQWJhY2tncm91bmQtY29sb3IlM0ElMjAlMjNlYWI5YjklM0IlMEFjb2xvciUzQSUyMHdoaXRlJTNCJTBBYm9yZGVyJTNBJTIwbm9uZSUzQiUwQWN1cnNvciUzQSUyMHBvaW50ZXIlM0IlMEFwYWRkaW5nJTNBMjBweCUzQiUwQW1hcmdpbi10b3AlM0EyMHB4JTNCJTBBJTdEJTBBLmRyb3Bkb3duJTIwJTdCJTBBcG9zaXRpb24lM0ElMjByZWxhdGl2ZSUzQiUwQWRpc3BsYXklM0ElMjBpbmxpbmUtYmxvY2slM0IlMEElN0QlMEEuZHJvcGRvd24tY2hpbGQlMjAlN0IlMEFkaXNwbGF5JTNBJTIwbm9uZSUzQiUwQWJhY2tncm91bmQtY29sb3IlM0ElMjAlMjNlYWI5YjklM0IlMEFtaW4td2lkdGglM0ElMjAyMDBweCUzQiUwQSU3RCUwQS5kcm9wZG93bi1jaGlsZCUyMGElMjAlN0IlMEFjb2xvciUzQSUyMHdoaXRlJTNCJTBBcGFkZGluZyUzQSUyMDIwcHglM0IlMEF0ZXh0LWRlY29yYXRpb24lM0ElMjBub25lJTNCJTBBZGlzcGxheSUzQSUyMGJsb2NrJTNCJTBBJTdEJTBBLmRyb3Bkb3duJTNBaG92ZXIlMjAuZHJvcGRvd24tY2hpbGQlMjAlN0IlMEFkaXNwbGF5JTNBJTIwYmxvY2slM0IlMEElN0QlMEElM0MlMkZzdHlsZSUzRSUwQSUzQyUyRmhlYWQlM0UlMEElM0Nib2R5JTNFJTBBJTNDZGl2JTIwY2xhc3MlM0QlMjJkcm9wZG93biUyMiUzRSUwQSUzQ2J1dHRvbiUyMGNsYXNzJTNEJTIybWFpbm1lbnVidG4lMjIlM0UlM0NhJTIwaHJlZiUzRCUyMmh0dHBzJTNBJTJGJTJGd3d3My51bmljZW50cm8uYnIlMkZmbG9yZXNjZXIlMkYyMDIyLTIlMkYlMjIlM0UyMDIyJTNDJTJGYSUzRSUzQyUyRmJ1dHRvbiUzRSUwQSUzQ2RpdiUyMGNsYXNzJTNEJTIyZHJvcGRvd24tY2hpbGQlMjIlM0UlMEElM0NhJTIwaHJlZiUzRCUyMmh0dHBzJTNBJTJGJTJGd3d3My51bmljZW50cm8uYnIlMkZmbG9yZXNjZXIlMkYyMDIyLWVzY29sYS1oaWxkZWdhcmQtYnVyamFuJTJGJTIyJTNFSGlsZGVyZ2FyZCUyMEJ1cmphbiUzQyUyRmElM0UlMEElM0NhJTIwaHJlZiUzRCUyMmh0dHBzJTNBJTJGJTJGd3d3My51bmljZW50cm8uYnIlMkZmbG9yZXNjZXIlMkYyMDIyLW1hcmlhLWRlLWplc3VzLXRhcXVlcyUyRiUyMiUzRU1hcmlhJTIwZGUlMjBKZXN1cyUyMFRhcXVlcyUzQyUyRmElM0UlMEElM0NhJTIwaHJlZiUzRCUyMmh0dHBzJTNBJTJGJTJGd3d3My51bmljZW50cm8uYnIlMkZmbG9yZXNjZXIlMkZpcmVuZS1ndWltYXJhZXMtcHVwby1ub3ZvJTJGJTIyJTNFSXJlbmUlMjBHdWltYXIlQzMlQTNlcyUyMFB1cG8lM0MlMkZhJTNFJTBBJTNDYSUyMGhyZWYlM0QlMjJodHRwcyUzQSUyRiUyRnd3dzMudW5pY2VudHJvLmJyJTJGZmxvcmVzY2VyJTJGcHJvZmVzc29yYS1zaWx2YW5pcmEtYWN5b2xpLWxpbnMtcGVuaGEtMiUyRiUyMiUzRVByb2Zlc3NvcmElMjBTaWx2YW5pcmElMjBBY3lvbGklMjBMaW5zJTIwUGVuaGElM0MlMkZhJTNFJTBBJTNDYSUyMGhyZWYlM0QlMjJodHRwcyUzQSUyRiUyRnd3dzMudW5pY2VudHJvLmJyJTJGZmxvcmVzY2VyJTJGMjAyMi1sdWl6YS1wYXdsaW5hLWRvLWFtYXJhbCUyRiUyMiUzRUx1aXphJTIwUGF3bGluYSUyMGRvJTIwQW1hcmFsJTNDJTJGYSUzRSUwQSUzQyUyRmRpdiUzRSUwQSUzQyUyRmRpdiUzRSUwQSUzQyUyRmJvZHklM0UlMEElM0MlMkZodG1sJTNF[\/vc_raw_html][\/vc_column][vc_column width=&#8221;1\/5&#8243; css=&#8221;.vc_custom_1658860919979{background-color: rgba(244,225,225,0.8) !important;*background-color: rgb(244,225,225) !important;}&#8221;][vc_raw_html]JTNDaHRtbCUzRSUwQSUzQ2hlYWQlM0UlMEElM0NzdHlsZSUzRSUwQS5tYWlubWVudWJ0biUyMCU3QiUwQSUyMCUyMGxpbmUtd2lkdGglM0ElMjAyMDBweCUzQiUwQSUyMCUyMHdpZHRoJTNBJTIwMjAwcHglM0IlMEElMjAlMjB0ZXh0LWFsaWduJTNBJTIwY2VudGVyJTNCJTBBJTdEJTBBLm1haW5tZW51YnRuJTIwJTdCJTBBdGV4dC1hbGlnbiUzQSUyMGNlbnRlciUzQiUwQSU3RCUwQS5tYWlubWVudWJ0biUyMCU3QiUwQWJhY2tncm91bmQtY29sb3IlM0ElMjAlMjNlYWI5YjklM0IlMEFjb2xvciUzQSUyMHdoaXRlJTNCJTBBYm9yZGVyJTNBJTIwbm9uZSUzQiUwQWN1cnNvciUzQSUyMHBvaW50ZXIlM0IlMEFwYWRkaW5nJTNBMjBweCUzQiUwQW1hcmdpbi10b3AlM0EyMHB4JTNCJTBBJTdEJTBBLmRyb3Bkb3duJTIwJTdCJTBBcG9zaXRpb24lM0ElMjByZWxhdGl2ZSUzQiUwQWRpc3BsYXklM0ElMjBpbmxpbmUtYmxvY2slM0IlMEElN0QlMEEuZHJvcGRvd24tY2hpbGQlMjAlN0IlMEFkaXNwbGF5JTNBJTIwbm9uZSUzQiUwQWJhY2tncm91bmQtY29sb3IlM0ElMjAlMjNlYWI5YjklM0IlMEFtaW4td2lkdGglM0ElMjAyMDBweCUzQiUwQSU3RCUwQS5kcm9wZG93bi1jaGlsZCUyMGElMjAlN0IlMEFjb2xvciUzQSUyMHdoaXRlJTNCJTBBcGFkZGluZyUzQSUyMDIwcHglM0IlMEF0ZXh0LWRlY29yYXRpb24lM0ElMjBub25lJTNCJTBBZGlzcGxheSUzQSUyMGJsb2NrJTNCJTBBJTdEJTBBLmRyb3Bkb3duJTNBaG92ZXIlMjAuZHJvcGRvd24tY2hpbGQlMjAlN0IlMEFkaXNwbGF5JTNBJTIwYmxvY2slM0IlMEElN0QlMEElM0MlMkZzdHlsZSUzRSUwQSUzQyUyRmhlYWQlM0UlMEElM0Nib2R5JTNFJTBBJTNDZGl2JTIwY2xhc3MlM0QlMjJkcm9wZG93biUyMiUzRSUwQSUzQ2J1dHRvbiUyMGNsYXNzJTNEJTIybWFpbm1lbnVidG4lMjIlM0UlM0NhJTIwaHJlZiUzRCUyMmh0dHBzJTNBJTJGJTJGd3d3My51bmljZW50cm8uYnIlMkZmbG9yZXNjZXIlMkYyMDIwLTIlMkYlMjIlM0UyMDIwJTNDJTJGYSUzRSUzQyUyRmJ1dHRvbiUzRSUwQSUzQ2RpdiUyMGNsYXNzJTNEJTIyZHJvcGRvd24tY2hpbGQlMjIlM0UlMEElM0NhJTIwaHJlZiUzRCUyMmh0dHAlM0ElMkYlMkZ3d3czLnVuaWNlbnRyby5iciUyRmZsb3Jlc2NlciUyRjIwMjAtZXNjb2xhLW11bmljaXBhbC1oaXBvbHl0YS1udW5lcy1kZS1vbGl2ZWlyYSUyRiUyMiUzRUhpcCVDMyVCM2x5dGElMjBOdW5lcyUyMGRlJTIwT2xpdmVpcmElM0MlMkZhJTNFJTBBJTNDYSUyMGhyZWYlM0QlMjJodHRwJTNBJTJGJTJGd3d3My51bmljZW50cm8uYnIlMkZmbG9yZXNjZXIlMkYyMDIwLWVzY29sYS1tdW5pY2lwYWwtcm9iZXJ0by1jdW5oYS1lLXNpbHZhJTJGJTIyJTNFUm9iZXJ0byUyMEN1bmhhJTIwZSUyMFNpbHZhJTNDJTJGYSUzRSUwQSUzQyUyRmRpdiUzRSUwQSUzQyUyRmRpdiUzRSUwQSUzQyUyRmJvZHklM0UlMEElM0MlMkZodG1sJTNF[\/vc_raw_html][\/vc_column][vc_column width=&#8221;1\/5&#8243; css=&#8221;.vc_custom_1658860942014{background-color: rgba(244,225,225,0.8) !important;*background-color: rgb(244,225,225) !important;}&#8221;][vc_raw_html]JTNDaHRtbCUzRSUwQSUzQ2hlYWQlM0UlMEElM0NzdHlsZSUzRSUwQS5tYWlubWVudWJ0biUyMCU3QiUwQWJhY2tncm91bmQtY29sb3IlM0ElMjAlMjNlYWI5YjklM0IlMEFjb2xvciUzQSUyMHdoaXRlJTNCJTBBYm9yZGVyJTNBJTIwbm9uZSUzQiUwQWN1cnNvciUzQSUyMHBvaW50ZXIlM0IlMEFwYWRkaW5nJTNBMjBweCUzQiUwQW1hcmdpbi10b3AlM0EyMHB4JTNCJTBBJTdEJTBBLmRyb3Bkb3duJTIwJTdCJTBBcG9zaXRpb24lM0ElMjByZWxhdGl2ZSUzQiUwQWRpc3BsYXklM0ElMjBpbmxpbmUtYmxvY2slM0IlMEElN0QlMEEuZHJvcGRvd24tY2hpbGQlMjAlN0IlMEFkaXNwbGF5JTNBJTIwbm9uZSUzQiUwQWJhY2tncm91bmQtY29sb3IlM0ElMjAlMjNlYWI5YjklM0IlMEFtaW4td2lkdGglM0ElMjAyMDBweCUzQiUwQSU3RCUwQS5kcm9wZG93bi1jaGlsZCUyMGElMjAlN0IlMEFjb2xvciUzQSUyMHdoaXRlJTNCJTBBcGFkZGluZyUzQSUyMDIwcHglM0IlMEF0ZXh0LWRlY29yYXRpb24lM0ElMjBub25lJTNCJTBBZGlzcGxheSUzQSUyMGJsb2NrJTNCJTBBJTdEJTBBLmRyb3Bkb3duJTNBaG92ZXIlMjAuZHJvcGRvd24tY2hpbGQlMjAlN0IlMEFkaXNwbGF5JTNBJTIwYmxvY2slM0IlMEElN0QlMEElM0MlMkZzdHlsZSUzRSUwQSUzQyUyRmhlYWQlM0UlMEElM0Nib2R5JTNFJTBBJTNDZGl2JTIwY2xhc3MlM0QlMjJkcm9wZG93biUyMiUzRSUwQSUzQ2J1dHRvbiUyMGNsYXNzJTNEJTIybWFpbm1lbnVidG4lMjIlM0UlM0NhJTIwaHJlZiUzRCUyMmh0dHBzJTNBJTJGJTJGd3d3My51bmljZW50cm8uYnIlMkZmbG9yZXNjZXIlMkYyMDE5LTIlMkYlMjIlM0UyMDE5JTNDJTJGYSUzRSUzQyUyRmJ1dHRvbiUzRSUwQSUzQ2RpdiUyMGNsYXNzJTNEJTIyZHJvcGRvd24tY2hpbGQlMjIlM0UlMEElM0NhJTIwaHJlZiUzRCUyMmh0dHAlM0ElMkYlMkZ3d3czLnVuaWNlbnRyby5iciUyRmZsb3Jlc2NlciUyRjIwMTktZXNjb2xhLW11bmljaXBhbC1kYWxpbGEtdGVpeGVpcmElMkYlMjIlM0VEYWxpbGElMjBUZWl4ZWlyYSUzQyUyRmElM0UlMEElM0NhJTIwaHJlZiUzRCUyMmh0dHAlM0ElMkYlMkZ3d3czLnVuaWNlbnRyby5iciUyRmZsb3Jlc2NlciUyRjIwMTktZXNjb2xhLW11bmljaXBhbC1lbGNpZGlhLWRlLXNhbnRhLW1hcmlhJTJGJTIyJTNFRWxjaWRpYSUyMERlJTIwU2FudGElMjBNYXJpYSUzQyUyRmElM0UlMEElM0NhJTIwaHJlZiUzRCUyMmh0dHAlM0ElMkYlMkZ3d3czLnVuaWNlbnRyby5iciUyRmZsb3Jlc2NlciUyRjIwMTktZXNjb2xhLW11bmljaXBhbC1mcmFuY2lzY28tY29udGluaSUyRiUyMiUzRUZyYW5jaXNjbyUyMENvbnRpbmklM0MlMkZhJTNFJTBBJTNDYSUyMGhyZWYlM0QlMjJodHRwcyUzQSUyRiUyRnd3dzMudW5pY2VudHJvLmJyJTJGZmxvcmVzY2VyJTJGMjAxOS1lc2NvbGEtbXVuaWNpcGFsLWhpcG9seXRhLW51bmVzLWRlLW9saXZlaXJhJTJGJTIyJTNFSGlwJUMzJUIzbHl0YSUyME51bmVzJTIwZGUlMjBPbGl2ZWlyYSUzQyUyRmElM0UlMEElM0NhJTIwaHJlZiUzRCUyMmh0dHBzJTNBJTJGJTJGd3d3My51bmljZW50cm8uYnIlMkZmbG9yZXNjZXIlMkYyMDE5LWVzY29sYS1tdW5pY2lwYWwtaW5hLXJpYmFzLWNhcmxpLXRvdGFsJTJGJTIyJTNFSW4lQzMlQTElMjBSaWJhcyUyMENhcmxpJTNDJTJGYSUzRSUwQSUzQ2ElMjBocmVmJTNEJTIyaHR0cHMlM0ElMkYlMkZ3d3czLnVuaWNlbnRyby5iciUyRmZsb3Jlc2NlciUyRjIwMTktZXNjb2xhLW11bmljaXBhbC1yYXVsLWhlbnJpcXVlLWx1cGF0dGVsbGklMkYlMjIlM0VSYXVsJTIwSGVucmlxdWUlMjBMdXBhdHRlbGxpJTNDJTJGYSUzRSUwQSUzQ2ElMjBocmVmJTNEJTIyaHR0cHMlM0ElMkYlMkZ3d3czLnVuaWNlbnRyby5iciUyRmZsb3Jlc2NlciUyRjIwMTktZXNjb2xhLW11bmljaXBhbC1zYW8tcGVkcm8lMkYlMjIlM0VTJUMzJUEzbyUyMFBlZHJvJTNDJTJGYSUzRSUwQSUzQyUyRmRpdiUzRSUwQSUzQyUyRmRpdiUzRSUwQSUzQyUyRmJvZHklM0UlMEElM0MlMkZodG1sJTNF[\/vc_raw_html][\/vc_column][vc_column width=&#8221;1\/5&#8243; css=&#8221;.vc_custom_1658860955892{background-color: rgba(244,225,225,0.8) !important;*background-color: rgb(244,225,225) !important;}&#8221;][vc_raw_html]JTNDaHRtbCUzRSUwQSUzQ2hlYWQlM0UlMEElM0NzdHlsZSUzRSUwQS5tYWlubWVudWJ0biUyMCU3QiUwQWJhY2tncm91bmQtY29sb3IlM0ElMjAlMjNlYWI5YjklM0IlMEFjb2xvciUzQSUyMHdoaXRlJTNCJTBBYm9yZGVyJTNBJTIwbm9uZSUzQiUwQWN1cnNvciUzQSUyMHBvaW50ZXIlM0IlMEFwYWRkaW5nJTNBMjBweCUzQiUwQW1hcmdpbi10b3AlM0EyMHB4JTNCJTBBJTdEJTBBLmRyb3Bkb3duJTIwJTdCJTBBcG9zaXRpb24lM0ElMjByZWxhdGl2ZSUzQiUwQWRpc3BsYXklM0ElMjBpbmxpbmUtYmxvY2slM0IlMEElN0QlMEEuZHJvcGRvd24tY2hpbGQlMjAlN0IlMEFkaXNwbGF5JTNBJTIwbm9uZSUzQiUwQWJhY2tncm91bmQtY29sb3IlM0ElMjAlMjNlYWI5YjklM0IlMEFtaW4td2lkdGglM0ElMjAyMDBweCUzQiUwQSU3RCUwQS5kcm9wZG93bi1jaGlsZCUyMGElMjAlN0IlMEFjb2xvciUzQSUyMHdoaXRlJTNCJTBBcGFkZGluZyUzQSUyMDIwcHglM0IlMEF0ZXh0LWRlY29yYXRpb24lM0ElMjBub25lJTNCJTBBZGlzcGxheSUzQSUyMGJsb2NrJTNCJTBBJTdEJTBBLmRyb3Bkb3duJTNBaG92ZXIlMjAuZHJvcGRvd24tY2hpbGQlMjAlN0IlMEFkaXNwbGF5JTNBJTIwYmxvY2slM0IlMEElN0QlMEElM0MlMkZzdHlsZSUzRSUwQSUzQyUyRmhlYWQlM0UlMEElM0Nib2R5JTNFJTBBJTNDZGl2JTIwY2xhc3MlM0QlMjJkcm9wZG93biUyMiUzRSUwQSUzQ2J1dHRvbiUyMGNsYXNzJTNEJTIybWFpbm1lbnVidG4lMjIlM0UlM0NhJTIwaHJlZiUzRCUyMmh0dHAlM0ElMkYlMkZ3d3czLnVuaWNlbnRyby5iciUyRmZsb3Jlc2NlciUyRjIwMTgtZXNjb2xhLW11bmljaXBhbC1sdWl6YS1wYXdsaW5hLWRvLWFtYXJhbCUyRiUyMiUzRTIwMTglM0MlMkZhJTNFJTNDJTJGYnV0dG9uJTNFJTBBJTNDZGl2JTIwY2xhc3MlM0QlMjJkcm9wZG93bi1jaGlsZCUyMiUzRSUwQSUzQ2ElMjBocmVmJTNEJTIyaHR0cCUzQSUyRiUyRnd3dzMudW5pY2VudHJvLmJyJTJGZmxvcmVzY2VyJTJGMjAxOC1lc2NvbGEtbXVuaWNpcGFsLWx1aXphLXBhd2xpbmEtZG8tYW1hcmFsJTJGJTIyJTNFTHVpemElMjBQYXdsaW5hJTIwZG8lMjBBbWFyYWwlM0MlMkZhJTNFJTBBJTNDJTJGZGl2JTNFJTBBJTNDJTJGZGl2JTNFJTBBJTNDJTJGYm9keSUzRSUwQSUzQyUyRmh0bWwlM0U=[\/vc_raw_html][\/vc_column][\/vc_row][vc_row][vc_column][\/vc_column][\/vc_row]<\/p>\n<\/div>","protected":false},"excerpt":{"rendered":"<p>[vc_row][vc_column][vc_gallery type=&#8221;nivo&#8221; interval=&#8221;3&#8243; images=&#8221;1777,1778,1779,1780,1781,1782,1783,1784,1785,1786,1787,1788,1789&#8243; img_size=&#8221;1140&#215;600&#8243;][\/vc_column][\/vc_row][vc_row][vc_column][vc_column_text] A PREVEN\u00c7\u00c3O DA VIOL\u00caNCIA CONTRA A MULHER NAS ESCOLAS DE GUARAPUAVA [\/vc_column_text][\/vc_column][\/vc_row][vc_row][vc_column width=&#8221;1\/2&#8243;][vc_video link=&#8221;https:\/\/youtu.be\/QImiTi8fcNs&#8221;][\/vc_column][vc_column width=&#8221;1\/2&#8243;][vc_video link=&#8221;https:\/\/youtu.be\/e8HLOinZLvU&#8221;][\/vc_column][\/vc_row][vc_row u_row_style=&#8221;0&#8243; u_row_paralax=&#8221;0&#8243; u_row_scheme=&#8221;0&#8243; css=&#8221;.vc_custom_1658236355725{background-position: center !important;background-repeat: no-repeat !important;background-size: cover !important;}&#8221;][vc_column width=&#8221;1\/5&#8243; css=&#8221;.vc_custom_1711977508939{background-color: rgba(244,225,225,0.8) !important;*background-color: rgb(244,225,225) !important;}&#8221;][vc_raw_html]JTNDaHRtbCUzRSUwQSUzQ2hlYWQlM0UlMEElM0NzdHlsZSUzRSUwQS5tYWlubWVudWJ0biUyMCU3QiUwQSUyMCUyMGxpbmUtd2lkdGglM0ElMjAyMDBweCUzQiUwQSUyMCUyMHdpZHRoJTNBJTIwMjAwcHglM0IlMEElMjAlMjB0ZXh0LWFsaWduJTNBJTIwY2VudGVyJTNCJTBBJTdEJTBBLm1haW5tZW51YnRuJTIwJTdCJTBBdGV4dC1hbGlnbiUzQSUyMGNlbnRlciUzQiUwQSU3RCUwQS5tYWlubWVudWJ0biUyMCU3QiUwQWJhY2tncm91bmQtY29sb3IlM0ElMjAlMjNlYWI5YjklM0IlMEFjb2xvciUzQSUyMHdoaXRlJTNCJTBBYm9yZGVyJTNBJTIwbm9uZSUzQiUwQWN1cnNvciUzQSUyMHBvaW50ZXIlM0IlMEFwYWRkaW5nJTNBMjBweCUzQiUwQW1hcmdpbi10b3AlM0EyMHB4JTNCJTBBJTdEJTBBLmRyb3Bkb3duJTIwJTdCJTBBcG9zaXRpb24lM0ElMjByZWxhdGl2ZSUzQiUwQWRpc3BsYXklM0ElMjBpbmxpbmUtYmxvY2slM0IlMEElN0QlMEEuZHJvcGRvd24tY2hpbGQlMjAlN0IlMEFkaXNwbGF5JTNBJTIwbm9uZSUzQiUwQWJhY2tncm91bmQtY29sb3IlM0ElMjAlMjNlYWI5YjklM0IlMEFtaW4td2lkdGglM0ElMjAyMDBweCUzQiUwQSU3RCUwQS5kcm9wZG93bi1jaGlsZCUyMGElMjAlN0IlMEFjb2xvciUzQSUyMHdoaXRlJTNCJTBBcGFkZGluZyUzQSUyMDIwcHglM0IlMEF0ZXh0LWRlY29yYXRpb24lM0ElMjBub25lJTNCJTBBZGlzcGxheSUzQSUyMGJsb2NrJTNCJTBBJTdEJTBBLmRyb3Bkb3duJTNBaG92ZXIlMjAuZHJvcGRvd24tY2hpbGQlMjAlN0IlMEFkaXNwbGF5JTNBJTIwYmxvY2slM0IlMEElN0QlMEElM0MlMkZzdHlsZSUzRSUwQSUzQyUyRmhlYWQlM0UlMEElM0Nib2R5JTNFJTBBJTNDZGl2JTIwY2xhc3MlM0QlMjJkcm9wZG93biUyMiUzRSUwQSUzQ2J1dHRvbiUyMGNsYXNzJTNEJTIybWFpbm1lbnVidG4lMjIlM0UlM0NhJTIwaHJlZiUzRCUyMmh0dHBzJTNBJTJGJTJGd3d3My51bmljZW50cm8uYnIlMkZmbG9yZXNjZXIlMkYyMDIyLTIlMkYlMjIlM0UyMDIzJTNDJTJGYSUzRSUzQyUyRmJ1dHRvbiUzRSUwQSUzQ2RpdiUyMGNsYXNzJTNEJTIyZHJvcGRvd24tY2hpbGQlMjIlM0UlMEElM0NhJTIwaHJlZiUzRCUyMmh0dHBzJTNBJTJGJTJGd3d3My51bmljZW50cm8uYnIlMkZmbG9yZXNjZXIlMkYyMDIzLW1hbm9lbC1tb3JlaXJhJTJGJTIyJTNFTWFub2VsJTIwTW9yZWlyYSUzQyUyRmElM0UlMEElM0NhJTIwaHJlZiUzRCUyMmh0dHBzJTNBJTJGJTJGd3d3My51bmljZW50cm8uYnIlMkZmbG9yZXNjZXIlMkYyMDIzLWFyaWVsLWpvc2UtcGlyZXMlMkYlMjIlM0VBcmllbCUyMEpvcyVDMyVBOSUyMFBpcmVzJTNDJTJGYSUzRSUwQSUzQ2ElMjBocmVmJTNEJTIyaHR0cHMlM0ElMkYlMkZ3d3czLnVuaWNlbnRyby5iciUyRmZsb3Jlc2NlciUyRjIwMjMtZG9taW5nb3MtcyVDMyVBMXZpbyUyRiUyMiUzRURvbWluZ29zJTIwUyVDMyVBMXZpbyUzQyUyRmElM0UlMEElM0MlMkZkaXYlM0UlMEElM0MlMkZkaXYlM0UlMEElM0MlMkZib2R5JTNFJTBBJTNDJTJGaHRtbCUzRQ==[\/vc_raw_html][\/vc_column][vc_column width=&#8221;1\/5&#8243; css=&#8221;.vc_custom_1658236461077{background-color: rgba(244,225,225,0.8) !important;*background-color: rgb(244,225,225) !important;}&#8221;][vc_raw_html]JTNDaHRtbCUzRSUwQSUzQ2hlYWQlM0UlMEElM0NzdHlsZSUzRSUwQS5tYWlubWVudWJ0biUyMCU3QiUwQSUyMCUyMGxpbmUtd2lkdGglM0ElMjAyMDBweCUzQiUwQSUyMCUyMHdpZHRoJTNBJTIwMjAwcHglM0IlMEElMjAlMjB0ZXh0LWFsaWduJTNBJTIwY2VudGVyJTNCJTBBJTdEJTBBLm1haW5tZW51YnRuJTIwJTdCJTBBdGV4dC1hbGlnbiUzQSUyMGNlbnRlciUzQiUwQSU3RCUwQS5tYWlubWVudWJ0biUyMCU3QiUwQWJhY2tncm91bmQtY29sb3IlM0ElMjAlMjNlYWI5YjklM0IlMEFjb2xvciUzQSUyMHdoaXRlJTNCJTBBYm9yZGVyJTNBJTIwbm9uZSUzQiUwQWN1cnNvciUzQSUyMHBvaW50ZXIlM0IlMEFwYWRkaW5nJTNBMjBweCUzQiUwQW1hcmdpbi10b3AlM0EyMHB4JTNCJTBBJTdEJTBBLmRyb3Bkb3duJTIwJTdCJTBBcG9zaXRpb24lM0ElMjByZWxhdGl2ZSUzQiUwQWRpc3BsYXklM0ElMjBpbmxpbmUtYmxvY2slM0IlMEElN0QlMEEuZHJvcGRvd24tY2hpbGQlMjAlN0IlMEFkaXNwbGF5JTNBJTIwbm9uZSUzQiUwQWJhY2tncm91bmQtY29sb3IlM0ElMjAlMjNlYWI5YjklM0IlMEFtaW4td2lkdGglM0ElMjAyMDBweCUzQiUwQSU3RCUwQS5kcm9wZG93bi1jaGlsZCUyMGElMjAlN0IlMEFjb2xvciUzQSUyMHdoaXRlJTNCJTBBcGFkZGluZyUzQSUyMDIwcHglM0IlMEF0ZXh0LWRlY29yYXRpb24lM0ElMjBub25lJTNCJTBBZGlzcGxheSUzQSUyMGJsb2NrJTNCJTBBJTdEJTBBLmRyb3Bkb3duJTNBaG92ZXIlMjAuZHJvcGRvd24tY2hpbGQlMjAlN0IlMEFkaXNwbGF5JTNBJTIwYmxvY2slM0IlMEElN0QlMEElM0MlMkZzdHlsZSUzRSUwQSUzQyUyRmhlYWQlM0UlMEElM0Nib2R5JTNFJTBBJTNDZGl2JTIwY2xhc3MlM0QlMjJkcm9wZG93biUyMiUzRSUwQSUzQ2J1dHRvbiUyMGNsYXNzJTNEJTIybWFpbm1lbnVidG4lMjIlM0UlM0NhJTIwaHJlZiUzRCUyMmh0dHBzJTNBJTJGJTJGd3d3My51bmljZW50cm8uYnIlMkZmbG9yZXNjZXIlMkYyMDIyLTIlMkYlMjIlM0UyMDIyJTNDJTJGYSUzRSUzQyUyRmJ1dHRvbiUzRSUwQSUzQ2RpdiUyMGNsYXNzJTNEJTIyZHJvcGRvd24tY2hpbGQlMjIlM0UlMEElM0NhJTIwaHJlZiUzRCUyMmh0dHBzJTNBJTJGJTJGd3d3My51bmljZW50cm8uYnIlMkZmbG9yZXNjZXIlMkYyMDIyLWVzY29sYS1oaWxkZWdhcmQtYnVyamFuJTJGJTIyJTNFSGlsZGVyZ2FyZCUyMEJ1cmphbiUzQyUyRmElM0UlMEElM0NhJTIwaHJlZiUzRCUyMmh0dHBzJTNBJTJGJTJGd3d3My51bmljZW50cm8uYnIlMkZmbG9yZXNjZXIlMkYyMDIyLW1hcmlhLWRlLWplc3VzLXRhcXVlcyUyRiUyMiUzRU1hcmlhJTIwZGUlMjBKZXN1cyUyMFRhcXVlcyUzQyUyRmElM0UlMEElM0NhJTIwaHJlZiUzRCUyMmh0dHBzJTNBJTJGJTJGd3d3My51bmljZW50cm8uYnIlMkZmbG9yZXNjZXIlMkZpcmVuZS1ndWltYXJhZXMtcHVwby1ub3ZvJTJGJTIyJTNFSXJlbmUlMjBHdWltYXIlQzMlQTNlcyUyMFB1cG8lM0MlMkZhJTNFJTBBJTNDYSUyMGhyZWYlM0QlMjJodHRwcyUzQSUyRiUyRnd3dzMudW5pY2VudHJvLmJyJTJGZmxvcmVzY2VyJTJGcHJvZmVzc29yYS1zaWx2YW5pcmEtYWN5b2xpLWxpbnMtcGVuaGEtMiUyRiUyMiUzRVByb2Zlc3NvcmElMjBTaWx2YW5pcmElMjBBY3lvbGklMjBMaW5zJTIwUGVuaGElM0MlMkZhJTNFJTBBJTNDYSUyMGhyZWYlM0QlMjJodHRwcyUzQSUyRiUyRnd3dzMudW5pY2VudHJvLmJyJTJGZmxvcmVzY2VyJTJGMjAyMi1sdWl6YS1wYXdsaW5hLWRvLWFtYXJhbCUyRiUyMiUzRUx1aXphJTIwUGF3bGluYSUyMGRvJTIwQW1hcmFsJTNDJTJGYSUzRSUwQSUzQyUyRmRpdiUzRSUwQSUzQyUyRmRpdiUzRSUwQSUzQyUyRmJvZHklM0UlMEElM0MlMkZodG1sJTNF[\/vc_raw_html][\/vc_column][vc_column width=&#8221;1\/5&#8243; css=&#8221;.vc_custom_1658860919979{background-color: rgba(244,225,225,0.8) !important;*background-color: rgb(244,225,225) !important;}&#8221;][vc_raw_html]JTNDaHRtbCUzRSUwQSUzQ2hlYWQlM0UlMEElM0NzdHlsZSUzRSUwQS5tYWlubWVudWJ0biUyMCU3QiUwQSUyMCUyMGxpbmUtd2lkdGglM0ElMjAyMDBweCUzQiUwQSUyMCUyMHdpZHRoJTNBJTIwMjAwcHglM0IlMEElMjAlMjB0ZXh0LWFsaWduJTNBJTIwY2VudGVyJTNCJTBBJTdEJTBBLm1haW5tZW51YnRuJTIwJTdCJTBBdGV4dC1hbGlnbiUzQSUyMGNlbnRlciUzQiUwQSU3RCUwQS5tYWlubWVudWJ0biUyMCU3QiUwQWJhY2tncm91bmQtY29sb3IlM0ElMjAlMjNlYWI5YjklM0IlMEFjb2xvciUzQSUyMHdoaXRlJTNCJTBBYm9yZGVyJTNBJTIwbm9uZSUzQiUwQWN1cnNvciUzQSUyMHBvaW50ZXIlM0IlMEFwYWRkaW5nJTNBMjBweCUzQiUwQW1hcmdpbi10b3AlM0EyMHB4JTNCJTBBJTdEJTBBLmRyb3Bkb3duJTIwJTdCJTBBcG9zaXRpb24lM0ElMjByZWxhdGl2ZSUzQiUwQWRpc3BsYXklM0ElMjBpbmxpbmUtYmxvY2slM0IlMEElN0QlMEEuZHJvcGRvd24tY2hpbGQlMjAlN0IlMEFkaXNwbGF5JTNBJTIwbm9uZSUzQiUwQWJhY2tncm91bmQtY29sb3IlM0ElMjAlMjNlYWI5YjklM0IlMEFtaW4td2lkdGglM0ElMjAyMDBweCUzQiUwQSU3RCUwQS5kcm9wZG93bi1jaGlsZCUyMGElMjAlN0IlMEFjb2xvciUzQSUyMHdoaXRlJTNCJTBBcGFkZGluZyUzQSUyMDIwcHglM0IlMEF0ZXh0LWRlY29yYXRpb24lM0ElMjBub25lJTNCJTBBZGlzcGxheSUzQSUyMGJsb2NrJTNCJTBBJTdEJTBBLmRyb3Bkb3duJTNBaG92ZXIlMjAuZHJvcGRvd24tY2hpbGQlMjAlN0IlMEFkaXNwbGF5JTNBJTIwYmxvY2slM0IlMEElN0QlMEElM0MlMkZzdHlsZSUzRSUwQSUzQyUyRmhlYWQlM0UlMEElM0Nib2R5JTNFJTBBJTNDZGl2JTIwY2xhc3MlM0QlMjJkcm9wZG93biUyMiUzRSUwQSUzQ2J1dHRvbiUyMGNsYXNzJTNEJTIybWFpbm1lbnVidG4lMjIlM0UlM0NhJTIwaHJlZiUzRCUyMmh0dHBzJTNBJTJGJTJGd3d3My51bmljZW50cm8uYnIlMkZmbG9yZXNjZXIlMkYyMDIwLTIlMkYlMjIlM0UyMDIwJTNDJTJGYSUzRSUzQyUyRmJ1dHRvbiUzRSUwQSUzQ2RpdiUyMGNsYXNzJTNEJTIyZHJvcGRvd24tY2hpbGQlMjIlM0UlMEElM0NhJTIwaHJlZiUzRCUyMmh0dHAlM0ElMkYlMkZ3d3czLnVuaWNlbnRyby5iciUyRmZsb3Jlc2NlciUyRjIwMjAtZXNjb2xhLW11bmljaXBhbC1oaXBvbHl0YS1udW5lcy1kZS1vbGl2ZWlyYSUyRiUyMiUzRUhpcCVDMyVCM2x5dGElMjBOdW5lcyUyMGRlJTIwT2xpdmVpcmElM0MlMkZhJTNFJTBBJTNDYSUyMGhyZWYlM0QlMjJodHRwJTNBJTJGJTJGd3d3My51bmljZW50cm8uYnIlMkZmbG9yZXNjZXIlMkYyMDIwLWVzY29sYS1tdW5pY2lwYWwtcm9iZXJ0by1jdW5oYS1lLXNpbHZhJTJGJTIyJTNFUm9iZXJ0byUyMEN1bmhhJTIwZSUyMFNpbHZhJTNDJTJGYSUzRSUwQSUzQyUyRmRpdiUzRSUwQSUzQyUyRmRpdiUzRSUwQSUzQyUyRmJvZHklM0UlMEElM0MlMkZodG1sJTNF[\/vc_raw_html][\/vc_column][vc_column width=&#8221;1\/5&#8243; css=&#8221;.vc_custom_1658860942014{background-color: rgba(244,225,225,0.8) !important;*background-color: rgb(244,225,225) !important;}&#8221;][vc_raw_html]JTNDaHRtbCUzRSUwQSUzQ2hlYWQlM0UlMEElM0NzdHlsZSUzRSUwQS5tYWlubWVudWJ0biUyMCU3QiUwQWJhY2tncm91bmQtY29sb3IlM0ElMjAlMjNlYWI5YjklM0IlMEFjb2xvciUzQSUyMHdoaXRlJTNCJTBBYm9yZGVyJTNBJTIwbm9uZSUzQiUwQWN1cnNvciUzQSUyMHBvaW50ZXIlM0IlMEFwYWRkaW5nJTNBMjBweCUzQiUwQW1hcmdpbi10b3AlM0EyMHB4JTNCJTBBJTdEJTBBLmRyb3Bkb3duJTIwJTdCJTBBcG9zaXRpb24lM0ElMjByZWxhdGl2ZSUzQiUwQWRpc3BsYXklM0ElMjBpbmxpbmUtYmxvY2slM0IlMEElN0QlMEEuZHJvcGRvd24tY2hpbGQlMjAlN0IlMEFkaXNwbGF5JTNBJTIwbm9uZSUzQiUwQWJhY2tncm91bmQtY29sb3IlM0ElMjAlMjNlYWI5YjklM0IlMEFtaW4td2lkdGglM0ElMjAyMDBweCUzQiUwQSU3RCUwQS5kcm9wZG93bi1jaGlsZCUyMGElMjAlN0IlMEFjb2xvciUzQSUyMHdoaXRlJTNCJTBBcGFkZGluZyUzQSUyMDIwcHglM0IlMEF0ZXh0LWRlY29yYXRpb24lM0ElMjBub25lJTNCJTBBZGlzcGxheSUzQSUyMGJsb2NrJTNCJTBBJTdEJTBBLmRyb3Bkb3duJTNBaG92ZXIlMjAuZHJvcGRvd24tY2hpbGQlMjAlN0IlMEFkaXNwbGF5JTNBJTIwYmxvY2slM0IlMEElN0QlMEElM0MlMkZzdHlsZSUzRSUwQSUzQyUyRmhlYWQlM0UlMEElM0Nib2R5JTNFJTBBJTNDZGl2JTIwY2xhc3MlM0QlMjJkcm9wZG93biUyMiUzRSUwQSUzQ2J1dHRvbiUyMGNsYXNzJTNEJTIybWFpbm1lbnVidG4lMjIlM0UlM0NhJTIwaHJlZiUzRCUyMmh0dHBzJTNBJTJGJTJGd3d3My51bmljZW50cm8uYnIlMkZmbG9yZXNjZXIlMkYyMDE5LTIlMkYlMjIlM0UyMDE5JTNDJTJGYSUzRSUzQyUyRmJ1dHRvbiUzRSUwQSUzQ2RpdiUyMGNsYXNzJTNEJTIyZHJvcGRvd24tY2hpbGQlMjIlM0UlMEElM0NhJTIwaHJlZiUzRCUyMmh0dHAlM0ElMkYlMkZ3d3czLnVuaWNlbnRyby5iciUyRmZsb3Jlc2NlciUyRjIwMTktZXNjb2xhLW11bmljaXBhbC1kYWxpbGEtdGVpeGVpcmElMkYlMjIlM0VEYWxpbGElMjBUZWl4ZWlyYSUzQyUyRmElM0UlMEElM0NhJTIwaHJlZiUzRCUyMmh0dHAlM0ElMkYlMkZ3d3czLnVuaWNlbnRyby5iciUyRmZsb3Jlc2NlciUyRjIwMTktZXNjb2xhLW11bmljaXBhbC1lbGNpZGlhLWRlLXNhbnRhLW1hcmlhJTJGJTIyJTNFRWxjaWRpYSUyMERlJTIwU2FudGElMjBNYXJpYSUzQyUyRmElM0UlMEElM0NhJTIwaHJlZiUzRCUyMmh0dHAlM0ElMkYlMkZ3d3czLnVuaWNlbnRyby5iciUyRmZsb3Jlc2NlciUyRjIwMTktZXNjb2xhLW11bmljaXBhbC1mcmFuY2lzY28tY29udGluaSUyRiUyMiUzRUZyYW5jaXNjbyUyMENvbnRpbmklM0MlMkZhJTNFJTBBJTNDYSUyMGhyZWYlM0QlMjJodHRwcyUzQSUyRiUyRnd3dzMudW5pY2VudHJvLmJyJTJGZmxvcmVzY2VyJTJGMjAxOS1lc2NvbGEtbXVuaWNpcGFsLWhpcG9seXRhLW51bmVzLWRlLW9saXZlaXJhJTJGJTIyJTNFSGlwJUMzJUIzbHl0YSUyME51bmVzJTIwZGUlMjBPbGl2ZWlyYSUzQyUyRmElM0UlMEElM0NhJTIwaHJlZiUzRCUyMmh0dHBzJTNBJTJGJTJGd3d3My51bmljZW50cm8uYnIlMkZmbG9yZXNjZXIlMkYyMDE5LWVzY29sYS1tdW5pY2lwYWwtaW5hLXJpYmFzLWNhcmxpLXRvdGFsJTJGJTIyJTNFSW4lQzMlQTElMjBSaWJhcyUyMENhcmxpJTNDJTJGYSUzRSUwQSUzQ2ElMjBocmVmJTNEJTIyaHR0cHMlM0ElMkYlMkZ3d3czLnVuaWNlbnRyby5iciUyRmZsb3Jlc2NlciUyRjIwMTktZXNjb2xhLW11bmljaXBhbC1yYXVsLWhlbnJpcXVlLWx1cGF0dGVsbGklMkYlMjIlM0VSYXVsJTIwSGVucmlxdWUlMjBMdXBhdHRlbGxpJTNDJTJGYSUzRSUwQSUzQ2ElMjBocmVmJTNEJTIyaHR0cHMlM0ElMkYlMkZ3d3czLnVuaWNlbnRyby5iciUyRmZsb3Jlc2NlciUyRjIwMTktZXNjb2xhLW11bmljaXBhbC1zYW8tcGVkcm8lMkYlMjIlM0VTJUMzJUEzbyUyMFBlZHJvJTNDJTJGYSUzRSUwQSUzQyUyRmRpdiUzRSUwQSUzQyUyRmRpdiUzRSUwQSUzQyUyRmJvZHklM0UlMEElM0MlMkZodG1sJTNF[\/vc_raw_html][\/vc_column][vc_column [&hellip;]<\/p>\n","protected":false},"author":1,"featured_media":0,"parent":0,"menu_order":0,"comment_status":"closed","ping_status":"open","template":"page-templates\/front-page.php","meta":{"_exactmetrics_skip_tracking":false,"_exactmetrics_sitenote_active":false,"_exactmetrics_sitenote_note":"","_exactmetrics_sitenote_category":0,"footnotes":"","_links_to":"","_links_to_target":""},"class_list":["post-2","page","type-page","status-publish","hentry"],"_links":{"self":[{"href":"https:\/\/www3.unicentro.br\/florescer\/wp-json\/wp\/v2\/pages\/2","targetHints":{"allow":["GET"]}}],"collection":[{"href":"https:\/\/www3.unicentro.br\/florescer\/wp-json\/wp\/v2\/pages"}],"about":[{"href":"https:\/\/www3.unicentro.br\/florescer\/wp-json\/wp\/v2\/types\/page"}],"author":[{"embeddable":true,"href":"https:\/\/www3.unicentro.br\/florescer\/wp-json\/wp\/v2\/users\/1"}],"replies":[{"embeddable":true,"href":"https:\/\/www3.unicentro.br\/florescer\/wp-json\/wp\/v2\/comments?post=2"}],"version-history":[{"count":3,"href":"https:\/\/www3.unicentro.br\/florescer\/wp-json\/wp\/v2\/pages\/2\/revisions"}],"predecessor-version":[{"id":1808,"href":"https:\/\/www3.unicentro.br\/florescer\/wp-json\/wp\/v2\/pages\/2\/revisions\/1808"}],"wp:attachment":[{"href":"https:\/\/www3.unicentro.br\/florescer\/wp-json\/wp\/v2\/media?parent=2"}],"curies":[{"name":"wp","href":"https:\/\/api.w.org\/{rel}","templated":true}]}}