{"id":24,"date":"2019-02-21T16:43:24","date_gmt":"2019-02-21T19:43:24","guid":{"rendered":"https:\/\/www3.unicentro.br\/especializacao\/?page_id=24"},"modified":"2021-04-15T11:36:47","modified_gmt":"2021-04-15T14:36:47","slug":"inicial","status":"publish","type":"page","link":"https:\/\/www3.unicentro.br\/especializacao\/","title":{"rendered":"Inicial"},"content":{"rendered":"<div class=\"wpb-content-wrapper\"><p>[vc_row u_row_style=&#8221;0&#8243; u_row_paralax=&#8221;0&#8243; u_row_scheme=&#8221;0&#8243; css=&#8221;.vc_custom_1603712300860{margin-top: -40px !important;margin-bottom: 20px !important;}&#8221;][vc_column]\n\t\t\t\t<p class=\"rs-p-wp-fix\"><\/p>\n\t\t\t\t<sr7-module data-alias=\"home\" data-id=\"1\" id=\"SR7_1_1\" data-version=\"6.7.51\">\n\t\t\t\t\t<sr7-adjuster><\/sr7-adjuster>\n\t\t\t\t\t<sr7-content>\n\t\t\t\t\t\t<sr7-slide id=\"SR7_1_1-1\" data-key=\"1\">\n\t\t\t\t\t\t\t<sr7-bg id=\"SR7_1_1-1-slidebg\" class=\"sr7-layer\"><noscript><img decoding=\"async\" src=\"https:\/\/www3.unicentro.br\/especializacao\/wp-content\/uploads\/sites\/64\/2019\/02\/fundo-slider-home-azul.jpg\" alt=\"\" title=\"Inicial\"><\/noscript><\/sr7-bg>\n\t\t\t\t\t\t\t<sr7-txt id=\"SR7_1_1-1-4\" class=\"sr7-layer\"><\/sr7-txt>\n\t\t\t\t\t\t\t<sr7-txt id=\"SR7_1_1-1-187\" class=\"sr7-layer\"><\/sr7-txt>\n\t\t\t\t\t\t<\/sr7-slide>\n\t\t\t\t\t\t<sr7-slide id=\"SR7_1_1-5\" data-key=\"5\">\n\t\t\t\t\t\t\t<sr7-txt id=\"SR7_1_1-5-5\" class=\"sr7-layer\"><i class=\"fa-facebook-f\"><\/i><\/sr7-txt>\n\t\t\t\t\t\t\t<sr7-txt id=\"SR7_1_1-5-6\" class=\"sr7-layer\"><i class=\"fa-angle-down\"><\/i><\/sr7-txt>\n\t\t\t\t\t\t\t<a id=\"SR7_1_1-5-24\" class=\"sr7-layer\" href=\"https:\/\/evento.unicentro.br\/site\/especializacao\/2020\/1\" target=\"_self\" rel=\"nofollow\">CURSOS<\/a>\n\t\t\t\t\t\t\t<sr7-txt id=\"SR7_1_1-5-131\" class=\"sr7-layer\">UNICENTRO<\/sr7-txt>\n\t\t\t\t\t\t\t<sr7-txt id=\"SR7_1_1-5-140\" class=\"sr7-layer\"><i class=\"fa-instagram\"><\/i><\/sr7-txt>\n\t\t\t\t\t\t\t<sr7-txt id=\"SR7_1_1-5-146\" class=\"sr7-layer\">Confira nossos cursos<\/sr7-txt>\n\t\t\t\t\t\t\t<sr7-txt id=\"SR7_1_1-5-192\" class=\"sr7-layer\">ESPECIALIZA\u00c7\u00c3O<\/sr7-txt>\n\t\t\t\t\t\t<\/sr7-slide>\n\t\t\t\t\t<\/sr7-content>\n\t\t\t\t<\/sr7-module>\n\t\t\t\t<script>\n\t\t\t\t\twindow.SR7 ??={};SR7.PMH ??={}; SR7.PMH[\"SR7_1_1\"] = {cn:100,state:false,fn: function() { if (window._tpt!==undefined && window._tpt.prepareModuleHeight !== undefined) {  _tpt.prepareModuleHeight({id:\"SR7_1_1\",el:[800,700,860,720],type:'hero',shdw:'0',gh:[800,700,860,720],gw:[1200,1024,778,480],vpt:['-200px'],size:{fullWidth:true, fullHeight:true},offsetContainer:'',offset:'60px',mh:'0',onh:0,onw:0,bg:{color:'transparent'},plType:'-1',plColor:'#FFFFFF'});   SR7.PMH[\"SR7_1_1\"].state=true;} else if(SR7.PMH[\"SR7_1_1\"].cn-->0)\tsetTimeout( SR7.PMH[\"SR7_1_1\"].fn,19);}};SR7.PMH[\"SR7_1_1\" ].fn();\n\t\t\t\t<\/script>\n[\/vc_column][\/vc_row][vc_row full_width=&#8221;stretch_row&#8221; gap=&#8221;15&#8243; u_row_style=&#8221;0&#8243; u_row_paralax=&#8221;0&#8243; u_row_scheme=&#8221;0&#8243;][vc_column width=&#8221;2\/3&#8243; css=&#8221;.vc_custom_1551119714797{padding-bottom: 30px !important;background-color: #f2f2f2 !important;border-radius: 10px !important;}&#8221;][vc_custom_heading text=&#8221;\u00daltimos editais&#8221; font_container=&#8221;tag:h2|font_size:24px|text_align:left|color:%230080b7&#8243; use_theme_fonts=&#8221;yes&#8221; css=&#8221;.vc_custom_1494618278307{margin-top: -15px !important;margin-bottom: 20px !important;}&#8221;]<aside class=\"ul-custom-css-inline\">\t\t\t\t\t\t\t\t\t\t\r\n\t\t\t\t\t\t\t\t\t\t<link rel=\"stylesheet\" id=\"ul-google-fonts-css\" href=\"https:\/\/fonts.googleapis.com\/css?family=Open+Sans\" type=\"text\/css\" media=\"all\" \/><style type=\"text\/css\">#ul98971.ultimate-layouts-container h3.ultimate-layouts-title, \r\n\t\t\t\t\t\t\t\t\t#ul98971.ultimate-layouts-container h3.ultimate-layouts-title a{font-family:\"Open Sans\" !important;font-size:12px !important;}.ul_quickview_p_ul98971.ul-quick-view-style h3.ultimate-layouts-title,\r\n\t\t\t\t\t\t\t\t\t\t.ul_quickview_p_ul98971.ul-quick-view-style h3.ultimate-layouts-title a{font-family:\"Open Sans\" !important;}#ul98971.ultimate-layouts-container .ul-cb-style-listing h3.ultimate-layouts-title, \r\n\t\t\t\t\t\t\t\t\t\t#ul98971.ultimate-layouts-container .ul-cb-style-listing h3.ultimate-layouts-title a{\r\n\t\t\t\t\t\t\t\t\t\t\tfont-size:calc(12px * 0.78) !important;\r\n\t\t\t\t\t\t\t\t\t\t\tfont-size:-webkit-calc(12px * 0.78) !important;\r\n\t\t\t\t\t\t\t\t\t\t\tfont-size:-moz-calc(12px * 0.78) !important;\r\n\t\t\t\t\t\t\t\t\t\t\tfont-size:-ms-calc(12px * 0.78) !important;\r\n\t\t\t\t\t\t\t\t\t\t\tfont-size:-o-calc(12px * 0.78) !important;\r\n\t\t\t\t\t\t\t\t\t\t}<\/style>\r\n\t\t\t\t\t\t\t\t\t\t<h6>h6<\/h6>\r\n\t\t\t\t\t\t\t\t\t<\/aside><script>if(typeof(ultimate_layouts_ajax_url)==\"undefined\"){var ultimate_layouts_ajax_url=[]};ultimate_layouts_ajax_url[\"ul98971\"]=\"https:\/\/www3.unicentro.br\/especializacao\/wp-admin\/admin-ajax.php\";if(typeof(ultimate_layouts_query_params)==\"undefined\"){var ultimate_layouts_query_params=[]};ultimate_layouts_query_params[\"ul98971\"]={\"post_types\":\"post\",\"i_attachment\":\"\",\"taxonomies\":\"category\",\"multi_post_types\":\"\",\"multi_taxonomies\":\"\",\"query_types\":\"0\",\"i_taxonomies\":\"10\",\"e_taxonomies\":\"\",\"i_ids\":\"\",\"cq_operator\":\"0\",\"e_ids\":\"\",\"query_author\":\"\",\"query_offset\":\"\",\"query_include_children\":\"1\",\"today_post\":\"0\",\"datetime_meta\":\"\",\"woo_query\":\"0\",\"post_count\":\"3\",\"posts_per_page\":10,\"d_i_filter\":\"\"};if(typeof(ultimate_layouts_filter)==\"undefined\"){var ultimate_layouts_filter=[]};ultimate_layouts_filter[\"ul98971\"]=\"\";if(typeof(ultimate_layouts_order)==\"undefined\"){var ultimate_layouts_order=[]};ultimate_layouts_order[\"ul98971\"]=\"DESC\";if(typeof(ultimate_layouts_orderby)==\"undefined\"){var ultimate_layouts_orderby=[]};ultimate_layouts_orderby[\"ul98971\"]=\"date\";if(typeof(ultimate_layouts_sub_opt_query)==\"undefined\"){var ultimate_layouts_sub_opt_query=[]};ultimate_layouts_sub_opt_query[\"ul98971\"]={\"meta_key_query\":\"\",\"paged\":1,\"first_query\":\"on\",\"total_pages\":1,\"items_last_page\":0};if(typeof(ultimate_layouts_options)==\"undefined\"){var ultimate_layouts_options=[]};ultimate_layouts_options[\"ul98971\"]={\"layout_style\":\"4\",\"button_gallery_name\":\"Gallery\",\"grid_style\":\"0\",\"list_style\":\"9\",\"carousel_t_style\":\"0\",\"carousel_f_style\":\"0\",\"creative_style\":\"0\",\"timeline_style\":\"0\",\"block_content_style\":\"0\",\"sync_slider_style\":\"0\",\"grid_masonry\":\"0\",\"show_arrows\":\"1\",\"arrows_outside\":\"0\",\"show_dots\":\"1\",\"infinite\":\"1\",\"autoplay\":\"1\",\"autoplayspeed\":5000,\"scrollperpage\":\"1\",\"speed\":500,\"centermode\":\"0\",\"sync_slider_height_d\":\"\",\"sync_slider_height_t\":\"\",\"sync_slider_height_m\":\"\",\"sync_slider_width_d\":\"\",\"sync_slider_width_t\":\"\",\"sync_slider_width_m\":\"\",\"show_elements\":\"0\",\"av_content\":\"0\",\"cc_mobile\":\"0\",\"cc_portrait_tablet\":\"0\",\"cc_landscape_tablet\":\"0\",\"cc_small_desktop\":\"0\",\"cc_medium_desktop\":\"0\",\"cc_large_desktop\":\"0\",\"cc_extra_large_desktop\":\"0\",\"image_size\":\"thumbnail\",\"image_size_s\":\"thumbnail\",\"s_image\":\"0\",\"s_image_link\":\"1\",\"s_image_link_target\":\"0\",\"s_icon_lightbox_video\":\"0\",\"video_url_meta\":\"0\",\"video_url_meta_key\":\"\",\"s_icon_lightbox_image\":\"1\",\"s_icon_link\":\"1\",\"s_icon_link_target\":\"0\",\"s_image_hover_effect\":\"0\",\"s_overlay_hover_effect\":\"\",\"s_overlay_settings\":\"0\",\"s_overlay_color\":\"\",\"s_image_post_format\":\"0\",\"s_image_post_format_pos\":\"ul-bottom-right\",\"s_image_avatar\":\"0\",\"s_title\":\"1\",\"s_title_limit\":\"0\",\"s_title_link\":\"1\",\"s_title_link_target\":\"0\",\"s_excerpt\":\"0\",\"s_excerpt_rbtn\":\"0\",\"s_excerpt_f\":\"get_the_excerpt\",\"s_excerpt_sc\":\"1\",\"s_excerpt_sh\":\"1\",\"s_excerpt_length\":0,\"s_categories\":\"0\",\"s_s_categories\":\"0\",\"s_s_categories_parent\":\"0\",\"ex_items_taxonomies\":\"\",\"s_c_categories\":\"0\",\"s_ct_categories\":\"\",\"s_cb_categories\":\"\",\"s_categories_target\":\"0\",\"s_metas_o\":\"1\",\"s_metas_o_author\":\"0\",\"s_metas_o_author_avatar\":\"0\",\"s_metas_o_time\":\"1\",\"time_format\":\"F j, Y\",\"s_metas_o_comment\":\"0\",\"s_metas_o_like\":\"0\",\"s_metas_o_share\":\"0\",\"custom_meta_o\":\"\",\"s_metas_t\":\"0\",\"s_metas_t_author\":\"0\",\"s_metas_t_author_avatar\":\"0\",\"s_metas_t_time\":\"0\",\"time_format_t\":\"F j, Y\",\"s_metas_t_comment\":\"0\",\"s_metas_t_like\":\"1\",\"s_metas_t_share\":\"1\",\"custom_meta_t\":\"\",\"s_metas_t_readmore\":\"1\",\"s_metas_t_readmore_link_target\":\"0\",\"share_text\":\"\",\"read_more_text\":\"\",\"before_author_text\":\"\",\"pagination\":\"1\",\"loadmore_text\":\"\",\"prev_text\":\"\",\"next_text\":\"\",\"animate\":\"default\",\"lazyload\":\"0\",\"lazyload_p\":\"\",\"geodirectory_rating\":\"0\",\"quick_view\":\"1\",\"quick_view_mode\":\"0\",\"extra_class\":\"\",\"rnd_id\":\"ul98971\",\"s_title_small\":\"1\",\"s_title_limit_small\":\"0\",\"s_title_link_small\":\"1\",\"s_title_link_target_small\":\"0\",\"s_categories_small\":\"1\",\"s_s_categories_small\":\"0\",\"s_s_categories_parent_small\":\"0\",\"ex_items_taxonomies_small\":\"\",\"s_c_categories_small\":\"0\",\"s_ct_categories_small\":\"\",\"s_cb_categories_small\":\"\",\"s_categories_target_small\":\"0\",\"s_metas_o_small\":\"1\",\"s_metas_o_author_small\":\"1\",\"s_metas_o_author_avatar_small\":\"0\",\"s_metas_o_time_small\":\"1\",\"time_format_small\":\"F j, Y\",\"s_metas_o_comment_small\":\"1\",\"s_metas_o_like_small\":\"0\",\"s_metas_o_share_small\":\"0\",\"custom_meta_o_small\":\"\",\"woo_show_price\":\"0\",\"woo_show_rating\":\"0\",\"woo_show_cart\":\"0\",\"qv_s_title\":\"1\",\"qv_s_categories\":\"1\",\"qv_s_s_categories\":\"0\",\"qv_s_s_categories_parent\":\"0\",\"qv_ex_items_taxonomies\":\"\",\"qv_s_c_categories\":\"0\",\"qv_s_ct_categories\":\"\",\"qv_s_cb_categories\":\"\",\"qv_s_categories_target\":\"0\",\"qv_s_metas_o\":\"1\",\"qv_s_metas_o_author\":\"1\",\"qv_s_metas_o_author_avatar\":\"0\",\"qv_s_metas_o_time\":\"1\",\"qv_time_format\":\"F j, Y\",\"qv_s_metas_o_comment\":\"1\",\"qv_s_metas_o_like\":\"1\",\"qv_custom_meta_o\":\"\",\"qv_show_content\":\"1\",\"qv_content_stripsc\":\"0\",\"qv_show_share\":\"1\",\"qv_woo_show_rating\":\"1\",\"qv_s_featured_image\":\"1\",\"goo_ads_client\":\"\",\"goo_ads_id\":\"\",\"goo_ads_offset\":\"1\",\"css_class\":\"\"};<\/script><div id=\"ul98971\" class=\"ultimate-layouts-container ul-filter-gridlist-normal ultimate-layouts-wrapper-control  \"><div class=\"\r\n\t\t\t\t\t\t\t\t\t\t\t\tultimate-layouts-listing-wrap \r\n\t\t\t\t\t\t\t\t\t\t\t\tultimate-layouts-listing-list-10\r\n\t\t\t\t\t\t\t\t\t\t\t\t\r\n\t\t\t\t\t\t\t\t\t\t\t\tultimate-layouts-effect-icon\r\n\t\t\t\t\t\t\t\t\t\t\t\"><!--post item--> \r\n<article class=\"ultimate-layouts-item hentry\">\r\n    <!--entry content-->\r\n    <div class=\"ultimate-layouts-entry-wrapper entry-content\">\r\n        <!--picture-->\r\n                <!--picture-->\r\n        <!--content-->\r\n        <div class=\"ultimate-layouts-content entry\">    \r\n        \t        \r\n            <h3 class=\"ultimate-layouts-title entry-title  \"><a  data-post-id=\"5444\" href=\"https:\/\/www3.unicentro.br\/especializacao\/2026\/05\/05\/edital-no-42-2026-propesp-nupg-nead-unicentro-classificacao-final-e-convocacao-para-matricula-do-processo-seletivo-de-alunos-para-curso-de-pos-graduacao-lato-sensu-especializacao-em-docencia-na\/\" title=\"EDITAL N\u00ba 42\/2026 PROPESP\/NUPG\/NEAD\/UNICENTRO &#8211; CLASSIFICA\u00c7\u00c3O FINAL E CONVOCA\u00c7\u00c3O PARA MATR\u00cdCULA DO PROCESSO  SELETIVO DE ALUNOS PARA CURSO DE P\u00d3S-GRADUA\u00c7\u00c3O LATO SENSU &#8211;  ESPECIALIZA\u00c7\u00c3O EM DOC\u00caNCIA NA EDUCA\u00c7\u00c3O INFANTIL \u2013 MODALIDADE DE  EDUCA\u00c7\u00c3O A DIST\u00c2NCIA\"   class=\"ultimate-layouts-title-link\">EDITAL N\u00ba 42\/2026 PROPESP\/NUPG\/NEAD\/UNICENTRO &#8211; CLASSIFICA\u00c7\u00c3O FINAL E CONVOCA\u00c7\u00c3O PARA MATR\u00cdCULA DO PROCESSO  SELETIVO DE ALUNOS PARA CURSO DE P\u00d3S-GRADUA\u00c7\u00c3O LATO SENSU &#8211;  ESPECIALIZA\u00c7\u00c3O EM DOC\u00caNCIA NA EDUCA\u00c7\u00c3O INFANTIL \u2013 MODALIDADE DE  EDUCA\u00c7\u00c3O A DIST\u00c2NCIA<\/a><\/h3>            \r\n            <div class=\"ultimate-layouts-metas posted-on \"><div class=\"ultimate-layouts-metas-wrap\"><div data-class=\"ul-time-metas\"><i class=\"fa fa-calendar-check-o\" aria-hidden=\"true\"><\/i> <span>maio 5, 2026<\/span><\/div><\/div><\/div>             \r\n                                        \r\n        <\/div><!--content-->\r\n    <\/div><!--entry content-->            \r\n<\/article><!--post item--><!--post item--> \r\n<article class=\"ultimate-layouts-item hentry\">\r\n    <!--entry content-->\r\n    <div class=\"ultimate-layouts-entry-wrapper entry-content\">\r\n        <!--picture-->\r\n                <!--picture-->\r\n        <!--content-->\r\n        <div class=\"ultimate-layouts-content entry\">    \r\n        \t        \r\n            <h3 class=\"ultimate-layouts-title entry-title  \"><a  data-post-id=\"5440\" href=\"https:\/\/www3.unicentro.br\/especializacao\/2026\/05\/04\/edital-no-41-2026-propesp-nupg-nead-unicentro-resultado-de-recursos-do-processo-seletivo-de-alunos-para-curso-de-pos-graduacao-lato-sensu-especializacao-em-docencia-na-educacao-infantil\/\" title=\"EDITAL N\u00ba 41\/2026 PROPESP\/NUPG\/NEAD\/UNICENTRO &#8211; RESULTADO DE RECURSOS DO PROCESSO SELETIVO DE ALUNOS PARA CURSO  DE P\u00d3S-GRADUA\u00c7\u00c3O LATO SENSU &#8211; ESPECIALIZA\u00c7\u00c3O EM DOC\u00caNCIA NA EDUCA\u00c7\u00c3O INFANTIL \u2013 MODALIDADE DE EDUCA\u00c7\u00c3O A DIST\u00c2NCIA\"   class=\"ultimate-layouts-title-link\">EDITAL N\u00ba 41\/2026 PROPESP\/NUPG\/NEAD\/UNICENTRO &#8211; RESULTADO DE RECURSOS DO PROCESSO SELETIVO DE ALUNOS PARA CURSO  DE P\u00d3S-GRADUA\u00c7\u00c3O LATO SENSU &#8211; ESPECIALIZA\u00c7\u00c3O EM DOC\u00caNCIA NA EDUCA\u00c7\u00c3O INFANTIL \u2013 MODALIDADE DE EDUCA\u00c7\u00c3O A DIST\u00c2NCIA<\/a><\/h3>            \r\n            <div class=\"ultimate-layouts-metas posted-on \"><div class=\"ultimate-layouts-metas-wrap\"><div data-class=\"ul-time-metas\"><i class=\"fa fa-calendar-check-o\" aria-hidden=\"true\"><\/i> <span>maio 4, 2026<\/span><\/div><\/div><\/div>             \r\n                                        \r\n        <\/div><!--content-->\r\n    <\/div><!--entry content-->            \r\n<\/article><!--post item--><!--post item--> \r\n<article class=\"ultimate-layouts-item hentry\">\r\n    <!--entry content-->\r\n    <div class=\"ultimate-layouts-entry-wrapper entry-content\">\r\n        <!--picture-->\r\n                <!--picture-->\r\n        <!--content-->\r\n        <div class=\"ultimate-layouts-content entry\">    \r\n        \t        \r\n            <h3 class=\"ultimate-layouts-title entry-title  \"><a  data-post-id=\"5437\" href=\"https:\/\/www3.unicentro.br\/especializacao\/2026\/04\/28\/edital-no-40-2026-propesp-nupg-nead-unicentro-retificacao-do-edital-n-39-2026-homologacao-e-indeferimento-de-inscricoes-do-processo-seletivo-de-alunos-para-o-curso-de-pos-graduacao-lato-sensu\/\" title=\"EDITAL N\u00ba 40\/2026 PROPESP\/NUPG\/NEAD\/UNICENTRO RETIFICA\u00c7\u00c3O DO EDITAL N\u00b0 39\/2026 HOMOLOGA\u00c7\u00c3O E INDEFERIMENTO DE  INSCRI\u00c7\u00d5ES DO PROCESSO SELETIVO DE ALUNOS PARA O CURSO DE P\u00d3S GRADUA\u00c7\u00c3O LATO SENSU &#8211; ESPECIALIZA\u00c7\u00c3O EM DOC\u00caNCIA PARA EDUCA\u00c7\u00c3O  INFANTIL \u2013 MODALIDADE DE EDUCA\u00c7\u00c3O A DIST\u00c2NCIA\"   class=\"ultimate-layouts-title-link\">EDITAL N\u00ba 40\/2026 PROPESP\/NUPG\/NEAD\/UNICENTRO RETIFICA\u00c7\u00c3O DO EDITAL N\u00b0 39\/2026 HOMOLOGA\u00c7\u00c3O E INDEFERIMENTO DE  INSCRI\u00c7\u00d5ES DO PROCESSO SELETIVO DE ALUNOS PARA O CURSO DE P\u00d3S GRADUA\u00c7\u00c3O LATO SENSU &#8211; ESPECIALIZA\u00c7\u00c3O EM DOC\u00caNCIA PARA EDUCA\u00c7\u00c3O  INFANTIL \u2013 MODALIDADE DE EDUCA\u00c7\u00c3O A DIST\u00c2NCIA<\/a><\/h3>            \r\n            <div class=\"ultimate-layouts-metas posted-on \"><div class=\"ultimate-layouts-metas-wrap\"><div data-class=\"ul-time-metas\"><i class=\"fa fa-calendar-check-o\" aria-hidden=\"true\"><\/i> <span>abril 28, 2026<\/span><\/div><\/div><\/div>             \r\n                                        \r\n        <\/div><!--content-->\r\n    <\/div><!--entry content-->            \r\n<\/article><!--post item--><\/div><\/div>[vc_btn title=&#8221;Todos os editais&#8221; style=&#8221;flat&#8221; shape=&#8221;square&#8221; color=&#8221;juicy-pink&#8221; size=&#8221;sm&#8221; align=&#8221;left&#8221; link=&#8221;url:http%3A%2F%2Fwww3.unicentro.br%2Fespecializacao%2Feditais%2F|||&#8221; css=&#8221;.vc_custom_1551381608753{margin-top: 10px !important;}&#8221;][\/vc_column][vc_column width=&#8221;1\/3&#8243; css=&#8221;.vc_custom_1494618019493{background-color: #f4f7ff !important;border-radius: 10px !important;}&#8221;][vc_row_inner][vc_column_inner width=&#8221;1\/3&#8243;][vc_icon icon_fontawesome=&#8221;fa fa-graduation-cap&#8221; color=&#8221;grey&#8221; background_style=&#8221;rounded-less&#8221; background_color=&#8221;juicy_pink&#8221; align=&#8221;center&#8221; css_animation=&#8221;fadeIn&#8221; link=&#8221;url:http%3A%2F%2Fposgrad.unicentro.br%2Faonline%2Flogon.asp|||&#8221;][vc_column_text el_class=&#8221;titulo-icons&#8221;]<\/p>\n<p style=\"text-align: center\"><strong>Aluno Online<\/strong><\/p>\n<p>[\/vc_column_text][\/vc_column_inner][vc_column_inner width=&#8221;1\/3&#8243;][vc_icon icon_fontawesome=&#8221;fa fa-id-badge&#8221; color=&#8221;grey&#8221; background_style=&#8221;rounded-less&#8221; background_color=&#8221;sandy_brown&#8221; align=&#8221;center&#8221; css_animation=&#8221;fadeIn&#8221; link=&#8221;url:http%3A%2F%2Fposgrad.unicentro.br%2Flyceump%2Fdonline%2Flogon.asp|||&#8221;][vc_column_text el_class=&#8221;titulo-icons&#8221;]<\/p>\n<p style=\"text-align: center\"><strong>Docente Online<\/strong><\/p>\n<p>[\/vc_column_text][\/vc_column_inner][vc_column_inner width=&#8221;1\/3&#8243;][vc_icon icon_fontawesome=&#8221;fa fa-connectdevelop&#8221; color=&#8221;white&#8221; background_style=&#8221;rounded-less&#8221; background_color=&#8221;orange&#8221; align=&#8221;center&#8221; css_animation=&#8221;fadeIn&#8221; link=&#8221;url:https%3A%2F%2Fead.unicentro.br|||&#8221;][vc_column_text el_class=&#8221;titulo-icons&#8221;]<\/p>\n<p style=\"text-align: center;line-height: 16px\"><strong>UAB<\/strong><\/p>\n<p>[\/vc_column_text][\/vc_column_inner][\/vc_row_inner][vc_row_inner][vc_column_inner width=&#8221;1\/3&#8243;][vc_icon icon_fontawesome=&#8221;fas fa-pen&#8221; color=&#8221;grey&#8221; background_style=&#8221;rounded-less&#8221; background_color=&#8221;turquoise&#8221; align=&#8221;center&#8221; css_animation=&#8221;fadeIn&#8221; link=&#8221;url:https%3A%2F%2Fwww3.unicentro.br%2Fespecializacao%2Flegislacao%2F%231618496005924-e774f508-e8f4&#8243;][vc_column_text el_class=&#8221;titulo-icons&#8221;]<\/p>\n<p style=\"text-align: center;line-height: 14px\"><strong>Regulamentos e modelos de projeto para oferta de novos cursos de especializa\u00e7\u00e3o<\/strong><\/p>\n<p>[\/vc_column_text][\/vc_column_inner][vc_column_inner width=&#8221;1\/3&#8243;][vc_icon icon_fontawesome=&#8221;fas fa-pencil-alt&#8221; color=&#8221;white&#8221; background_style=&#8221;rounded-less&#8221; background_color=&#8221;violet&#8221; align=&#8221;center&#8221; css_animation=&#8221;fadeIn&#8221; link=&#8221;url:https%3A%2F%2Fwww3.unicentro.br%2Fespecializacao%2Fwp-content%2Fuploads%2Fsites%2F64%2F2020%2F10%2FFORMULARIO_RELAT_RIO_FINAL_5f9334e9b4a8b.docx&#8221;][vc_column_text el_class=&#8221;titulo-icons&#8221;]<\/p>\n<p style=\"text-align: center;line-height: 14px\"><strong>Modelo de Relat\u00f3rio Final para Cursos de Especializa\u00e7\u00e3o<\/strong><\/p>\n<p>[\/vc_column_text][\/vc_column_inner][\/vc_row_inner][\/vc_column][\/vc_row][vc_row][vc_column][\/vc_column][\/vc_row]<\/p>\n<\/div>","protected":false},"excerpt":{"rendered":"<p>[vc_row u_row_style=&#8221;0&#8243; u_row_paralax=&#8221;0&#8243; u_row_scheme=&#8221;0&#8243; css=&#8221;.vc_custom_1603712300860{margin-top: -40px !important;margin-bottom: 20px !important;}&#8221;][vc_column][\/vc_column][\/vc_row][vc_row full_width=&#8221;stretch_row&#8221; gap=&#8221;15&#8243; u_row_style=&#8221;0&#8243; u_row_paralax=&#8221;0&#8243; u_row_scheme=&#8221;0&#8243;][vc_column width=&#8221;2\/3&#8243; css=&#8221;.vc_custom_1551119714797{padding-bottom: 30px !important;background-color: #f2f2f2 !important;border-radius: 10px !important;}&#8221;][vc_custom_heading text=&#8221;\u00daltimos editais&#8221; font_container=&#8221;tag:h2|font_size:24px|text_align:left|color:%230080b7&#8243; use_theme_fonts=&#8221;yes&#8221; css=&#8221;.vc_custom_1494618278307{margin-top: -15px !important;margin-bottom: 20px !important;}&#8221;][vc_btn title=&#8221;Todos os editais&#8221; style=&#8221;flat&#8221; shape=&#8221;square&#8221; color=&#8221;juicy-pink&#8221; size=&#8221;sm&#8221; align=&#8221;left&#8221; link=&#8221;url:http%3A%2F%2Fwww3.unicentro.br%2Fespecializacao%2Feditais%2F|||&#8221; css=&#8221;.vc_custom_1551381608753{margin-top: 10px !important;}&#8221;][\/vc_column][vc_column width=&#8221;1\/3&#8243; css=&#8221;.vc_custom_1494618019493{background-color: #f4f7ff !important;border-radius: 10px !important;}&#8221;][vc_row_inner][vc_column_inner width=&#8221;1\/3&#8243;][vc_icon icon_fontawesome=&#8221;fa fa-graduation-cap&#8221; color=&#8221;grey&#8221; background_style=&#8221;rounded-less&#8221; background_color=&#8221;juicy_pink&#8221; [&hellip;]<\/p>\n","protected":false},"author":3,"featured_media":0,"parent":0,"menu_order":0,"comment_status":"closed","ping_status":"closed","template":"page-templates\/front-page.php","meta":{"_exactmetrics_skip_tracking":false,"_exactmetrics_sitenote_active":false,"_exactmetrics_sitenote_note":"","_exactmetrics_sitenote_category":0,"footnotes":"","_links_to":"","_links_to_target":""},"class_list":["post-24","page","type-page","status-publish","hentry"],"_links":{"self":[{"href":"https:\/\/www3.unicentro.br\/especializacao\/wp-json\/wp\/v2\/pages\/24","targetHints":{"allow":["GET"]}}],"collection":[{"href":"https:\/\/www3.unicentro.br\/especializacao\/wp-json\/wp\/v2\/pages"}],"about":[{"href":"https:\/\/www3.unicentro.br\/especializacao\/wp-json\/wp\/v2\/types\/page"}],"author":[{"embeddable":true,"href":"https:\/\/www3.unicentro.br\/especializacao\/wp-json\/wp\/v2\/users\/3"}],"replies":[{"embeddable":true,"href":"https:\/\/www3.unicentro.br\/especializacao\/wp-json\/wp\/v2\/comments?post=24"}],"version-history":[{"count":0,"href":"https:\/\/www3.unicentro.br\/especializacao\/wp-json\/wp\/v2\/pages\/24\/revisions"}],"wp:attachment":[{"href":"https:\/\/www3.unicentro.br\/especializacao\/wp-json\/wp\/v2\/media?parent=24"}],"curies":[{"name":"wp","href":"https:\/\/api.w.org\/{rel}","templated":true}]}}