{"id":977,"date":"2019-08-29T09:11:42","date_gmt":"2019-08-29T12:11:42","guid":{"rendered":"https:\/\/www3.unicentro.br\/eri\/?page_id=977"},"modified":"2020-01-24T11:40:47","modified_gmt":"2020-01-24T14:40:47","slug":"programa-parana-fala-idiomas","status":"publish","type":"page","link":"https:\/\/www3.unicentro.br\/eri\/destaques\/linguas-estrangeiras\/programa-parana-fala-idiomas\/","title":{"rendered":"Programa Paran\u00e1 Fala Idiomas"},"content":{"rendered":"<div class=\"wpb-content-wrapper\"><p>[vc_row][vc_column][vc_column_text]O Programa Paran\u00e1 Fala Idiomas \u00e9 financiado pela Unidade Gestora do Fundo Paran\u00e1 (UGF), vinculado \u00e0 Superintend\u00eancia de Ci\u00eancia, Tecnologia e Ensino Superior (Seti\/PR), e atualmente \u00e9 constitu\u00eddo pelas seguintes atividades:[\/vc_column_text][vc_row_inner][vc_column_inner width=&#8221;1\/3&#8243;][vc_btn title=&#8221;Paran\u00e1 Fala Ingl\u00eas&#8221; style=&#8221;flat&#8221; shape=&#8221;square&#8221; color=&#8221;juicy-pink&#8221; align=&#8221;center&#8221; button_block=&#8221;true&#8221; link=&#8221;url:https%3A%2F%2Fwww3.unicentro.br%2Fparanafalaingles|||&#8221;][\/vc_column_inner][vc_column_inner width=&#8221;1\/3&#8243;][vc_btn title=&#8221;Paran\u00e1 Fala Franc\u00eas&#8221; style=&#8221;flat&#8221; shape=&#8221;square&#8221; color=&#8221;juicy-pink&#8221; align=&#8221;center&#8221; button_block=&#8221;true&#8221; link=&#8221;url:https%3A%2F%2Fwww3.unicentro.br%2Fparanafalafrances|||&#8221;][\/vc_column_inner][vc_column_inner width=&#8221;1\/3&#8243;][vc_btn title=&#8221;Paran\u00e1 Fala Espanhol&#8221; style=&#8221;flat&#8221; shape=&#8221;square&#8221; color=&#8221;juicy-pink&#8221; align=&#8221;center&#8221; button_block=&#8221;true&#8221; link=&#8221;url:https%3A%2F%2Fwww3.unicentro.br%2Fparanafalaespanhol|||&#8221;][\/vc_column_inner][\/vc_row_inner][\/vc_column][\/vc_row]<\/p>\n<\/div>","protected":false},"excerpt":{"rendered":"<p>[vc_row][vc_column][vc_column_text]O Programa Paran\u00e1 Fala Idiomas \u00e9 financiado pela Unidade Gestora do Fundo Paran\u00e1 (UGF), vinculado \u00e0 Superintend\u00eancia de Ci\u00eancia, Tecnologia e Ensino Superior (Seti\/PR), e atualmente \u00e9 constitu\u00eddo pelas seguintes atividades:[\/vc_column_text][vc_row_inner][vc_column_inner width=&#8221;1\/3&#8243;][vc_btn title=&#8221;Paran\u00e1 Fala Ingl\u00eas&#8221; style=&#8221;flat&#8221; shape=&#8221;square&#8221; color=&#8221;juicy-pink&#8221; align=&#8221;center&#8221; button_block=&#8221;true&#8221; link=&#8221;url:https%3A%2F%2Fwww3.unicentro.br%2Fparanafalaingles|||&#8221;][\/vc_column_inner][vc_column_inner width=&#8221;1\/3&#8243;][vc_btn title=&#8221;Paran\u00e1 Fala Franc\u00eas&#8221; style=&#8221;flat&#8221; shape=&#8221;square&#8221; color=&#8221;juicy-pink&#8221; align=&#8221;center&#8221; button_block=&#8221;true&#8221; link=&#8221;url:https%3A%2F%2Fwww3.unicentro.br%2Fparanafalafrances|||&#8221;][\/vc_column_inner][vc_column_inner width=&#8221;1\/3&#8243;][vc_btn title=&#8221;Paran\u00e1 Fala Espanhol&#8221; [&hellip;]<\/p>\n","protected":false},"author":3,"featured_media":0,"parent":970,"menu_order":0,"comment_status":"closed","ping_status":"closed","template":"","meta":{"_exactmetrics_skip_tracking":false,"_exactmetrics_sitenote_active":false,"_exactmetrics_sitenote_note":"","_exactmetrics_sitenote_category":0,"footnotes":"","_links_to":"","_links_to_target":""},"class_list":["post-977","page","type-page","status-publish","hentry"],"publishpress_future_action":{"enabled":false,"date":"2026-04-30 12:58:23","action":"change-status","newStatus":"draft","terms":[],"taxonomy":"language","extraData":[]},"publishpress_future_workflow_manual_trigger":{"enabledWorkflows":[]},"_links":{"self":[{"href":"https:\/\/www3.unicentro.br\/eri\/wp-json\/wp\/v2\/pages\/977","targetHints":{"allow":["GET"]}}],"collection":[{"href":"https:\/\/www3.unicentro.br\/eri\/wp-json\/wp\/v2\/pages"}],"about":[{"href":"https:\/\/www3.unicentro.br\/eri\/wp-json\/wp\/v2\/types\/page"}],"author":[{"embeddable":true,"href":"https:\/\/www3.unicentro.br\/eri\/wp-json\/wp\/v2\/users\/3"}],"replies":[{"embeddable":true,"href":"https:\/\/www3.unicentro.br\/eri\/wp-json\/wp\/v2\/comments?post=977"}],"version-history":[{"count":0,"href":"https:\/\/www3.unicentro.br\/eri\/wp-json\/wp\/v2\/pages\/977\/revisions"}],"up":[{"embeddable":true,"href":"https:\/\/www3.unicentro.br\/eri\/wp-json\/wp\/v2\/pages\/970"}],"wp:attachment":[{"href":"https:\/\/www3.unicentro.br\/eri\/wp-json\/wp\/v2\/media?parent=977"}],"curies":[{"name":"wp","href":"https:\/\/api.w.org\/{rel}","templated":true}]}}