{"id":970,"date":"2019-08-29T08:55:52","date_gmt":"2019-08-29T11:55:52","guid":{"rendered":"https:\/\/www3.unicentro.br\/eri\/?page_id=970"},"modified":"2019-11-01T16:14:14","modified_gmt":"2019-11-01T19:14:14","slug":"linguas-estrangeiras","status":"publish","type":"page","link":"https:\/\/www3.unicentro.br\/eri\/destaques\/linguas-estrangeiras\/","title":{"rendered":"L\u00ednguas Estrangeiras"},"content":{"rendered":"<p>Na Unicentro s\u00e3o ofertados in\u00fameros cursos para atender as necessidades de aprendizagem de l\u00ednguas estrangeiras da comunidade universit\u00e1ria e do p\u00fablico em geral.<\/p>\n<p>Estes cursos s\u00e3o ofertados por meio de <a href=\"https:\/\/www3.unicentro.br\/eri\/destaques\/linguas-estrangeiras\/programas-e-projetos-institucionais\/\">Programas e Projetos Institucionais<\/a> ou pelo <a href=\"https:\/\/www3.unicentro.br\/eri\/destaques\/linguas-estrangeiras\/programa-parana-fala-idiomas\/\">Programa Paran\u00e1 Fala Idiomas<\/a>.<\/p>\n","protected":false},"excerpt":{"rendered":"<p>Na Unicentro s\u00e3o ofertados in\u00fameros cursos para atender as necessidades de aprendizagem de l\u00ednguas estrangeiras da comunidade universit\u00e1ria e do p\u00fablico em geral. Estes cursos s\u00e3o ofertados por meio de Programas e Projetos Institucionais ou pelo Programa Paran\u00e1 Fala Idiomas.<\/p>\n","protected":false},"author":3,"featured_media":0,"parent":968,"menu_order":0,"comment_status":"closed","ping_status":"closed","template":"","meta":{"_exactmetrics_skip_tracking":false,"_exactmetrics_sitenote_active":false,"_exactmetrics_sitenote_note":"","_exactmetrics_sitenote_category":0,"footnotes":"","_links_to":"","_links_to_target":""},"class_list":["post-970","page","type-page","status-publish","hentry"],"publishpress_future_action":{"enabled":false,"date":"2026-04-30 18:23:35","action":"change-status","newStatus":"draft","terms":[],"taxonomy":"language","extraData":[]},"publishpress_future_workflow_manual_trigger":{"enabledWorkflows":[]},"_links":{"self":[{"href":"https:\/\/www3.unicentro.br\/eri\/wp-json\/wp\/v2\/pages\/970","targetHints":{"allow":["GET"]}}],"collection":[{"href":"https:\/\/www3.unicentro.br\/eri\/wp-json\/wp\/v2\/pages"}],"about":[{"href":"https:\/\/www3.unicentro.br\/eri\/wp-json\/wp\/v2\/types\/page"}],"author":[{"embeddable":true,"href":"https:\/\/www3.unicentro.br\/eri\/wp-json\/wp\/v2\/users\/3"}],"replies":[{"embeddable":true,"href":"https:\/\/www3.unicentro.br\/eri\/wp-json\/wp\/v2\/comments?post=970"}],"version-history":[{"count":0,"href":"https:\/\/www3.unicentro.br\/eri\/wp-json\/wp\/v2\/pages\/970\/revisions"}],"up":[{"embeddable":true,"href":"https:\/\/www3.unicentro.br\/eri\/wp-json\/wp\/v2\/pages\/968"}],"wp:attachment":[{"href":"https:\/\/www3.unicentro.br\/eri\/wp-json\/wp\/v2\/media?parent=970"}],"curies":[{"name":"wp","href":"https:\/\/api.w.org\/{rel}","templated":true}]}}