{"id":9,"date":"2018-02-23T16:40:14","date_gmt":"2018-02-23T19:40:14","guid":{"rendered":"https:\/\/www3.unicentro.br\/eri\/?page_id=9"},"modified":"2023-07-20T15:17:18","modified_gmt":"2023-07-20T18:17:18","slug":"inicial","status":"publish","type":"page","link":"https:\/\/www3.unicentro.br\/eri\/","title":{"rendered":"Inicial"},"content":{"rendered":"<div class=\"wpb-content-wrapper\"><p>[vc_row full_width=&#8221;stretch_row&#8221; equal_height=&#8221;yes&#8221; u_row_style=&#8221;0&#8243; u_row_paralax=&#8221;0&#8243; u_row_scheme=&#8221;0&#8243; el_class=&#8221;linha-parceiras&#8221;][vc_column width=&#8221;1\/3&#8243; css=&#8221;.vc_custom_1538661397039{padding-right: 0px !important;padding-left: 0px !important;background-image: url(https:\/\/www3.unicentro.br\/eri\/wp-content\/uploads\/sites\/35\/2018\/10\/img-home-outcoming.jpg?id=317) !important;background-position: center !important;background-repeat: no-repeat !important;background-size: cover !important;}&#8221;][vc_btn title=&#8221;Estudar ou pesquisar no exterior&#8221; style=&#8221;flat&#8221; shape=&#8221;square&#8221; color=&#8221;success&#8221; size=&#8221;sm&#8221; align=&#8221;right&#8221; i_align=&#8221;right&#8221; i_icon_fontawesome=&#8221;fa fa-sign-out&#8221; button_block=&#8221;true&#8221; add_icon=&#8221;true&#8221; el_class=&#8221;barra-botao&#8221; link=&#8221;url:https%3A%2F%2Fwww3.unicentro.br%2Feri%2Fmobilidade-academica%2Fdiscente%2Finternacional%2Fexterior%2F|||&#8221;][\/vc_column][vc_column width=&#8221;1\/3&#8243; css=&#8221;.vc_custom_1538661414239{padding-right: 0px !important;padding-left: 0px !important;background-image: url(https:\/\/www3.unicentro.br\/eri\/wp-content\/uploads\/sites\/35\/2018\/10\/img-home-incoming.jpg?id=316) !important;background-position: center !important;background-repeat: no-repeat !important;background-size: cover !important;}&#8221;][vc_btn title=&#8221;Estudar ou pesquisar na Unicentro&#8221; style=&#8221;flat&#8221; shape=&#8221;square&#8221; color=&#8221;danger&#8221; size=&#8221;sm&#8221; align=&#8221;right&#8221; i_align=&#8221;right&#8221; i_icon_fontawesome=&#8221;fa fa-sign-in&#8221; button_block=&#8221;true&#8221; add_icon=&#8221;true&#8221; el_class=&#8221;barra-botao&#8221; link=&#8221;url:https%3A%2F%2Fwww3.unicentro.br%2Feri%2Fmobilidade-academica%2Fdiscente%2Finternacional%2Festudar-na-unicentro%2F|||&#8221;][\/vc_column][vc_column width=&#8221;1\/3&#8243; css=&#8221;.vc_custom_1538660714892{padding-right: 0px !important;padding-left: 0px !important;background-image: url(https:\/\/www3.unicentro.br\/eri\/wp-content\/uploads\/sites\/35\/2018\/10\/img-home-news.jpg?id=315) !important;background-position: center !important;background-repeat: no-repeat !important;background-size: cover !important;}&#8221;][vc_btn title=&#8221;Not\u00edcias&#8221; style=&#8221;flat&#8221; shape=&#8221;square&#8221; color=&#8221;warning&#8221; size=&#8221;sm&#8221; align=&#8221;right&#8221; i_align=&#8221;right&#8221; i_icon_fontawesome=&#8221;fa fa-newspaper-o&#8221; button_block=&#8221;true&#8221; add_icon=&#8221;true&#8221; el_class=&#8221;barra-botao&#8221; link=&#8221;url:https%3A%2F%2Fwww3.unicentro.br%2Feri%2Fnoticias%2F|||&#8221;][\/vc_column][\/vc_row][vc_row][vc_column width=&#8221;1\/6&#8243;][\/vc_column][vc_column width=&#8221;2\/3&#8243;][vc_video link=&#8221;https:\/\/youtu.be\/YQvf2p0Jx2g&#8221;][\/vc_column][vc_column width=&#8221;1\/6&#8243;][\/vc_column][\/vc_row][vc_row u_row_style=&#8221;0&#8243; u_row_paralax=&#8221;0&#8243; u_row_scheme=&#8221;0&#8243; css=&#8221;.vc_custom_1527527817044{margin-top: 30px !important;margin-bottom: 0px !important;}&#8221;][vc_column][vc_row_inner css=&#8221;.vc_custom_1527527927768{margin-bottom: 5px !important;}&#8221;][vc_column_inner width=&#8221;1\/5&#8243;][\/vc_column_inner][vc_column_inner width=&#8221;3\/5&#8243; css=&#8221;.vc_custom_1527527932538{padding-top: 5px !important;padding-bottom: 5px !important;background-color: #efefef !important;border-radius: 5px !important;}&#8221;][vc_column_text css=&#8221;.vc_custom_1542999193568{margin-bottom: 0px !important;}&#8221;]<\/p>\n<p style=\"text-align: center\"><span style=\"font-family: helvetica, arial, sans-serif;font-size: 18pt;margin-bottom: -5px\"><strong>Informa\u00e7\u00f5es<br \/>\n<\/strong><\/span><em>Localiza\u00e7\u00f5es, hot\u00e9is e a\u00e7\u00f5es<\/em><\/p>\n<p>[\/vc_column_text][\/vc_column_inner][vc_column_inner width=&#8221;1\/5&#8243;][\/vc_column_inner][\/vc_row_inner][\/vc_column][\/vc_row][vc_row full_width=&#8221;stretch_row&#8221; gap=&#8221;5&#8243; equal_height=&#8221;yes&#8221; u_row_style=&#8221;0&#8243; u_row_paralax=&#8221;0&#8243; u_row_scheme=&#8221;0&#8243;][vc_column width=&#8221;1\/5&#8243;][\/vc_column][vc_column width=&#8221;1\/5&#8243; css=&#8221;.vc_custom_1527527702973{background-color: #efefef !important;border-radius: 5px !important;}&#8221;][vc_icon icon_fontawesome=&#8221;fa fa-map-marker&#8221; color=&#8221;custom&#8221; background_style=&#8221;rounded&#8221; background_color=&#8221;white&#8221; size=&#8221;xl&#8221; align=&#8221;center&#8221; css_animation=&#8221;bounceInDown&#8221; custom_color=&#8221;#b70000&#8243; link=&#8221;url:https%3A%2F%2Fwww3.unicentro.br%2Feri%2Fmapas%2F|||&#8221; css=&#8221;.vc_custom_1538661495278{margin-bottom: 0px !important;}&#8221;][vc_column_text]<\/p>\n<p style=\"text-align: center\"><a href=\"https:\/\/www3.unicentro.br\/eri\/mapas\/\"><span style=\"font-size: 14pt\"><strong><span style=\"font-family: helvetica, arial, sans-serif\">Mapas<\/span><\/strong><\/span><\/a><\/p>\n<p>[\/vc_column_text][\/vc_column][vc_column width=&#8221;1\/5&#8243; css=&#8221;.vc_custom_1527527712502{background-color: #efefef !important;border-radius: 5px !important;}&#8221;][vc_icon icon_fontawesome=&#8221;fa fa-bed&#8221; color=&#8221;custom&#8221; background_style=&#8221;rounded&#8221; background_color=&#8221;white&#8221; size=&#8221;xl&#8221; align=&#8221;center&#8221; css_animation=&#8221;bounceInDown&#8221; link=&#8221;url:https%3A%2F%2Fwww3.unicentro.br%2Feri%2Fhoteis%2F|||&#8221; css=&#8221;.vc_custom_1538661506752{margin-bottom: 0px !important;}&#8221; custom_color=&#8221;#ea8c00&#8243;][vc_column_text]<\/p>\n<p style=\"text-align: center\"><a href=\"https:\/\/www3.unicentro.br\/eri\/hoteis\/\"><span style=\"font-size: 14pt\"><strong><span style=\"font-family: helvetica, arial, sans-serif\">Hot\u00e9is<\/span><\/strong><\/span><\/a><\/p>\n<p>[\/vc_column_text][\/vc_column][vc_column width=&#8221;1\/5&#8243; css=&#8221;.vc_custom_1542999103360{background-color: #efefef !important;border-radius: 5px !important;}&#8221;][vc_single_image image=&#8221;477&#8243; img_size=&#8221;full&#8221; alignment=&#8221;center&#8221; onclick=&#8221;custom_link&#8221; css_animation=&#8221;bounceInDown&#8221; css=&#8221;.vc_custom_1542999211129{margin-bottom: 0px !important;}&#8221; link=&#8221;https:\/\/sguweb.unicentro.br\/acomodacoes\/amigosdaunicentro&#8221;][vc_column_text]<\/p>\n<p style=\"text-align: center;line-height: 20px\"><a href=\"https:\/\/sguweb.unicentro.br\/acomodacoes\/amigosdaunicentro\"><span style=\"font-size: 14pt\"><strong><span style=\"font-family: helvetica, arial, sans-serif\">Projetos Institucionais<\/span><\/strong><\/span><\/a><\/p>\n<p>[\/vc_column_text][\/vc_column][vc_column width=&#8221;1\/5&#8243;][\/vc_column][\/vc_row][vc_row u_row_style=&#8221;0&#8243; u_row_paralax=&#8221;0&#8243; u_row_scheme=&#8221;0&#8243; css=&#8221;.vc_custom_1549369942433{margin-top: 15px !important;}&#8221;][vc_column width=&#8221;1\/5&#8243;][\/vc_column][vc_column width=&#8221;3\/5&#8243;][vc_column_text css=&#8221;.vc_custom_1549369915371{margin-bottom: 10px !important;border-bottom-width: 1px !important;padding-bottom: 5px !important;border-bottom-color: #cccccc !important;border-bottom-style: dotted !important;}&#8221;]<\/p>\n<p style=\"text-align: center\"><span style=\"font-family: helvetica, arial, sans-serif;font-size: 18pt;margin-bottom: -5px\"><strong>Redes Sociais<\/strong><\/span><\/p>\n<p>[\/vc_column_text][vc_row_inner][vc_column_inner width=&#8221;1\/4&#8243;][vc_icon icon_fontawesome=&#8221;fa fa-twitter&#8221; color=&#8221;white&#8221; background_style=&#8221;boxed&#8221; background_color=&#8221;custom&#8221; size=&#8221;lg&#8221; align=&#8221;center&#8221; css_animation=&#8221;bounceInDown&#8221; custom_background_color=&#8221;#c41515&#8243; link=&#8221;url:https%3A%2F%2Ftwitter.com%2Feri_unicentro|||&#8221;][\/vc_column_inner][vc_column_inner width=&#8221;1\/4&#8243;][vc_icon icon_fontawesome=&#8221;fa fa-facebook&#8221; color=&#8221;white&#8221; background_style=&#8221;boxed&#8221; background_color=&#8221;custom&#8221; size=&#8221;lg&#8221; align=&#8221;center&#8221; css_animation=&#8221;bounceInDown&#8221; custom_background_color=&#8221;#c41515&#8243; link=&#8221;url:https%3A%2F%2Fwww.facebook.com%2Feriunicentro|||&#8221;][\/vc_column_inner][vc_column_inner width=&#8221;1\/4&#8243;][vc_icon icon_fontawesome=&#8221;fa fa-instagram&#8221; color=&#8221;white&#8221; background_style=&#8221;boxed&#8221; background_color=&#8221;custom&#8221; size=&#8221;lg&#8221; align=&#8221;center&#8221; css_animation=&#8221;bounceInDown&#8221; custom_background_color=&#8221;#c41515&#8243; link=&#8221;url:https%3A%2F%2Fwww.instagram.com%2Feriunicentro%2F|||&#8221;][\/vc_column_inner][vc_column_inner width=&#8221;1\/4&#8243;][vc_icon icon_fontawesome=&#8221;fa fa-youtube-square&#8221; color=&#8221;white&#8221; background_style=&#8221;boxed&#8221; background_color=&#8221;custom&#8221; size=&#8221;lg&#8221; align=&#8221;center&#8221; css_animation=&#8221;bounceInDown&#8221; custom_background_color=&#8221;#c41515&#8243; link=&#8221;url:https%3A%2F%2Fwww.youtube.com%2Fchannel%2FUC_83ki22QWVfEnQqCa5EQoA|||&#8221;][\/vc_column_inner][\/vc_row_inner][\/vc_column][vc_column width=&#8221;1\/5&#8243;][\/vc_column][\/vc_row]<\/p>\n<\/div>","protected":false},"excerpt":{"rendered":"<p>[vc_row full_width=&#8221;stretch_row&#8221; equal_height=&#8221;yes&#8221; u_row_style=&#8221;0&#8243; u_row_paralax=&#8221;0&#8243; u_row_scheme=&#8221;0&#8243; el_class=&#8221;linha-parceiras&#8221;][vc_column width=&#8221;1\/3&#8243; css=&#8221;.vc_custom_1538661397039{padding-right: 0px !important;padding-left: 0px !important;background-image: url(https:\/\/www3.unicentro.br\/eri\/wp-content\/uploads\/sites\/35\/2018\/10\/img-home-outcoming.jpg?id=317) !important;background-position: center !important;background-repeat: no-repeat !important;background-size: cover !important;}&#8221;][vc_btn title=&#8221;Estudar ou pesquisar no exterior&#8221; style=&#8221;flat&#8221; shape=&#8221;square&#8221; color=&#8221;success&#8221; size=&#8221;sm&#8221; align=&#8221;right&#8221; i_align=&#8221;right&#8221; i_icon_fontawesome=&#8221;fa fa-sign-out&#8221; button_block=&#8221;true&#8221; add_icon=&#8221;true&#8221; el_class=&#8221;barra-botao&#8221; link=&#8221;url:https%3A%2F%2Fwww3.unicentro.br%2Feri%2Fmobilidade-academica%2Fdiscente%2Finternacional%2Fexterior%2F|||&#8221;][\/vc_column][vc_column width=&#8221;1\/3&#8243; css=&#8221;.vc_custom_1538661414239{padding-right: 0px !important;padding-left: 0px !important;background-image: url(https:\/\/www3.unicentro.br\/eri\/wp-content\/uploads\/sites\/35\/2018\/10\/img-home-incoming.jpg?id=316) !important;background-position: center !important;background-repeat: no-repeat !important;background-size: cover !important;}&#8221;][vc_btn title=&#8221;Estudar ou pesquisar [&hellip;]<\/p>\n","protected":false},"author":3,"featured_media":0,"parent":0,"menu_order":0,"comment_status":"closed","ping_status":"closed","template":"page-templates\/front-page.php","meta":{"_exactmetrics_skip_tracking":false,"_exactmetrics_sitenote_active":false,"_exactmetrics_sitenote_note":"","_exactmetrics_sitenote_category":0,"footnotes":"","_links_to":"","_links_to_target":""},"class_list":["post-9","page","type-page","status-publish","hentry"],"publishpress_future_action":{"enabled":false,"date":"2026-04-21 07:30:43","action":"change-status","newStatus":"draft","terms":[],"taxonomy":"language","extraData":[]},"publishpress_future_workflow_manual_trigger":{"enabledWorkflows":[]},"_links":{"self":[{"href":"https:\/\/www3.unicentro.br\/eri\/wp-json\/wp\/v2\/pages\/9","targetHints":{"allow":["GET"]}}],"collection":[{"href":"https:\/\/www3.unicentro.br\/eri\/wp-json\/wp\/v2\/pages"}],"about":[{"href":"https:\/\/www3.unicentro.br\/eri\/wp-json\/wp\/v2\/types\/page"}],"author":[{"embeddable":true,"href":"https:\/\/www3.unicentro.br\/eri\/wp-json\/wp\/v2\/users\/3"}],"replies":[{"embeddable":true,"href":"https:\/\/www3.unicentro.br\/eri\/wp-json\/wp\/v2\/comments?post=9"}],"version-history":[{"count":0,"href":"https:\/\/www3.unicentro.br\/eri\/wp-json\/wp\/v2\/pages\/9\/revisions"}],"wp:attachment":[{"href":"https:\/\/www3.unicentro.br\/eri\/wp-json\/wp\/v2\/media?parent=9"}],"curies":[{"name":"wp","href":"https:\/\/api.w.org\/{rel}","templated":true}]}}