{"id":893,"date":"2019-08-07T16:30:33","date_gmt":"2019-08-07T19:30:33","guid":{"rendered":"https:\/\/www3.unicentro.br\/eri\/?page_id=893"},"modified":"2023-08-09T14:38:55","modified_gmt":"2023-08-09T17:38:55","slug":"numeros","status":"publish","type":"page","link":"https:\/\/www3.unicentro.br\/eri\/sobre\/numeros\/","title":{"rendered":"N\u00fameros"},"content":{"rendered":"<table style=\"width: 47.3746%\" width=\"643\">\n<tbody>\n<tr>\n<td style=\"width: 98.4568%\" colspan=\"3\" width=\"643\"><strong>CURSOS<\/strong><\/td>\n<\/tr>\n<tr>\n<td style=\"width: 77.9321%\" colspan=\"2\" width=\"511\"><strong>Cursos de Gradua\u00e7\u00e3o<\/strong><\/td>\n<td style=\"width: 20.5247%\" width=\"132\"><strong>44<\/strong><\/td>\n<\/tr>\n<tr>\n<td style=\"width: 77.9321%\" colspan=\"2\" width=\"511\"><strong>Cursos de Gradua\u00e7\u00e3o \u00e0 Distancia<\/strong><\/td>\n<td style=\"width: 20.5247%\" width=\"132\"><strong>06<\/strong><\/td>\n<\/tr>\n<tr>\n<td style=\"width: 77.9321%\" colspan=\"2\" width=\"511\"><strong>Cursos de P\u00f3s-Gradua\u00e7\u00e3o Stricto Sensu<\/strong><\/td>\n<td style=\"width: 20.5247%\" width=\"132\"><strong>26<\/strong><\/td>\n<\/tr>\n<tr>\n<td style=\"width: 12.6543%\" width=\"81\"><\/td>\n<td style=\"width: 65.2778%\" width=\"430\">Doutorado<\/td>\n<td style=\"width: 20.5247%\" width=\"132\">09<\/td>\n<\/tr>\n<tr>\n<td style=\"width: 12.6543%\" width=\"81\"><\/td>\n<td style=\"width: 65.2778%\" width=\"430\">Mestrado<\/td>\n<td style=\"width: 20.5247%\" width=\"132\">17<\/td>\n<\/tr>\n<tr>\n<td style=\"width: 77.9321%\" colspan=\"2\" width=\"511\"><strong>Cursos de P\u00f3s-Gradua\u00e7\u00e3o Lato Sensu (Es<\/strong><strong>pecializa\u00e7\u00e3o)<\/strong><\/td>\n<td style=\"width: 20.5247%\" width=\"132\"><strong>22<\/strong><\/td>\n<\/tr>\n<tr>\n<td style=\"width: 98.4568%\" colspan=\"3\" width=\"643\"><\/td>\n<\/tr>\n<tr>\n<td style=\"width: 98.4568%\" colspan=\"3\" width=\"643\"><strong>INGRESSO ANUAL DE ESTUDANTES<\/strong><\/td>\n<\/tr>\n<tr>\n<td style=\"width: 77.9321%\" colspan=\"2\" width=\"511\"><strong>Cursos de Gradua\u00e7\u00e3o<\/strong><\/td>\n<td style=\"width: 20.5247%\" width=\"132\"><strong>2127<\/strong><\/td>\n<\/tr>\n<tr>\n<td style=\"width: 12.6543%\" width=\"81\"><\/td>\n<td style=\"width: 65.2778%\" width=\"430\">Vagas Oferecidas<\/td>\n<td style=\"width: 20.5247%\" width=\"132\">1411<\/td>\n<\/tr>\n<tr>\n<td style=\"width: 12.6543%\" width=\"81\"><\/td>\n<td style=\"width: 65.2778%\" width=\"430\">Programa de Avalia\u00e7\u00e3o Continuada &#8211; PAC (Programa Institucional)<\/td>\n<td style=\"width: 20.5247%\" width=\"132\">220<\/td>\n<\/tr>\n<tr>\n<td style=\"width: 12.6543%\" width=\"81\"><\/td>\n<td style=\"width: 65.2778%\" width=\"430\">Exame Nacional de Ensino M\u00e9dio (Programa do Governo Federal)<\/td>\n<td style=\"width: 20.5247%\" width=\"132\">496<\/td>\n<\/tr>\n<tr>\n<td style=\"width: 77.9321%\" colspan=\"2\" width=\"511\"><strong>Cursos de P\u00f3s-Gradua\u00e7\u00e3o Stricto Sensu<\/strong><\/td>\n<td style=\"width: 20.5247%\" width=\"132\"><strong>453<\/strong><\/td>\n<\/tr>\n<tr>\n<td style=\"width: 12.6543%\" width=\"81\"><\/td>\n<td style=\"width: 65.2778%\" width=\"430\">Doutorado<\/td>\n<td style=\"width: 20.5247%\" width=\"132\">82<\/td>\n<\/tr>\n<tr>\n<td style=\"width: 12.6543%\" width=\"81\"><\/td>\n<td style=\"width: 65.2778%\" width=\"430\">Mestrado<\/td>\n<td style=\"width: 20.5247%\" width=\"132\">371<\/td>\n<\/tr>\n<tr>\n<td style=\"width: 98.4568%\" colspan=\"3\" width=\"643\"><strong>\u00a0<\/strong><\/td>\n<\/tr>\n<tr>\n<td style=\"width: 98.4568%\" colspan=\"3\" width=\"643\"><strong>ESTUDANTES<\/strong><\/td>\n<\/tr>\n<tr>\n<td style=\"width: 77.9321%\" colspan=\"2\" width=\"511\"><strong>Cursos de Gradua\u00e7\u00e3o<\/strong><\/td>\n<td style=\"width: 20.5247%\" width=\"132\"><strong>6106<\/strong><\/td>\n<\/tr>\n<tr>\n<td style=\"width: 77.9321%\" colspan=\"2\" width=\"511\"><strong>Cursos de Gradua\u00e7\u00e3o \u00e0 Distancia<\/strong><\/td>\n<td style=\"width: 20.5247%\" width=\"132\"><strong>704<\/strong><\/td>\n<\/tr>\n<tr>\n<td style=\"width: 77.9321%\" colspan=\"2\" width=\"511\"><strong>Cursos de P\u00f3s-Gradua\u00e7\u00e3o Stricto Sensu<\/strong><\/td>\n<td style=\"width: 20.5247%\" width=\"132\"><strong>866<\/strong><\/td>\n<\/tr>\n<tr>\n<td style=\"width: 12.6543%\" width=\"81\"><\/td>\n<td style=\"width: 65.2778%\" width=\"430\">Doutorado<\/td>\n<td style=\"width: 20.5247%\" width=\"132\">280<\/td>\n<\/tr>\n<tr>\n<td style=\"width: 12.6543%\" width=\"81\"><\/td>\n<td style=\"width: 65.2778%\" width=\"430\">Mestrado<\/td>\n<td style=\"width: 20.5247%\" width=\"132\">586<\/td>\n<\/tr>\n<tr>\n<td style=\"width: 77.9321%\" colspan=\"2\" width=\"511\"><strong>Cursos de P\u00f3s-Gradua\u00e7\u00e3o Lato Sensu (Es<\/strong><strong>pecializa\u00e7\u00e3o)<\/strong><\/td>\n<td style=\"width: 20.5247%\" width=\"132\"><strong>1175 <\/strong><\/td>\n<\/tr>\n<tr>\n<td style=\"width: 77.9321%\" colspan=\"2\" width=\"511\"><strong>Cursos de P\u00f3s-Gradua\u00e7\u00e3o \u00e0 Distancia<\/strong><\/td>\n<td style=\"width: 20.5247%\" width=\"132\"><strong>1101<\/strong><\/td>\n<\/tr>\n<tr>\n<td style=\"width: 77.9321%\" colspan=\"2\" width=\"511\"><strong>TOTAL<\/strong><\/td>\n<td style=\"width: 20.5247%\" width=\"132\"><strong>9952<\/strong><\/td>\n<\/tr>\n<tr>\n<td style=\"width: 77.9321%\" colspan=\"2\" width=\"511\"><strong>\u00a0<\/strong><\/td>\n<td style=\"width: 20.5247%\" width=\"132\"><\/td>\n<\/tr>\n<tr>\n<td style=\"width: 77.9321%\" colspan=\"2\" width=\"511\"><strong>PROFESSORES<\/strong><\/td>\n<td style=\"width: 20.5247%\" width=\"132\"><strong>892<\/strong><\/td>\n<\/tr>\n<tr>\n<td style=\"width: 77.9321%\" colspan=\"2\" width=\"511\"><strong>\u00a0<\/strong><\/td>\n<td style=\"width: 20.5247%\" width=\"132\"><strong>\u00a0<\/strong><\/td>\n<\/tr>\n<tr>\n<td style=\"width: 77.9321%\" colspan=\"2\" width=\"511\"><strong>AGENTE UNIVERSIT\u00c1RIOS<\/strong><\/td>\n<td style=\"width: 20.5247%\" width=\"132\"><strong>359<\/strong><\/td>\n<\/tr>\n<tr>\n<td style=\"width: 77.9321%\" colspan=\"2\" width=\"511\"><strong>\u00a0<\/strong><\/td>\n<td style=\"width: 20.5247%\" width=\"132\"><strong>\u00a0<\/strong><\/td>\n<\/tr>\n<tr>\n<td style=\"width: 98.4568%\" colspan=\"3\" width=\"643\"><strong>REVISTAS<\/strong><\/td>\n<\/tr>\n<tr>\n<td style=\"width: 98.4568%\" colspan=\"3\" width=\"643\"><a href=\"https:\/\/revistas.unicentro.br\/index.php\/ambiencia\/index\"><strong>Ambi\u00eancia <\/strong><\/a>(Meio Ambiente e outras Ci\u00eancias)<\/td>\n<\/tr>\n<tr>\n<td style=\"width: 98.4568%\" colspan=\"3\" width=\"643\"><a href=\"https:\/\/revistas.unicentro.br\/index.php\/capitalcientifico\"><strong>Capital Cient\u00edfico <\/strong>(Ci\u00eancias Sociais Aplicadas)<\/a><\/td>\n<\/tr>\n<tr>\n<td style=\"width: 98.4568%\" colspan=\"3\" width=\"643\"><a href=\"https:\/\/revistas.unicentro.br\/index.php\/RECEN\"><strong>Revista de Ci\u00eancias Naturais e Exatas <\/strong>(Ci\u00eancias Exatas)<\/a><\/td>\n<\/tr>\n<tr>\n<td style=\"width: 98.4568%\" colspan=\"3\" width=\"643\"><a href=\"https:\/\/revistas.unicentro.br\/index.php\/guaiaraca\"><strong>Guairac\u00e1 <\/strong>(Filosofia)<\/a><\/td>\n<\/tr>\n<tr>\n<td style=\"width: 98.4568%\" colspan=\"3\" width=\"643\"><a href=\"https:\/\/revistas.unicentro.br\/index.php\/repaa\"><strong>Revista Brasileira de Tecnologia Aplicada nas Ci\u00eancias Agr\u00e1rias <\/strong>(Ci\u00eancias Agr\u00edcolas)<\/a><\/td>\n<\/tr>\n<tr>\n<td style=\"width: 98.4568%\" colspan=\"3\" width=\"643\"><a href=\"https:\/\/revistas.uepg.br\/index.php\/tel\/index\"><strong>Revista TEL: Tempo, Espa\u00e7o e Linguagem <\/strong>(Hist\u00f3ria)<\/a><\/td>\n<\/tr>\n<tr>\n<td style=\"width: 98.4568%\" colspan=\"3\" width=\"643\"><a href=\"https:\/\/revistas.unicentro.br\/index.php\/revista_interfaces\"><strong>Interfaces <\/strong>(Letras)<\/a><\/td>\n<\/tr>\n<\/tbody>\n<\/table>\n<p><strong>\u00a0<\/strong><\/p>\n<p><strong>\u00a0<\/strong><\/p>\n","protected":false},"excerpt":{"rendered":"<p>CURSOS Cursos de Gradua\u00e7\u00e3o 44 Cursos de Gradua\u00e7\u00e3o \u00e0 Distancia 06 Cursos de P\u00f3s-Gradua\u00e7\u00e3o Stricto Sensu 26 Doutorado 09 Mestrado 17 Cursos de P\u00f3s-Gradua\u00e7\u00e3o Lato Sensu (Especializa\u00e7\u00e3o) 22 INGRESSO ANUAL DE ESTUDANTES Cursos de Gradua\u00e7\u00e3o 2127 Vagas Oferecidas 1411 Programa de Avalia\u00e7\u00e3o Continuada &#8211; PAC (Programa Institucional) 220 Exame Nacional de Ensino M\u00e9dio (Programa do [&hellip;]<\/p>\n","protected":false},"author":3,"featured_media":0,"parent":60,"menu_order":0,"comment_status":"closed","ping_status":"closed","template":"","meta":{"_exactmetrics_skip_tracking":false,"_exactmetrics_sitenote_active":false,"_exactmetrics_sitenote_note":"","_exactmetrics_sitenote_category":0,"footnotes":"","_links_to":"","_links_to_target":""},"class_list":["post-893","page","type-page","status-publish","hentry"],"publishpress_future_action":{"enabled":false,"date":"2026-04-30 10:18:03","action":"change-status","newStatus":"draft","terms":[],"taxonomy":"language","extraData":[]},"publishpress_future_workflow_manual_trigger":{"enabledWorkflows":[]},"_links":{"self":[{"href":"https:\/\/www3.unicentro.br\/eri\/wp-json\/wp\/v2\/pages\/893","targetHints":{"allow":["GET"]}}],"collection":[{"href":"https:\/\/www3.unicentro.br\/eri\/wp-json\/wp\/v2\/pages"}],"about":[{"href":"https:\/\/www3.unicentro.br\/eri\/wp-json\/wp\/v2\/types\/page"}],"author":[{"embeddable":true,"href":"https:\/\/www3.unicentro.br\/eri\/wp-json\/wp\/v2\/users\/3"}],"replies":[{"embeddable":true,"href":"https:\/\/www3.unicentro.br\/eri\/wp-json\/wp\/v2\/comments?post=893"}],"version-history":[{"count":0,"href":"https:\/\/www3.unicentro.br\/eri\/wp-json\/wp\/v2\/pages\/893\/revisions"}],"up":[{"embeddable":true,"href":"https:\/\/www3.unicentro.br\/eri\/wp-json\/wp\/v2\/pages\/60"}],"wp:attachment":[{"href":"https:\/\/www3.unicentro.br\/eri\/wp-json\/wp\/v2\/media?parent=893"}],"curies":[{"name":"wp","href":"https:\/\/api.w.org\/{rel}","templated":true}]}}