{"id":83,"date":"2018-09-05T13:50:10","date_gmt":"2018-09-05T16:50:10","guid":{"rendered":"https:\/\/www3.unicentro.br\/eri\/?page_id=83"},"modified":"2023-07-28T15:45:21","modified_gmt":"2023-07-28T18:45:21","slug":"parceiras","status":"publish","type":"page","link":"https:\/\/www3.unicentro.br\/eri\/cooperacao-internacional\/parceiras\/","title":{"rendered":"Parceiras Internacionais"},"content":{"rendered":"<div class=\"wpb-content-wrapper\"><p>[vc_row][vc_column][vc_column_text]As a\u00e7\u00f5es de internacionaliza\u00e7\u00e3o na Unicentro foram propostas com o objetivo de contribuir para o desenvolvimento dos campos acad\u00eamicos de excel\u00eancia em nossa institui\u00e7\u00e3o, sem deixar de lado a meta de focar na miss\u00e3o institucional de produzir conhecimento e implementar a\u00e7\u00f5es que possam auxiliar na transforma\u00e7\u00e3o dos contextos socioecon\u00f4mico e pol\u00edtico, contribuindo para o desenvolvimento da \u00e1rea de abrang\u00eancia da institui\u00e7\u00e3o.<\/p>\n<p>Com esse prop\u00f3sito, importantes parcerias internacionais t\u00eam compartilhado o desenvolvimento de a\u00e7\u00f5es que permitam o aprofundamento de estudos e interven\u00e7\u00f5es tanto na regi\u00e3o da Unicentro quanto na regi\u00e3o dos parceiros, devido \u00e0s similaridades em termos geogr\u00e1ficos (relevo, vegeta\u00e7\u00e3o, clima, entre outros), sociais (educa\u00e7\u00e3o, economia, etc.) e culturais (costumes, tradi\u00e7\u00f5es, idiomas, etc.).<\/p>\n<p>Com base na premissa de que essas parcerias devem ser desenvolvidas em um processo de m\u00e3o dupla, elas n\u00e3o apenas beneficiam a comunidade acad\u00eamica da Unicentro, mas tamb\u00e9m contribuem para a moderniza\u00e7\u00e3o e inova\u00e7\u00e3o em diferentes setores dos pa\u00edses e parceiros.<\/p>\n<p>Dessa forma, a Unicentro vem expandindo sua coopera\u00e7\u00e3o cient\u00edfica em atividades de ensino, pesquisa, inova\u00e7\u00e3o tecnol\u00f3gica, extens\u00e3o e atividades culturais, a fim de estimular e possibilitar o contato entre seu corpo docente e pesquisadores e institui\u00e7\u00f5es parceiras internacionais.[\/vc_column_text][\/vc_column][\/vc_row][vc_row full_width=&#8221;stretch_row&#8221; equal_height=&#8221;yes&#8221; u_row_style=&#8221;0&#8243; u_row_paralax=&#8221;0&#8243; u_row_scheme=&#8221;0&#8243; el_class=&#8221;linha-parceiras&#8221;][vc_column width=&#8221;1\/3&#8243; css=&#8221;.vc_custom_1536167677430{padding-right: 0px !important;padding-left: 0px !important;background-image: url(https:\/\/www3.unicentro.br\/eri\/wp-content\/uploads\/sites\/35\/2018\/09\/universidade-coimbra-parceiras.jpg?id=86) !important;background-position: center !important;background-repeat: no-repeat !important;background-size: cover !important;}&#8221;][vc_btn title=&#8221;Universidades&#8221; style=&#8221;flat&#8221; shape=&#8221;square&#8221; color=&#8221;danger&#8221; size=&#8221;sm&#8221; align=&#8221;right&#8221; i_align=&#8221;right&#8221; i_icon_fontawesome=&#8221;fa fa-university&#8221; button_block=&#8221;true&#8221; add_icon=&#8221;true&#8221; el_class=&#8221;barra-botao&#8221; link=&#8221;url:https%3A%2F%2Fwww3.unicentro.br%2Feri%2Fcooperacao-internacional%2Fparceiras%2Funiversidades%2F|||&#8221;][\/vc_column][vc_column width=&#8221;1\/3&#8243; css=&#8221;.vc_custom_1536167698024{padding-right: 0px !important;padding-left: 0px !important;background-image: url(https:\/\/www3.unicentro.br\/eri\/wp-content\/uploads\/sites\/35\/2018\/09\/museo-historia-natural-parceiros.jpg?id=87) !important;background-position: center !important;background-repeat: no-repeat !important;background-size: cover !important;}&#8221;][vc_btn title=&#8221;Outras Institui\u00e7\u00f5es&#8221; style=&#8221;flat&#8221; shape=&#8221;square&#8221; color=&#8221;success&#8221; size=&#8221;sm&#8221; align=&#8221;right&#8221; i_align=&#8221;right&#8221; i_icon_fontawesome=&#8221;fa fa-building&#8221; button_block=&#8221;true&#8221; add_icon=&#8221;true&#8221; el_class=&#8221;barra-botao&#8221; link=&#8221;url:http%3A%2F%2Fwww3.unicentro.br%2Feri%2Fcooperacao-internacional%2Fparceiras%2Foutras-instituicoes%2F|||&#8221;][\/vc_column][vc_column width=&#8221;1\/3&#8243; css=&#8221;.vc_custom_1536167708175{padding-right: 0px !important;padding-left: 0px !important;background-image: url(https:\/\/www3.unicentro.br\/eri\/wp-content\/uploads\/sites\/35\/2018\/09\/associacoes-redes-parceiras.jpg?id=88) !important;background-position: center !important;background-repeat: no-repeat !important;background-size: cover !important;}&#8221;][vc_btn title=&#8221;Redes de Colabora\u00e7\u00e3o&#8221; style=&#8221;flat&#8221; shape=&#8221;square&#8221; color=&#8221;primary&#8221; size=&#8221;sm&#8221; align=&#8221;right&#8221; i_align=&#8221;right&#8221; i_icon_fontawesome=&#8221;fa fa-users&#8221; button_block=&#8221;true&#8221; add_icon=&#8221;true&#8221; el_class=&#8221;barra-botao&#8221; link=&#8221;url:https%3A%2F%2Fwww3.unicentro.br%2Feri%2Fcooperacao-internacional%2Fparceiras%2Fassociacoes-e-redes%2F|||&#8221;][\/vc_column][\/vc_row]<\/p>\n<\/div>","protected":false},"excerpt":{"rendered":"<p>[vc_row][vc_column][vc_column_text]As a\u00e7\u00f5es de internacionaliza\u00e7\u00e3o na Unicentro foram propostas com o objetivo de contribuir para o desenvolvimento dos campos acad\u00eamicos de excel\u00eancia em nossa institui\u00e7\u00e3o, sem deixar de lado a meta de focar na miss\u00e3o institucional de produzir conhecimento e implementar a\u00e7\u00f5es que possam auxiliar na transforma\u00e7\u00e3o dos contextos socioecon\u00f4mico e pol\u00edtico, contribuindo para o desenvolvimento [&hellip;]<\/p>\n","protected":false},"author":3,"featured_media":0,"parent":77,"menu_order":0,"comment_status":"closed","ping_status":"closed","template":"","meta":{"_exactmetrics_skip_tracking":false,"_exactmetrics_sitenote_active":false,"_exactmetrics_sitenote_note":"","_exactmetrics_sitenote_category":0,"footnotes":"","_links_to":"","_links_to_target":""},"class_list":["post-83","page","type-page","status-publish","hentry"],"publishpress_future_action":{"enabled":false,"date":"2026-04-30 02:20:52","action":"change-status","newStatus":"draft","terms":[],"taxonomy":"language","extraData":[]},"publishpress_future_workflow_manual_trigger":{"enabledWorkflows":[]},"_links":{"self":[{"href":"https:\/\/www3.unicentro.br\/eri\/wp-json\/wp\/v2\/pages\/83","targetHints":{"allow":["GET"]}}],"collection":[{"href":"https:\/\/www3.unicentro.br\/eri\/wp-json\/wp\/v2\/pages"}],"about":[{"href":"https:\/\/www3.unicentro.br\/eri\/wp-json\/wp\/v2\/types\/page"}],"author":[{"embeddable":true,"href":"https:\/\/www3.unicentro.br\/eri\/wp-json\/wp\/v2\/users\/3"}],"replies":[{"embeddable":true,"href":"https:\/\/www3.unicentro.br\/eri\/wp-json\/wp\/v2\/comments?post=83"}],"version-history":[{"count":0,"href":"https:\/\/www3.unicentro.br\/eri\/wp-json\/wp\/v2\/pages\/83\/revisions"}],"up":[{"embeddable":true,"href":"https:\/\/www3.unicentro.br\/eri\/wp-json\/wp\/v2\/pages\/77"}],"wp:attachment":[{"href":"https:\/\/www3.unicentro.br\/eri\/wp-json\/wp\/v2\/media?parent=83"}],"curies":[{"name":"wp","href":"https:\/\/api.w.org\/{rel}","templated":true}]}}