{"id":66,"date":"2018-09-05T11:42:24","date_gmt":"2018-09-05T14:42:24","guid":{"rendered":"https:\/\/www3.unicentro.br\/eri\/?page_id=66"},"modified":"2022-08-11T10:02:10","modified_gmt":"2022-08-11T13:02:10","slug":"palavra-do-reitor","status":"publish","type":"page","link":"https:\/\/www3.unicentro.br\/eri\/sobre\/apresentacao\/palavra-do-reitor\/","title":{"rendered":"Palavra do Reitor"},"content":{"rendered":"<p>Ol\u00e1!<em>\u00a0<\/em><\/p>\n<p><em>Seja bem-vindo \u00e0 Universidade Estadual do Centro-Oeste, uma institui\u00e7\u00e3o brasileira bastante jovem, mas que tem enorme reconhecimento pela sociedade. Atuamos em todas as \u00e1reas do conhecimento e nossa vis\u00e3o \u00e9 sempre fomentar a harmonia entre Ensino, Pesquisa e Aten\u00e7\u00e3o \u00e0 Comunidade, com cursos de gradua\u00e7\u00e3o e p\u00f3s-gradua\u00e7\u00e3o.<\/em><\/p>\n<p><em>Tamb\u00e9m priorizamos as rela\u00e7\u00f5es internacionais. Hoje, temos coopera\u00e7\u00e3o com mais de 50 pa\u00edses de todos os continentes e isso se reflete positivamente no dia a dia de nossos c\u00e2mpus. Com frequ\u00eancia, ouvimos diversos idiomas nos corredores, nas salas de aula, nos laborat\u00f3rios e nos demais ambientes da Unicentro. Anualmente, recebemos dezenas de professores, pesquisadores e estudantes Brasil afora. Constantemente, nossos cientistas viajam pelo mundo como conferencistas convidados e nossos alunos partem para mobilidades internacionais.<\/em><\/p>\n<p><em>A Unicentro tamb\u00e9m participa de importantes redes globais que contribuem para que estejamos envolvidos em projetos de Inova\u00e7\u00e3o Tecnol\u00f3gica, produtos e patentes que melhoram a vida das pessoas e muito mais.<\/em><\/p>\n<p><em>Na Unicentro, a comunidade internacional \u00e9 sempre bem recebida. Nossas cl\u00ednicas m\u00e9dicas est\u00e3o de portas abertas. Nossos grupos de estudos em Ci\u00eancias Humanas e Sociais tamb\u00e9m, e assim, a Universidade como um todo. Temos a convic\u00e7\u00e3o de que a Educa\u00e7\u00e3o Superior ajuda a assegurar um bom futuro para a sociedade e estamos empenhados em contribuir sempre.<\/em><\/p>\n<p><em>Venha conhecer a Unicentro! Venha conhecer o Sul do Brasil!<\/em><\/p>\n<p>&nbsp;<\/p>\n<p>Prof. Dr. Fabio Hernandes<br \/>\nReitor<\/p>\n","protected":false},"excerpt":{"rendered":"<p>Ol\u00e1!\u00a0 Seja bem-vindo \u00e0 Universidade Estadual do Centro-Oeste, uma institui\u00e7\u00e3o brasileira bastante jovem, mas que tem enorme reconhecimento pela sociedade. Atuamos em todas as \u00e1reas do conhecimento e nossa vis\u00e3o \u00e9 sempre fomentar a harmonia entre Ensino, Pesquisa e Aten\u00e7\u00e3o \u00e0 Comunidade, com cursos de gradua\u00e7\u00e3o e p\u00f3s-gradua\u00e7\u00e3o. Tamb\u00e9m priorizamos as rela\u00e7\u00f5es internacionais. Hoje, temos [&hellip;]<\/p>\n","protected":false},"author":3,"featured_media":0,"parent":62,"menu_order":0,"comment_status":"closed","ping_status":"closed","template":"","meta":{"_exactmetrics_skip_tracking":false,"_exactmetrics_sitenote_active":false,"_exactmetrics_sitenote_note":"","_exactmetrics_sitenote_category":0,"footnotes":"","_links_to":"","_links_to_target":""},"class_list":["post-66","page","type-page","status-publish","hentry"],"publishpress_future_action":{"enabled":false,"date":"2026-05-02 16:16:16","action":"change-status","newStatus":"draft","terms":[],"taxonomy":"language","extraData":[]},"publishpress_future_workflow_manual_trigger":{"enabledWorkflows":[]},"_links":{"self":[{"href":"https:\/\/www3.unicentro.br\/eri\/wp-json\/wp\/v2\/pages\/66","targetHints":{"allow":["GET"]}}],"collection":[{"href":"https:\/\/www3.unicentro.br\/eri\/wp-json\/wp\/v2\/pages"}],"about":[{"href":"https:\/\/www3.unicentro.br\/eri\/wp-json\/wp\/v2\/types\/page"}],"author":[{"embeddable":true,"href":"https:\/\/www3.unicentro.br\/eri\/wp-json\/wp\/v2\/users\/3"}],"replies":[{"embeddable":true,"href":"https:\/\/www3.unicentro.br\/eri\/wp-json\/wp\/v2\/comments?post=66"}],"version-history":[{"count":0,"href":"https:\/\/www3.unicentro.br\/eri\/wp-json\/wp\/v2\/pages\/66\/revisions"}],"up":[{"embeddable":true,"href":"https:\/\/www3.unicentro.br\/eri\/wp-json\/wp\/v2\/pages\/62"}],"wp:attachment":[{"href":"https:\/\/www3.unicentro.br\/eri\/wp-json\/wp\/v2\/media?parent=66"}],"curies":[{"name":"wp","href":"https:\/\/api.w.org\/{rel}","templated":true}]}}