{"id":62,"date":"2018-09-05T11:29:09","date_gmt":"2018-09-05T14:29:09","guid":{"rendered":"https:\/\/www3.unicentro.br\/eri\/?page_id=62"},"modified":"2023-07-28T15:26:47","modified_gmt":"2023-07-28T18:26:47","slug":"apresentacao","status":"publish","type":"page","link":"https:\/\/www3.unicentro.br\/eri\/sobre\/apresentacao\/","title":{"rendered":"Apresenta\u00e7\u00e3o"},"content":{"rendered":"<div class=\"wpb-content-wrapper\"><p>[vc_row][vc_column][vc_column_text]A Unicentro oferece um total de 44 cursos de gradua\u00e7\u00e3o, 6 cursos de gradua\u00e7\u00e3o a dist\u00e2ncia (EAD) e 26 programas de p\u00f3s-gradua\u00e7\u00e3o (incluindo 17 mestrados e 9 doutorados) credenciados pela CAPES, o que a torna a maior universidade do centro-oeste do Estado do Paran\u00e1.<\/p>\n<p>De acordo com o QS World University Rankings de 2023, a Unicentro se destaca por estar entre as 250 melhores universidades da Am\u00e9rica Latina. No Brasil, \u00e9 considerada a 73\u00aa melhor universidade e ocupa o 14\u00ba lugar entre as institui\u00e7\u00f5es de ensino superior p\u00fablicas do pa\u00eds.<\/p>\n<p>Dos quase 9.000 alunos atualmente matriculados na Unicentro, aproximadamente 6.000 est\u00e3o em cursos de gradua\u00e7\u00e3o, 700 em cursos de EAD, 1.200 em estudos continuados (presenciais e a dist\u00e2ncia), quase 600 em programas de mestrado e quase 300 em programas de doutorado.<\/p>\n<p>Fundada em 1990, a Unicentro est\u00e1 localizada em uma regi\u00e3o com quase cinquenta cidades e mais de um milh\u00e3o de habitantes. Seus principais campi est\u00e3o em duas cidades: Guarapuava e Irati.<\/p>\n<p>Guarapuava \u00e9 uma cidade com uma comunidade vibrante de quase 180 mil habitantes. Conhecida por sua paisagem verde, est\u00e1 a apenas 250 km de Curitiba e de seu aeroporto internacional. A cidade tamb\u00e9m possui uma rodovi\u00e1ria que conecta v\u00e1rias cidades, incluindo S\u00e3o Paulo, Rio de Janeiro, Foz do Igua\u00e7u e Florian\u00f3polis, al\u00e9m de um aeroporto comercial com voos regulares para Campinas.<\/p>\n<p>Irati, uma cidade importante com uma popula\u00e7\u00e3o de 60.000 habitantes, est\u00e1 localizada a apenas 150 km de Curitiba. Conhecida por seus v\u00e1rios parques e atividades ao ar livre, incluindo a Floresta Nacional (Flona) de preserva\u00e7\u00e3o, Irati oferece tanto beleza natural quanto uma vida urbana.<\/p>\n<p>Ambas as cidades oferecem um custo de vida acess\u00edvel, al\u00e9m de muitas atividades culturais.<\/p>\n<p>A miss\u00e3o institucional da Unicentro est\u00e1 focada na excel\u00eancia do ensino superior, formando cidad\u00e3os cr\u00edticos e criativos capazes de transformar suas realidades culturais, socioecon\u00f4micas e pol\u00edticas.<\/p>\n<p>A Unicentro \u00e9 composta por cinco faculdades, cada uma oferecendo uma ampla gama de cursos de gradua\u00e7\u00e3o e p\u00f3s-gradua\u00e7\u00e3o em diversas \u00e1reas.<\/p>\n<p>O Setor de Exatas e Tecnologia oferece programas em matem\u00e1tica, f\u00edsica, qu\u00edmica, ci\u00eancia da computa\u00e7\u00e3o e engenharia de alimentos. Os estudantes desta faculdade se beneficiam de laborat\u00f3rios e instala\u00e7\u00f5es de \u00faltima gera\u00e7\u00e3o, al\u00e9m de oportunidades para participar de projetos de pesquisa de ponta.<\/p>\n<p>O Setor de Ci\u00eancias Humanas, Letras e Artes, por sua vez, concentra-se em programas de educa\u00e7\u00e3o, literatura, hist\u00f3ria, filosofia, lingu\u00edstica, jornalismo e estudos de comunica\u00e7\u00e3o, e arte. Os alunos desta faculdade s\u00e3o incentivados a pensar criticamente e de forma criativa, e t\u00eam acesso a uma ampla variedade de atividades culturais e eventos.<\/p>\n<p>O Setor de Ci\u00eancias da Sa\u00fade oferece programas em enfermagem, medicina, educa\u00e7\u00e3o f\u00edsica, psicologia, farm\u00e1cia, nutri\u00e7\u00e3o e fonoaudiologia. Os alunos desta faculdade ganham experi\u00eancia pr\u00e1tica por meio de est\u00e1gios e rota\u00e7\u00f5es cl\u00ednicas, e est\u00e3o bem preparados para ingressar na ind\u00fastria de sa\u00fade ap\u00f3s a formatura.<\/p>\n<p>O Setor de Sociais Aplicadas oferece programas em direito, economia, administra\u00e7\u00e3o, ci\u00eancias cont\u00e1beis, turismo e servi\u00e7o social. Os estudantes desta faculdade s\u00e3o treinados para pensar analiticamente e aplicar seu conhecimento, gerando um impacto positivo na sociedade.<\/p>\n<p>Por fim, o Setor de Agr\u00e1rias e Ambientais oferece programas em agricultura, biologia, geografia, silvicultura, ci\u00eancias ambientais e medicina veterin\u00e1ria. Os estudantes desta faculdade aprendem sobre pr\u00e1ticas agr\u00edcolas sustent\u00e1veis e conserva\u00e7\u00e3o ambiental, al\u00e9m de terem oportunidades de trabalhar com agricultores locais e organiza\u00e7\u00f5es de conserva\u00e7\u00e3o.<\/p>\n<p>Al\u00e9m de seus programas de p\u00f3s-gradua\u00e7\u00e3o e gradua\u00e7\u00e3o, a Unicentro desenvolveu diversos projetos de pesquisa e iniciativas de engajamento comunit\u00e1rio que tiveram um impacto positivo nas condi\u00e7\u00f5es de vida da comunidade.<\/p>\n<p>Como resultado, a Unicentro \u00e9 amplamente reconhecida na comunidade e pelas ag\u00eancias oficiais respons\u00e1veis pelas pol\u00edticas de ensino superior no Brasil.[\/vc_column_text][vc_row_inner][vc_column_inner width=&#8221;1\/6&#8243;][\/vc_column_inner][vc_column_inner width=&#8221;1\/3&#8243;][vc_btn title=&#8221;V\u00eddeo Institucional&#8221; style=&#8221;flat&#8221; shape=&#8221;square&#8221; color=&#8221;sandy-brown&#8221; align=&#8221;center&#8221; i_icon_fontawesome=&#8221;fa fa-video-camera&#8221; button_block=&#8221;true&#8221; add_icon=&#8221;true&#8221; link=&#8221;url:https%3A%2F%2Fwww3.unicentro.br%2Feri%2Fsobre%2Fapresentacao%2Fvideo-institucional%2F|||&#8221;][\/vc_column_inner][vc_column_inner width=&#8221;1\/3&#8243;][vc_btn title=&#8221;Palavra do Reitor&#8221; style=&#8221;flat&#8221; shape=&#8221;square&#8221; color=&#8221;sandy-brown&#8221; align=&#8221;center&#8221; i_icon_fontawesome=&#8221;fa fa-file-text-o&#8221; button_block=&#8221;true&#8221; add_icon=&#8221;true&#8221; link=&#8221;url:https%3A%2F%2Fwww3.unicentro.br%2Feri%2Fsobre%2Fapresentacao%2Fpalavra-do-reitor%2F|||&#8221;][\/vc_column_inner][vc_column_inner width=&#8221;1\/6&#8243;][\/vc_column_inner][\/vc_row_inner][\/vc_column][\/vc_row]<\/p>\n<\/div>","protected":false},"excerpt":{"rendered":"<p>[vc_row][vc_column][vc_column_text]A Unicentro oferece um total de 44 cursos de gradua\u00e7\u00e3o, 6 cursos de gradua\u00e7\u00e3o a dist\u00e2ncia (EAD) e 26 programas de p\u00f3s-gradua\u00e7\u00e3o (incluindo 17 mestrados e 9 doutorados) credenciados pela CAPES, o que a torna a maior universidade do centro-oeste do Estado do Paran\u00e1. De acordo com o QS World University Rankings de 2023, a [&hellip;]<\/p>\n","protected":false},"author":3,"featured_media":0,"parent":60,"menu_order":0,"comment_status":"closed","ping_status":"closed","template":"","meta":{"_exactmetrics_skip_tracking":false,"_exactmetrics_sitenote_active":false,"_exactmetrics_sitenote_note":"","_exactmetrics_sitenote_category":0,"footnotes":"","_links_to":"","_links_to_target":""},"class_list":["post-62","page","type-page","status-publish","hentry"],"publishpress_future_action":{"enabled":false,"date":"2026-04-30 04:08:06","action":"change-status","newStatus":"draft","terms":[],"taxonomy":"language","extraData":[]},"publishpress_future_workflow_manual_trigger":{"enabledWorkflows":[]},"_links":{"self":[{"href":"https:\/\/www3.unicentro.br\/eri\/wp-json\/wp\/v2\/pages\/62","targetHints":{"allow":["GET"]}}],"collection":[{"href":"https:\/\/www3.unicentro.br\/eri\/wp-json\/wp\/v2\/pages"}],"about":[{"href":"https:\/\/www3.unicentro.br\/eri\/wp-json\/wp\/v2\/types\/page"}],"author":[{"embeddable":true,"href":"https:\/\/www3.unicentro.br\/eri\/wp-json\/wp\/v2\/users\/3"}],"replies":[{"embeddable":true,"href":"https:\/\/www3.unicentro.br\/eri\/wp-json\/wp\/v2\/comments?post=62"}],"version-history":[{"count":0,"href":"https:\/\/www3.unicentro.br\/eri\/wp-json\/wp\/v2\/pages\/62\/revisions"}],"up":[{"embeddable":true,"href":"https:\/\/www3.unicentro.br\/eri\/wp-json\/wp\/v2\/pages\/60"}],"wp:attachment":[{"href":"https:\/\/www3.unicentro.br\/eri\/wp-json\/wp\/v2\/media?parent=62"}],"curies":[{"name":"wp","href":"https:\/\/api.w.org\/{rel}","templated":true}]}}