{"id":529,"date":"2019-02-04T14:51:42","date_gmt":"2019-02-04T16:51:42","guid":{"rendered":"https:\/\/www3.unicentro.br\/eri\/?page_id=529"},"modified":"2023-07-28T15:17:22","modified_gmt":"2023-07-28T18:17:22","slug":"north-america","status":"publish","type":"page","link":"https:\/\/www3.unicentro.br\/eri\/en\/international-cooperation\/international-partners\/universities-and-colleges\/north-america\/","title":{"rendered":"North America"},"content":{"rendered":"<div class=\"wpb-content-wrapper\"><p>[vc_row][vc_column][vc_column_text]<\/p>\n<table style=\"width: 90%\">\n<colgroup>\n<col width=\"15%\" \/>\n<col width=\"70%\" \/>\n<col width=\"15%\" \/><\/colgroup>\n<thead>\n<tr>\n<td style=\"text-align: center;width: 14.8965%\">COUNTRY<\/td>\n<td style=\"text-align: center;width: 69.5391%\">INSTITUTION<\/td>\n<\/tr>\n<\/thead>\n<tbody>\n<tr>\n<th style=\"text-align: center;width: 14.8965%\" rowspan=\"3\">Canada<\/th>\n<td style=\"text-align: center;width: 69.5391%\"><a href=\"http:\/\/www.uqtr.ca\/\">Universit\u00e9 du Qu\u00e9bec \u00e0 Trois-Rivi\u00e8res, UQTR<\/a><\/td>\n<\/tr>\n<tr>\n<td style=\"text-align: center;width: 69.5391%\"><a href=\"https:\/\/www.usask.ca\/\">University of Saskatchewan, USASK<\/a><\/td>\n<\/tr>\n<tr>\n<td style=\"text-align: center;width: 69.5391%\"><a href=\"https:\/\/www.lakeheadu.ca\/\">University of Lakehead<\/a><\/td>\n<\/tr>\n<tr>\n<th style=\"text-align: center;width: 14.8965%\" rowspan=\"3\">USA<\/th>\n<td style=\"text-align: center;width: 69.5391%\"><a href=\"https:\/\/nau.edu\/\">Northen Arizona University, NAU<\/a><\/td>\n<\/tr>\n<tr>\n<td style=\"text-align: center;width: 69.5391%\"><a href=\"http:\/\/www.uwplatt.edu\/\">University of Wisconsin \u2013 Platteville, UWPLATT<\/a><\/td>\n<\/tr>\n<tr>\n<td style=\"text-align: center;width: 69.5391%\"><a href=\"https:\/\/www.bluefieldstate.edu\/\">Bluefield State College<\/a><\/td>\n<\/tr>\n<\/tbody>\n<\/table>\n<p>[\/vc_column_text][\/vc_column][\/vc_row]<\/p>\n<\/div>","protected":false},"excerpt":{"rendered":"<p>[vc_row][vc_column][vc_column_text] COUNTRY INSTITUTION Canada Universit\u00e9 du Qu\u00e9bec \u00e0 Trois-Rivi\u00e8res, UQTR University of Saskatchewan, USASK University of Lakehead USA Northen Arizona University, NAU University of Wisconsin \u2013 Platteville, UWPLATT Bluefield State College [\/vc_column_text][\/vc_column][\/vc_row]<\/p>\n","protected":false},"author":3,"featured_media":0,"parent":512,"menu_order":0,"comment_status":"closed","ping_status":"closed","template":"","meta":{"_exactmetrics_skip_tracking":false,"_exactmetrics_sitenote_active":false,"_exactmetrics_sitenote_note":"","_exactmetrics_sitenote_category":0,"footnotes":"","_links_to":"","_links_to_target":""},"class_list":["post-529","page","type-page","status-publish","hentry"],"publishpress_future_action":{"enabled":false,"date":"2026-04-30 09:32:10","action":"change-status","newStatus":"draft","terms":[],"taxonomy":"language","extraData":[]},"publishpress_future_workflow_manual_trigger":{"enabledWorkflows":[]},"_links":{"self":[{"href":"https:\/\/www3.unicentro.br\/eri\/wp-json\/wp\/v2\/pages\/529","targetHints":{"allow":["GET"]}}],"collection":[{"href":"https:\/\/www3.unicentro.br\/eri\/wp-json\/wp\/v2\/pages"}],"about":[{"href":"https:\/\/www3.unicentro.br\/eri\/wp-json\/wp\/v2\/types\/page"}],"author":[{"embeddable":true,"href":"https:\/\/www3.unicentro.br\/eri\/wp-json\/wp\/v2\/users\/3"}],"replies":[{"embeddable":true,"href":"https:\/\/www3.unicentro.br\/eri\/wp-json\/wp\/v2\/comments?post=529"}],"version-history":[{"count":0,"href":"https:\/\/www3.unicentro.br\/eri\/wp-json\/wp\/v2\/pages\/529\/revisions"}],"up":[{"embeddable":true,"href":"https:\/\/www3.unicentro.br\/eri\/wp-json\/wp\/v2\/pages\/512"}],"wp:attachment":[{"href":"https:\/\/www3.unicentro.br\/eri\/wp-json\/wp\/v2\/media?parent=529"}],"curies":[{"name":"wp","href":"https:\/\/api.w.org\/{rel}","templated":true}]}}