{"id":527,"date":"2019-02-04T14:50:24","date_gmt":"2019-02-04T16:50:24","guid":{"rendered":"https:\/\/www3.unicentro.br\/eri\/?page_id=527"},"modified":"2023-10-04T14:32:11","modified_gmt":"2023-10-04T17:32:11","slug":"latin-america-and-caribbean","status":"publish","type":"page","link":"https:\/\/www3.unicentro.br\/eri\/en\/international-cooperation\/international-partners\/universities-and-colleges\/latin-america-and-caribbean\/","title":{"rendered":"Latin America and Caribbean"},"content":{"rendered":"<div class=\"wpb-content-wrapper\"><p>[vc_row][vc_column][vc_column_text]<\/p>\n<table class=\" aligncenter\" style=\"width: 90%\">\n<colgroup>\n<col width=\"15%\" \/>\n<col width=\"70%\" \/>\n<col width=\"15%\" \/><\/colgroup>\n<thead>\n<tr>\n<td style=\"text-align: center;width: 6.47963%\">COUNTRY<\/td>\n<td style=\"text-align: center;width: 30.3941%\">INSTITUTION<\/td>\n<\/tr>\n<\/thead>\n<tbody>\n<tr>\n<th style=\"text-align: center;width: 6.47963%\" rowspan=\"11\">Argentina<\/th>\n<td style=\"text-align: center;width: 30.3941%\"><a href=\"http:\/\/www.frc.utn.edu.ar\/\">National Technological University <span class=\"s1\">\u2013 Facultad Regional C\u00f3rdoba<\/span><\/a><\/td>\n<\/tr>\n<tr>\n<td style=\"text-align: center;width: 30.3941%\"><a href=\"https:\/\/www.unam.edu.ar\/\">Universidad Nacional de Misi\u00f3nes, UnaM<\/a><\/td>\n<\/tr>\n<tr>\n<td style=\"text-align: center;width: 30.3941%\"><a href=\"http:\/\/www.undec.edu.ar\/\">Universidad Nacional de Chilecito, UNdeC<\/a><\/td>\n<\/tr>\n<tr>\n<td style=\"text-align: center;width: 30.3941%\"><a href=\"http:\/\/www.unse.edu.ar\/\">Universidade Nacional de Santiago del Estero, UNSE<\/a><\/td>\n<\/tr>\n<tr>\n<td style=\"text-align: center;width: 30.3941%\"><a href=\"http:\/\/www.umaza.edu.ar\/\">Universidad Agust\u00edn Maza, UMAZA<\/a><\/td>\n<\/tr>\n<tr>\n<td style=\"text-align: center;width: 30.3941%\"><a href=\"http:\/\/www.ucse.edu.ar\/semucse\/\">Universidad Catolica de Santiago Del Estero, UCSE<\/a><\/td>\n<\/tr>\n<tr>\n<td style=\"text-align: center;width: 30.3941%\"><a href=\"https:\/\/www.unau.edu.ar\/\">Universidad Nacional del Alto Uruguay, UNAU<\/a><\/td>\n<\/tr>\n<tr>\n<td style=\"text-align: center;width: 30.3941%\"><a href=\"http:\/\/www.uncoma.edu.ar.ar\/\">Universidad Nacional del Comahue, UNCOMA<\/a><\/td>\n<\/tr>\n<tr>\n<td style=\"text-align: center;width: 30.3941%\"><a href=\"https:\/\/www.unvm.edu.ar\/\">Universidad Nacional Villa Maria<\/a><\/td>\n<\/tr>\n<tr>\n<td style=\"text-align: center;width: 30.3941%\"><a href=\"https:\/\/elegi.unnoba.edu.ar\/\">Universidad Nacional del Noroeste de la Provincia de Buenos Aires (UNNOBA)<\/a><\/td>\n<\/tr>\n<tr>\n<td style=\"text-align: center;width: 30.3941%\"><a href=\"http:\/\/www.unne.edu.ar\/\">Universidad Nacional del Nordeste, UNNE<\/a><\/td>\n<\/tr>\n<tr>\n<th style=\"text-align: center;width: 6.47963%\" rowspan=\"2\">Bolivia<\/th>\n<td style=\"text-align: center;width: 30.3941%\"><a href=\"http:\/\/www.uatf.edu.bo\/\">Universidad Aut\u00f3noma Tom\u00e1z Fr\u00edas, UATF<\/a><\/td>\n<\/tr>\n<tr>\n<td style=\"text-align: center;width: 30.3941%\"><a href=\"http:\/\/www.utepsa.edu\/\">Universidad Tecnol\u00f3gica Privada de Santa Cruz, UTEPSA<\/a><\/td>\n<\/tr>\n<tr>\n<th style=\"text-align: center;width: 6.47963%\" rowspan=\"2\">Chile<\/th>\n<td style=\"text-align: center;width: 30.3941%\"><a href=\"http:\/\/www.upla.cl\/portada\/\">Universidad de Playa Ancha de Ciencias de la Educaci\u00f3n, UPLA<\/a><\/td>\n<\/tr>\n<tr>\n<td style=\"text-align: center;width: 30.3941%\"><a href=\"https:\/\/www.uach.cl\/\">Universidad Austral de Chile, UACh<\/a><\/td>\n<\/tr>\n<tr>\n<th style=\"text-align: center;width: 6.47963%\" rowspan=\"2\">Colombia<\/th>\n<td style=\"text-align: center;width: 30.3941%\"><a href=\"http:\/\/www.ucc.edu.co\/Paginas\/inicio.aspx\">Universidad Cooperativa de Colombia, UCC<\/a><\/td>\n<\/tr>\n<tr>\n<td style=\"text-align: center;width: 30.3941%\"><a href=\"http:\/\/unal.edu.co\/\">Universidad Nacional de Colombia, UNAL<\/a><\/td>\n<\/tr>\n<tr>\n<th style=\"text-align: center;width: 6.47963%\" rowspan=\"4\">Cuba<\/th>\n<td style=\"text-align: center;width: 30.3941%\"><a href=\"http:\/\/www.uh.cu\/\">Universidad de la Habana, UH<\/a><\/td>\n<\/tr>\n<tr>\n<td style=\"text-align: center;width: 30.3941%\"><a href=\"http:\/\/www.instec.cu\/index.php\/en\">Instituto Superior de Tecnolog\u00edas y Ciencias Aplicadas, InSTEC<\/a><\/td>\n<\/tr>\n<tr>\n<td style=\"text-align: center;width: 30.3941%\"><a href=\"https:\/\/www.uci.cu\/\">Universidad de las Ciencias Inform\u00e1ticas, UCI<\/a><\/td>\n<\/tr>\n<tr>\n<td style=\"text-align: center;width: 30.3941%\"><a href=\"http:\/\/www.unah.edu.cu\/\">Universidad Agraria de La Habana, UNAH<\/a><\/td>\n<\/tr>\n<tr>\n<th style=\"text-align: center;width: 6.47963%\" rowspan=\"2\">M\u00e9xico<\/th>\n<td style=\"text-align: center;width: 30.3941%\"><a href=\"https:\/\/www.uaemex.mx\">Universidad Aut\u00f3noma del Estado de M\u00e9xico<\/a><\/td>\n<\/tr>\n<tr>\n<td style=\"text-align: center;width: 30.3941%\"><a href=\"https:\/\/www.uv.mx\/\">Universidad Veracruzana, UV<\/a><\/td>\n<\/tr>\n<tr>\n<th style=\"text-align: center;width: 6.47963%\">Panama<\/th>\n<td style=\"text-align: center;width: 30.3941%\"><a href=\"https:\/\/utp.ac.pa\/\">UNIVERSIDAD TECNOL\u00d3GICA DE PANAM\u00c1 &#8211; UTP<\/a><\/td>\n<\/tr>\n<tr>\n<th style=\"text-align: center;width: 6.47963%\" rowspan=\"4\">Paraguay<\/th>\n<td style=\"text-align: center;width: 30.3941%\"><a href=\"http:\/\/une.edu.py\/web\/index.php\">Universidad Nacional del Este, UNE<\/a><\/td>\n<\/tr>\n<tr>\n<td style=\"text-align: center;width: 30.3941%\"><a href=\"http:\/\/unican.edu.py\/v8\/\">Universidad Nacional de Canindey\u00fa, UNICAN<\/a><\/td>\n<\/tr>\n<tr>\n<td style=\"text-align: center;width: 30.3941%\"><a href=\"http:\/\/unp.edu.py\/\">Universidad Nacional de Pilar, UNP<\/a><\/td>\n<\/tr>\n<tr>\n<td style=\"text-align: center;width: 30.3941%\"><a href=\"http:\/\/www.una.py\/\">Universidad Nacional de Asunci\u00f3n, UNA<\/a><\/td>\n<\/tr>\n<\/tbody>\n<\/table>\n<p>[\/vc_column_text][\/vc_column][\/vc_row]<\/p>\n<\/div>","protected":false},"excerpt":{"rendered":"<p>[vc_row][vc_column][vc_column_text] COUNTRY INSTITUTION Argentina National Technological University \u2013 Facultad Regional C\u00f3rdoba Universidad Nacional de Misi\u00f3nes, UnaM Universidad Nacional de Chilecito, UNdeC Universidade Nacional de Santiago del Estero, UNSE Universidad Agust\u00edn Maza, UMAZA Universidad Catolica de Santiago Del Estero, UCSE Universidad Nacional del Alto Uruguay, UNAU Universidad Nacional del Comahue, UNCOMA Universidad Nacional Villa Maria Universidad [&hellip;]<\/p>\n","protected":false},"author":3,"featured_media":0,"parent":512,"menu_order":0,"comment_status":"closed","ping_status":"closed","template":"","meta":{"_exactmetrics_skip_tracking":false,"_exactmetrics_sitenote_active":false,"_exactmetrics_sitenote_note":"","_exactmetrics_sitenote_category":0,"footnotes":"","_links_to":"","_links_to_target":""},"class_list":["post-527","page","type-page","status-publish","hentry"],"publishpress_future_action":{"enabled":false,"date":"2026-04-30 18:35:12","action":"change-status","newStatus":"draft","terms":[],"taxonomy":"language","extraData":[]},"publishpress_future_workflow_manual_trigger":{"enabledWorkflows":[]},"_links":{"self":[{"href":"https:\/\/www3.unicentro.br\/eri\/wp-json\/wp\/v2\/pages\/527","targetHints":{"allow":["GET"]}}],"collection":[{"href":"https:\/\/www3.unicentro.br\/eri\/wp-json\/wp\/v2\/pages"}],"about":[{"href":"https:\/\/www3.unicentro.br\/eri\/wp-json\/wp\/v2\/types\/page"}],"author":[{"embeddable":true,"href":"https:\/\/www3.unicentro.br\/eri\/wp-json\/wp\/v2\/users\/3"}],"replies":[{"embeddable":true,"href":"https:\/\/www3.unicentro.br\/eri\/wp-json\/wp\/v2\/comments?post=527"}],"version-history":[{"count":1,"href":"https:\/\/www3.unicentro.br\/eri\/wp-json\/wp\/v2\/pages\/527\/revisions"}],"predecessor-version":[{"id":1653,"href":"https:\/\/www3.unicentro.br\/eri\/wp-json\/wp\/v2\/pages\/527\/revisions\/1653"}],"up":[{"embeddable":true,"href":"https:\/\/www3.unicentro.br\/eri\/wp-json\/wp\/v2\/pages\/512"}],"wp:attachment":[{"href":"https:\/\/www3.unicentro.br\/eri\/wp-json\/wp\/v2\/media?parent=527"}],"curies":[{"name":"wp","href":"https:\/\/api.w.org\/{rel}","templated":true}]}}