{"id":521,"date":"2019-02-04T14:39:41","date_gmt":"2019-02-04T16:39:41","guid":{"rendered":"https:\/\/www3.unicentro.br\/eri\/?page_id=521"},"modified":"2023-07-28T10:37:14","modified_gmt":"2023-07-28T13:37:14","slug":"africa","status":"publish","type":"page","link":"https:\/\/www3.unicentro.br\/eri\/en\/international-cooperation\/international-partners\/universities-and-colleges\/africa\/","title":{"rendered":"Africa"},"content":{"rendered":"<div class=\"wpb-content-wrapper\"><p>[vc_row][vc_column][vc_column_text]<\/p>\n<table class=\" aligncenter\" style=\"width: 90%\">\n<colgroup>\n<col width=\"15%\" \/>\n<col width=\"70%\" \/>\n<col width=\"15%\" \/><\/colgroup>\n<thead>\n<tr>\n<td style=\"text-align: center;width: 15.8301%\">COUNTRY<\/td>\n<td style=\"text-align: center;width: 64.2857%\">INSTITUTION<\/td>\n<td style=\"text-align: center;width: 17.9537%\"><\/td>\n<\/tr>\n<\/thead>\n<tbody>\n<tr>\n<td style=\"text-align: center;width: 15.8301%\">Angola<\/td>\n<td style=\"text-align: center;width: 64.2857%\"><a href=\"http:\/\/www.ukb.ed.ao\/\">Instituto Superior de Ci\u00eancias da Educa\u00e7\u00e3o do Cuanza-Sul da\u00a0Universidade Katyvala Bwila<\/a><\/td>\n<td style=\"text-align: center;width: 17.9537%\"><\/td>\n<\/tr>\n<tr>\n<td style=\"text-align: center;width: 15.8301%\">Ghana<\/td>\n<td style=\"text-align: center;width: 64.2857%\"><a href=\"http:\/\/crown.edu.gh\/\">Crown University College<\/a><\/td>\n<td style=\"text-align: center;width: 17.9537%\"><\/td>\n<\/tr>\n<\/tbody>\n<\/table>\n<p>[\/vc_column_text][\/vc_column][\/vc_row]<\/p>\n<\/div>","protected":false},"excerpt":{"rendered":"<p>[vc_row][vc_column][vc_column_text] COUNTRY INSTITUTION Angola Instituto Superior de Ci\u00eancias da Educa\u00e7\u00e3o do Cuanza-Sul da\u00a0Universidade Katyvala Bwila Ghana Crown University College [\/vc_column_text][\/vc_column][\/vc_row]<\/p>\n","protected":false},"author":3,"featured_media":0,"parent":512,"menu_order":0,"comment_status":"closed","ping_status":"closed","template":"","meta":{"_exactmetrics_skip_tracking":false,"_exactmetrics_sitenote_active":false,"_exactmetrics_sitenote_note":"","_exactmetrics_sitenote_category":0,"footnotes":"","_links_to":"","_links_to_target":""},"class_list":["post-521","page","type-page","status-publish","hentry"],"publishpress_future_action":{"enabled":false,"date":"2026-04-11 11:39:14","action":"change-status","newStatus":"draft","terms":[],"taxonomy":"language","extraData":[]},"publishpress_future_workflow_manual_trigger":{"enabledWorkflows":[]},"_links":{"self":[{"href":"https:\/\/www3.unicentro.br\/eri\/wp-json\/wp\/v2\/pages\/521","targetHints":{"allow":["GET"]}}],"collection":[{"href":"https:\/\/www3.unicentro.br\/eri\/wp-json\/wp\/v2\/pages"}],"about":[{"href":"https:\/\/www3.unicentro.br\/eri\/wp-json\/wp\/v2\/types\/page"}],"author":[{"embeddable":true,"href":"https:\/\/www3.unicentro.br\/eri\/wp-json\/wp\/v2\/users\/3"}],"replies":[{"embeddable":true,"href":"https:\/\/www3.unicentro.br\/eri\/wp-json\/wp\/v2\/comments?post=521"}],"version-history":[{"count":0,"href":"https:\/\/www3.unicentro.br\/eri\/wp-json\/wp\/v2\/pages\/521\/revisions"}],"up":[{"embeddable":true,"href":"https:\/\/www3.unicentro.br\/eri\/wp-json\/wp\/v2\/pages\/512"}],"wp:attachment":[{"href":"https:\/\/www3.unicentro.br\/eri\/wp-json\/wp\/v2\/media?parent=521"}],"curies":[{"name":"wp","href":"https:\/\/api.w.org\/{rel}","templated":true}]}}