{"id":256,"date":"2018-10-02T17:20:17","date_gmt":"2018-10-02T20:20:17","guid":{"rendered":"https:\/\/www3.unicentro.br\/eri\/?page_id=256"},"modified":"2019-08-29T09:53:26","modified_gmt":"2019-08-29T12:53:26","slug":"outras-informacoes","status":"publish","type":"page","link":"https:\/\/www3.unicentro.br\/eri\/destaques\/legislacao-e-informacoes\/outras-informacoes\/","title":{"rendered":"Outras informa\u00e7\u00f5es"},"content":{"rendered":"<ul>\n<li class=\"p2\"><a href=\"http:\/\/www.pf.gov.br\/servicos-pf\/passaporte\/requerer-passaporte\">Requerer Passaporte no Brasil<\/a><\/li>\n<li><a href=\"http:\/\/www.portalconsular.itamaraty.gov.br\/vistos-para-viajar-ao-brasil\">Visto para viajar ao Brasil<\/a><\/li>\n<li><a href=\"http:\/\/www.pf.gov.br\/servicos-pf\/imigracao\">Imigra\u00e7\u00e3o no Brasil<\/a><\/li>\n<li><a href=\"http:\/\/idg.receita.fazenda.gov.br\/orientacao\/tributaria\/cadastros\/cadastro-de-pessoas-fisicas-cpf\/servicos\/inscricao-no-cpf\">Cadastro de Pessoa F\u00edsica (CPF) no Brasil<\/a><\/li>\n<li><a href=\"http:\/\/www.cnj.jus.br\/poder-judiciario\/relacoes-internacionais\/convencao-da-apostila-da-haia\">Conven\u00e7\u00e3o de Haia<\/a><\/li>\n<li><a href=\"http:\/\/www.juntacomercial.pr.gov.br\/modules\/conteudo\/conteudo.php?conteudo=198\">Tradu\u00e7\u00e3o Juramentada<\/a><\/li>\n<li><a href=\"http:\/\/portal.anvisa.gov.br\/dicas-de-saude-para-viagem\">Orienta\u00e7\u00f5es de Sa\u00fade para Viajantes Brasileiros<\/a><\/li>\n<\/ul>\n","protected":false},"excerpt":{"rendered":"<p>Requerer Passaporte no Brasil Visto para viajar ao Brasil Imigra\u00e7\u00e3o no Brasil Cadastro de Pessoa F\u00edsica (CPF) no Brasil Conven\u00e7\u00e3o de Haia Tradu\u00e7\u00e3o Juramentada Orienta\u00e7\u00f5es de Sa\u00fade para Viajantes Brasileiros<\/p>\n","protected":false},"author":3,"featured_media":0,"parent":980,"menu_order":0,"comment_status":"closed","ping_status":"closed","template":"","meta":{"_exactmetrics_skip_tracking":false,"_exactmetrics_sitenote_active":false,"_exactmetrics_sitenote_note":"","_exactmetrics_sitenote_category":0,"footnotes":"","_links_to":"","_links_to_target":""},"class_list":["post-256","page","type-page","status-publish","hentry"],"publishpress_future_action":{"enabled":false,"date":"2026-04-30 04:09:31","action":"change-status","newStatus":"draft","terms":[],"taxonomy":"language","extraData":[]},"publishpress_future_workflow_manual_trigger":{"enabledWorkflows":[]},"_links":{"self":[{"href":"https:\/\/www3.unicentro.br\/eri\/wp-json\/wp\/v2\/pages\/256","targetHints":{"allow":["GET"]}}],"collection":[{"href":"https:\/\/www3.unicentro.br\/eri\/wp-json\/wp\/v2\/pages"}],"about":[{"href":"https:\/\/www3.unicentro.br\/eri\/wp-json\/wp\/v2\/types\/page"}],"author":[{"embeddable":true,"href":"https:\/\/www3.unicentro.br\/eri\/wp-json\/wp\/v2\/users\/3"}],"replies":[{"embeddable":true,"href":"https:\/\/www3.unicentro.br\/eri\/wp-json\/wp\/v2\/comments?post=256"}],"version-history":[{"count":0,"href":"https:\/\/www3.unicentro.br\/eri\/wp-json\/wp\/v2\/pages\/256\/revisions"}],"up":[{"embeddable":true,"href":"https:\/\/www3.unicentro.br\/eri\/wp-json\/wp\/v2\/pages\/980"}],"wp:attachment":[{"href":"https:\/\/www3.unicentro.br\/eri\/wp-json\/wp\/v2\/media?parent=256"}],"curies":[{"name":"wp","href":"https:\/\/api.w.org\/{rel}","templated":true}]}}