{"id":252,"date":"2018-10-02T17:10:18","date_gmt":"2018-10-02T20:10:18","guid":{"rendered":"https:\/\/www3.unicentro.br\/eri\/?page_id=252"},"modified":"2019-09-03T11:47:33","modified_gmt":"2019-09-03T14:47:33","slug":"docente-tecnica","status":"publish","type":"page","link":"https:\/\/www3.unicentro.br\/eri\/mobilidade-academica\/docente-tecnica\/","title":{"rendered":"Mobilidade Docente e T\u00e9cnica"},"content":{"rendered":"<div class=\"wpb-content-wrapper\"><p>[vc_row][vc_column][vc_column_text]A participa\u00e7\u00e3o de docentes ou agentes universit\u00e1rios da Unicentro em a\u00e7\u00f5es internacionais ocorre por iniciativa pr\u00f3pria ou indica\u00e7\u00e3o institucional para coordenar ou integrar equipe de Programa Internacional.<em>\u00a0<\/em><\/p>\n<p style=\"padding-left: 30px\"><a href=\"https:\/\/www3.unicentro.br\/eri\/mobilidade-academica\/discente\/internacional\/exterior\/editais\/\"><strong>Clique aqui<\/strong><\/a><strong> para verificar as oportunidades institucionais<\/strong><\/p>\n<p style=\"padding-left: 30px\"><a href=\"https:\/\/evento.unicentro.br\/site\/mobinternacional\/2019\/1\"><strong>Clique aqui<\/strong><\/a> para se inscrever em um edital institucional<\/p>\n<p style=\"padding-left: 30px\"><a href=\"https:\/\/www3.unicentro.br\/eri\/mobilidade-academica\/discente\/exterior\/chamadas\/\"><strong>Clique aqui<\/strong><\/a> para verificar algumas oportunidades externas<\/p>\n<p>[\/vc_column_text][\/vc_column][\/vc_row][vc_row disable_element=&#8221;yes&#8221; u_row_style=&#8221;0&#8243; u_row_paralax=&#8221;0&#8243; u_row_scheme=&#8221;0&#8243;][vc_column][vc_column_text]<\/p>\n<p class=\"p1\"><strong>Editais abertos<\/strong><\/p>\n<p>[\/vc_column_text]<aside class=\"ul-custom-css-inline\">\t\t\t\t\t\t\t\t\t\t\r\n\t\t\t\t\t\t\t\t\t\t<link rel=\"stylesheet\" id=\"ul-google-fonts-css\" href=\"https:\/\/fonts.googleapis.com\/css?family=Open+Sans%7COpen+Sans%7COpen+Sans%7COpen+Sans%7COpen+Sans%7COpen+Sans\" type=\"text\/css\" media=\"all\" \/><style type=\"text\/css\">#ul11761.ultimate-layouts-container h3.ultimate-layouts-title, \r\n\t\t\t\t\t\t\t\t\t#ul11761.ultimate-layouts-container h3.ultimate-layouts-title a{font-family:\"Open Sans\" !important;font-size:12px !important;}.ul_quickview_p_ul11761.ul-quick-view-style h3.ultimate-layouts-title,\r\n\t\t\t\t\t\t\t\t\t\t.ul_quickview_p_ul11761.ul-quick-view-style h3.ultimate-layouts-title a{font-family:\"Open Sans\" !important;}#ul11761.ultimate-layouts-container .ul-cb-style-listing h3.ultimate-layouts-title, \r\n\t\t\t\t\t\t\t\t\t\t#ul11761.ultimate-layouts-container .ul-cb-style-listing h3.ultimate-layouts-title a{\r\n\t\t\t\t\t\t\t\t\t\t\tfont-size:calc(12px * 0.78) !important;\r\n\t\t\t\t\t\t\t\t\t\t\tfont-size:-webkit-calc(12px * 0.78) !important;\r\n\t\t\t\t\t\t\t\t\t\t\tfont-size:-moz-calc(12px * 0.78) !important;\r\n\t\t\t\t\t\t\t\t\t\t\tfont-size:-ms-calc(12px * 0.78) !important;\r\n\t\t\t\t\t\t\t\t\t\t\tfont-size:-o-calc(12px * 0.78) !important;\r\n\t\t\t\t\t\t\t\t\t\t}#ul11761.ultimate-layouts-container .ultimate-layouts-excerpt,#ul11761.ultimate-layouts-container .ultimate-layouts-excerpt p,\r\n\t\t\t\t\t\t\t\t\t.ul_quickview_p_ul11761.ul-quick-view-style .ul-quick-view-content .ul-quick-view-body .ul-single-post-content,\r\n\t\t\t\t\t\t\t\t\t.ul_quickview_p_ul11761.ul-quick-view-style .ul-quick-view-content .ul-quick-view-body .ul-single-post-content p{font-family:\"Open Sans\" !important;}#ul11761.ultimate-layouts-container .ultimate-layouts-metas>.ultimate-layouts-metas-wrap>*, \r\n\t\t\t\t\t\t\t\t\t#ul11761.ultimate-layouts-container .ultimate-layouts-metas-st2>.ultimate-layouts-metas-wrap>*,\r\n\t\t\t\t\t\t\t\t\t#ul11761.ultimate-layouts-container .ultimate-layouts-metas a, \r\n\t\t\t\t\t\t\t\t\t#ul11761.ultimate-layouts-container .ultimate-layouts-metas-st2 a,\r\n\t\t\t\t\t\t\t\t\t#ul11761.ultimate-layouts-container .ultimate-layouts-categories>a,\r\n\t\t\t\t\t\t\t\t\t#ul11761.ultimate-layouts-container .ultimate-layouts-metas>.ultimate-layouts-metas-wrap>* .ldc-ul_cont span, \r\n\t\t\t\t\t\t\t\t\t#ul11761.ultimate-layouts-container .ultimate-layouts-metas-st2>.ultimate-layouts-metas-wrap>* .ldc-ul_cont span,\r\n\t\t\t\t\t\t\t\t\t.ul_quickview_p_ul11761.ul-quick-view-style .ultimate-layouts-metas>.ultimate-layouts-metas-wrap>*,\r\n\t\t\t\t\t\t\t\t\t.ul_quickview_p_ul11761.ul-quick-view-style .ultimate-layouts-metas a,\r\n\t\t\t\t\t\t\t\t\t.ul_quickview_p_ul11761.ul-quick-view-style .ultimate-layouts-categories>a,\r\n\t\t\t\t\t\t\t\t\t.ul_quickview_p_ul11761.ul-quick-view-style .ultimate-layouts-metas>.ultimate-layouts-metas-wrap>* .ldc-ul_cont span,\r\n\t\t\t\t\t\t\t\t\t.ul_quickview_p_ul11761.ul-quick-view-style .ultimate-layouts-metas-st2>.ultimate-layouts-metas-wrap>* .ldc-ul_cont span{font-family:\"Open Sans\" !important;}#ul11761.ultimate-layouts-container .ultimate-layouts-filter-container .ultimate-layouts-sc-filter-container .ultimate-layouts-filter-item{font-family:\"Open Sans\" !important;}#ul11761.ultimate-layouts-container .ultimate-layouts-filter-container .ul-smart-tab-filter .ul-smart-tab-title-wrap .ul-smart-tab-title{font-family:\"Open Sans\" !important;}#ul11761.ultimate-layouts-container .ul-pagination-wrap .ul-loadmore-style,\r\n\t\t\t\t\t\t\t\t\t\t#ul11761.ultimate-layouts-container .ul-pagination-wrap .ul-page-numbers .paginationjs .paginationjs-pages ul li>a {font-family:\"Open Sans\" !important;}<\/style><style type=\"text\/css\">#ul11761.ultimate-layouts-container .ultimate-layouts-item{background-color:#e5e5e5 !important;}#ul11761.ultimate-layouts-container .ultimate-layouts-filter-container .ul-smart-tab-filter{border-bottom-color:#ededed !important;}#ul11761.ultimate-layouts-container .ultimate-layouts-filter-container .ul-smart-tab-filter .ul-smart-tab-title-wrap .ul-smart-tab-title{background-color:#ededed !important;}<\/style>\r\n\t\t\t\t\t\t\t\t\t\t<h6>h6<\/h6>\r\n\t\t\t\t\t\t\t\t\t<\/aside>[\/vc_column][\/vc_row][vc_row disable_element=&#8221;yes&#8221; u_row_style=&#8221;0&#8243; u_row_paralax=&#8221;0&#8243; u_row_scheme=&#8221;0&#8243;][vc_column][vc_column_text]<\/p>\n<p class=\"p1\"><strong>Editais fechados<\/strong><\/p>\n<p>[\/vc_column_text]<aside class=\"ul-custom-css-inline\">\t\t\t\t\t\t\t\t\t\t\r\n\t\t\t\t\t\t\t\t\t\t<link rel=\"stylesheet\" id=\"ul-google-fonts-css\" href=\"https:\/\/fonts.googleapis.com\/css?family=Open+Sans%7COpen+Sans%7COpen+Sans%7COpen+Sans%7COpen+Sans%7COpen+Sans\" type=\"text\/css\" media=\"all\" \/><style type=\"text\/css\">#ul50515.ultimate-layouts-container h3.ultimate-layouts-title, \r\n\t\t\t\t\t\t\t\t\t#ul50515.ultimate-layouts-container h3.ultimate-layouts-title a{font-family:\"Open Sans\" !important;font-size:12px !important;}.ul_quickview_p_ul50515.ul-quick-view-style h3.ultimate-layouts-title,\r\n\t\t\t\t\t\t\t\t\t\t.ul_quickview_p_ul50515.ul-quick-view-style h3.ultimate-layouts-title a{font-family:\"Open Sans\" !important;}#ul50515.ultimate-layouts-container .ul-cb-style-listing h3.ultimate-layouts-title, \r\n\t\t\t\t\t\t\t\t\t\t#ul50515.ultimate-layouts-container .ul-cb-style-listing h3.ultimate-layouts-title a{\r\n\t\t\t\t\t\t\t\t\t\t\tfont-size:calc(12px * 0.78) !important;\r\n\t\t\t\t\t\t\t\t\t\t\tfont-size:-webkit-calc(12px * 0.78) !important;\r\n\t\t\t\t\t\t\t\t\t\t\tfont-size:-moz-calc(12px * 0.78) !important;\r\n\t\t\t\t\t\t\t\t\t\t\tfont-size:-ms-calc(12px * 0.78) !important;\r\n\t\t\t\t\t\t\t\t\t\t\tfont-size:-o-calc(12px * 0.78) !important;\r\n\t\t\t\t\t\t\t\t\t\t}#ul50515.ultimate-layouts-container .ultimate-layouts-excerpt,#ul50515.ultimate-layouts-container .ultimate-layouts-excerpt p,\r\n\t\t\t\t\t\t\t\t\t.ul_quickview_p_ul50515.ul-quick-view-style .ul-quick-view-content .ul-quick-view-body .ul-single-post-content,\r\n\t\t\t\t\t\t\t\t\t.ul_quickview_p_ul50515.ul-quick-view-style .ul-quick-view-content .ul-quick-view-body .ul-single-post-content p{font-family:\"Open Sans\" !important;}#ul50515.ultimate-layouts-container .ultimate-layouts-metas>.ultimate-layouts-metas-wrap>*, \r\n\t\t\t\t\t\t\t\t\t#ul50515.ultimate-layouts-container .ultimate-layouts-metas-st2>.ultimate-layouts-metas-wrap>*,\r\n\t\t\t\t\t\t\t\t\t#ul50515.ultimate-layouts-container .ultimate-layouts-metas a, \r\n\t\t\t\t\t\t\t\t\t#ul50515.ultimate-layouts-container .ultimate-layouts-metas-st2 a,\r\n\t\t\t\t\t\t\t\t\t#ul50515.ultimate-layouts-container .ultimate-layouts-categories>a,\r\n\t\t\t\t\t\t\t\t\t#ul50515.ultimate-layouts-container .ultimate-layouts-metas>.ultimate-layouts-metas-wrap>* .ldc-ul_cont span, \r\n\t\t\t\t\t\t\t\t\t#ul50515.ultimate-layouts-container .ultimate-layouts-metas-st2>.ultimate-layouts-metas-wrap>* .ldc-ul_cont span,\r\n\t\t\t\t\t\t\t\t\t.ul_quickview_p_ul50515.ul-quick-view-style .ultimate-layouts-metas>.ultimate-layouts-metas-wrap>*,\r\n\t\t\t\t\t\t\t\t\t.ul_quickview_p_ul50515.ul-quick-view-style .ultimate-layouts-metas a,\r\n\t\t\t\t\t\t\t\t\t.ul_quickview_p_ul50515.ul-quick-view-style .ultimate-layouts-categories>a,\r\n\t\t\t\t\t\t\t\t\t.ul_quickview_p_ul50515.ul-quick-view-style .ultimate-layouts-metas>.ultimate-layouts-metas-wrap>* .ldc-ul_cont span,\r\n\t\t\t\t\t\t\t\t\t.ul_quickview_p_ul50515.ul-quick-view-style .ultimate-layouts-metas-st2>.ultimate-layouts-metas-wrap>* .ldc-ul_cont span{font-family:\"Open Sans\" !important;}#ul50515.ultimate-layouts-container .ultimate-layouts-filter-container .ultimate-layouts-sc-filter-container .ultimate-layouts-filter-item{font-family:\"Open Sans\" !important;}#ul50515.ultimate-layouts-container .ultimate-layouts-filter-container .ul-smart-tab-filter .ul-smart-tab-title-wrap .ul-smart-tab-title{font-family:\"Open Sans\" !important;}#ul50515.ultimate-layouts-container .ul-pagination-wrap .ul-loadmore-style,\r\n\t\t\t\t\t\t\t\t\t\t#ul50515.ultimate-layouts-container .ul-pagination-wrap .ul-page-numbers .paginationjs .paginationjs-pages ul li>a {font-family:\"Open Sans\" !important;}<\/style><style type=\"text\/css\">#ul50515.ultimate-layouts-container .ultimate-layouts-item{background-color:#e5e5e5 !important;}#ul50515.ultimate-layouts-container .ultimate-layouts-filter-container .ul-smart-tab-filter{border-bottom-color:#ededed !important;}#ul50515.ultimate-layouts-container .ultimate-layouts-filter-container .ul-smart-tab-filter .ul-smart-tab-title-wrap .ul-smart-tab-title{background-color:#ededed !important;}<\/style>\r\n\t\t\t\t\t\t\t\t\t\t<h6>h6<\/h6>\r\n\t\t\t\t\t\t\t\t\t<\/aside>[\/vc_column][\/vc_row]<\/p>\n<\/div>","protected":false},"excerpt":{"rendered":"<p>[vc_row][vc_column][vc_column_text]A participa\u00e7\u00e3o de docentes ou agentes universit\u00e1rios da Unicentro em a\u00e7\u00f5es internacionais ocorre por iniciativa pr\u00f3pria ou indica\u00e7\u00e3o institucional para coordenar ou integrar equipe de Programa Internacional.\u00a0 Clique aqui para verificar as oportunidades institucionais Clique aqui para se inscrever em um edital institucional Clique aqui para verificar algumas oportunidades externas [\/vc_column_text][\/vc_column][\/vc_row][vc_row disable_element=&#8221;yes&#8221; u_row_style=&#8221;0&#8243; u_row_paralax=&#8221;0&#8243; u_row_scheme=&#8221;0&#8243;][vc_column][vc_column_text] [&hellip;]<\/p>\n","protected":false},"author":3,"featured_media":0,"parent":158,"menu_order":0,"comment_status":"closed","ping_status":"closed","template":"","meta":{"_exactmetrics_skip_tracking":false,"_exactmetrics_sitenote_active":false,"_exactmetrics_sitenote_note":"","_exactmetrics_sitenote_category":0,"footnotes":"","_links_to":"","_links_to_target":""},"class_list":["post-252","page","type-page","status-publish","hentry"],"publishpress_future_action":{"enabled":false,"date":"2026-04-30 11:30:58","action":"change-status","newStatus":"draft","terms":[],"taxonomy":"language","extraData":[]},"publishpress_future_workflow_manual_trigger":{"enabledWorkflows":[]},"_links":{"self":[{"href":"https:\/\/www3.unicentro.br\/eri\/wp-json\/wp\/v2\/pages\/252","targetHints":{"allow":["GET"]}}],"collection":[{"href":"https:\/\/www3.unicentro.br\/eri\/wp-json\/wp\/v2\/pages"}],"about":[{"href":"https:\/\/www3.unicentro.br\/eri\/wp-json\/wp\/v2\/types\/page"}],"author":[{"embeddable":true,"href":"https:\/\/www3.unicentro.br\/eri\/wp-json\/wp\/v2\/users\/3"}],"replies":[{"embeddable":true,"href":"https:\/\/www3.unicentro.br\/eri\/wp-json\/wp\/v2\/comments?post=252"}],"version-history":[{"count":0,"href":"https:\/\/www3.unicentro.br\/eri\/wp-json\/wp\/v2\/pages\/252\/revisions"}],"up":[{"embeddable":true,"href":"https:\/\/www3.unicentro.br\/eri\/wp-json\/wp\/v2\/pages\/158"}],"wp:attachment":[{"href":"https:\/\/www3.unicentro.br\/eri\/wp-json\/wp\/v2\/media?parent=252"}],"curies":[{"name":"wp","href":"https:\/\/api.w.org\/{rel}","templated":true}]}}