{"id":237,"date":"2018-10-02T16:30:24","date_gmt":"2018-10-02T19:30:24","guid":{"rendered":"https:\/\/www3.unicentro.br\/eri\/?page_id=237"},"modified":"2018-10-30T10:13:46","modified_gmt":"2018-10-30T12:13:46","slug":"ppme","status":"publish","type":"page","link":"https:\/\/www3.unicentro.br\/eri\/mobilidade-academica\/nacional\/ppme\/","title":{"rendered":"Programa Paranaense de Mobilidade Estudantil"},"content":{"rendered":"<p class=\"p1\">O Programa Paranaense de Mobilidade Estudantil (PPME) \u00e9 objeto de conv\u00eanio estabelecido entre as Institui\u00e7\u00f5es P\u00fablicas de Ensino Superior Paranaense, Ipesp, no \u00e2mbito da Secretaria de Estado da Ci\u00eancia, Tecnologia e Ensino Superior, Seti.<\/p>\n<p class=\"p1\">Seu objetivo \u00e9 proporcionar aos alunos de gradua\u00e7\u00e3o das institui\u00e7\u00f5es conveniadas, mobilidade entre elas, visando \u00e0 troca de experi\u00eancias acad\u00eamicas para o enriquecimento cient\u00edfico e cultural.<\/p>\n<p class=\"p1\">As universidades participantes s\u00e3o:<\/p>\n<ul>\n<li class=\"p1\">Universidade Estadual de Londrina (UEL);<\/li>\n<li class=\"p1\">Universidade Estadual de Maring\u00e1 (UEM);<\/li>\n<li class=\"p1\">Universidade Estadual de Ponta Grossa (UEPG);<\/li>\n<li class=\"p1\">Universidade Estadual do Centro-Oeste (Unicentro);<\/li>\n<li class=\"p1\">Universidade Estadual do Norte Pioneiro (Uenp);<\/li>\n<li class=\"p1\">Universidade Estadual do Oeste do Paran\u00e1 (Unioeste);<\/li>\n<li class=\"p1\">Universidade Estadual do Paran\u00e1 (Unespar);<\/li>\n<li class=\"p1\">Universidade Federal do Paran\u00e1 (UFPR);<\/li>\n<li>Universidade Tecnol\u00f3gica Federal do Paran\u00e1 (UTFPR).<\/li>\n<\/ul>\n<p class=\"p1\">Para saber dos crit\u00e9rios para realiza\u00e7\u00e3o de mobilidade pelo PPME em uma das universidades participantes, o estudante deve consultar a regulamenta\u00e7\u00e3o espec\u00edfica da institui\u00e7\u00e3o de destino (onde pretende realizar a mobilidade).<\/p>\n<p class=\"p1\">Na Unicentro, o PPME \u00e9 regulamentado pela <a href=\"https:\/\/sgu.unicentro.br\/pcatooficiais\/imprimir\/D7B7C08E\"><span class=\"s2\">Resolu\u00e7\u00e3o n.\u00ba 103\/2007-<\/span><span class=\"s3\">Cepe\/Unicentro<\/span><\/a><span class=\"s4\">.<\/span><\/p>\n<p class=\"p1\">Ap\u00f3s ser Aceito em uma das universidades participantes, o estudante da Unicentro deve formalizar seu afastamento da Unicentro, a partir do preenchimento de formul\u00e1rio espec\u00edfico, que deve protocolado com os documentos nele indicados.<\/p>\n<p class=\"p3\"><span class=\"s5\">Para realizar o download do formul\u00e1rio, <\/span><a href=\"https:\/\/www3.unicentro.br\/eri\/wp-content\/uploads\/sites\/35\/2018\/10\/PPME-Graduac\u0327a\u0303o-OUT-Portugue\u0302s.pdf\">clique aqui<\/a><span class=\"s5\">.<\/span><\/p>\n","protected":false},"excerpt":{"rendered":"<p>O Programa Paranaense de Mobilidade Estudantil (PPME) \u00e9 objeto de conv\u00eanio estabelecido entre as Institui\u00e7\u00f5es P\u00fablicas de Ensino Superior Paranaense, Ipesp, no \u00e2mbito da Secretaria de Estado da Ci\u00eancia, Tecnologia e Ensino Superior, Seti. Seu objetivo \u00e9 proporcionar aos alunos de gradua\u00e7\u00e3o das institui\u00e7\u00f5es conveniadas, mobilidade entre elas, visando \u00e0 troca de experi\u00eancias acad\u00eamicas para [&hellip;]<\/p>\n","protected":false},"author":3,"featured_media":0,"parent":231,"menu_order":0,"comment_status":"closed","ping_status":"closed","template":"","meta":{"_exactmetrics_skip_tracking":false,"_exactmetrics_sitenote_active":false,"_exactmetrics_sitenote_note":"","_exactmetrics_sitenote_category":0,"footnotes":"","_links_to":"","_links_to_target":""},"class_list":["post-237","page","type-page","status-publish","hentry"],"publishpress_future_action":{"enabled":false,"date":"2026-04-30 16:55:07","action":"change-status","newStatus":"draft","terms":[],"taxonomy":"language","extraData":[]},"publishpress_future_workflow_manual_trigger":{"enabledWorkflows":[]},"_links":{"self":[{"href":"https:\/\/www3.unicentro.br\/eri\/wp-json\/wp\/v2\/pages\/237","targetHints":{"allow":["GET"]}}],"collection":[{"href":"https:\/\/www3.unicentro.br\/eri\/wp-json\/wp\/v2\/pages"}],"about":[{"href":"https:\/\/www3.unicentro.br\/eri\/wp-json\/wp\/v2\/types\/page"}],"author":[{"embeddable":true,"href":"https:\/\/www3.unicentro.br\/eri\/wp-json\/wp\/v2\/users\/3"}],"replies":[{"embeddable":true,"href":"https:\/\/www3.unicentro.br\/eri\/wp-json\/wp\/v2\/comments?post=237"}],"version-history":[{"count":0,"href":"https:\/\/www3.unicentro.br\/eri\/wp-json\/wp\/v2\/pages\/237\/revisions"}],"up":[{"embeddable":true,"href":"https:\/\/www3.unicentro.br\/eri\/wp-json\/wp\/v2\/pages\/231"}],"wp:attachment":[{"href":"https:\/\/www3.unicentro.br\/eri\/wp-json\/wp\/v2\/media?parent=237"}],"curies":[{"name":"wp","href":"https:\/\/api.w.org\/{rel}","templated":true}]}}