{"id":231,"date":"2018-10-02T15:58:20","date_gmt":"2018-10-02T18:58:20","guid":{"rendered":"https:\/\/www3.unicentro.br\/eri\/?page_id=231"},"modified":"2019-08-23T13:33:41","modified_gmt":"2019-08-23T16:33:41","slug":"nacional","status":"publish","type":"page","link":"https:\/\/www3.unicentro.br\/eri\/mobilidade-academica\/nacional\/","title":{"rendered":"Mobilidade Estadual\/Nacional"},"content":{"rendered":"<div class=\"wpb-content-wrapper\"><p>[vc_row][vc_column][vc_column_text]A Mobilidade Estadual ou Nacional \u00e9 destinada exclusivamente a estudantes de gradua\u00e7\u00e3o, por meio do Programa Paranaense de Mobilidade Estudantil (PPME) e do Programa de Mobilidade Nacional da Abruem (PMN).<em>\u00a0<\/em><\/p>\n<p class=\"p1\">Em ambos programas, a mobilidade divide-se em: incoming (quando estudantes oriundos de institui\u00e7\u00f5es estaduais\/nacionais s\u00e3o recebidos na Unicentro) e outgoing (quando estudantes da Unicentro saem para realizar parte dos seus estudos em outra institui\u00e7\u00e3o estadual\/nacional).<\/p>\n<p>[\/vc_column_text][\/vc_column][\/vc_row][vc_row full_width=&#8221;stretch_row&#8221; equal_height=&#8221;yes&#8221; u_row_style=&#8221;0&#8243; u_row_paralax=&#8221;0&#8243; u_row_scheme=&#8221;0&#8243; el_class=&#8221;linha-parceiras&#8221;][vc_column width=&#8221;1\/6&#8243;][\/vc_column][vc_column width=&#8221;1\/3&#8243; css=&#8221;.vc_custom_1538506597390{padding-right: 0px !important;padding-left: 0px !important;background-image: url(https:\/\/www3.unicentro.br\/eri\/wp-content\/uploads\/sites\/35\/2018\/10\/img-mobilidade-paranaense.png?id=233) !important;background-position: center !important;background-repeat: no-repeat !important;background-size: cover !important;}&#8221;][vc_btn title=&#8221;Programa Paranaense de Mobilidade Estudantil&#8221; style=&#8221;flat&#8221; shape=&#8221;square&#8221; color=&#8221;danger&#8221; size=&#8221;sm&#8221; align=&#8221;right&#8221; button_block=&#8221;true&#8221; el_class=&#8221;barra-botao&#8221; link=&#8221;url:https%3A%2F%2Fwww3.unicentro.br%2Feri%2Fmobilidade-academica%2Fdiscente%2Fnacional%2Fppme%2F|||&#8221;][\/vc_column][vc_column width=&#8221;1\/3&#8243; css=&#8221;.vc_custom_1538506392043{padding-right: 0px !important;padding-left: 0px !important;background-image: url(https:\/\/www3.unicentro.br\/eri\/wp-content\/uploads\/sites\/35\/2018\/10\/img-mobilidade-abruem.png?id=232) !important;background-position: center !important;background-repeat: no-repeat !important;background-size: cover !important;}&#8221;][vc_btn title=&#8221;Programa de Mobilidade Nacional (Abruem)&#8221; style=&#8221;flat&#8221; shape=&#8221;square&#8221; color=&#8221;success&#8221; size=&#8221;sm&#8221; align=&#8221;right&#8221; button_block=&#8221;true&#8221; el_class=&#8221;barra-botao&#8221; link=&#8221;url:https%3A%2F%2Fwww3.unicentro.br%2Feri%2Fmobilidade-academica%2Fdiscente%2Fnacional%2Fpmn%2F|||&#8221;][\/vc_column][vc_column width=&#8221;1\/6&#8243;][\/vc_column][\/vc_row]<\/p>\n<\/div>","protected":false},"excerpt":{"rendered":"<p>[vc_row][vc_column][vc_column_text]A Mobilidade Estadual ou Nacional \u00e9 destinada exclusivamente a estudantes de gradua\u00e7\u00e3o, por meio do Programa Paranaense de Mobilidade Estudantil (PPME) e do Programa de Mobilidade Nacional da Abruem (PMN).\u00a0 Em ambos programas, a mobilidade divide-se em: incoming (quando estudantes oriundos de institui\u00e7\u00f5es estaduais\/nacionais s\u00e3o recebidos na Unicentro) e outgoing (quando estudantes da Unicentro saem [&hellip;]<\/p>\n","protected":false},"author":3,"featured_media":0,"parent":158,"menu_order":0,"comment_status":"closed","ping_status":"closed","template":"","meta":{"_exactmetrics_skip_tracking":false,"_exactmetrics_sitenote_active":false,"_exactmetrics_sitenote_note":"","_exactmetrics_sitenote_category":0,"footnotes":"","_links_to":"","_links_to_target":""},"class_list":["post-231","page","type-page","status-publish","hentry"],"publishpress_future_action":{"enabled":false,"date":"2026-04-30 11:30:30","action":"change-status","newStatus":"draft","terms":[],"taxonomy":"language","extraData":[]},"publishpress_future_workflow_manual_trigger":{"enabledWorkflows":[]},"_links":{"self":[{"href":"https:\/\/www3.unicentro.br\/eri\/wp-json\/wp\/v2\/pages\/231","targetHints":{"allow":["GET"]}}],"collection":[{"href":"https:\/\/www3.unicentro.br\/eri\/wp-json\/wp\/v2\/pages"}],"about":[{"href":"https:\/\/www3.unicentro.br\/eri\/wp-json\/wp\/v2\/types\/page"}],"author":[{"embeddable":true,"href":"https:\/\/www3.unicentro.br\/eri\/wp-json\/wp\/v2\/users\/3"}],"replies":[{"embeddable":true,"href":"https:\/\/www3.unicentro.br\/eri\/wp-json\/wp\/v2\/comments?post=231"}],"version-history":[{"count":0,"href":"https:\/\/www3.unicentro.br\/eri\/wp-json\/wp\/v2\/pages\/231\/revisions"}],"up":[{"embeddable":true,"href":"https:\/\/www3.unicentro.br\/eri\/wp-json\/wp\/v2\/pages\/158"}],"wp:attachment":[{"href":"https:\/\/www3.unicentro.br\/eri\/wp-json\/wp\/v2\/media?parent=231"}],"curies":[{"name":"wp","href":"https:\/\/api.w.org\/{rel}","templated":true}]}}