{"id":2041,"date":"2024-08-09T15:14:23","date_gmt":"2024-08-09T18:14:23","guid":{"rendered":"https:\/\/www3.unicentro.br\/eri\/?page_id=2041"},"modified":"2025-08-04T14:19:46","modified_gmt":"2025-08-04T17:19:46","slug":"mitacs-2025","status":"publish","type":"page","link":"https:\/\/www3.unicentro.br\/eri\/mobilidade-academica\/mitacs-2025\/","title":{"rendered":"MITACS 2026"},"content":{"rendered":"<div class=\"wpb-content-wrapper\"><p>[vc_row][vc_column][vc_column_text css=&#8221;&#8221;]As inscri\u00e7\u00f5es para a edi\u00e7\u00e3o 2026 do programa MITACS GLOBALINK j\u00e1 est\u00e3o abertas e voc\u00ea tem at\u00e9 o dia 17 de setembro (1 p.m pacific time) para realizar a sua inscri\u00e7\u00e3o atrav\u00e9s do site<a href=\"https:\/\/www.mitacs.ca\/our-programs\/globalink-research-internship-students\/\"> https:\/\/www.mitacs.ca\/our-programs\/globalink-research-internship-students\/<\/a><\/p>\n<p>O que eu preciso saber <span style=\"text-decoration: underline;color: #ff0000\">para me inscrever?<\/span><\/p>\n<p><span style=\"color: #ff0000\"><strong>O valor da bolsa inclui:<\/strong><\/span><\/p>\n<ul>\n<li style=\"font-weight: 400\"><span style=\"font-weight: 400\">Custo de uma passagem a\u00e9rea de ida e volta para o Canad\u00e1;<\/span><\/li>\n<li style=\"font-weight: 400\"><span style=\"font-weight: 400\">Custo do transporte do aeroporto no Canad\u00e1 at\u00e9 a acomoda\u00e7\u00e3o;<\/span><\/li>\n<li style=\"font-weight: 400\"><span style=\"font-weight: 400\">Ajuda de custo para moradia;<\/span><\/li>\n<li style=\"font-weight: 400\"><span style=\"font-weight: 400\">Ajuda de custo para taxas de matr\u00edcula;<\/span><\/li>\n<li style=\"font-weight: 400\"><span style=\"font-weight: 400\">Ajuda de custo para alimenta\u00e7\u00e3o e outros itens;<\/span><\/li>\n<li style=\"font-weight: 400\"><span style=\"font-weight: 400\">Ap\u00f3lice de seguro-sa\u00fade de emerg\u00eancia durante o per\u00edodo do est\u00e1gio;<\/span><\/li>\n<li style=\"font-weight: 400\"><span style=\"font-weight: 400\">Apoio de mentores estudantis no campus no Canad\u00e1;<\/span><\/li>\n<li style=\"font-weight: 400\"><span style=\"font-weight: 400\">Acesso a eventos do setor e cursos de desenvolvimento profissional.<\/span><\/li>\n<\/ul>\n<p><span style=\"font-weight: 400\">(os valores variam de acordo com o pa\u00eds de origem e da institui\u00e7\u00e3o anfitri\u00e3)<\/span><\/p>\n<p>&nbsp;<\/p>\n<p><span style=\"color: #ff0000\"><strong>Requisitos:<\/strong><\/span><\/p>\n<ul>\n<li style=\"font-weight: 400\"><span style=\"font-weight: 400\">Ter pelo menos 18 anos de idade no momento da inscri\u00e7\u00e3o;\u00a0<\/span><\/li>\n<li style=\"font-weight: 400\"><span style=\"font-weight: 400\">Estar matriculado em um curso de gradua\u00e7\u00e3o em tempo integral ou em um programa combinado de gradua\u00e7\u00e3o\/mestrado em uma institui\u00e7\u00e3o qualificada (consulte a lista de institui\u00e7\u00f5es qualificadas por pa\u00eds);<\/span><\/li>\n<li style=\"font-weight: 400\"><span style=\"font-weight: 400\">Ter de um a tr\u00eas semestres restantes em seu programa a partir da primavera de 2025 (consulte os requisitos por pa\u00eds);<\/span><\/li>\n<li style=\"font-weight: 400\"><span style=\"font-weight: 400\">Atender aos requisitos de notas de seu pa\u00eds de estudo (80% GPA);<\/span><\/li>\n<li style=\"font-weight: 400\"><span style=\"font-weight: 400\">Inscrever-se em um m\u00ednimo de tr\u00eas e um m\u00e1ximo de dez projetos <\/span><b>de pelo menos tr\u00eas prov\u00edncias canadenses diferentes;<\/b><\/li>\n<li style=\"font-weight: 400\"><span style=\"font-weight: 400\">Ser fluente no idioma do projeto (ingl\u00eas ou franc\u00eas).<\/span><\/li>\n<li style=\"font-weight: 400\"><span style=\"font-weight: 400\">Estar dispon\u00edvel para concluir um est\u00e1gio com dura\u00e7\u00e3o de 12 semanas consecutivas entre 1\u00ba de maio e 31 de outubro. Voc\u00ea deve estar apto a iniciar seu est\u00e1gio a qualquer momento entre 1\u00ba de maio e 31 de julho. Qualquer coisa antes ou depois dessas datas n\u00e3o \u00e9 permitida;<\/span><\/li>\n<li style=\"font-weight: 400\"><span style=\"font-weight: 400\">N\u00e3o ter sido premiado com um projeto de est\u00e1gio de pesquisa da Globalink no passado;<\/span><\/li>\n<li style=\"font-weight: 400\"><span style=\"font-weight: 400\">Formar-se entre dezembro de 2026 e dezembro de 2027;<\/span><\/li>\n<li style=\"font-weight: 400\"><span style=\"font-weight: 400\">Estar participando de inicia\u00e7\u00e3o cient\u00edfica ou um projeto \/ grupo de pesquisa (PET\/PIBID\/PIBIC\/PIBIS\/PIBIT\/PIBEX).<\/span><\/li>\n<\/ul>\n<p>&nbsp;<\/p>\n<p><span style=\"color: #ff0000\"><strong>Recomenda\u00e7\u00f5es:<\/strong><\/span><\/p>\n<ul>\n<li style=\"font-weight: 400\"><span style=\"font-weight: 400\">Confirme se o seu passaporte emitido pelo seu pa\u00eds de origem \u00e9 v\u00e1lido at\u00e9, pelo menos, janeiro de 2027. (Voc\u00ea pode enviar uma solicita\u00e7\u00e3o se n\u00e3o tiver um passaporte v\u00e1lido no momento. Entretanto, voc\u00ea precisar\u00e1 fornecer informa\u00e7\u00f5es sobre o passaporte v\u00e1lido se sua inscri\u00e7\u00e3o for aprovada);<\/span><\/li>\n<li style=\"font-weight: 400\"><span style=\"font-weight: 400\">Obtenha uma carta de refer\u00eancia de um professor. Consulte as instru\u00e7\u00f5es sobre cartas de refer\u00eancia no arquivo zip de informa\u00e7\u00f5es sobre o est\u00e1gio de pesquisa da Globalink, que pode ser baixado. Todas as cartas de refer\u00eancia devem seguir as instru\u00e7\u00f5es fornecidas;<\/span><\/li>\n<li style=\"font-weight: 400\"><span style=\"font-weight: 400\">Atualize seu curr\u00edculo: Voc\u00ea pode enviar seu pr\u00f3prio curr\u00edculo ou usar o modelo de curr\u00edculo no arquivo zip de informa\u00e7\u00f5es sobre o est\u00e1gio de pesquisa da Globalink, que pode ser baixado no site;<\/span><\/li>\n<li style=\"font-weight: 400\"><span style=\"font-weight: 400\">Obtenha seu hist\u00f3rico acad\u00eamico (em ingl\u00eas ou franc\u00eas). Se a sua institui\u00e7\u00e3o acad\u00eamica n\u00e3o puder fornecer hist\u00f3ricos escolares em nenhum dos idiomas, voc\u00ea ser\u00e1 respons\u00e1vel por obt\u00ea-los traduzidos e autenticados em cart\u00f3rio. Os hist\u00f3ricos escolares devem ser inclu\u00eddos em sua inscri\u00e7\u00e3o;<\/span><\/li>\n<li style=\"font-weight: 400\"><span style=\"font-weight: 400\">Testes de profici\u00eancia em ingl\u00eas ou franc\u00eas podem ser exigidos em alguns pa\u00edses. Verifique os detalhes de seu pa\u00eds para obter mais informa\u00e7\u00f5es;<\/span><\/li>\n<\/ul>\n<p>&nbsp;<\/p>\n<p><span style=\"text-decoration: underline;color: #ff0000\"><span style=\"font-weight: 400\">No formul\u00e1rio de inscri\u00e7\u00e3o e na entrevista, voc\u00ea tamb\u00e9m ser\u00e1 questionado sobre:<\/span><\/span><\/p>\n<ul>\n<li style=\"font-weight: 400\"><span style=\"font-weight: 400\">Sua disciplina acad\u00eamica, programa e outras informa\u00e7\u00f5es educacionais;<\/span><\/li>\n<li style=\"font-weight: 400\"><span style=\"font-weight: 400\">Seus interesses, habilidades e realiza\u00e7\u00f5es em pesquisa;<\/span><\/li>\n<li style=\"font-weight: 400\"><span style=\"font-weight: 400\">Seus motivos para fazer pesquisa no Canad\u00e1.<\/span><\/li>\n<\/ul>\n<p><span style=\"font-weight: 400\">Na aba <strong>\u201cProjects\u201d<\/strong> voc\u00ea encontrar\u00e1 todos os projetos dispon\u00edveis. Selecione de 3 a 10 projetos relacionados \u00e0 sua \u00e1rea de gradua\u00e7\u00e3o ou pesquisa.<\/span><\/p>\n<p>&nbsp;<\/p>\n<p><span style=\"color: #ff0000\"><strong>Quais os documentos necess\u00e1rios?<\/strong><\/span><\/p>\n<ul>\n<li style=\"font-weight: 400\"><span style=\"font-weight: 400\">Carta de Recomenda\u00e7\u00e3o de seu professor na Unicentro (caso tenha mais de uma, coloque-as no mesmo arquivo PDF);<\/span><\/li>\n<li style=\"font-weight: 400\"><span style=\"font-weight: 400\">Curr\u00edculo pessoal, descrevendo suas experi\u00eancias acad\u00eamicas e de pesquisa, al\u00e9m do seu background acad\u00eamico e pessoal. H\u00e1 um modelo no site que pode ser baixado;<\/span><\/li>\n<li style=\"font-weight: 400\"><span style=\"font-weight: 400\">Hist\u00f3rico escolar (em ingl\u00eas ou franc\u00eas, uma c\u00f3pia traduzida e autenticada pela COORI, n\u00e3o \u00e9 necess\u00e1rio ter o documento juramentado).<\/span><\/li>\n<\/ul>\n<p>[\/vc_column_text][\/vc_column][\/vc_row]<\/p>\n<\/div>","protected":false},"excerpt":{"rendered":"<p>[vc_row][vc_column][vc_column_text css=&#8221;&#8221;]As inscri\u00e7\u00f5es para a edi\u00e7\u00e3o 2026 do programa MITACS GLOBALINK j\u00e1 est\u00e3o abertas e voc\u00ea tem at\u00e9 o dia 17 de setembro (1 p.m pacific time) para realizar a sua inscri\u00e7\u00e3o atrav\u00e9s do site https:\/\/www.mitacs.ca\/our-programs\/globalink-research-internship-students\/ O que eu preciso saber para me inscrever? O valor da bolsa inclui: Custo de uma passagem a\u00e9rea de [&hellip;]<\/p>\n","protected":false},"author":248,"featured_media":0,"parent":158,"menu_order":0,"comment_status":"closed","ping_status":"closed","template":"","meta":{"_exactmetrics_skip_tracking":false,"_exactmetrics_sitenote_active":false,"_exactmetrics_sitenote_note":"","_exactmetrics_sitenote_category":0,"footnotes":"","_links_to":"","_links_to_target":""},"class_list":["post-2041","page","type-page","status-publish","hentry"],"publishpress_future_action":{"enabled":false,"date":"2026-04-30 04:12:00","action":"change-status","newStatus":"draft","terms":[],"taxonomy":"language","extraData":[]},"publishpress_future_workflow_manual_trigger":{"enabledWorkflows":[]},"_links":{"self":[{"href":"https:\/\/www3.unicentro.br\/eri\/wp-json\/wp\/v2\/pages\/2041","targetHints":{"allow":["GET"]}}],"collection":[{"href":"https:\/\/www3.unicentro.br\/eri\/wp-json\/wp\/v2\/pages"}],"about":[{"href":"https:\/\/www3.unicentro.br\/eri\/wp-json\/wp\/v2\/types\/page"}],"author":[{"embeddable":true,"href":"https:\/\/www3.unicentro.br\/eri\/wp-json\/wp\/v2\/users\/248"}],"replies":[{"embeddable":true,"href":"https:\/\/www3.unicentro.br\/eri\/wp-json\/wp\/v2\/comments?post=2041"}],"version-history":[{"count":1,"href":"https:\/\/www3.unicentro.br\/eri\/wp-json\/wp\/v2\/pages\/2041\/revisions"}],"predecessor-version":[{"id":2234,"href":"https:\/\/www3.unicentro.br\/eri\/wp-json\/wp\/v2\/pages\/2041\/revisions\/2234"}],"up":[{"embeddable":true,"href":"https:\/\/www3.unicentro.br\/eri\/wp-json\/wp\/v2\/pages\/158"}],"wp:attachment":[{"href":"https:\/\/www3.unicentro.br\/eri\/wp-json\/wp\/v2\/media?parent=2041"}],"curies":[{"name":"wp","href":"https:\/\/api.w.org\/{rel}","templated":true}]}}