{"id":195,"date":"2018-10-01T17:04:21","date_gmt":"2018-10-01T20:04:21","guid":{"rendered":"https:\/\/www3.unicentro.br\/eri\/?page_id=195"},"modified":"2019-02-05T15:22:57","modified_gmt":"2019-02-05T17:22:57","slug":"programa-de-acolhimento-ao-estudante-estrangeiro","status":"publish","type":"page","link":"https:\/\/www3.unicentro.br\/eri\/mobilidade-academica\/discente\/estudar-na-unicentro\/programa-de-acolhimento-ao-estudante-estrangeiro\/","title":{"rendered":"Programa de Acolhimento ao Estudante Internacional"},"content":{"rendered":"<div class=\"wpb-content-wrapper\"><p>[vc_row][vc_column][vc_column_text]<\/p>\n<p class=\"p1\">O Programa de Acolhimento tem mobilizado membros da comunidade acad\u00eamica para a recep\u00e7\u00e3o de estudantes internacionais, promovendo, al\u00e9m de orienta\u00e7\u00f5es, a cria\u00e7\u00e3o de la\u00e7os de amizade no ambiente acad\u00eamico, bem como possibilidades para o desenvolvimento da flu\u00eancia em l\u00edngua portuguesa.<\/p>\n<p class=\"p1\">As a\u00e7\u00f5es s\u00e3o divididas em:<\/p>\n<p class=\"p1\">1) Orienta\u00e7\u00f5es Pr\u00e9-Embarque: antes do embarque para o Brasil, o estudante internacional recebe orienta\u00e7\u00f5es relacionadas \u00e0 hospedagem, alimenta\u00e7\u00e3o, documenta\u00e7\u00e3o necess\u00e1ria para matr\u00edcula e perman\u00eancia no Brasil, meios de transporte para chegar \u00e0 Unicentro, etc.<\/p>\n<p class=\"p1\">2) A\u00e7\u00f5es de apoio \u00e0 perman\u00eancia na Unicentro: logo na chegada, seja no aeroporto em Curitiba ou nas rodovi\u00e1rias em Irati ou Guarapuava, a institui\u00e7\u00e3o disp\u00f5e de servidores ou volunt\u00e1rios para recepcionar o estrangeiro e orient\u00e1-lo a chegar at\u00e9 o local onde ficar\u00e1 hospedado. Ap\u00f3s esta etapa, o Programa de Acolhimento oferece as seguintes atividades:<\/p>\n<ul>\n<li class=\"p1\">Agenda de boas-vindas na Unicentro, com visita \u00e0 Reitoria e Dire\u00e7\u00e3o do Campus onde o estudante realizar\u00e1 a mobilidade.<\/li>\n<li class=\"p1\">Acompanhamento para a regulariza\u00e7\u00e3o de estrangeiro no pa\u00eds, junto \u00e0 Pol\u00edcia Federal, Receita Federal etc.<\/li>\n<li class=\"p1\">Atividades de city tour para conhecer a cidade.<\/li>\n<li class=\"p1\">Aulas gratuitas de Portugu\u00eas para Estrangeiros.<\/li>\n<li class=\"p1\"><span class=\"s2\">Projeto Amigo Internacional: <\/span>propicia a intera\u00e7\u00e3o de estudantes internacionais com estudantes da Unicentro, contribuindo para uma melhor adapta\u00e7\u00e3o e inser\u00e7\u00e3o de estudantes de outros pa\u00edses em mobilidade na institui\u00e7\u00e3o.<br \/>\n\u2794 Para participar do projeto como AMIGO INTERNACIONAL, <a href=\"https:\/\/www3.unicentro.br\/eri\/wp-content\/uploads\/sites\/35\/2018\/10\/Amigo_Internacional_Cadastro_ERI.doc\"><span class=\"s3\">clique\u00a0<\/span>aqui<\/a><span class=\"s4\">.<\/span><\/li>\n<li class=\"p1\">Projeto Volunt\u00e1rios pela L\u00edngua, promove encontros semanais de at\u00e9 uma hora, entre falantes nativos de portugu\u00eas (n\u00e3o necessariamente vinculado \u00e0 Unicentro) com estudantes internacionais em mobilidade na Unicentro, para eles conversarem em portugu\u00eas sobre quaisquer temas, de forma espont\u00e2nea, contribuindo para uma melhor adapta\u00e7\u00e3o e aprendizado do idioma.<br \/>\n\u2794 Para participar do projeto como VOLUNT\u00c1RIO PELA L\u00cdNGUA, <a href=\"https:\/\/www3.unicentro.br\/eri\/wp-content\/uploads\/sites\/35\/2018\/10\/Voluntario_pela_lingua_ERI.doc\">clique aqui<\/a><span class=\"s4\">.<\/span><\/li>\n<li class=\"p1\">Encontro anual de estudantes internacionais para socializa\u00e7\u00e3o das experi\u00eancias de cada um.<\/li>\n<li class=\"p1\">Feira de Internacionaliza\u00e7\u00e3o da Unicentro, que busca f<span class=\"s5\">omentar o\u00a0<\/span>processo de internacionaliza\u00e7\u00e3o da Unicentro atrav\u00e9s da divulga\u00e7\u00e3o de informa\u00e7\u00f5es acad\u00eamicas, administrativas e relatos de viv\u00eancia.<\/li>\n<li class=\"p1\">Confraterniza\u00e7\u00f5es.<\/li>\n<\/ul>\n<p>[\/vc_column_text][\/vc_column][\/vc_row]<\/p>\n<\/div>","protected":false},"excerpt":{"rendered":"<p>[vc_row][vc_column][vc_column_text] O Programa de Acolhimento tem mobilizado membros da comunidade acad\u00eamica para a recep\u00e7\u00e3o de estudantes internacionais, promovendo, al\u00e9m de orienta\u00e7\u00f5es, a cria\u00e7\u00e3o de la\u00e7os de amizade no ambiente acad\u00eamico, bem como possibilidades para o desenvolvimento da flu\u00eancia em l\u00edngua portuguesa. As a\u00e7\u00f5es s\u00e3o divididas em: 1) Orienta\u00e7\u00f5es Pr\u00e9-Embarque: antes do embarque para o Brasil, [&hellip;]<\/p>\n","protected":false},"author":3,"featured_media":0,"parent":183,"menu_order":0,"comment_status":"closed","ping_status":"closed","template":"","meta":{"_exactmetrics_skip_tracking":false,"_exactmetrics_sitenote_active":false,"_exactmetrics_sitenote_note":"","_exactmetrics_sitenote_category":0,"footnotes":"","_links_to":"","_links_to_target":""},"class_list":["post-195","page","type-page","status-publish","hentry"],"publishpress_future_action":{"enabled":false,"date":"2026-04-30 13:15:17","action":"change-status","newStatus":"draft","terms":[],"taxonomy":"language","extraData":[]},"publishpress_future_workflow_manual_trigger":{"enabledWorkflows":[]},"_links":{"self":[{"href":"https:\/\/www3.unicentro.br\/eri\/wp-json\/wp\/v2\/pages\/195","targetHints":{"allow":["GET"]}}],"collection":[{"href":"https:\/\/www3.unicentro.br\/eri\/wp-json\/wp\/v2\/pages"}],"about":[{"href":"https:\/\/www3.unicentro.br\/eri\/wp-json\/wp\/v2\/types\/page"}],"author":[{"embeddable":true,"href":"https:\/\/www3.unicentro.br\/eri\/wp-json\/wp\/v2\/users\/3"}],"replies":[{"embeddable":true,"href":"https:\/\/www3.unicentro.br\/eri\/wp-json\/wp\/v2\/comments?post=195"}],"version-history":[{"count":0,"href":"https:\/\/www3.unicentro.br\/eri\/wp-json\/wp\/v2\/pages\/195\/revisions"}],"up":[{"embeddable":true,"href":"https:\/\/www3.unicentro.br\/eri\/wp-json\/wp\/v2\/pages\/183"}],"wp:attachment":[{"href":"https:\/\/www3.unicentro.br\/eri\/wp-json\/wp\/v2\/media?parent=195"}],"curies":[{"name":"wp","href":"https:\/\/api.w.org\/{rel}","templated":true}]}}