{"id":190,"date":"2018-09-20T16:48:30","date_gmt":"2018-09-20T19:48:30","guid":{"rendered":"https:\/\/www3.unicentro.br\/eri\/?page_id=190"},"modified":"2019-08-23T11:57:28","modified_gmt":"2019-08-23T14:57:28","slug":"programa-de-mobilidade","status":"publish","type":"page","link":"https:\/\/www3.unicentro.br\/eri\/mobilidade-academica\/discente\/estudar-na-unicentro\/programa-de-mobilidade\/","title":{"rendered":"Programa de Mobilidade"},"content":{"rendered":"<div class=\"wpb-content-wrapper\"><p>[vc_row][vc_column][vc_column_text]A candidatura de estudantes internacionais para mobilidade acad\u00eamica em cursos de gradua\u00e7\u00e3o e p\u00f3s-gradua\u00e7\u00e3o na Unicentro atende aos seguintes prazos:<\/p>\n<ul>\n<li>Mobilidade no 1\u00ba semestre (fevereiro a julho): inscri\u00e7\u00f5es at\u00e9 15 de outubro.<\/li>\n<li>Mobilidade no 2\u00ba semestre (julho a dezembro): inscri\u00e7\u00f5es at\u00e9 15 de maio.<\/li>\n<\/ul>\n<p>Os estudantes que n\u00e3o possam chegar no in\u00edcio do per\u00edodo de aulas, dever\u00e3o chegar at\u00e9 ao final da segunda semana letiva.<\/p>\n<p>Para candidatar-se a mobilidade, <strong><a href=\"https:\/\/evento.unicentro.br\/site\/mobinternacional\/2019\/2\" target=\"_blank\" rel=\"noopener\"><em>clique aqui<\/em><\/a><\/strong>.<\/p>\n<p><strong><a href=\"https:\/\/www3.unicentro.br\/eri\/wp-content\/uploads\/sites\/35\/2019\/05\/Mobilidade_Incoming_Procedimentos_PT_EN_ES_ATUALIZADO_17_5_19_5ce2b8535980f.pdf\"><em>Clique aqui<\/em><\/a><\/strong> para acessar os procedimentos para apresenta\u00e7\u00e3o de candidatura.<\/p>\n<p>Os estudantes internacionais que s\u00e3o aceitos para realizar mobilidade na Unicentro, devem apresentar os seguintes documentos para o Escrit\u00f3rio de Rela\u00e7\u00f5es Internacionais:<\/p>\n<ul>\n<li>C\u00f3pia das p\u00e1ginas do passaporte que cont\u00e9m n\u00famero, dados pessoais e foto.<\/li>\n<li>Carta de Aceite para mobilidade em curso de gradua\u00e7\u00e3o ou p\u00f3s-gradua\u00e7\u00e3o da Unicentro.<\/li>\n<li>Carta de concess\u00e3o de bolsa ou contrato de estudos em Programa Internacional ou Declara\u00e7\u00e3o de responsabilidade financeira pela estadia durante a mobilidade.<\/li>\n<li>C\u00f3pia da Ap\u00f3lice de Seguro-Sa\u00fade Internacional v\u00e1lida para todo o per\u00edodo da mobilidade e com cobertura de repatria\u00e7\u00e3o funer\u00e1ria.<\/li>\n<li>C\u00f3pia de visto para estudos no Brasil, quando for o caso.<\/li>\n<\/ul>\n<p>[\/vc_column_text][\/vc_column][\/vc_row]<\/p>\n<\/div>","protected":false},"excerpt":{"rendered":"<p>[vc_row][vc_column][vc_column_text]A candidatura de estudantes internacionais para mobilidade acad\u00eamica em cursos de gradua\u00e7\u00e3o e p\u00f3s-gradua\u00e7\u00e3o na Unicentro atende aos seguintes prazos: Mobilidade no 1\u00ba semestre (fevereiro a julho): inscri\u00e7\u00f5es at\u00e9 15 de outubro. Mobilidade no 2\u00ba semestre (julho a dezembro): inscri\u00e7\u00f5es at\u00e9 15 de maio. Os estudantes que n\u00e3o possam chegar no in\u00edcio do per\u00edodo de [&hellip;]<\/p>\n","protected":false},"author":3,"featured_media":0,"parent":183,"menu_order":0,"comment_status":"closed","ping_status":"closed","template":"","meta":{"_exactmetrics_skip_tracking":false,"_exactmetrics_sitenote_active":false,"_exactmetrics_sitenote_note":"","_exactmetrics_sitenote_category":0,"footnotes":"","_links_to":"","_links_to_target":""},"class_list":["post-190","page","type-page","status-publish","hentry"],"publishpress_future_action":{"enabled":false,"date":"2026-04-30 18:22:18","action":"change-status","newStatus":"draft","terms":[],"taxonomy":"language","extraData":[]},"publishpress_future_workflow_manual_trigger":{"enabledWorkflows":[]},"_links":{"self":[{"href":"https:\/\/www3.unicentro.br\/eri\/wp-json\/wp\/v2\/pages\/190","targetHints":{"allow":["GET"]}}],"collection":[{"href":"https:\/\/www3.unicentro.br\/eri\/wp-json\/wp\/v2\/pages"}],"about":[{"href":"https:\/\/www3.unicentro.br\/eri\/wp-json\/wp\/v2\/types\/page"}],"author":[{"embeddable":true,"href":"https:\/\/www3.unicentro.br\/eri\/wp-json\/wp\/v2\/users\/3"}],"replies":[{"embeddable":true,"href":"https:\/\/www3.unicentro.br\/eri\/wp-json\/wp\/v2\/comments?post=190"}],"version-history":[{"count":0,"href":"https:\/\/www3.unicentro.br\/eri\/wp-json\/wp\/v2\/pages\/190\/revisions"}],"up":[{"embeddable":true,"href":"https:\/\/www3.unicentro.br\/eri\/wp-json\/wp\/v2\/pages\/183"}],"wp:attachment":[{"href":"https:\/\/www3.unicentro.br\/eri\/wp-json\/wp\/v2\/media?parent=190"}],"curies":[{"name":"wp","href":"https:\/\/api.w.org\/{rel}","templated":true}]}}