{"id":183,"date":"2018-09-20T10:33:21","date_gmt":"2018-09-20T13:33:21","guid":{"rendered":"https:\/\/www3.unicentro.br\/eri\/?page_id=183"},"modified":"2019-08-23T11:56:04","modified_gmt":"2019-08-23T14:56:04","slug":"estudar-na-unicentro","status":"publish","type":"page","link":"https:\/\/www3.unicentro.br\/eri\/mobilidade-academica\/discente\/estudar-na-unicentro\/","title":{"rendered":"Estudar ou Pesquisar na Unicentro"},"content":{"rendered":"<div class=\"wpb-content-wrapper\"><p>[vc_row][vc_column][vc_column_text]A Unicentro est\u00e1 de portas abertas para os estudantes internacionais.<\/p>\n<p class=\"p1\">Conhe\u00e7a os cursos da Unincentro:<\/p>\n<p>[\/vc_column_text][\/vc_column][\/vc_row][vc_row full_width=&#8221;stretch_row&#8221; equal_height=&#8221;yes&#8221; u_row_style=&#8221;0&#8243; u_row_paralax=&#8221;0&#8243; u_row_scheme=&#8221;0&#8243; el_class=&#8221;linha-parceiras&#8221;][vc_column width=&#8221;1\/6&#8243;][\/vc_column][vc_column width=&#8221;1\/3&#8243; css=&#8221;.vc_custom_1537451935690{padding-right: 0px !important;padding-left: 0px !important;background-image: url(https:\/\/www3.unicentro.br\/eri\/wp-content\/uploads\/sites\/35\/2018\/09\/img-mobilidade-cursosgraduacao.jpg?id=187) !important;background-position: center !important;background-repeat: no-repeat !important;background-size: cover !important;}&#8221;][vc_btn title=&#8221;Cursos de Gradua\u00e7\u00e3o&#8221; style=&#8221;flat&#8221; shape=&#8221;square&#8221; color=&#8221;danger&#8221; size=&#8221;sm&#8221; align=&#8221;right&#8221; i_align=&#8221;right&#8221; i_icon_fontawesome=&#8221;fa fa-sign-in&#8221; button_block=&#8221;true&#8221; add_icon=&#8221;true&#8221; el_class=&#8221;barra-botao&#8221; link=&#8221;url:https%3A%2F%2Fwww3.unicentro.br%2Festude-graduacao%2F|||&#8221;][\/vc_column][vc_column width=&#8221;1\/3&#8243; css=&#8221;.vc_custom_1537452001691{padding-right: 0px !important;padding-left: 0px !important;background-image: url(https:\/\/www3.unicentro.br\/eri\/wp-content\/uploads\/sites\/35\/2018\/09\/img-mobilidade-cursosposgraduacao.jpg?id=188) !important;background-position: center !important;background-repeat: no-repeat !important;background-size: cover !important;}&#8221;][vc_btn title=&#8221;Cursos de P\u00f3s-Gradua\u00e7\u00e3o&#8221; style=&#8221;flat&#8221; shape=&#8221;square&#8221; color=&#8221;success&#8221; size=&#8221;sm&#8221; align=&#8221;right&#8221; i_align=&#8221;right&#8221; i_icon_fontawesome=&#8221;fa fa-sign-out&#8221; button_block=&#8221;true&#8221; add_icon=&#8221;true&#8221; el_class=&#8221;barra-botao&#8221; link=&#8221;url:https%3A%2F%2Fwww3.unicentro.br%2Festude-pos-graduacao%2F|||&#8221;][\/vc_column][vc_column width=&#8221;1\/6&#8243;][\/vc_column][\/vc_row][vc_row u_row_style=&#8221;0&#8243; u_row_paralax=&#8221;0&#8243; u_row_scheme=&#8221;0&#8243; css=&#8221;.vc_custom_1537452035252{margin-top: 20px !important;}&#8221;][vc_column][vc_column_text]<\/p>\n<p class=\"p1\" style=\"text-align: center\">Para submiss\u00e3o de candidatura para Mobilidade na Unicentro, <a href=\"https:\/\/evento.unicentro.br\/site\/mobinternacional\/2019\/2\">CLIQUE AQUI<\/a>.<\/p>\n<p class=\"p3\">Com a preocupa\u00e7\u00e3o de dar suporte \u00e0 perman\u00eancia dos estudantes em mobilidade na Unicentro, in\u00fameras a\u00e7\u00f5es s\u00e3o agrupadas no Programa de Acolhimento ao Estudante Internacional.<\/p>\n<p>[\/vc_column_text][\/vc_column][\/vc_row][vc_row full_width=&#8221;stretch_row&#8221; equal_height=&#8221;yes&#8221; u_row_style=&#8221;0&#8243; u_row_paralax=&#8221;0&#8243; u_row_scheme=&#8221;0&#8243; el_class=&#8221;linha-parceiras&#8221;][vc_column width=&#8221;1\/4&#8243;][\/vc_column][vc_column width=&#8221;1\/2&#8243; css=&#8221;.vc_custom_1537451919949{padding-right: 0px !important;padding-left: 0px !important;background-image: url(https:\/\/www3.unicentro.br\/eri\/wp-content\/uploads\/sites\/35\/2018\/09\/img-mobilidade-acolhimento.jpg?id=186) !important;background-position: center !important;background-repeat: no-repeat !important;background-size: cover !important;}&#8221;][vc_btn title=&#8221;Programa de Acolhimento ao Estudante Internacional&#8221; style=&#8221;flat&#8221; shape=&#8221;square&#8221; color=&#8221;turquoise&#8221; size=&#8221;sm&#8221; align=&#8221;right&#8221; i_align=&#8221;right&#8221; i_icon_fontawesome=&#8221;fa fa-sign-in&#8221; button_block=&#8221;true&#8221; add_icon=&#8221;true&#8221; el_class=&#8221;barra-botao&#8221; link=&#8221;url:https%3A%2F%2Fwww3.unicentro.br%2Feri%2Fmobilidade-academica%2Fdiscente%2Finternacional%2Festudar-na-unicentro%2Fprograma-de-acolhimento-ao-estudante-estrangeiro%2F|||&#8221;][\/vc_column][vc_column width=&#8221;1\/4&#8243; css=&#8221;.vc_custom_1537450477582{background-position: center !important;background-repeat: no-repeat !important;background-size: cover !important;}&#8221;][\/vc_column][\/vc_row][vc_row u_row_style=&#8221;0&#8243; u_row_paralax=&#8221;0&#8243; u_row_scheme=&#8221;0&#8243; css=&#8221;.vc_custom_1537452035252{margin-top: 20px !important;}&#8221;][vc_column][vc_column_text]<\/p>\n<p class=\"p1\" style=\"text-align: center\">Atividades desenvolvidas em idioma estrangeiro na Unicentro podem ser consultadas no <a href=\"http:\/\/faubai.org.br\/guideemi\/\"><strong><u>Portal Interativo British Council &amp; FAUBAI<\/u><\/strong><\/a><\/p>\n<p>[\/vc_column_text][\/vc_column][\/vc_row]<\/p>\n<\/div>","protected":false},"excerpt":{"rendered":"<p>[vc_row][vc_column][vc_column_text]A Unicentro est\u00e1 de portas abertas para os estudantes internacionais. Conhe\u00e7a os cursos da Unincentro: [\/vc_column_text][\/vc_column][\/vc_row][vc_row full_width=&#8221;stretch_row&#8221; equal_height=&#8221;yes&#8221; u_row_style=&#8221;0&#8243; u_row_paralax=&#8221;0&#8243; u_row_scheme=&#8221;0&#8243; el_class=&#8221;linha-parceiras&#8221;][vc_column width=&#8221;1\/6&#8243;][\/vc_column][vc_column width=&#8221;1\/3&#8243; css=&#8221;.vc_custom_1537451935690{padding-right: 0px !important;padding-left: 0px !important;background-image: url(https:\/\/www3.unicentro.br\/eri\/wp-content\/uploads\/sites\/35\/2018\/09\/img-mobilidade-cursosgraduacao.jpg?id=187) !important;background-position: center !important;background-repeat: no-repeat !important;background-size: cover !important;}&#8221;][vc_btn title=&#8221;Cursos de Gradua\u00e7\u00e3o&#8221; style=&#8221;flat&#8221; shape=&#8221;square&#8221; color=&#8221;danger&#8221; size=&#8221;sm&#8221; align=&#8221;right&#8221; i_align=&#8221;right&#8221; i_icon_fontawesome=&#8221;fa fa-sign-in&#8221; button_block=&#8221;true&#8221; add_icon=&#8221;true&#8221; el_class=&#8221;barra-botao&#8221; link=&#8221;url:https%3A%2F%2Fwww3.unicentro.br%2Festude-graduacao%2F|||&#8221;][\/vc_column][vc_column width=&#8221;1\/3&#8243; css=&#8221;.vc_custom_1537452001691{padding-right: 0px [&hellip;]<\/p>\n","protected":false},"author":3,"featured_media":0,"parent":167,"menu_order":0,"comment_status":"closed","ping_status":"closed","template":"","meta":{"_exactmetrics_skip_tracking":false,"_exactmetrics_sitenote_active":false,"_exactmetrics_sitenote_note":"","_exactmetrics_sitenote_category":0,"footnotes":"","_links_to":"","_links_to_target":""},"class_list":["post-183","page","type-page","status-publish","hentry"],"publishpress_future_action":{"enabled":false,"date":"2026-04-20 17:10:52","action":"change-status","newStatus":"draft","terms":[],"taxonomy":"language","extraData":[]},"publishpress_future_workflow_manual_trigger":{"enabledWorkflows":[]},"_links":{"self":[{"href":"https:\/\/www3.unicentro.br\/eri\/wp-json\/wp\/v2\/pages\/183","targetHints":{"allow":["GET"]}}],"collection":[{"href":"https:\/\/www3.unicentro.br\/eri\/wp-json\/wp\/v2\/pages"}],"about":[{"href":"https:\/\/www3.unicentro.br\/eri\/wp-json\/wp\/v2\/types\/page"}],"author":[{"embeddable":true,"href":"https:\/\/www3.unicentro.br\/eri\/wp-json\/wp\/v2\/users\/3"}],"replies":[{"embeddable":true,"href":"https:\/\/www3.unicentro.br\/eri\/wp-json\/wp\/v2\/comments?post=183"}],"version-history":[{"count":0,"href":"https:\/\/www3.unicentro.br\/eri\/wp-json\/wp\/v2\/pages\/183\/revisions"}],"up":[{"embeddable":true,"href":"https:\/\/www3.unicentro.br\/eri\/wp-json\/wp\/v2\/pages\/167"}],"wp:attachment":[{"href":"https:\/\/www3.unicentro.br\/eri\/wp-json\/wp\/v2\/media?parent=183"}],"curies":[{"name":"wp","href":"https:\/\/api.w.org\/{rel}","templated":true}]}}