{"id":1784,"date":"2023-12-19T17:17:37","date_gmt":"2023-12-19T20:17:37","guid":{"rendered":"https:\/\/www3.unicentro.br\/eri\/?page_id=1784"},"modified":"2023-12-19T17:17:37","modified_gmt":"2023-12-19T20:17:37","slug":"pec-g","status":"publish","type":"page","link":"https:\/\/www3.unicentro.br\/eri\/pec-g\/","title":{"rendered":"PEC-G"},"content":{"rendered":"<p><strong>PROGRAMA DE ESTUDANTES &#8211; CONV\u00caNIO DE GRADUA\u00c7\u00c3O &#8211; PEC-G<\/strong><\/p>\n<p>O\u00a0PEC-G \u00e9 uma atividade de coopera\u00e7\u00e3o, cujo objetivo \u00e9 a forma\u00e7\u00e3o de recursos humanos, a fim de possibilitar aos cidad\u00e3os de pa\u00edses em desenvolvimento com os quais o Brasil mant\u00e9m acordos educacionais ou culturais realizarem estudos universit\u00e1rios no pa\u00eds, em n\u00edvel de gradua\u00e7\u00e3o, nas Institui\u00e7\u00f5es de Ensino Superior (IES) brasileiras participantes do PEC-G.<\/p>\n<p>Constitui um dos instrumentos de coopera\u00e7\u00e3o educacional do Governo Brasileiro, destinado \u00e0 forma\u00e7\u00e3o e qualifica\u00e7\u00e3o de estudantes estrangeiros da \u00c1frica, \u00c1sia, Am\u00e9rica Latina e Caribe, por meio da oferta de vagas gratuitas em Institui\u00e7\u00f5es de Ensino Superior brasileiras.<\/p>\n<p>Desenvolvido pelos minist\u00e9rios das Rela\u00e7\u00f5es Exteriores e da Educa\u00e7\u00e3o, em parceria com universidades p\u00fablicas &#8211; federais e estaduais &#8211; e particulares, o PEC-G seleciona estrangeiros, entre 18 e preferencialmente at\u00e9 23 anos, com ensino m\u00e9dio completo, para realizar estudos de gradua\u00e7\u00e3o no pa\u00eds.<\/p>\n<p>O aluno estrangeiro selecionado cursa gratuitamente a gradua\u00e7\u00e3o. Em contrapartida, deve atender a alguns crit\u00e9rios; entre eles, provar que \u00e9 capaz de custear suas despesas no Brasil, ter certificado de conclus\u00e3o do ensino m\u00e9dio ou curso equivalente e profici\u00eancia em l\u00edngua portuguesa certificada pelo exame CELPE \u2013 BRAS.<\/p>\n<p>Na Unicentro, esta atividade \u00e9 administrada pelo Escrit\u00f3rio de Rela\u00e7\u00f5es Internacionais \u2013 ERI em parceria com a Pr\u00f3-Reitoria de Ensino &#8211;\u00a0 Proen.<\/p>\n<ul>\n<li><a href=\"https:\/\/www.gov.br\/mre\/pt-br\/assuntos\/cultura-e-educacao\/temas-educacionais\/programas-de-estudo-para-estrangeiros\/pec-g\"><strong>Programa PEC \u2013 Minist\u00e9rio das Rela\u00e7\u00f5es Exteriores<\/strong><\/a><\/li>\n<li><a href=\"https:\/\/www.gov.br\/mre\/pt-br\/assuntos\/cultura-e-educacao\/temas-educacionais\/programas-de-estudo-para-estrangeiros\/pec-g\/informacoes-ao-estudante-convenio#manual\"><strong>Informa\u00e7\u00f5es ao estudante-conv\u00eanio<\/strong><\/a><\/li>\n<\/ul>\n","protected":false},"excerpt":{"rendered":"<p>PROGRAMA DE ESTUDANTES &#8211; CONV\u00caNIO DE GRADUA\u00c7\u00c3O &#8211; PEC-G O\u00a0PEC-G \u00e9 uma atividade de coopera\u00e7\u00e3o, cujo objetivo \u00e9 a forma\u00e7\u00e3o de recursos humanos, a fim de possibilitar aos cidad\u00e3os de pa\u00edses em desenvolvimento com os quais o Brasil mant\u00e9m acordos educacionais ou culturais realizarem estudos universit\u00e1rios no pa\u00eds, em n\u00edvel de gradua\u00e7\u00e3o, nas Institui\u00e7\u00f5es de [&hellip;]<\/p>\n","protected":false},"author":3,"featured_media":0,"parent":0,"menu_order":0,"comment_status":"closed","ping_status":"closed","template":"","meta":{"_exactmetrics_skip_tracking":false,"_exactmetrics_sitenote_active":false,"_exactmetrics_sitenote_note":"","_exactmetrics_sitenote_category":0,"footnotes":"","_links_to":"","_links_to_target":""},"class_list":["post-1784","page","type-page","status-publish","hentry"],"publishpress_future_action":{"enabled":false,"date":"2026-04-30 14:52:42","action":"change-status","newStatus":"draft","terms":[],"taxonomy":"language","extraData":[]},"publishpress_future_workflow_manual_trigger":{"enabledWorkflows":[]},"_links":{"self":[{"href":"https:\/\/www3.unicentro.br\/eri\/wp-json\/wp\/v2\/pages\/1784","targetHints":{"allow":["GET"]}}],"collection":[{"href":"https:\/\/www3.unicentro.br\/eri\/wp-json\/wp\/v2\/pages"}],"about":[{"href":"https:\/\/www3.unicentro.br\/eri\/wp-json\/wp\/v2\/types\/page"}],"author":[{"embeddable":true,"href":"https:\/\/www3.unicentro.br\/eri\/wp-json\/wp\/v2\/users\/3"}],"replies":[{"embeddable":true,"href":"https:\/\/www3.unicentro.br\/eri\/wp-json\/wp\/v2\/comments?post=1784"}],"version-history":[{"count":1,"href":"https:\/\/www3.unicentro.br\/eri\/wp-json\/wp\/v2\/pages\/1784\/revisions"}],"predecessor-version":[{"id":1785,"href":"https:\/\/www3.unicentro.br\/eri\/wp-json\/wp\/v2\/pages\/1784\/revisions\/1785"}],"wp:attachment":[{"href":"https:\/\/www3.unicentro.br\/eri\/wp-json\/wp\/v2\/media?parent=1784"}],"curies":[{"name":"wp","href":"https:\/\/api.w.org\/{rel}","templated":true}]}}