{"id":167,"date":"2018-09-11T16:35:30","date_gmt":"2018-09-11T19:35:30","guid":{"rendered":"https:\/\/www3.unicentro.br\/eri\/?page_id=167"},"modified":"2019-08-23T11:54:00","modified_gmt":"2019-08-23T14:54:00","slug":"discente","status":"publish","type":"page","link":"https:\/\/www3.unicentro.br\/eri\/mobilidade-academica\/discente\/","title":{"rendered":"Mobilidade Discente"},"content":{"rendered":"<div class=\"wpb-content-wrapper\"><p>[vc_row][vc_column][vc_column_text]A mobilidade discente internacional propicia o desenvolvimento de componentes curriculares (disciplina, est\u00e1gio, trabalho de conclus\u00e3o de curso, disserta\u00e7\u00e3o, tese, desenvolvimento de projeto de pesquisa, extens\u00e3o ou inova\u00e7\u00e3o tecnol\u00f3gica) em institui\u00e7\u00f5es estrangeiras de ensino superior, conveniadas com a Unicentro, e para atividades de estudantes de gradua\u00e7\u00e3o oriundos de institui\u00e7\u00f5es de ensino internacionais em mobilidade na Unicentro.<\/p>\n<p>Quando estudantes oriundos de institui\u00e7\u00f5es internacionais s\u00e3o recebidos na Unicentro, a mobilidade \u00e9 chamada de INCOMING; e quando estudantes da Unicentro saem para realizar parte dos seus estudos em uma institui\u00e7\u00e3o no exterior, a mobilidade \u00e9 classificada como OUTGOING.[\/vc_column_text][\/vc_column][\/vc_row][vc_row full_width=&#8221;stretch_row&#8221; equal_height=&#8221;yes&#8221; u_row_style=&#8221;0&#8243; u_row_paralax=&#8221;0&#8243; u_row_scheme=&#8221;0&#8243; el_class=&#8221;linha-parceiras&#8221;][vc_column width=&#8221;1\/6&#8243;][\/vc_column][vc_column width=&#8221;1\/3&#8243; css=&#8221;.vc_custom_1536694491011{padding-right: 0px !important;padding-left: 0px !important;background-image: url(https:\/\/www3.unicentro.br\/eri\/wp-content\/uploads\/sites\/35\/2018\/09\/brazil-incoming-icon.jpg?id=168) !important;background-position: center !important;background-repeat: no-repeat !important;background-size: cover !important;}&#8221;][vc_btn title=&#8221;Mobilidade Incoming&#8221; style=&#8221;flat&#8221; shape=&#8221;square&#8221; color=&#8221;danger&#8221; size=&#8221;sm&#8221; align=&#8221;right&#8221; i_align=&#8221;right&#8221; i_icon_fontawesome=&#8221;fa fa-sign-in&#8221; button_block=&#8221;true&#8221; add_icon=&#8221;true&#8221; el_class=&#8221;barra-botao&#8221; link=&#8221;url:https%3A%2F%2Fwww3.unicentro.br%2Feri%2Fmobilidade-academica%2Fdiscente%2Finternacional%2Festudar-na-unicentro%2F|||&#8221;][\/vc_column][vc_column width=&#8221;1\/3&#8243; css=&#8221;.vc_custom_1536694504979{padding-right: 0px !important;padding-left: 0px !important;background-image: url(https:\/\/www3.unicentro.br\/eri\/wp-content\/uploads\/sites\/35\/2018\/09\/mob-outgoing-icon.jpg?id=169) !important;background-position: center !important;background-repeat: no-repeat !important;background-size: cover !important;}&#8221;][vc_btn title=&#8221;Mobilidade Outgoing&#8221; style=&#8221;flat&#8221; shape=&#8221;square&#8221; color=&#8221;success&#8221; size=&#8221;sm&#8221; align=&#8221;right&#8221; i_align=&#8221;right&#8221; i_icon_fontawesome=&#8221;fa fa-sign-out&#8221; button_block=&#8221;true&#8221; add_icon=&#8221;true&#8221; el_class=&#8221;barra-botao&#8221; link=&#8221;url:https%3A%2F%2Fwww3.unicentro.br%2Feri%2Fmobilidade-academica%2Fdiscente%2Finternacional%2Fexterior%2F|||&#8221;][\/vc_column][vc_column width=&#8221;1\/6&#8243;][\/vc_column][\/vc_row]<\/p>\n<\/div>","protected":false},"excerpt":{"rendered":"<p>[vc_row][vc_column][vc_column_text]A mobilidade discente internacional propicia o desenvolvimento de componentes curriculares (disciplina, est\u00e1gio, trabalho de conclus\u00e3o de curso, disserta\u00e7\u00e3o, tese, desenvolvimento de projeto de pesquisa, extens\u00e3o ou inova\u00e7\u00e3o tecnol\u00f3gica) em institui\u00e7\u00f5es estrangeiras de ensino superior, conveniadas com a Unicentro, e para atividades de estudantes de gradua\u00e7\u00e3o oriundos de institui\u00e7\u00f5es de ensino internacionais em mobilidade na Unicentro. [&hellip;]<\/p>\n","protected":false},"author":3,"featured_media":0,"parent":158,"menu_order":0,"comment_status":"closed","ping_status":"closed","template":"","meta":{"_exactmetrics_skip_tracking":false,"_exactmetrics_sitenote_active":false,"_exactmetrics_sitenote_note":"","_exactmetrics_sitenote_category":0,"footnotes":"","_links_to":"","_links_to_target":""},"class_list":["post-167","page","type-page","status-publish","hentry"],"publishpress_future_action":{"enabled":false,"date":"2026-04-11 13:24:50","action":"change-status","newStatus":"draft","terms":[],"taxonomy":"language","extraData":[]},"publishpress_future_workflow_manual_trigger":{"enabledWorkflows":[]},"_links":{"self":[{"href":"https:\/\/www3.unicentro.br\/eri\/wp-json\/wp\/v2\/pages\/167","targetHints":{"allow":["GET"]}}],"collection":[{"href":"https:\/\/www3.unicentro.br\/eri\/wp-json\/wp\/v2\/pages"}],"about":[{"href":"https:\/\/www3.unicentro.br\/eri\/wp-json\/wp\/v2\/types\/page"}],"author":[{"embeddable":true,"href":"https:\/\/www3.unicentro.br\/eri\/wp-json\/wp\/v2\/users\/3"}],"replies":[{"embeddable":true,"href":"https:\/\/www3.unicentro.br\/eri\/wp-json\/wp\/v2\/comments?post=167"}],"version-history":[{"count":0,"href":"https:\/\/www3.unicentro.br\/eri\/wp-json\/wp\/v2\/pages\/167\/revisions"}],"up":[{"embeddable":true,"href":"https:\/\/www3.unicentro.br\/eri\/wp-json\/wp\/v2\/pages\/158"}],"wp:attachment":[{"href":"https:\/\/www3.unicentro.br\/eri\/wp-json\/wp\/v2\/media?parent=167"}],"curies":[{"name":"wp","href":"https:\/\/api.w.org\/{rel}","templated":true}]}}