{"id":156,"date":"2018-09-10T15:58:51","date_gmt":"2018-09-10T18:58:51","guid":{"rendered":"https:\/\/www3.unicentro.br\/eri\/?page_id=156"},"modified":"2019-08-23T14:40:29","modified_gmt":"2019-08-23T17:40:29","slug":"apresentacao","status":"publish","type":"page","link":"https:\/\/www3.unicentro.br\/eri\/mobilidade-academica\/apresentacao\/","title":{"rendered":"Apresenta\u00e7\u00e3o"},"content":{"rendered":"<div class=\"wpb-content-wrapper\"><p>[vc_row][vc_column][vc_column_text]A mobilidade internacional permite que discentes, docentes e agentes universit\u00e1rios da Unicentro desenvolvam atividades acad\u00eamicas em institui\u00e7\u00f5es no exterior, e que estrangeiros oriundos de institui\u00e7\u00f5es do exterior desenvolvam atividades na Unicentro.[\/vc_column_text][\/vc_column][\/vc_row][vc_row full_width=&#8221;stretch_row&#8221; equal_height=&#8221;yes&#8221; u_row_style=&#8221;0&#8243; u_row_paralax=&#8221;0&#8243; u_row_scheme=&#8221;0&#8243; el_class=&#8221;linha-parceiras&#8221;][vc_column width=&#8221;1\/3&#8243; css=&#8221;.vc_custom_1536693674545{padding-right: 0px !important;padding-left: 0px !important;background-image: url(https:\/\/www3.unicentro.br\/eri\/wp-content\/uploads\/sites\/35\/2018\/09\/mobilidade-discente-apres-img.jpg?id=162) !important;background-position: center !important;background-repeat: no-repeat !important;background-size: cover !important;}&#8221;][vc_btn title=&#8221;Mobilidade Discente&#8221; style=&#8221;flat&#8221; shape=&#8221;square&#8221; color=&#8221;danger&#8221; size=&#8221;sm&#8221; align=&#8221;right&#8221; i_align=&#8221;right&#8221; i_icon_fontawesome=&#8221;fa fa-graduation-cap&#8221; button_block=&#8221;true&#8221; add_icon=&#8221;true&#8221; el_class=&#8221;barra-botao&#8221; link=&#8221;url:https%3A%2F%2Fwww3.unicentro.br%2Feri%2Fmobilidade-academica%2Fdiscente%2F|||&#8221;][\/vc_column][vc_column width=&#8221;1\/3&#8243; css=&#8221;.vc_custom_1536693685061{padding-right: 0px !important;padding-left: 0px !important;background-image: url(https:\/\/www3.unicentro.br\/eri\/wp-content\/uploads\/sites\/35\/2018\/09\/mobilidade-docente-tec-apres-img.jpg?id=163) !important;background-position: center !important;background-repeat: no-repeat !important;background-size: cover !important;}&#8221;][vc_btn title=&#8221;Mobilidade Docente e T\u00e9cnica&#8221; style=&#8221;flat&#8221; shape=&#8221;square&#8221; color=&#8221;success&#8221; size=&#8221;sm&#8221; align=&#8221;right&#8221; i_align=&#8221;right&#8221; i_icon_fontawesome=&#8221;fa fa-briefcase&#8221; button_block=&#8221;true&#8221; add_icon=&#8221;true&#8221; el_class=&#8221;barra-botao&#8221; link=&#8221;url:https%3A%2F%2Fwww3.unicentro.br%2Feri%2Fmobilidade-academica%2Fdocente-tecnica%2F|||&#8221;][\/vc_column][vc_column width=&#8221;1\/3&#8243; css=&#8221;.vc_custom_1536693724092{padding-right: 0px !important;padding-left: 0px !important;background-image: url(https:\/\/www3.unicentro.br\/eri\/wp-content\/uploads\/sites\/35\/2018\/09\/mobilidade-lei-apres-img.jpg?id=164) !important;background-position: center !important;background-repeat: no-repeat !important;background-size: cover !important;}&#8221;][vc_btn title=&#8221;Bolsas para Mobilidade e Internacionaliza\u00e7\u00e3o&#8221; style=&#8221;flat&#8221; shape=&#8221;square&#8221; color=&#8221;primary&#8221; size=&#8221;sm&#8221; align=&#8221;right&#8221; i_align=&#8221;right&#8221; i_icon_fontawesome=&#8221;fa fa-file-text&#8221; button_block=&#8221;true&#8221; add_icon=&#8221;true&#8221; el_class=&#8221;barra-botao&#8221; link=&#8221;url:http%3A%2F%2Fwww3.unicentro.br%2Feri%2Fmobilidade-academica%2Fbolsas-para-mobilidade-e-internacionalizacao%2F|||&#8221;][\/vc_column][\/vc_row]<\/p>\n<\/div>","protected":false},"excerpt":{"rendered":"<p>[vc_row][vc_column][vc_column_text]A mobilidade internacional permite que discentes, docentes e agentes universit\u00e1rios da Unicentro desenvolvam atividades acad\u00eamicas em institui\u00e7\u00f5es no exterior, e que estrangeiros oriundos de institui\u00e7\u00f5es do exterior desenvolvam atividades na Unicentro.[\/vc_column_text][\/vc_column][\/vc_row][vc_row full_width=&#8221;stretch_row&#8221; equal_height=&#8221;yes&#8221; u_row_style=&#8221;0&#8243; u_row_paralax=&#8221;0&#8243; u_row_scheme=&#8221;0&#8243; el_class=&#8221;linha-parceiras&#8221;][vc_column width=&#8221;1\/3&#8243; css=&#8221;.vc_custom_1536693674545{padding-right: 0px !important;padding-left: 0px !important;background-image: url(https:\/\/www3.unicentro.br\/eri\/wp-content\/uploads\/sites\/35\/2018\/09\/mobilidade-discente-apres-img.jpg?id=162) !important;background-position: center !important;background-repeat: no-repeat !important;background-size: cover !important;}&#8221;][vc_btn title=&#8221;Mobilidade Discente&#8221; style=&#8221;flat&#8221; shape=&#8221;square&#8221; [&hellip;]<\/p>\n","protected":false},"author":3,"featured_media":0,"parent":158,"menu_order":0,"comment_status":"closed","ping_status":"closed","template":"","meta":{"_exactmetrics_skip_tracking":false,"_exactmetrics_sitenote_active":false,"_exactmetrics_sitenote_note":"","_exactmetrics_sitenote_category":0,"footnotes":"","_links_to":"","_links_to_target":""},"class_list":["post-156","page","type-page","status-publish","hentry"],"publishpress_future_action":{"enabled":false,"date":"2026-05-01 03:01:51","action":"change-status","newStatus":"draft","terms":[],"taxonomy":"language","extraData":[]},"publishpress_future_workflow_manual_trigger":{"enabledWorkflows":[]},"_links":{"self":[{"href":"https:\/\/www3.unicentro.br\/eri\/wp-json\/wp\/v2\/pages\/156","targetHints":{"allow":["GET"]}}],"collection":[{"href":"https:\/\/www3.unicentro.br\/eri\/wp-json\/wp\/v2\/pages"}],"about":[{"href":"https:\/\/www3.unicentro.br\/eri\/wp-json\/wp\/v2\/types\/page"}],"author":[{"embeddable":true,"href":"https:\/\/www3.unicentro.br\/eri\/wp-json\/wp\/v2\/users\/3"}],"replies":[{"embeddable":true,"href":"https:\/\/www3.unicentro.br\/eri\/wp-json\/wp\/v2\/comments?post=156"}],"version-history":[{"count":0,"href":"https:\/\/www3.unicentro.br\/eri\/wp-json\/wp\/v2\/pages\/156\/revisions"}],"up":[{"embeddable":true,"href":"https:\/\/www3.unicentro.br\/eri\/wp-json\/wp\/v2\/pages\/158"}],"wp:attachment":[{"href":"https:\/\/www3.unicentro.br\/eri\/wp-json\/wp\/v2\/media?parent=156"}],"curies":[{"name":"wp","href":"https:\/\/api.w.org\/{rel}","templated":true}]}}