{"id":151,"date":"2018-09-10T15:23:04","date_gmt":"2018-09-10T18:23:04","guid":{"rendered":"https:\/\/www3.unicentro.br\/eri\/?page_id=151"},"modified":"2019-08-23T11:15:52","modified_gmt":"2019-08-23T14:15:52","slug":"ser-um-parceiro","status":"publish","type":"page","link":"https:\/\/www3.unicentro.br\/eri\/cooperacao-internacional\/ser-um-parceiro\/","title":{"rendered":"Procedimentos para novas parcerias"},"content":{"rendered":"<p>Com base em sua pol\u00edtica de internacionaliza\u00e7\u00e3o, a Unicentro promove a formaliza\u00e7\u00e3o de parcerias ao redor do mundo. Estas parcerias iniciam-se com a assinatura de um Conv\u00eanio de Amplo Coopera\u00e7\u00e3o, a partir do qual acabam sendo associadas a\u00e7\u00f5es espec\u00edficas para um determinado per\u00edodo, mediante a assinatura de um Conv\u00eanio Espec\u00edfico.<\/p>\n<p>Se sua institui\u00e7\u00e3o est\u00e1 interessada em estabelecer conv\u00eanio de coopera\u00e7\u00e3o com a Unicentro, por favor entre em contato o Escrit\u00f3rio de Rela\u00e7\u00f5es Internacionais, escrevendo para <a href=\"mailto:eri@unicentro.br\">eri@unicentro.br<\/a>, apresenta\u00e7\u00f5es as seguintes informa\u00e7\u00f5es:<\/p>\n<ol type=\"a\">\n<li>Nome da institui\u00e7\u00e3o parceira.<\/li>\n<li>Nome dos respons\u00e1veis pela parceria em cada institui\u00e7\u00e3o envolvida.<\/li>\n<li>Objetivos e resultados esperados com a parceria.<\/li>\n<li>Detalhamento das atribui\u00e7\u00f5es e da contrapartida financeira, se houver, para cada institui\u00e7\u00e3o envolvida.<\/li>\n<\/ol>\n","protected":false},"excerpt":{"rendered":"<p>Com base em sua pol\u00edtica de internacionaliza\u00e7\u00e3o, a Unicentro promove a formaliza\u00e7\u00e3o de parcerias ao redor do mundo. Estas parcerias iniciam-se com a assinatura de um Conv\u00eanio de Amplo Coopera\u00e7\u00e3o, a partir do qual acabam sendo associadas a\u00e7\u00f5es espec\u00edficas para um determinado per\u00edodo, mediante a assinatura de um Conv\u00eanio Espec\u00edfico. Se sua institui\u00e7\u00e3o est\u00e1 interessada [&hellip;]<\/p>\n","protected":false},"author":3,"featured_media":0,"parent":77,"menu_order":0,"comment_status":"closed","ping_status":"closed","template":"","meta":{"_exactmetrics_skip_tracking":false,"_exactmetrics_sitenote_active":false,"_exactmetrics_sitenote_note":"","_exactmetrics_sitenote_category":0,"footnotes":"","_links_to":"","_links_to_target":""},"class_list":["post-151","page","type-page","status-publish","hentry"],"publishpress_future_action":{"enabled":false,"date":"2026-04-30 10:43:21","action":"change-status","newStatus":"draft","terms":[],"taxonomy":"language","extraData":[]},"publishpress_future_workflow_manual_trigger":{"enabledWorkflows":[]},"_links":{"self":[{"href":"https:\/\/www3.unicentro.br\/eri\/wp-json\/wp\/v2\/pages\/151","targetHints":{"allow":["GET"]}}],"collection":[{"href":"https:\/\/www3.unicentro.br\/eri\/wp-json\/wp\/v2\/pages"}],"about":[{"href":"https:\/\/www3.unicentro.br\/eri\/wp-json\/wp\/v2\/types\/page"}],"author":[{"embeddable":true,"href":"https:\/\/www3.unicentro.br\/eri\/wp-json\/wp\/v2\/users\/3"}],"replies":[{"embeddable":true,"href":"https:\/\/www3.unicentro.br\/eri\/wp-json\/wp\/v2\/comments?post=151"}],"version-history":[{"count":0,"href":"https:\/\/www3.unicentro.br\/eri\/wp-json\/wp\/v2\/pages\/151\/revisions"}],"up":[{"embeddable":true,"href":"https:\/\/www3.unicentro.br\/eri\/wp-json\/wp\/v2\/pages\/77"}],"wp:attachment":[{"href":"https:\/\/www3.unicentro.br\/eri\/wp-json\/wp\/v2\/media?parent=151"}],"curies":[{"name":"wp","href":"https:\/\/api.w.org\/{rel}","templated":true}]}}