{"id":145,"date":"2018-09-10T14:23:16","date_gmt":"2018-09-10T17:23:16","guid":{"rendered":"https:\/\/www3.unicentro.br\/eri\/?page_id=145"},"modified":"2019-02-05T11:28:01","modified_gmt":"2019-02-05T13:28:01","slug":"pos-graduacao","status":"publish","type":"page","link":"https:\/\/www3.unicentro.br\/eri\/cooperacao-internacional\/acoes\/pos-graduacao\/","title":{"rendered":"P\u00f3s-Gradua\u00e7\u00e3o"},"content":{"rendered":"<p class=\"p1\">Diferentes programas de coopera\u00e7\u00e3o internacional vem beneficiando diretamente os estudantes de cursos de p\u00f3s-gradua\u00e7\u00e3o, como, por exemplo:<\/p>\n<ul>\n<li class=\"p1\"><strong>Programa de Doutorado-Sandu\u00edche no Exterior (PDSE)<\/strong>:<span class=\"Apple-converted-space\">\u00a0 <\/span>fomentado pela Capes, o programa apoia a forma\u00e7\u00e3o de recursos humanos de alto n\u00edvel por meio da concess\u00e3o de cotas de bolsas de doutorado sandu\u00edche no exterior \u00e0s Institui\u00e7\u00f5es de Ensino Superior com cursos de Doutorado reconhecidos pela Capes.<br \/>\n<em>Site do Programa<\/em>: <a href=\"http:\/\/www.capes.gov.br\/component\/content\/article?id=4561\">http:\/\/www.capes.gov.br\/component\/content\/article?id=4561<\/a><br \/>\n<em>Participa\u00e7\u00e3o da Unicentro<\/em>: doutorandos j\u00e1 desenvolveram parte dos seus estudos em institui\u00e7\u00f5es no exterior, como, por exemplo: University of Deakin (Austr\u00e1lia), Victoria University (Austr\u00e1lia), University de Manitoba (Canad\u00e1), Universidade de Coimbra (Portugal) e Universit\u00e0 di Bologna (It\u00e1lia).<\/li>\n<li><strong>Programa de Alian\u00e7as para a Educa\u00e7\u00e3o e a Capacita\u00e7\u00e3o (Bolsas Brasil &#8211; Paec OEA-Gcub)<\/strong>:<span class=\"Apple-converted-space\">\u00a0 <\/span>resultado da coopera\u00e7\u00e3o entre a Organiza\u00e7\u00e3o dos Estados Americanos (OEA), a Organiza\u00e7\u00e3o Pan-Americana da Sa\u00fade (Opas\/OMS) e o Grupo Coimbra de Universidades Brasileiras (Gcub), com apoio da Divis\u00e3o de Temas Educacionais do Minist\u00e9rio das Rela\u00e7\u00f5es Exteriores do Brasil (DCE\/MRE). Constitui-se em uma das mais importantes iniciativas de coopera\u00e7\u00e3o regional no \u00e2mbito educacional para o desenvolvimento da Am\u00e9rica Latina e do Caribe e tem como principal objetivo contribuir para a integra\u00e7\u00e3o e o fortalecimento regional das Am\u00e9ricas, por meio da concess\u00e3o de bolsas de estudos integrais para cursos de p\u00f3s-gradua\u00e7\u00e3o stricto sensu (Mestrado e Doutorado), oferecidas pelas Universidades Brasileiras associadas ao Gcub a estudantes oriundos dos 34 pa\u00edses-membros da OEA, exceto o Brasil.<br \/>\n<em>Site do Programa<\/em>: <a href=\"http:\/\/www.grupocoimbra.org.br\/Programas\/PaginaProgramas.aspx?programaID=1\">http:\/\/www.grupocoimbra.org.br\/Programas\/PaginaProgramas.aspx?programaID=1<\/a><br \/>\n<em>Participa\u00e7\u00e3o da Unicentro<\/em>: estudantes oriundos da Bol\u00edvia, Chile, Col\u00f4mbia, Costa Rica, Haiti, Peru e Venezuela j\u00e1 conclu\u00edram (ou est\u00e3o desenvolvendo) seus estudos em n\u00edvel de Mestrado na Unicentro.<\/li>\n<li><strong>Emerging Leaders in the Americas Program (Elap)<\/strong>:\u00a0financiado pelo governo canadense que concede bolsas para que estudantes de p\u00f3s-gradua\u00e7\u00e3o de institui\u00e7\u00f5es conveniadas com universidades canadenses possam realizar mobilidade de um semestre no Canad\u00e1.<br \/>\n<em>Site do Programa<\/em>: <a href=\"http:\/\/www.scholarships-bourses.gc.ca\/scholarshipsbourses\/can\/institutions\/elap-pfla.aspx?lang=eng\">http:\/\/www.scholarships-bourses.gc.ca\/scholarshipsbourses\/can\/institutions\/elap-pfla.aspx?lang=eng<\/a><br \/>\n<em>Participa\u00e7\u00e3o da Unicentro<\/em>: coopera\u00e7\u00e3o com a University of Saskatchewan e a Universit\u00e9 du Qu\u00e9bec \u00e0 Trois-Rivi\u00e8res.<\/li>\n<\/ul>\n","protected":false},"excerpt":{"rendered":"<p>Diferentes programas de coopera\u00e7\u00e3o internacional vem beneficiando diretamente os estudantes de cursos de p\u00f3s-gradua\u00e7\u00e3o, como, por exemplo: Programa de Doutorado-Sandu\u00edche no Exterior (PDSE):\u00a0 fomentado pela Capes, o programa apoia a forma\u00e7\u00e3o de recursos humanos de alto n\u00edvel por meio da concess\u00e3o de cotas de bolsas de doutorado sandu\u00edche no exterior \u00e0s Institui\u00e7\u00f5es de Ensino Superior [&hellip;]<\/p>\n","protected":false},"author":3,"featured_media":0,"parent":141,"menu_order":0,"comment_status":"closed","ping_status":"closed","template":"","meta":{"_exactmetrics_skip_tracking":false,"_exactmetrics_sitenote_active":false,"_exactmetrics_sitenote_note":"","_exactmetrics_sitenote_category":0,"footnotes":"","_links_to":"","_links_to_target":""},"class_list":["post-145","page","type-page","status-publish","hentry"],"publishpress_future_action":{"enabled":false,"date":"2026-04-30 18:23:35","action":"change-status","newStatus":"draft","terms":[],"taxonomy":"language","extraData":[]},"publishpress_future_workflow_manual_trigger":{"enabledWorkflows":[]},"_links":{"self":[{"href":"https:\/\/www3.unicentro.br\/eri\/wp-json\/wp\/v2\/pages\/145","targetHints":{"allow":["GET"]}}],"collection":[{"href":"https:\/\/www3.unicentro.br\/eri\/wp-json\/wp\/v2\/pages"}],"about":[{"href":"https:\/\/www3.unicentro.br\/eri\/wp-json\/wp\/v2\/types\/page"}],"author":[{"embeddable":true,"href":"https:\/\/www3.unicentro.br\/eri\/wp-json\/wp\/v2\/users\/3"}],"replies":[{"embeddable":true,"href":"https:\/\/www3.unicentro.br\/eri\/wp-json\/wp\/v2\/comments?post=145"}],"version-history":[{"count":0,"href":"https:\/\/www3.unicentro.br\/eri\/wp-json\/wp\/v2\/pages\/145\/revisions"}],"up":[{"embeddable":true,"href":"https:\/\/www3.unicentro.br\/eri\/wp-json\/wp\/v2\/pages\/141"}],"wp:attachment":[{"href":"https:\/\/www3.unicentro.br\/eri\/wp-json\/wp\/v2\/media?parent=145"}],"curies":[{"name":"wp","href":"https:\/\/api.w.org\/{rel}","templated":true}]}}