{"id":139,"date":"2018-09-10T13:31:38","date_gmt":"2018-09-10T16:31:38","guid":{"rendered":"https:\/\/www3.unicentro.br\/eri\/?page_id=139"},"modified":"2020-03-09T10:53:25","modified_gmt":"2020-03-09T13:53:25","slug":"redes-de-colaboracao","status":"publish","type":"page","link":"https:\/\/www3.unicentro.br\/eri\/cooperacao-internacional\/parceiras\/redes-de-colaboracao\/","title":{"rendered":"Redes de Colabora\u00e7\u00e3o"},"content":{"rendered":"<ul>\n<li style=\"list-style-type: none\">\n<ul>\n<li class=\"p1\"><strong>Associa\u00e7\u00e3o Brasileira de Educa\u00e7\u00e3o Internacional (FAUBAI<\/strong>): Criada em 1988, re\u00fane mais de 180\u00a0 gestores ou respons\u00e1veis por assuntos internacionais e promove a integra\u00e7\u00e3o e a capacita\u00e7\u00e3o dos gestores da \u00e1rea \u2013 por meio de semin\u00e1rios, workshops e reuni\u00f5es regionais e nacionais -, al\u00e9m de divulgar a diversidade e as potencialidades das IES brasileiras junto \u00e0s ag\u00eancias de fomento, representa\u00e7\u00f5es diplom\u00e1ticas, organismos e programas internacionais.<br \/>\n<a href=\"http:\/\/faubai.org.br\/pt-br\/\">http:\/\/faubai.org.br\/pt-br\/<\/a><\/li>\n<li><strong>Red Zicosur Universit\u00e1ria<\/strong>: rede criada com o prop\u00f3sito de promover o interc\u00e2mbio de experi\u00eancias em Metodologia de Ensino, Pesquisa e Extens\u00e3o, com vistas a fomentar e consolidar redes tem\u00e1ticas de doc\u00eancia\/pesquisa como ferramenta de integra\u00e7\u00e3o regional e coopera\u00e7\u00e3o acad\u00eamica.<br \/>\n<a href=\"https:\/\/zicosur.wordpress.com\/\">https:\/\/zicosur.wordpress.com\/<\/a><\/li>\n<li><strong>Rede Internacional de Escolas Criativas &#8211; RIEC:<\/strong> rede de coopera\u00e7\u00e3o que busca colaborar na identifica\u00e7\u00e3o, potencializa\u00e7\u00e3o e difus\u00e3o de institui\u00e7\u00f5es educativas que desenvolvam pr\u00e1ticas de ensino, pesquisa e forma\u00e7\u00e3o criativas, transdisciplinares e ecoformadoras, em \u00e2mbito nacional e internacional,\u00a0visando a valoriza\u00e7\u00e3o de\u00a0iniciativas que apoiem a religa\u00e7\u00e3o dos saberes, a forma\u00e7\u00e3o integral e a consci\u00eancia planet\u00e1ria.<br \/>\nRIEC na Unicentro: <a href=\"https:\/\/riecunicentro.wixsite.com\/website\" target=\"_blank\" rel=\"noopener noreferrer\">https:\/\/riecunicentro.wixsite.com\/website<\/a><\/li>\n<\/ul>\n<\/li>\n<\/ul>\n<p>&nbsp;<\/p>\n","protected":false},"excerpt":{"rendered":"<p>Associa\u00e7\u00e3o Brasileira de Educa\u00e7\u00e3o Internacional (FAUBAI): Criada em 1988, re\u00fane mais de 180\u00a0 gestores ou respons\u00e1veis por assuntos internacionais e promove a integra\u00e7\u00e3o e a capacita\u00e7\u00e3o dos gestores da \u00e1rea \u2013 por meio de semin\u00e1rios, workshops e reuni\u00f5es regionais e nacionais -, al\u00e9m de divulgar a diversidade e as potencialidades das IES brasileiras junto \u00e0s [&hellip;]<\/p>\n","protected":false},"author":3,"featured_media":0,"parent":83,"menu_order":0,"comment_status":"closed","ping_status":"closed","template":"","meta":{"_exactmetrics_skip_tracking":false,"_exactmetrics_sitenote_active":false,"_exactmetrics_sitenote_note":"","_exactmetrics_sitenote_category":0,"footnotes":"","_links_to":"","_links_to_target":""},"class_list":["post-139","page","type-page","status-publish","hentry"],"publishpress_future_action":{"enabled":false,"date":"2026-04-30 12:39:50","action":"change-status","newStatus":"draft","terms":[],"taxonomy":"language","extraData":[]},"publishpress_future_workflow_manual_trigger":{"enabledWorkflows":[]},"_links":{"self":[{"href":"https:\/\/www3.unicentro.br\/eri\/wp-json\/wp\/v2\/pages\/139","targetHints":{"allow":["GET"]}}],"collection":[{"href":"https:\/\/www3.unicentro.br\/eri\/wp-json\/wp\/v2\/pages"}],"about":[{"href":"https:\/\/www3.unicentro.br\/eri\/wp-json\/wp\/v2\/types\/page"}],"author":[{"embeddable":true,"href":"https:\/\/www3.unicentro.br\/eri\/wp-json\/wp\/v2\/users\/3"}],"replies":[{"embeddable":true,"href":"https:\/\/www3.unicentro.br\/eri\/wp-json\/wp\/v2\/comments?post=139"}],"version-history":[{"count":0,"href":"https:\/\/www3.unicentro.br\/eri\/wp-json\/wp\/v2\/pages\/139\/revisions"}],"up":[{"embeddable":true,"href":"https:\/\/www3.unicentro.br\/eri\/wp-json\/wp\/v2\/pages\/83"}],"wp:attachment":[{"href":"https:\/\/www3.unicentro.br\/eri\/wp-json\/wp\/v2\/media?parent=139"}],"curies":[{"name":"wp","href":"https:\/\/api.w.org\/{rel}","templated":true}]}}