{"id":1281,"date":"2019-11-20T08:58:16","date_gmt":"2019-11-20T11:58:16","guid":{"rendered":"https:\/\/www3.unicentro.br\/eri\/?page_id=1281"},"modified":"2023-07-28T15:32:41","modified_gmt":"2023-07-28T18:32:41","slug":"unicentro","status":"publish","type":"page","link":"https:\/\/www3.unicentro.br\/eri\/es\/sobre-nosotros\/unicentro\/","title":{"rendered":"Unicentro"},"content":{"rendered":"<div class=\"wpb-content-wrapper\"><p>[vc_row][vc_column][vc_column_text]Unicentro ofrece un total de 44 programas de pregrado, 6 programas de pregrado en l\u00ednea y 26 programas de posgrado (incluyendo 17 maestr\u00edas y 9 doctorados) acreditados por CAPES, lo que la convierte en la universidad m\u00e1s grande del estado de Paran\u00e1, en la regi\u00f3n centro-oeste.<\/p>\n<p>Seg\u00fan el QS World University Rankings 2023, Unicentro destaca por estar entre las 250 mejores universidades de Am\u00e9rica Latina. En Brasil, es considerada la 73\u00aa mejor universidad y ocupa el puesto 14 entre las instituciones de educaci\u00f3n superior p\u00fablicas brasile\u00f1as.<\/p>\n<p>De los casi 9,000 estudiantes actualmente inscritos en Unicentro, aproximadamente 6,000 est\u00e1n en programas de pregrado, 700 en programas de pregrado en l\u00ednea, 1,200 cursando estudios continuos (en el campus y en l\u00ednea), casi 600 en programas de maestr\u00eda y casi 300 en programas de doctorado.<\/p>\n<p>Fundada en 1990, Unicentro se encuentra en una regi\u00f3n de casi cincuenta ciudades con m\u00e1s de un mill\u00f3n de habitantes. Sus principales campus est\u00e1n en dos ciudades: Guarapuava e Irati.<\/p>\n<p>Guarapuava es una ciudad con una comunidad vibrante de casi 180,000 habitantes. Conocida por su paisaje verde, est\u00e1 a solo 250 km de Curitiba y su aeropuerto internacional. La ciudad tambi\u00e9n cuenta con una terminal de autobuses que conecta con varias ciudades, incluyendo S\u00e3o Paulo, R\u00edo de Janeiro, Foz do Igua\u00e7u, Florian\u00f3polis, y un aeropuerto comercial con vuelos regulares a Campinas.<\/p>\n<p>Irati, una ciudad importante con una poblaci\u00f3n de 60,000 habitantes, est\u00e1 ubicada a solo 150 km de Curitiba. Conocida por sus numerosos parques y actividades al aire libre, incluida la reserva forestal Flona, Irati ofrece tanto belleza natural como un estilo de vida urbano.<\/p>\n<p>Ambas ciudades ofrecen un costo de vida asequible adem\u00e1s de muchas actividades culturales.<\/p>\n<p>La misi\u00f3n institucional de Unicentro se enfoca en la excelencia de la educaci\u00f3n superior, formando ciudadanos cr\u00edticos y creativos capaces de transformar sus realidades culturales, socioecon\u00f3micas y pol\u00edticas.<\/p>\n<p>Unicentro consta de cinco facultades, cada una ofreciendo una amplia gama de programas de pregrado y posgrado en diversas \u00e1reas.<\/p>\n<p>La Facultad de Ciencias Exactas y Tecnolog\u00eda ofrece programas en matem\u00e1ticas, f\u00edsica, qu\u00edmica, ciencias de la computaci\u00f3n e ingenier\u00eda de alimentos. Los estudiantes de esta facultad se benefician de laboratorios e instalaciones de \u00faltima generaci\u00f3n, as\u00ed como de oportunidades para participar en proyectos de investigaci\u00f3n de vanguardia.<\/p>\n<p>Por otro lado, la Facultad de Humanidades, Idiomas y Artes se enfoca en programas de educaci\u00f3n, literatura, historia, filosof\u00eda, ling\u00fc\u00edstica, periodismo y estudios de comunicaci\u00f3n, y arte. Se alienta a los estudiantes de esta facultad a pensar cr\u00edticamente y de manera creativa, y tienen acceso a una amplia variedad de actividades culturales y eventos.<\/p>\n<p>La Facultad de Ciencias de la Salud ofrece programas en enfermer\u00eda, medicina, educaci\u00f3n f\u00edsica, psicolog\u00eda, farmacia, nutrici\u00f3n y fonoaudiolog\u00eda. Los estudiantes de esta facultad adquieren experiencia pr\u00e1ctica a trav\u00e9s de rotaciones cl\u00ednicas y pasant\u00edas, y est\u00e1n bien preparados para ingresar a la industria de la salud al graduarse.<\/p>\n<p>La Facultad de Ciencias Sociales Aplicadas ofrece programas en derecho, econom\u00eda, negocios, estudios contables, turismo y trabajo social. Los estudiantes de esta facultad son capacitados para pensar de manera anal\u00edtica y aplicar sus conocimientos, generando un impacto positivo en la sociedad.<\/p>\n<p>Finalmente, la Facultad de Ciencias Agr\u00edcolas y Ambientales ofrece programas en agricultura, biolog\u00eda, geograf\u00eda, silvicultura, ciencias ambientales y medicina veterinaria. Los estudiantes de esta facultad aprenden sobre pr\u00e1cticas agr\u00edcolas sostenibles y conservaci\u00f3n ambiental, y tienen oportunidades para trabajar con agricultores locales y organizaciones de conservaci\u00f3n.<\/p>\n<p>Adem\u00e1s de sus programas de posgrado y pregrado, Unicentro ha desarrollado numerosos proyectos de investigaci\u00f3n e iniciativas de compromiso comunitario que han tenido un impacto positivo en las condiciones de vida de la comunidad.<\/p>\n<p>Como resultado, Unicentro es ampliamente reconocida en la comunidad y por las agencias oficiales responsables de las pol\u00edticas de educaci\u00f3n superior en Brasil.<\/p>\n<p>[\/vc_column_text][vc_row_inner][vc_column_inner width=&#8221;1\/6&#8243;][\/vc_column_inner][vc_column_inner width=&#8221;1\/3&#8243;][vc_btn title=&#8221;V\u00eddeo Institucional&#8221; style=&#8221;flat&#8221; shape=&#8221;square&#8221; color=&#8221;sandy-brown&#8221; align=&#8221;center&#8221; i_icon_fontawesome=&#8221;fa fa-video-camera&#8221; button_block=&#8221;true&#8221; add_icon=&#8221;true&#8221; link=&#8221;url:http%3A%2F%2Fwww3.unicentro.br%2Feri%2Fes%2Fsobre-nosotros%2Fvideo-institucional%2F|title:V%C3%ADdeo%20Institucional||&#8221;][\/vc_column_inner][vc_column_inner width=&#8221;1\/3&#8243;][vc_btn title=&#8221;Mesaje del Rector&#8221; style=&#8221;flat&#8221; shape=&#8221;square&#8221; color=&#8221;sandy-brown&#8221; align=&#8221;center&#8221; i_icon_fontawesome=&#8221;fa fa-file-text-o&#8221; button_block=&#8221;true&#8221; add_icon=&#8221;true&#8221; link=&#8221;url:http%3A%2F%2Fwww3.unicentro.br%2Feri%2Fes%2Fsobre-nosotros%2Fmensaje-del-rector%2F|title:Mensaje%20del%20Rector||&#8221;][\/vc_column_inner][vc_column_inner width=&#8221;1\/6&#8243;][\/vc_column_inner][\/vc_row_inner][\/vc_column][\/vc_row]<\/p>\n<\/div>","protected":false},"excerpt":{"rendered":"<p>[vc_row][vc_column][vc_column_text]Unicentro ofrece un total de 44 programas de pregrado, 6 programas de pregrado en l\u00ednea y 26 programas de posgrado (incluyendo 17 maestr\u00edas y 9 doctorados) acreditados por CAPES, lo que la convierte en la universidad m\u00e1s grande del estado de Paran\u00e1, en la regi\u00f3n centro-oeste. Seg\u00fan el QS World University Rankings 2023, Unicentro destaca [&hellip;]<\/p>\n","protected":false},"author":3,"featured_media":0,"parent":1160,"menu_order":0,"comment_status":"closed","ping_status":"closed","template":"","meta":{"_exactmetrics_skip_tracking":false,"_exactmetrics_sitenote_active":false,"_exactmetrics_sitenote_note":"","_exactmetrics_sitenote_category":0,"footnotes":"","_links_to":"","_links_to_target":""},"class_list":["post-1281","page","type-page","status-publish","hentry"],"publishpress_future_action":{"enabled":false,"date":"2026-04-30 11:22:15","action":"change-status","newStatus":"draft","terms":[],"taxonomy":"language","extraData":[]},"publishpress_future_workflow_manual_trigger":{"enabledWorkflows":[]},"_links":{"self":[{"href":"https:\/\/www3.unicentro.br\/eri\/wp-json\/wp\/v2\/pages\/1281","targetHints":{"allow":["GET"]}}],"collection":[{"href":"https:\/\/www3.unicentro.br\/eri\/wp-json\/wp\/v2\/pages"}],"about":[{"href":"https:\/\/www3.unicentro.br\/eri\/wp-json\/wp\/v2\/types\/page"}],"author":[{"embeddable":true,"href":"https:\/\/www3.unicentro.br\/eri\/wp-json\/wp\/v2\/users\/3"}],"replies":[{"embeddable":true,"href":"https:\/\/www3.unicentro.br\/eri\/wp-json\/wp\/v2\/comments?post=1281"}],"version-history":[{"count":0,"href":"https:\/\/www3.unicentro.br\/eri\/wp-json\/wp\/v2\/pages\/1281\/revisions"}],"up":[{"embeddable":true,"href":"https:\/\/www3.unicentro.br\/eri\/wp-json\/wp\/v2\/pages\/1160"}],"wp:attachment":[{"href":"https:\/\/www3.unicentro.br\/eri\/wp-json\/wp\/v2\/media?parent=1281"}],"curies":[{"name":"wp","href":"https:\/\/api.w.org\/{rel}","templated":true}]}}