{"id":1264,"date":"2019-11-20T08:48:40","date_gmt":"2019-11-20T11:48:40","guid":{"rendered":"https:\/\/www3.unicentro.br\/eri\/?page_id=1264"},"modified":"2019-11-20T08:48:40","modified_gmt":"2019-11-20T11:48:40","slug":"novedades","status":"publish","type":"page","link":"https:\/\/www3.unicentro.br\/eri\/es\/otros-destacados\/novedades\/","title":{"rendered":"Novedades"},"content":{"rendered":"<div class=\"wpb-content-wrapper\"><p>[vc_row][vc_column]<aside class=\"ul-custom-css-inline\">\t\t\t\t\t\t\t\t\t\t\r\n\t\t\t\t\t\t\t\t\t\t<link rel=\"stylesheet\" id=\"ul-google-fonts-css\" href=\"https:\/\/fonts.googleapis.com\/css?family=Roboto%3A400%2C500%2C600%2C700%7CRoboto%3A400%2C500%2C600%2C700\" type=\"text\/css\" media=\"all\" \/><style type=\"text\/css\">#ul87084.ultimate-layouts-container h3.ultimate-layouts-title, \r\n\t\t\t\t\t\t\t\t\t#ul87084.ultimate-layouts-container h3.ultimate-layouts-title a{font-family:\"Roboto\" !important;font-size:16px !important;}.ul_quickview_p_ul87084.ul-quick-view-style h3.ultimate-layouts-title,\r\n\t\t\t\t\t\t\t\t\t\t.ul_quickview_p_ul87084.ul-quick-view-style h3.ultimate-layouts-title a{font-family:\"Roboto\" !important;}#ul87084.ultimate-layouts-container .ul-cb-style-listing h3.ultimate-layouts-title, \r\n\t\t\t\t\t\t\t\t\t\t#ul87084.ultimate-layouts-container .ul-cb-style-listing h3.ultimate-layouts-title a{\r\n\t\t\t\t\t\t\t\t\t\t\tfont-size:calc(16px * 0.78) !important;\r\n\t\t\t\t\t\t\t\t\t\t\tfont-size:-webkit-calc(16px * 0.78) !important;\r\n\t\t\t\t\t\t\t\t\t\t\tfont-size:-moz-calc(16px * 0.78) !important;\r\n\t\t\t\t\t\t\t\t\t\t\tfont-size:-ms-calc(16px * 0.78) !important;\r\n\t\t\t\t\t\t\t\t\t\t\tfont-size:-o-calc(16px * 0.78) !important;\r\n\t\t\t\t\t\t\t\t\t\t}#ul87084.ultimate-layouts-container .ultimate-layouts-excerpt,#ul87084.ultimate-layouts-container .ultimate-layouts-excerpt p,\r\n\t\t\t\t\t\t\t\t\t.ul_quickview_p_ul87084.ul-quick-view-style .ul-quick-view-content .ul-quick-view-body .ul-single-post-content,\r\n\t\t\t\t\t\t\t\t\t.ul_quickview_p_ul87084.ul-quick-view-style .ul-quick-view-content .ul-quick-view-body .ul-single-post-content p{font-family:\"Roboto\" !important;font-size:14px !important;}<\/style><style type=\"text\/css\">#ul87084.ultimate-layouts-container .ultimate-layouts-listing-wrap{margin-left:-2px !important;margin-right:-2px !important;}#ul87084.ultimate-layouts-container .ultimate-layouts-listing-wrap .ultimate-layouts-item{padding-left:2px !important;padding-right:2px !important;}#ul87084.ultimate-layouts-container .ultimate-layouts-listing-wrap{margin-bottom:-2px !important;}#ul87084.ultimate-layouts-container .ultimate-layouts-listing-wrap .ultimate-layouts-item{margin-bottom:2px !important;}<\/style>\r\n\t\t\t\t\t\t\t\t\t\t<h6>h6<\/h6>\r\n\t\t\t\t\t\t\t\t\t<\/aside><script>if(typeof(ultimate_layouts_ajax_url)==\"undefined\"){var ultimate_layouts_ajax_url=[]};ultimate_layouts_ajax_url[\"ul87084\"]=\"https:\/\/www3.unicentro.br\/eri\/wp-admin\/admin-ajax.php\";if(typeof(ultimate_layouts_query_params)==\"undefined\"){var ultimate_layouts_query_params=[]};ultimate_layouts_query_params[\"ul87084\"]={\"post_types\":\"post\",\"i_attachment\":\"\",\"taxonomies\":\"category\",\"multi_post_types\":\"\",\"multi_taxonomies\":\"\",\"query_types\":\"0\",\"i_taxonomies\":\"15, 16, 18, 17\",\"e_taxonomies\":\"\",\"i_ids\":\"\",\"cq_operator\":\"0\",\"e_ids\":\"\",\"query_author\":\"\",\"query_offset\":\"\",\"query_include_children\":\"1\",\"today_post\":\"0\",\"datetime_meta\":\"\",\"woo_query\":\"0\",\"post_count\":50,\"posts_per_page\":10,\"d_i_filter\":\"\"};if(typeof(ultimate_layouts_filter)==\"undefined\"){var ultimate_layouts_filter=[]};ultimate_layouts_filter[\"ul87084\"]=\"\";if(typeof(ultimate_layouts_order)==\"undefined\"){var ultimate_layouts_order=[]};ultimate_layouts_order[\"ul87084\"]=\"DESC\";if(typeof(ultimate_layouts_orderby)==\"undefined\"){var ultimate_layouts_orderby=[]};ultimate_layouts_orderby[\"ul87084\"]=\"date\";if(typeof(ultimate_layouts_sub_opt_query)==\"undefined\"){var ultimate_layouts_sub_opt_query=[]};ultimate_layouts_sub_opt_query[\"ul87084\"]={\"meta_key_query\":\"\",\"paged\":1,\"first_query\":\"on\",\"total_pages\":1,\"items_last_page\":0};if(typeof(ultimate_layouts_options)==\"undefined\"){var ultimate_layouts_options=[]};ultimate_layouts_options[\"ul87084\"]={\"layout_style\":\"0\",\"button_gallery_name\":\"Gallery\",\"grid_style\":\"3\",\"list_style\":\"0\",\"carousel_t_style\":\"0\",\"carousel_f_style\":\"0\",\"creative_style\":\"0\",\"timeline_style\":\"0\",\"block_content_style\":\"0\",\"sync_slider_style\":\"0\",\"grid_masonry\":\"0\",\"show_arrows\":\"1\",\"arrows_outside\":\"0\",\"show_dots\":\"1\",\"infinite\":\"1\",\"autoplay\":\"1\",\"autoplayspeed\":5000,\"scrollperpage\":\"1\",\"speed\":500,\"centermode\":\"0\",\"sync_slider_height_d\":\"\",\"sync_slider_height_t\":\"\",\"sync_slider_height_m\":\"\",\"sync_slider_width_d\":\"\",\"sync_slider_width_t\":\"\",\"sync_slider_width_m\":\"\",\"show_elements\":\"0\",\"av_content\":\"0\",\"cc_mobile\":\"1\",\"cc_portrait_tablet\":\"1\",\"cc_landscape_tablet\":\"2\",\"cc_small_desktop\":\"3\",\"cc_medium_desktop\":\"3\",\"cc_large_desktop\":\"4\",\"cc_extra_large_desktop\":\"4\",\"image_size\":\"medium\",\"image_size_s\":\"thumbnail\",\"s_image\":\"1\",\"s_image_link\":\"1\",\"s_image_link_target\":\"0\",\"s_icon_lightbox_video\":\"0\",\"video_url_meta\":\"0\",\"video_url_meta_key\":\"\",\"s_icon_lightbox_image\":\"1\",\"s_icon_link\":\"1\",\"s_icon_link_target\":\"0\",\"s_image_hover_effect\":\"3\",\"s_overlay_hover_effect\":\"ultimate-layouts-hover-css-fade\",\"s_overlay_settings\":\"0\",\"s_overlay_color\":\"rgba(30,115,190,0.32)\",\"s_image_post_format\":\"0\",\"s_image_post_format_pos\":\"ul-bottom-right\",\"s_image_avatar\":\"0\",\"s_title\":\"1\",\"s_title_limit\":\"0\",\"s_title_link\":\"1\",\"s_title_link_target\":\"0\",\"s_excerpt\":\"1\",\"s_excerpt_rbtn\":\"0\",\"s_excerpt_f\":\"get_the_excerpt\",\"s_excerpt_sc\":\"1\",\"s_excerpt_sh\":\"1\",\"s_excerpt_length\":0,\"s_categories\":\"0\",\"s_s_categories\":\"0\",\"s_s_categories_parent\":\"0\",\"ex_items_taxonomies\":\"\",\"s_c_categories\":\"0\",\"s_ct_categories\":\"\",\"s_cb_categories\":\"\",\"s_categories_target\":\"0\",\"s_metas_o\":\"0\",\"s_metas_o_author\":\"1\",\"s_metas_o_author_avatar\":\"0\",\"s_metas_o_time\":\"1\",\"time_format\":\"F j, Y\",\"s_metas_o_comment\":\"1\",\"s_metas_o_like\":\"0\",\"s_metas_o_share\":\"0\",\"custom_meta_o\":\"\",\"s_metas_t\":\"0\",\"s_metas_t_author\":\"0\",\"s_metas_t_author_avatar\":\"0\",\"s_metas_t_time\":\"0\",\"time_format_t\":\"F j, Y\",\"s_metas_t_comment\":\"0\",\"s_metas_t_like\":\"1\",\"s_metas_t_share\":\"1\",\"custom_meta_t\":\"\",\"s_metas_t_readmore\":\"1\",\"s_metas_t_readmore_link_target\":\"0\",\"share_text\":\"\",\"read_more_text\":\"\",\"before_author_text\":\"\",\"pagination\":\"0\",\"loadmore_text\":\"Ver mais\",\"prev_text\":\"\",\"next_text\":\"\",\"animate\":\"default\",\"lazyload\":\"0\",\"lazyload_p\":\"\",\"geodirectory_rating\":\"0\",\"quick_view\":\"1\",\"quick_view_mode\":\"0\",\"extra_class\":\"\",\"rnd_id\":\"ul87084\",\"s_title_small\":\"1\",\"s_title_limit_small\":\"0\",\"s_title_link_small\":\"1\",\"s_title_link_target_small\":\"0\",\"s_categories_small\":\"1\",\"s_s_categories_small\":\"0\",\"s_s_categories_parent_small\":\"0\",\"ex_items_taxonomies_small\":\"\",\"s_c_categories_small\":\"0\",\"s_ct_categories_small\":\"\",\"s_cb_categories_small\":\"\",\"s_categories_target_small\":\"0\",\"s_metas_o_small\":\"1\",\"s_metas_o_author_small\":\"1\",\"s_metas_o_author_avatar_small\":\"0\",\"s_metas_o_time_small\":\"1\",\"time_format_small\":\"F j, Y\",\"s_metas_o_comment_small\":\"1\",\"s_metas_o_like_small\":\"0\",\"s_metas_o_share_small\":\"0\",\"custom_meta_o_small\":\"\",\"woo_show_price\":\"0\",\"woo_show_rating\":\"0\",\"woo_show_cart\":\"0\",\"qv_s_title\":\"1\",\"qv_s_categories\":\"1\",\"qv_s_s_categories\":\"0\",\"qv_s_s_categories_parent\":\"0\",\"qv_ex_items_taxonomies\":\"\",\"qv_s_c_categories\":\"0\",\"qv_s_ct_categories\":\"\",\"qv_s_cb_categories\":\"\",\"qv_s_categories_target\":\"0\",\"qv_s_metas_o\":\"1\",\"qv_s_metas_o_author\":\"1\",\"qv_s_metas_o_author_avatar\":\"0\",\"qv_s_metas_o_time\":\"1\",\"qv_time_format\":\"F j, Y\",\"qv_s_metas_o_comment\":\"1\",\"qv_s_metas_o_like\":\"1\",\"qv_custom_meta_o\":\"\",\"qv_show_content\":\"1\",\"qv_content_stripsc\":\"0\",\"qv_show_share\":\"1\",\"qv_woo_show_rating\":\"1\",\"qv_s_featured_image\":\"1\",\"goo_ads_client\":\"\",\"goo_ads_id\":\"\",\"goo_ads_offset\":\"1\",\"css_class\":\"\"};<\/script><div id=\"ul87084\" class=\"ultimate-layouts-container ul-filter-gridlist-normal ultimate-layouts-wrapper-control   \"><div class=\"ultimate-layouts-filter-container\" data-query-type=\"2\">\r\n\t\t\t\t\t\t\t\t\t\t\t\t\t\t<div class=\"ul-smart-tab-filter\">\r\n\t\t\t\t\t\t\t\t\t\t\t\t\t\t\t\t\t\t\t\t\t\t\t\t\t\t\t\t\t\r\n\t\t\t\t\t\t\t\t\t\t\t\t\t\t\t<div class=\"ul-filter-elements-wrap\">\t\t\t\t\t\t\t\t\t\t\t\t\t\t\r\n\t\t\t\t\t\t\t\t\t\t\t\t                      <div class=\"ultimate-layouts-sc-filter-container \" data-display-type=\"2\" data-query-type=\"1\" data-query-operator=\"0\" data-query-relation=\"0\" data-query-child-tax=\"0\" data-secondary-cat=\"\" data-hash-filters=\"0\">\r\n                    \t\r\n\t\t\t\t\t\t\t\t\t\t\t\t<div class=\"filter-tab-wrapper\">\r\n\t\t\t\t\t\t\t\t\t\t\t\t\t<div class=\"filter-tab-wrapper-list\">\r\n\t\t\t\t\t\t\t\t\t\t\t\t                            <div class=\"ultimate-layouts-filter-item ul-filter-action ul-show-all-action active-elm\" data-filter=\"\" data-item-hf=\"all\">\r\n                                <span class=\"tax-name\">\r\n                                    Ver todas                                <\/span>\r\n                                <span class=\"tax-number\">(2)<\/span>                                \r\n                                <div class=\"ul-loading-item-filter-container\">\r\n                                    <div class=\"la-ball-scale-multiple la-2x ul-loading-item-filter\">\r\n                                        <div><\/div>\r\n                                        <div><\/div>\r\n                                        <div><\/div>\r\n                                    <\/div>\r\n                                <\/div>\r\n                            <\/div>                            \r\n                        <div class=\"ultimate-layouts-filter-item ul-filter-action \" data-filter=\"16\" data-total-children=\"0\" data-taxonomy=\"category\" data-show-number-post=\"1\" data-item-hf=\"oportunidades-de-bolsas\"><span class=\"tax-name\">Oportunidades de bolsas<\/span><span class=\"tax-number\"> (2) <\/span><span class=\"close-filter\"><\/span>\r\n\t\t\t\t\t\t\t\t\t\t\t\t\t\t\t<div class=\"ul-loading-item-filter-container\">\r\n\t\t\t\t\t\t\t\t\t\t\t\t\t\t\t\t<div class=\"la-ball-scale-multiple la-2x ul-loading-item-filter\">\r\n\t\t\t\t\t\t\t\t\t\t\t\t\t\t\t\t\t<div><\/div>\r\n\t\t\t\t\t\t\t\t\t\t\t\t\t\t\t\t\t<div><\/div>\r\n\t\t\t\t\t\t\t\t\t\t\t\t\t\t\t\t\t<div><\/div>\r\n\t\t\t\t\t\t\t\t\t\t\t\t\t\t\t\t<\/div>\r\n\t\t\t\t\t\t\t\t\t\t\t\t\t\t\t<\/div>\r\n\t\t\t\t\t\t\t\t\t\t\t\t\t\t<\/div>\r\n\t\t\t\t\t\t\t\t\t\t\t\t\t<\/div>\r\n\t\t\t\t\t\t\t\t\t\t\t\t<\/div>\r\n\t\t\t\t\t\t\t\t\t\t\t\t                    <\/div>\r\n                    \r\n\t\t\t\t\t\t\t\t\t\t\t\t  \t\t\t<\/div>\r\n\t\t\t\t\t\t\t\t\t\t\t\t\t\t<\/div>\t\r\n\t\t\t\t\t\t\t\t\t\t\t\t  <\/div>\r\n\t\t\t\t\t\t\t\t\t\t\t\t  <div class=\"\r\n\t\t\t\t\t\t\t\t\t\t\t\tultimate-layouts-listing-wrap\t\t\t\t\t\t\t\t\t\t\t\t\r\n\t\t\t\t\t\t\t\t\t\t\t\tultimate-layouts-listing-grid-4\r\n\t\t\t\t\t\t\t\t\t\t\t\t ultimate-layouts-effect-3\r\n\t\t\t\t\t\t\t\t\t\t\t\tultimate-layouts-effect-icon\t\t\t\t\t\t\t\t\t\t\t\t\r\n\t\t\t\t\t\t\t\t\t\t\t\t ultimate-layouts-col-1 ultimate-layouts-col-pt-1 ultimate-layouts-col-lt-2 ultimate-layouts-col-sm-3 ultimate-layouts-col-md-3 ultimate-layouts-col-lg-4 ultimate-layouts-col-el-4\r\n\t\t\t\t\t\t\t\t\t\t\t\"><!--post item--> \r\n<article class=\"ultimate-layouts-item hentry\">\r\n    <!--entry content-->\r\n    <div class=\"ultimate-layouts-entry-wrapper entry-content\">    \r\n        <!--picture-->\r\n                    <div class=\"ultimate-layouts-picture\">               \r\n                <div class=\"ultimate-layouts-picture-wrap ultimate-layouts-get-pic\">\r\n                    <a  data-post-id=\"1554\" href=\"https:\/\/www3.unicentro.br\/eri\/wp-content\/uploads\/sites\/35\/2023\/02\/Edital_n_005_2023_lakehead_1_63d986c345c5b.pdf\" title=\"EDITAL N.\u00ba 005\/2023-ERI\/UNICENTRO &#8211; ABERTURA DO PROCESSO DE SELE\u00c7\u00c3O PARA A INDICA\u00c7\u00c3O DE ESTUDANTES \u00c0 LAKEHEAD UNIVERSITY, CANAD\u00c1, PARA CONCORRER AS BOLSAS DO \u201cEMERGING LEADERS IN THE AMERICAS PROGRAM (ELAP)\u201d\"   class=\"ultimate-layouts-picture-link\"><img decoding=\"async\" class=\"ultimate-layouts-img  \" src=\"https:\/\/www3.unicentro.br\/eri\/wp-content\/uploads\/sites\/35\/2020\/02\/canada-300x300.jpg\" srcset=\"https:\/\/www3.unicentro.br\/eri\/wp-content\/uploads\/sites\/35\/2020\/02\/canada-300x300.jpg 300w, https:\/\/www3.unicentro.br\/eri\/wp-content\/uploads\/sites\/35\/2020\/02\/canada-150x150.jpg 150w, https:\/\/www3.unicentro.br\/eri\/wp-content\/uploads\/sites\/35\/2020\/02\/canada-50x50.jpg 50w, https:\/\/www3.unicentro.br\/eri\/wp-content\/uploads\/sites\/35\/2020\/02\/canada-80x80.jpg 80w, https:\/\/www3.unicentro.br\/eri\/wp-content\/uploads\/sites\/35\/2020\/02\/canada-263x263.jpg 263w, https:\/\/www3.unicentro.br\/eri\/wp-content\/uploads\/sites\/35\/2020\/02\/canada-100x100.jpg 100w, https:\/\/www3.unicentro.br\/eri\/wp-content\/uploads\/sites\/35\/2020\/02\/canada-255x255.jpg 255w, https:\/\/www3.unicentro.br\/eri\/wp-content\/uploads\/sites\/35\/2020\/02\/canada.jpg 512w\" sizes=\"(max-width: 300px) 100vw, 300px\" alt=\"canada\"\/><\/a>                \r\n                    <div class=\"ultimate-layouts-absolute-gradient\"><\/div>\r\n                    <div class=\"ultimate-layouts-absolute-content\">\r\n                        <h3 class=\"ultimate-layouts-title white-style entry-title  \"><a  data-post-id=\"1554\" href=\"https:\/\/www3.unicentro.br\/eri\/wp-content\/uploads\/sites\/35\/2023\/02\/Edital_n_005_2023_lakehead_1_63d986c345c5b.pdf\" title=\"EDITAL N.\u00ba 005\/2023-ERI\/UNICENTRO &#8211; ABERTURA DO PROCESSO DE SELE\u00c7\u00c3O PARA A INDICA\u00c7\u00c3O DE ESTUDANTES \u00c0 LAKEHEAD UNIVERSITY, CANAD\u00c1, PARA CONCORRER AS BOLSAS DO \u201cEMERGING LEADERS IN THE AMERICAS PROGRAM (ELAP)\u201d\"   class=\"ultimate-layouts-title-link\">EDITAL N.\u00ba 005\/2023-ERI\/UNICENTRO &#8211; ABERTURA DO PROCESSO DE SELE\u00c7\u00c3O PARA A INDICA\u00c7\u00c3O DE ESTUDANTES \u00c0 LAKEHEAD UNIVERSITY, CANAD\u00c1, PARA CONCORRER AS BOLSAS DO \u201cEMERGING LEADERS IN THE AMERICAS PROGRAM (ELAP)\u201d<\/a><\/h3>                                            \r\n                    <\/div>                \r\n                    <div class=\"ultimate-layouts-overlay  ultimate-layouts-hover-css-fade\"><div style=\"background-color:rgba(30,115,190,0.32) !important;\"><\/div><\/div>                    <div class=\"ultimate-layouts-control-pop \"><span data-type=\"image\" \r\n\t\t\t\t\t\t\t\t\t\tdata-source=\"https:\/\/www3.unicentro.br\/eri\/wp-content\/uploads\/sites\/35\/2020\/02\/canada.jpg\" \r\n\t\t\t\t\t\t\t\t\t\tdata-caption=\"EDITAL N.\u00ba 005\/2023-ERI\/UNICENTRO &#8211; ABERTURA DO PROCESSO DE SELE\u00c7\u00c3O PARA A INDICA\u00c7\u00c3O DE ESTUDANTES \u00c0 LAKEHEAD UNIVERSITY, CANAD\u00c1, PARA CONCORRER AS BOLSAS DO \u201cEMERGING LEADERS IN THE AMERICAS PROGRAM (ELAP)\u201d\" \r\n\t\t\t\t\t\t\t\t\t\tclass=\"ultimate-layouts-icon-lightbox ultimate-layouts-control-lightbox-oc\"\r\n\t\t\t\t\t\t\t\t\t  ><span><span><\/span><span><\/span><\/span><\/span><a data-open-post=\"ultimate-layouts-quick-view\" data-post-id=\"1554\" href=\"javascript:;\" title=\"EDITAL N.\u00ba 005\/2023-ERI\/UNICENTRO &#8211; ABERTURA DO PROCESSO DE SELE\u00c7\u00c3O PARA A INDICA\u00c7\u00c3O DE ESTUDANTES \u00c0 LAKEHEAD UNIVERSITY, CANAD\u00c1, PARA CONCORRER AS BOLSAS DO \u201cEMERGING LEADERS IN THE AMERICAS PROGRAM (ELAP)\u201d\"  class=\"ultimate-layouts-icon-link\"><i class=\"fa fa-link\"><\/i><i class=\"fa fa-chain-broken\"><\/i><\/a><\/div>                 \r\n                <\/div>\r\n                 \r\n                            <\/div>\r\n         \r\n        <!--picture-->   \r\n             \r\n            <!--content-->\r\n            <div class=\"ultimate-layouts-content entry\">            \r\n                            \r\n                 \r\n                <div class=\"ultimate-layouts-excerpt \">Inscri\u00e7\u00f5es abertas at\u00e9 24 de fevereiro de 2023.<\/div>  \r\n                          \r\n                            <\/div><!--content-->     \r\n                  \r\n    <\/div><!--entry content-->            \r\n<\/article><!--post item--><!--post item--> \r\n<article class=\"ultimate-layouts-item hentry\">\r\n    <!--entry content-->\r\n    <div class=\"ultimate-layouts-entry-wrapper entry-content\">    \r\n        <!--picture-->\r\n                    <div class=\"ultimate-layouts-picture\">               \r\n                <div class=\"ultimate-layouts-picture-wrap ultimate-layouts-get-pic\">\r\n                    <a  data-post-id=\"1549\" href=\"https:\/\/www3.unicentro.br\/eri\/wp-content\/uploads\/sites\/35\/2023\/02\/Edital_n_004_2023_quebec_1_ELAP_63d986c2e3f7f.pdf\" title=\"EDITAL N.\u00ba 004\/2023-ERI\/UNICENTRO &#8211; ABERTURA DO PROCESSO DE SELE\u00c7\u00c3O PARA INDICA\u00c7\u00c3O DE ESTUDANTES \u00c0 UNIVERSIT\u00c9 DU QU\u00c9BEC \u00c0 TROIS-RIVI\u00c8RES (UQTR), CANAD\u00c1, PARA CONCORRER AS BOLSAS DO \u201cPROGRAMME DES FUTURS LEADERS DANS LES AM\u00c9RIQUES\/EMERGING LEADERS IN THE AMERICAS PROGRAM (PFLA\/ELAP)\u201d\"   class=\"ultimate-layouts-picture-link\"><img decoding=\"async\" class=\"ultimate-layouts-img  \" src=\"https:\/\/www3.unicentro.br\/eri\/wp-content\/uploads\/sites\/35\/2020\/02\/canada-300x300.jpg\" srcset=\"https:\/\/www3.unicentro.br\/eri\/wp-content\/uploads\/sites\/35\/2020\/02\/canada-300x300.jpg 300w, https:\/\/www3.unicentro.br\/eri\/wp-content\/uploads\/sites\/35\/2020\/02\/canada-150x150.jpg 150w, https:\/\/www3.unicentro.br\/eri\/wp-content\/uploads\/sites\/35\/2020\/02\/canada-50x50.jpg 50w, https:\/\/www3.unicentro.br\/eri\/wp-content\/uploads\/sites\/35\/2020\/02\/canada-80x80.jpg 80w, https:\/\/www3.unicentro.br\/eri\/wp-content\/uploads\/sites\/35\/2020\/02\/canada-263x263.jpg 263w, https:\/\/www3.unicentro.br\/eri\/wp-content\/uploads\/sites\/35\/2020\/02\/canada-100x100.jpg 100w, https:\/\/www3.unicentro.br\/eri\/wp-content\/uploads\/sites\/35\/2020\/02\/canada-255x255.jpg 255w, https:\/\/www3.unicentro.br\/eri\/wp-content\/uploads\/sites\/35\/2020\/02\/canada.jpg 512w\" sizes=\"(max-width: 300px) 100vw, 300px\" alt=\"canada\"\/><\/a>                \r\n                    <div class=\"ultimate-layouts-absolute-gradient\"><\/div>\r\n                    <div class=\"ultimate-layouts-absolute-content\">\r\n                        <h3 class=\"ultimate-layouts-title white-style entry-title  \"><a  data-post-id=\"1549\" href=\"https:\/\/www3.unicentro.br\/eri\/wp-content\/uploads\/sites\/35\/2023\/02\/Edital_n_004_2023_quebec_1_ELAP_63d986c2e3f7f.pdf\" title=\"EDITAL N.\u00ba 004\/2023-ERI\/UNICENTRO &#8211; ABERTURA DO PROCESSO DE SELE\u00c7\u00c3O PARA INDICA\u00c7\u00c3O DE ESTUDANTES \u00c0 UNIVERSIT\u00c9 DU QU\u00c9BEC \u00c0 TROIS-RIVI\u00c8RES (UQTR), CANAD\u00c1, PARA CONCORRER AS BOLSAS DO \u201cPROGRAMME DES FUTURS LEADERS DANS LES AM\u00c9RIQUES\/EMERGING LEADERS IN THE AMERICAS PROGRAM (PFLA\/ELAP)\u201d\"   class=\"ultimate-layouts-title-link\">EDITAL N.\u00ba 004\/2023-ERI\/UNICENTRO &#8211; ABERTURA DO PROCESSO DE SELE\u00c7\u00c3O PARA INDICA\u00c7\u00c3O DE ESTUDANTES \u00c0 UNIVERSIT\u00c9 DU QU\u00c9BEC \u00c0 TROIS-RIVI\u00c8RES (UQTR), CANAD\u00c1, PARA CONCORRER AS BOLSAS DO \u201cPROGRAMME DES FUTURS LEADERS DANS LES AM\u00c9RIQUES\/EMERGING LEADERS IN THE AMERICAS PROGRAM (PFLA\/ELAP)\u201d<\/a><\/h3>                                            \r\n                    <\/div>                \r\n                    <div class=\"ultimate-layouts-overlay  ultimate-layouts-hover-css-fade\"><div style=\"background-color:rgba(30,115,190,0.32) !important;\"><\/div><\/div>                    <div class=\"ultimate-layouts-control-pop \"><span data-type=\"image\" \r\n\t\t\t\t\t\t\t\t\t\tdata-source=\"https:\/\/www3.unicentro.br\/eri\/wp-content\/uploads\/sites\/35\/2020\/02\/canada.jpg\" \r\n\t\t\t\t\t\t\t\t\t\tdata-caption=\"EDITAL N.\u00ba 004\/2023-ERI\/UNICENTRO &#8211; ABERTURA DO PROCESSO DE SELE\u00c7\u00c3O PARA INDICA\u00c7\u00c3O DE ESTUDANTES \u00c0 UNIVERSIT\u00c9 DU QU\u00c9BEC \u00c0 TROIS-RIVI\u00c8RES (UQTR), CANAD\u00c1, PARA CONCORRER AS BOLSAS DO \u201cPROGRAMME DES FUTURS LEADERS DANS LES AM\u00c9RIQUES\/EMERGING LEADERS IN THE AMERICAS PROGRAM (PFLA\/ELAP)\u201d\" \r\n\t\t\t\t\t\t\t\t\t\tclass=\"ultimate-layouts-icon-lightbox ultimate-layouts-control-lightbox-oc\"\r\n\t\t\t\t\t\t\t\t\t  ><span><span><\/span><span><\/span><\/span><\/span><a data-open-post=\"ultimate-layouts-quick-view\" data-post-id=\"1549\" href=\"javascript:;\" title=\"EDITAL N.\u00ba 004\/2023-ERI\/UNICENTRO &#8211; ABERTURA DO PROCESSO DE SELE\u00c7\u00c3O PARA INDICA\u00c7\u00c3O DE ESTUDANTES \u00c0 UNIVERSIT\u00c9 DU QU\u00c9BEC \u00c0 TROIS-RIVI\u00c8RES (UQTR), CANAD\u00c1, PARA CONCORRER AS BOLSAS DO \u201cPROGRAMME DES FUTURS LEADERS DANS LES AM\u00c9RIQUES\/EMERGING LEADERS IN THE AMERICAS PROGRAM (PFLA\/ELAP)\u201d\"  class=\"ultimate-layouts-icon-link\"><i class=\"fa fa-link\"><\/i><i class=\"fa fa-chain-broken\"><\/i><\/a><\/div>                 \r\n                <\/div>\r\n                 \r\n                            <\/div>\r\n         \r\n        <!--picture-->   \r\n             \r\n            <!--content-->\r\n            <div class=\"ultimate-layouts-content entry\">            \r\n                            \r\n                 \r\n                <div class=\"ultimate-layouts-excerpt \">Inscri\u00e7\u00f5es abertas at\u00e9 10 de fevereiro de 2023.<\/div>  \r\n                          \r\n                            <\/div><!--content-->     \r\n                  \r\n    <\/div><!--entry content-->            \r\n<\/article><!--post item--><\/div><\/div>[\/vc_column][\/vc_row]<\/p>\n<\/div>","protected":false},"excerpt":{"rendered":"<p>[vc_row][vc_column][\/vc_column][\/vc_row]<\/p>\n","protected":false},"author":3,"featured_media":0,"parent":1229,"menu_order":0,"comment_status":"closed","ping_status":"closed","template":"","meta":{"_exactmetrics_skip_tracking":false,"_exactmetrics_sitenote_active":false,"_exactmetrics_sitenote_note":"","_exactmetrics_sitenote_category":0,"footnotes":"","_links_to":"","_links_to_target":""},"class_list":["post-1264","page","type-page","status-publish","hentry"],"publishpress_future_action":{"enabled":false,"date":"2026-04-13 11:04:39","action":"change-status","newStatus":"draft","terms":[],"taxonomy":"language","extraData":[]},"publishpress_future_workflow_manual_trigger":{"enabledWorkflows":[]},"_links":{"self":[{"href":"https:\/\/www3.unicentro.br\/eri\/wp-json\/wp\/v2\/pages\/1264","targetHints":{"allow":["GET"]}}],"collection":[{"href":"https:\/\/www3.unicentro.br\/eri\/wp-json\/wp\/v2\/pages"}],"about":[{"href":"https:\/\/www3.unicentro.br\/eri\/wp-json\/wp\/v2\/types\/page"}],"author":[{"embeddable":true,"href":"https:\/\/www3.unicentro.br\/eri\/wp-json\/wp\/v2\/users\/3"}],"replies":[{"embeddable":true,"href":"https:\/\/www3.unicentro.br\/eri\/wp-json\/wp\/v2\/comments?post=1264"}],"version-history":[{"count":0,"href":"https:\/\/www3.unicentro.br\/eri\/wp-json\/wp\/v2\/pages\/1264\/revisions"}],"up":[{"embeddable":true,"href":"https:\/\/www3.unicentro.br\/eri\/wp-json\/wp\/v2\/pages\/1229"}],"wp:attachment":[{"href":"https:\/\/www3.unicentro.br\/eri\/wp-json\/wp\/v2\/media?parent=1264"}],"curies":[{"name":"wp","href":"https:\/\/api.w.org\/{rel}","templated":true}]}}