{"id":1255,"date":"2019-11-20T08:43:55","date_gmt":"2019-11-20T11:43:55","guid":{"rendered":"https:\/\/www3.unicentro.br\/eri\/?page_id=1255"},"modified":"2019-11-20T08:43:55","modified_gmt":"2019-11-20T11:43:55","slug":"testemonios","status":"publish","type":"page","link":"https:\/\/www3.unicentro.br\/eri\/es\/otros-destacados\/informacion-general\/testemonios\/","title":{"rendered":"Testemonios"},"content":{"rendered":"<ul>\n<li><a href=\"https:\/\/www.youtube.com\/watch?v=ZKP4yLLrT8M&amp;t=12s\" target=\"_blank\" rel=\"noopener noreferrer\"><b>Angel Edell Campos Lazo, peruana, estudante regular do Curso de P\u00f3s-Gradua\u00e7\u00e3o \u2013 Mestrado em Desenvolvimento Comunit\u00e1rio, no <i>Campus<\/i> de Irati (mar\u00e7o de 2015 a novembro de 2017).<\/b><\/a><\/li>\n<li><a href=\"https:\/\/www.youtube.com\/watch?v=h1Go5R9U5Gs&amp;feature=youtu.be\" target=\"_blank\" rel=\"noopener noreferrer\"><b>Leire Cano Carrasco, espanhola, estudante de mobilidade internacional no Curso de Gradua\u00e7\u00e3o em Arte, no <i>Campus<\/i> Santa Cruz (julho a dezembro de 2018).<\/b><\/a><\/li>\n<li><a href=\"https:\/\/www.youtube.com\/watch?v=0EhzY85tGi4\" target=\"_blank\" rel=\"noopener noreferrer\"><strong>Depoimento de produtor de leite da regi\u00e3o de Salto Del Guair\u00e1 (Paraguai), atendido por projeto vinculado ao Conv\u00eanio de Coopera\u00e7\u00e3o entre a Unicentro e a Universidad Nacional de Canindey\u00fa (UNICAN, Paraguai).<\/strong><\/a><\/li>\n<\/ul>\n","protected":false},"excerpt":{"rendered":"<p>Angel Edell Campos Lazo, peruana, estudante regular do Curso de P\u00f3s-Gradua\u00e7\u00e3o \u2013 Mestrado em Desenvolvimento Comunit\u00e1rio, no Campus de Irati (mar\u00e7o de 2015 a novembro de 2017). Leire Cano Carrasco, espanhola, estudante de mobilidade internacional no Curso de Gradua\u00e7\u00e3o em Arte, no Campus Santa Cruz (julho a dezembro de 2018). Depoimento de produtor de leite [&hellip;]<\/p>\n","protected":false},"author":3,"featured_media":0,"parent":1250,"menu_order":0,"comment_status":"closed","ping_status":"closed","template":"","meta":{"_exactmetrics_skip_tracking":false,"_exactmetrics_sitenote_active":false,"_exactmetrics_sitenote_note":"","_exactmetrics_sitenote_category":0,"footnotes":"","_links_to":"","_links_to_target":""},"class_list":["post-1255","page","type-page","status-publish","hentry"],"publishpress_future_action":{"enabled":false,"date":"2026-04-12 03:43:03","action":"change-status","newStatus":"draft","terms":[],"taxonomy":"language","extraData":[]},"publishpress_future_workflow_manual_trigger":{"enabledWorkflows":[]},"_links":{"self":[{"href":"https:\/\/www3.unicentro.br\/eri\/wp-json\/wp\/v2\/pages\/1255","targetHints":{"allow":["GET"]}}],"collection":[{"href":"https:\/\/www3.unicentro.br\/eri\/wp-json\/wp\/v2\/pages"}],"about":[{"href":"https:\/\/www3.unicentro.br\/eri\/wp-json\/wp\/v2\/types\/page"}],"author":[{"embeddable":true,"href":"https:\/\/www3.unicentro.br\/eri\/wp-json\/wp\/v2\/users\/3"}],"replies":[{"embeddable":true,"href":"https:\/\/www3.unicentro.br\/eri\/wp-json\/wp\/v2\/comments?post=1255"}],"version-history":[{"count":0,"href":"https:\/\/www3.unicentro.br\/eri\/wp-json\/wp\/v2\/pages\/1255\/revisions"}],"up":[{"embeddable":true,"href":"https:\/\/www3.unicentro.br\/eri\/wp-json\/wp\/v2\/pages\/1250"}],"wp:attachment":[{"href":"https:\/\/www3.unicentro.br\/eri\/wp-json\/wp\/v2\/media?parent=1255"}],"curies":[{"name":"wp","href":"https:\/\/api.w.org\/{rel}","templated":true}]}}